{"id":241,"date":"2019-05-31T12:45:34","date_gmt":"2019-05-31T12:45:34","guid":{"rendered":"http:\/\/st-elena.ms.decms.eu\/?page_id=241"},"modified":"2024-06-06T09:58:01","modified_gmt":"2024-06-06T09:58:01","slug":"le-jardin-interieur","status":"publish","type":"page","link":"https:\/\/www.indigovenice.com\/fr\/lhotel\/le-jardin-interieur\/","title":{"rendered":"Le Jardin int\u00e9rieur"},"content":{"rendered":"<p>Nos clients peuvent savourer l&rsquo;atmosph\u00e8re calme et \u00e9l\u00e9gante de notre jardin int\u00e9rieur, qui offre un espace lecture et d\u00e9tente au terme d&rsquo;une <strong>longue journ\u00e9e de d\u00e9couverte<\/strong> ou avant de partir en exploration.<\/p>\n<p>Le jardin \u00e9voque la vie pr\u00e9c\u00e9dente des lieux : cr\u00e9\u00e9 \u00e0 l&#8217;emplacement du clo\u00eetre, il a gard\u00e9 malgr\u00e9 la disparition de ses arcades son atmosph\u00e8re intime et sa tranquillit\u00e9 du couvent original.<\/p>\n","protected":false},"excerpt":{"rendered":"<p>Nos clients peuvent savourer l&rsquo;atmosph\u00e8re calme et \u00e9l\u00e9gante de notre jardin int\u00e9rieur, qui offre un espace lecture et d\u00e9tente au terme d&rsquo;une longue journ\u00e9e de d\u00e9couverte ou avant de partir en exploration. Le jardin \u00e9voque la vie pr\u00e9c\u00e9dente des lieux : cr\u00e9\u00e9 \u00e0 l&#8217;emplacement du clo\u00eetre, il a gard\u00e9 malgr\u00e9 la disparition de ses arcades [&hellip;]<\/p>\n","protected":false},"author":3,"featured_media":0,"parent":237,"menu_order":3,"comment_status":"closed","ping_status":"closed","template":"","meta":{"footnotes":""},"class_list":["post-241","page","type-page","status-publish","hentry"],"yoast_head":"<!-- This site is optimized with the Yoast SEO plugin v26.9 - https:\/\/yoast.com\/product\/yoast-seo-wordpress\/ -->\n<title>Jardin int\u00e9rieur h\u00f4tel-boutique 4* | Hotel Indigo Venice Sant&#039;Elena<\/title>\n<meta name=\"description\" content=\"L\u2019Hotel Indigo Venice Sant&#039;Elena de Venise renferme un jardin int\u00e9rieur tr\u00e8s romantique \u00e9quip\u00e9 de divans, chaises longues et de tables.\" \/>\n<meta name=\"robots\" content=\"index, follow, max-snippet:-1, max-image-preview:large, max-video-preview:-1\" \/>\n<link rel=\"canonical\" href=\"https:\/\/www.indigovenice.com\/fr\/lhotel\/le-jardin-interieur\/\" \/>\n<meta property=\"og:locale\" content=\"fr_FR\" \/>\n<meta property=\"og:type\" content=\"article\" \/>\n<meta property=\"og:title\" content=\"Jardin int\u00e9rieur h\u00f4tel-boutique 4* | Hotel Indigo Venice Sant&#039;Elena\" \/>\n<meta property=\"og:description\" content=\"L\u2019Hotel Indigo Venice Sant&#039;Elena de Venise renferme un jardin int\u00e9rieur tr\u00e8s romantique \u00e9quip\u00e9 de divans, chaises longues et de tables.\" \/>\n<meta property=\"og:url\" content=\"https:\/\/www.indigovenice.com\/fr\/lhotel\/le-jardin-interieur\/\" \/>\n<meta property=\"og:site_name\" content=\"Hotel Indigo Venice - Sant&#039;Elena\" \/>\n<meta property=\"article:modified_time\" content=\"2024-06-06T09:58:01+00:00\" \/>\n<meta name=\"twitter:card\" content=\"summary_large_image\" \/>\n<meta name=\"twitter:label1\" content=\"Dur\u00e9e de lecture estim\u00e9e\" \/>\n\t<meta name=\"twitter:data1\" content=\"1 minute\" \/>\n<script type=\"application\/ld+json\" class=\"yoast-schema-graph\">{\"@context\":\"https:\/\/schema.org\",\"@graph\":[{\"@type\":\"WebPage\",\"@id\":\"https:\/\/www.indigovenice.com\/fr\/lhotel\/le-jardin-interieur\/\",\"url\":\"https:\/\/www.indigovenice.com\/fr\/lhotel\/le-jardin-interieur\/\",\"name\":\"Jardin int\u00e9rieur h\u00f4tel-boutique 4* | Hotel Indigo Venice Sant'Elena\",\"isPartOf\":{\"@id\":\"https:\/\/www.indigovenice.com\/fr\/#website\"},\"datePublished\":\"2019-05-31T12:45:34+00:00\",\"dateModified\":\"2024-06-06T09:58:01+00:00\",\"description\":\"L\u2019Hotel Indigo Venice Sant'Elena de Venise renferme un jardin int\u00e9rieur tr\u00e8s romantique \u00e9quip\u00e9 de divans, chaises longues et de tables.\",\"breadcrumb\":{\"@id\":\"https:\/\/www.indigovenice.com\/fr\/lhotel\/le-jardin-interieur\/#breadcrumb\"},\"inLanguage\":\"fr-FR\",\"potentialAction\":[{\"@type\":\"ReadAction\",\"target\":[\"https:\/\/www.indigovenice.com\/fr\/lhotel\/le-jardin-interieur\/\"]}]},{\"@type\":\"BreadcrumbList\",\"@id\":\"https:\/\/www.indigovenice.com\/fr\/lhotel\/le-jardin-interieur\/#breadcrumb\",\"itemListElement\":[{\"@type\":\"ListItem\",\"position\":1,\"name\":\"Home\",\"item\":\"https:\/\/www.indigovenice.com\/fr\/\"},{\"@type\":\"ListItem\",\"position\":2,\"name\":\"L&#8217;H\u00f4tel\",\"item\":\"https:\/\/www.indigovenice.com\/fr\/lhotel\/\"},{\"@type\":\"ListItem\",\"position\":3,\"name\":\"Le Jardin int\u00e9rieur\"}]},{\"@type\":\"WebSite\",\"@id\":\"https:\/\/www.indigovenice.com\/fr\/#website\",\"url\":\"https:\/\/www.indigovenice.com\/fr\/\",\"name\":\"Hotel Indigo Venice - Sant'Elena\",\"description\":\"Just another ms.decms.eu site\",\"potentialAction\":[{\"@type\":\"SearchAction\",\"target\":{\"@type\":\"EntryPoint\",\"urlTemplate\":\"https:\/\/www.indigovenice.com\/fr\/?s={search_term_string}\"},\"query-input\":{\"@type\":\"PropertyValueSpecification\",\"valueRequired\":true,\"valueName\":\"search_term_string\"}}],\"inLanguage\":\"fr-FR\"}]}<\/script>\n<!-- \/ Yoast SEO plugin. -->","yoast_head_json":{"title":"Jardin int\u00e9rieur h\u00f4tel-boutique 4* | Hotel Indigo Venice Sant'Elena","description":"L\u2019Hotel Indigo Venice Sant'Elena de Venise renferme un jardin int\u00e9rieur tr\u00e8s romantique \u00e9quip\u00e9 de divans, chaises longues et de tables.","robots":{"index":"index","follow":"follow","max-snippet":"max-snippet:-1","max-image-preview":"max-image-preview:large","max-video-preview":"max-video-preview:-1"},"canonical":"https:\/\/www.indigovenice.com\/fr\/lhotel\/le-jardin-interieur\/","og_locale":"fr_FR","og_type":"article","og_title":"Jardin int\u00e9rieur h\u00f4tel-boutique 4* | Hotel Indigo Venice Sant'Elena","og_description":"L\u2019Hotel Indigo Venice Sant'Elena de Venise renferme un jardin int\u00e9rieur tr\u00e8s romantique \u00e9quip\u00e9 de divans, chaises longues et de tables.","og_url":"https:\/\/www.indigovenice.com\/fr\/lhotel\/le-jardin-interieur\/","og_site_name":"Hotel Indigo Venice - Sant'Elena","article_modified_time":"2024-06-06T09:58:01+00:00","twitter_card":"summary_large_image","twitter_misc":{"Dur\u00e9e de lecture estim\u00e9e":"1 minute"},"schema":{"@context":"https:\/\/schema.org","@graph":[{"@type":"WebPage","@id":"https:\/\/www.indigovenice.com\/fr\/lhotel\/le-jardin-interieur\/","url":"https:\/\/www.indigovenice.com\/fr\/lhotel\/le-jardin-interieur\/","name":"Jardin int\u00e9rieur h\u00f4tel-boutique 4* | Hotel Indigo Venice Sant'Elena","isPartOf":{"@id":"https:\/\/www.indigovenice.com\/fr\/#website"},"datePublished":"2019-05-31T12:45:34+00:00","dateModified":"2024-06-06T09:58:01+00:00","description":"L\u2019Hotel Indigo Venice Sant'Elena de Venise renferme un jardin int\u00e9rieur tr\u00e8s romantique \u00e9quip\u00e9 de divans, chaises longues et de tables.","breadcrumb":{"@id":"https:\/\/www.indigovenice.com\/fr\/lhotel\/le-jardin-interieur\/#breadcrumb"},"inLanguage":"fr-FR","potentialAction":[{"@type":"ReadAction","target":["https:\/\/www.indigovenice.com\/fr\/lhotel\/le-jardin-interieur\/"]}]},{"@type":"BreadcrumbList","@id":"https:\/\/www.indigovenice.com\/fr\/lhotel\/le-jardin-interieur\/#breadcrumb","itemListElement":[{"@type":"ListItem","position":1,"name":"Home","item":"https:\/\/www.indigovenice.com\/fr\/"},{"@type":"ListItem","position":2,"name":"L&#8217;H\u00f4tel","item":"https:\/\/www.indigovenice.com\/fr\/lhotel\/"},{"@type":"ListItem","position":3,"name":"Le Jardin int\u00e9rieur"}]},{"@type":"WebSite","@id":"https:\/\/www.indigovenice.com\/fr\/#website","url":"https:\/\/www.indigovenice.com\/fr\/","name":"Hotel Indigo Venice - Sant'Elena","description":"Just another ms.decms.eu site","potentialAction":[{"@type":"SearchAction","target":{"@type":"EntryPoint","urlTemplate":"https:\/\/www.indigovenice.com\/fr\/?s={search_term_string}"},"query-input":{"@type":"PropertyValueSpecification","valueRequired":true,"valueName":"search_term_string"}}],"inLanguage":"fr-FR"}]}},"acf":[],"_links":{"self":[{"href":"https:\/\/www.indigovenice.com\/fr\/wp-json\/wp\/v2\/pages\/241","targetHints":{"allow":["GET"]}}],"collection":[{"href":"https:\/\/www.indigovenice.com\/fr\/wp-json\/wp\/v2\/pages"}],"about":[{"href":"https:\/\/www.indigovenice.com\/fr\/wp-json\/wp\/v2\/types\/page"}],"author":[{"embeddable":true,"href":"https:\/\/www.indigovenice.com\/fr\/wp-json\/wp\/v2\/users\/3"}],"replies":[{"embeddable":true,"href":"https:\/\/www.indigovenice.com\/fr\/wp-json\/wp\/v2\/comments?post=241"}],"version-history":[{"count":0,"href":"https:\/\/www.indigovenice.com\/fr\/wp-json\/wp\/v2\/pages\/241\/revisions"}],"up":[{"embeddable":true,"href":"https:\/\/www.indigovenice.com\/fr\/wp-json\/wp\/v2\/pages\/237"}],"wp:attachment":[{"href":"https:\/\/www.indigovenice.com\/fr\/wp-json\/wp\/v2\/media?parent=241"}],"curies":[{"name":"wp","href":"https:\/\/api.w.org\/{rel}","templated":true}]}}