{"id":243,"date":"2019-05-31T12:48:37","date_gmt":"2019-05-31T12:48:37","guid":{"rendered":"http:\/\/st-elena.ms.decms.eu\/?page_id=243"},"modified":"2025-05-29T10:28:48","modified_gmt":"2025-05-29T10:28:48","slug":"concept-design","status":"publish","type":"page","link":"https:\/\/www.indigovenice.com\/fr\/lhotel\/concept-design\/","title":{"rendered":"Concept design"},"content":{"rendered":"<p>Rare espace vert dans un tissu urbain incroyablement dense. Le sentiment de tranquillit\u00e9 et de d\u00e9tente de l&rsquo;<strong>Hotel Indigo Venice<\/strong> est renforc\u00e9 par son design de haut niveau, contemporain et aux d\u00e9tails soign\u00e9s tr\u00e8s italiens.<\/p>\n<p>Le lobby de l&rsquo;h\u00f4tel accueille les clients et les fait se sentir \u00e0 la maison. Les mat\u00e9riaux et couleurs s&rsquo;inspirent de la culture v\u00e9nitienne et des palais historiques de Venise, et subissent \u00e9galement l&rsquo;influence contemporaine de la Biennale, qui attire les artistes du monde entier<\/p>\n","protected":false},"excerpt":{"rendered":"<p>Rare espace vert dans un tissu urbain incroyablement dense. Le sentiment de tranquillit\u00e9 et de d\u00e9tente de l&rsquo;Hotel Indigo Venice est renforc\u00e9 par son design de haut niveau, contemporain et aux d\u00e9tails soign\u00e9s tr\u00e8s italiens. Le lobby de l&rsquo;h\u00f4tel accueille les clients et les fait se sentir \u00e0 la maison. Les mat\u00e9riaux et couleurs s&rsquo;inspirent [&hellip;]<\/p>\n","protected":false},"author":3,"featured_media":0,"parent":237,"menu_order":4,"comment_status":"closed","ping_status":"closed","template":"","meta":{"footnotes":""},"class_list":["post-243","page","type-page","status-publish","hentry"],"yoast_head":"<!-- This site is optimized with the Yoast SEO plugin v26.9 - https:\/\/yoast.com\/product\/yoast-seo-wordpress\/ -->\n<title>Espaces &amp; chambres H\u00f4tel 4* Venise | Hotel Indigo Venice Sant&#039;Elena<\/title>\n<meta name=\"description\" content=\"Design raffin\u00e9 inspire de l\u2019histoire de Venise, D\u00e9couvrez les chambres, le restaurant et toutes les chambres de l\u2019Indigo Venice Boutique Hotel de Venise.\" \/>\n<meta name=\"robots\" content=\"index, follow, max-snippet:-1, max-image-preview:large, max-video-preview:-1\" \/>\n<link rel=\"canonical\" href=\"https:\/\/www.indigovenice.com\/fr\/lhotel\/concept-design\/\" \/>\n<meta property=\"og:locale\" content=\"fr_FR\" \/>\n<meta property=\"og:type\" content=\"article\" \/>\n<meta property=\"og:title\" content=\"Espaces &amp; chambres H\u00f4tel 4* Venise | Hotel Indigo Venice Sant&#039;Elena\" \/>\n<meta property=\"og:description\" content=\"Design raffin\u00e9 inspire de l\u2019histoire de Venise, D\u00e9couvrez les chambres, le restaurant et toutes les chambres de l\u2019Indigo Venice Boutique Hotel de Venise.\" \/>\n<meta property=\"og:url\" content=\"https:\/\/www.indigovenice.com\/fr\/lhotel\/concept-design\/\" \/>\n<meta property=\"og:site_name\" content=\"Hotel Indigo Venice - Sant&#039;Elena\" \/>\n<meta property=\"article:modified_time\" content=\"2025-05-29T10:28:48+00:00\" \/>\n<meta name=\"twitter:card\" content=\"summary_large_image\" \/>\n<meta name=\"twitter:label1\" content=\"Dur\u00e9e de lecture estim\u00e9e\" \/>\n\t<meta name=\"twitter:data1\" content=\"1 minute\" \/>\n<script type=\"application\/ld+json\" class=\"yoast-schema-graph\">{\"@context\":\"https:\/\/schema.org\",\"@graph\":[{\"@type\":\"WebPage\",\"@id\":\"https:\/\/www.indigovenice.com\/fr\/lhotel\/concept-design\/\",\"url\":\"https:\/\/www.indigovenice.com\/fr\/lhotel\/concept-design\/\",\"name\":\"Espaces & chambres H\u00f4tel 4* Venise | Hotel Indigo Venice Sant'Elena\",\"isPartOf\":{\"@id\":\"https:\/\/www.indigovenice.com\/fr\/#website\"},\"datePublished\":\"2019-05-31T12:48:37+00:00\",\"dateModified\":\"2025-05-29T10:28:48+00:00\",\"description\":\"Design raffin\u00e9 inspire de l\u2019histoire de Venise, D\u00e9couvrez les chambres, le restaurant et toutes les chambres de l\u2019Indigo Venice Boutique Hotel de Venise.\",\"breadcrumb\":{\"@id\":\"https:\/\/www.indigovenice.com\/fr\/lhotel\/concept-design\/#breadcrumb\"},\"inLanguage\":\"fr-FR\",\"potentialAction\":[{\"@type\":\"ReadAction\",\"target\":[\"https:\/\/www.indigovenice.com\/fr\/lhotel\/concept-design\/\"]}]},{\"@type\":\"BreadcrumbList\",\"@id\":\"https:\/\/www.indigovenice.com\/fr\/lhotel\/concept-design\/#breadcrumb\",\"itemListElement\":[{\"@type\":\"ListItem\",\"position\":1,\"name\":\"Home\",\"item\":\"https:\/\/www.indigovenice.com\/fr\/\"},{\"@type\":\"ListItem\",\"position\":2,\"name\":\"L&#8217;H\u00f4tel\",\"item\":\"https:\/\/www.indigovenice.com\/fr\/lhotel\/\"},{\"@type\":\"ListItem\",\"position\":3,\"name\":\"Concept design\"}]},{\"@type\":\"WebSite\",\"@id\":\"https:\/\/www.indigovenice.com\/fr\/#website\",\"url\":\"https:\/\/www.indigovenice.com\/fr\/\",\"name\":\"Hotel Indigo Venice - Sant'Elena\",\"description\":\"Just another ms.decms.eu site\",\"potentialAction\":[{\"@type\":\"SearchAction\",\"target\":{\"@type\":\"EntryPoint\",\"urlTemplate\":\"https:\/\/www.indigovenice.com\/fr\/?s={search_term_string}\"},\"query-input\":{\"@type\":\"PropertyValueSpecification\",\"valueRequired\":true,\"valueName\":\"search_term_string\"}}],\"inLanguage\":\"fr-FR\"}]}<\/script>\n<!-- \/ Yoast SEO plugin. -->","yoast_head_json":{"title":"Espaces & chambres H\u00f4tel 4* Venise | Hotel Indigo Venice Sant'Elena","description":"Design raffin\u00e9 inspire de l\u2019histoire de Venise, D\u00e9couvrez les chambres, le restaurant et toutes les chambres de l\u2019Indigo Venice Boutique Hotel de Venise.","robots":{"index":"index","follow":"follow","max-snippet":"max-snippet:-1","max-image-preview":"max-image-preview:large","max-video-preview":"max-video-preview:-1"},"canonical":"https:\/\/www.indigovenice.com\/fr\/lhotel\/concept-design\/","og_locale":"fr_FR","og_type":"article","og_title":"Espaces & chambres H\u00f4tel 4* Venise | Hotel Indigo Venice Sant'Elena","og_description":"Design raffin\u00e9 inspire de l\u2019histoire de Venise, D\u00e9couvrez les chambres, le restaurant et toutes les chambres de l\u2019Indigo Venice Boutique Hotel de Venise.","og_url":"https:\/\/www.indigovenice.com\/fr\/lhotel\/concept-design\/","og_site_name":"Hotel Indigo Venice - Sant'Elena","article_modified_time":"2025-05-29T10:28:48+00:00","twitter_card":"summary_large_image","twitter_misc":{"Dur\u00e9e de lecture estim\u00e9e":"1 minute"},"schema":{"@context":"https:\/\/schema.org","@graph":[{"@type":"WebPage","@id":"https:\/\/www.indigovenice.com\/fr\/lhotel\/concept-design\/","url":"https:\/\/www.indigovenice.com\/fr\/lhotel\/concept-design\/","name":"Espaces & chambres H\u00f4tel 4* Venise | Hotel Indigo Venice Sant'Elena","isPartOf":{"@id":"https:\/\/www.indigovenice.com\/fr\/#website"},"datePublished":"2019-05-31T12:48:37+00:00","dateModified":"2025-05-29T10:28:48+00:00","description":"Design raffin\u00e9 inspire de l\u2019histoire de Venise, D\u00e9couvrez les chambres, le restaurant et toutes les chambres de l\u2019Indigo Venice Boutique Hotel de Venise.","breadcrumb":{"@id":"https:\/\/www.indigovenice.com\/fr\/lhotel\/concept-design\/#breadcrumb"},"inLanguage":"fr-FR","potentialAction":[{"@type":"ReadAction","target":["https:\/\/www.indigovenice.com\/fr\/lhotel\/concept-design\/"]}]},{"@type":"BreadcrumbList","@id":"https:\/\/www.indigovenice.com\/fr\/lhotel\/concept-design\/#breadcrumb","itemListElement":[{"@type":"ListItem","position":1,"name":"Home","item":"https:\/\/www.indigovenice.com\/fr\/"},{"@type":"ListItem","position":2,"name":"L&#8217;H\u00f4tel","item":"https:\/\/www.indigovenice.com\/fr\/lhotel\/"},{"@type":"ListItem","position":3,"name":"Concept design"}]},{"@type":"WebSite","@id":"https:\/\/www.indigovenice.com\/fr\/#website","url":"https:\/\/www.indigovenice.com\/fr\/","name":"Hotel Indigo Venice - Sant'Elena","description":"Just another ms.decms.eu site","potentialAction":[{"@type":"SearchAction","target":{"@type":"EntryPoint","urlTemplate":"https:\/\/www.indigovenice.com\/fr\/?s={search_term_string}"},"query-input":{"@type":"PropertyValueSpecification","valueRequired":true,"valueName":"search_term_string"}}],"inLanguage":"fr-FR"}]}},"acf":[],"_links":{"self":[{"href":"https:\/\/www.indigovenice.com\/fr\/wp-json\/wp\/v2\/pages\/243","targetHints":{"allow":["GET"]}}],"collection":[{"href":"https:\/\/www.indigovenice.com\/fr\/wp-json\/wp\/v2\/pages"}],"about":[{"href":"https:\/\/www.indigovenice.com\/fr\/wp-json\/wp\/v2\/types\/page"}],"author":[{"embeddable":true,"href":"https:\/\/www.indigovenice.com\/fr\/wp-json\/wp\/v2\/users\/3"}],"replies":[{"embeddable":true,"href":"https:\/\/www.indigovenice.com\/fr\/wp-json\/wp\/v2\/comments?post=243"}],"version-history":[{"count":0,"href":"https:\/\/www.indigovenice.com\/fr\/wp-json\/wp\/v2\/pages\/243\/revisions"}],"up":[{"embeddable":true,"href":"https:\/\/www.indigovenice.com\/fr\/wp-json\/wp\/v2\/pages\/237"}],"wp:attachment":[{"href":"https:\/\/www.indigovenice.com\/fr\/wp-json\/wp\/v2\/media?parent=243"}],"curies":[{"name":"wp","href":"https:\/\/api.w.org\/{rel}","templated":true}]}}