{"id":2483,"date":"2022-12-20T10:06:30","date_gmt":"2022-12-20T10:06:30","guid":{"rendered":"https:\/\/www.indigovenice.com\/?page_id=2483"},"modified":"2022-12-21T13:08:13","modified_gmt":"2022-12-21T13:08:13","slug":"b-landing-hotel-indigo-venice-santelena","status":"publish","type":"page","link":"https:\/\/www.indigovenice.com\/fr\/b-landing-hotel-indigo-venice-santelena\/","title":{"rendered":"Hotel Indigo Venice &#8211; Sant&rsquo;Elena"},"content":{"rendered":"<p style=\"text-align: left\">Pour une <strong>escapade romantique \u00e0 la Saint-Valentin<\/strong> ou pour une <strong>f\u00eate de Carnaval aventureuse et color\u00e9e<\/strong>, l&rsquo;Hotel Indigo Venice est pr\u00eat \u00e0 vous accueillir et \u00e0 r\u00e9pondre \u00e0 vos besoins. Remplissez le formulaire avec tous les d\u00e9tails de votre s\u00e9jour \u00e0 Venise, pour recevoir un retour rapide et sans engagement avec notre <strong>meilleure offre personnalis\u00e9e<\/strong> !<\/p>\n","protected":false},"excerpt":{"rendered":"<p>Pour une escapade romantique \u00e0 la Saint-Valentin ou pour une f\u00eate de Carnaval aventureuse et color\u00e9e, l&rsquo;Hotel Indigo Venice est pr\u00eat \u00e0 vous accueillir et \u00e0 r\u00e9pondre \u00e0 vos besoins. Remplissez le formulaire avec tous les d\u00e9tails de votre s\u00e9jour \u00e0 Venise, pour recevoir un retour rapide et sans engagement avec notre meilleure offre personnalis\u00e9e [&hellip;]<\/p>\n","protected":false},"author":55,"featured_media":0,"parent":0,"menu_order":0,"comment_status":"closed","ping_status":"closed","template":"","meta":{"footnotes":""},"class_list":["post-2483","page","type-page","status-publish","hentry"],"yoast_head":"<!-- This site is optimized with the Yoast SEO plugin v26.9 - https:\/\/yoast.com\/product\/yoast-seo-wordpress\/ -->\n<title>Hotel Indigo Venice - Sant&#039;Elena - Hotel Indigo Venice - Sant&#039;Elena<\/title>\n<meta name=\"robots\" content=\"noindex, follow\" \/>\n<meta property=\"og:locale\" content=\"fr_FR\" \/>\n<meta property=\"og:type\" content=\"article\" \/>\n<meta property=\"og:title\" content=\"Hotel Indigo Venice - Sant&#039;Elena - Hotel Indigo Venice - Sant&#039;Elena\" \/>\n<meta property=\"og:description\" content=\"Pour une escapade romantique \u00e0 la Saint-Valentin ou pour une f\u00eate de Carnaval aventureuse et color\u00e9e, l&rsquo;Hotel Indigo Venice est pr\u00eat \u00e0 vous accueillir et \u00e0 r\u00e9pondre \u00e0 vos besoins. Remplissez le formulaire avec tous les d\u00e9tails de votre s\u00e9jour \u00e0 Venise, pour recevoir un retour rapide et sans engagement avec notre meilleure offre personnalis\u00e9e [&hellip;]\" \/>\n<meta property=\"og:url\" content=\"https:\/\/www.indigovenice.com\/fr\/b-landing-hotel-indigo-venice-santelena\/\" \/>\n<meta property=\"og:site_name\" content=\"Hotel Indigo Venice - Sant&#039;Elena\" \/>\n<meta property=\"article:modified_time\" content=\"2022-12-21T13:08:13+00:00\" \/>\n<meta name=\"twitter:card\" content=\"summary_large_image\" \/>\n<meta name=\"twitter:label1\" content=\"Dur\u00e9e de lecture estim\u00e9e\" \/>\n\t<meta name=\"twitter:data1\" content=\"1 minute\" \/>\n<script type=\"application\/ld+json\" class=\"yoast-schema-graph\">{\"@context\":\"https:\/\/schema.org\",\"@graph\":[{\"@type\":\"WebPage\",\"@id\":\"https:\/\/www.indigovenice.com\/fr\/b-landing-hotel-indigo-venice-santelena\/\",\"url\":\"https:\/\/www.indigovenice.com\/fr\/b-landing-hotel-indigo-venice-santelena\/\",\"name\":\"Hotel Indigo Venice - Sant'Elena - Hotel Indigo Venice - Sant'Elena\",\"isPartOf\":{\"@id\":\"https:\/\/www.indigovenice.com\/fr\/#website\"},\"datePublished\":\"2022-12-20T10:06:30+00:00\",\"dateModified\":\"2022-12-21T13:08:13+00:00\",\"breadcrumb\":{\"@id\":\"https:\/\/www.indigovenice.com\/fr\/b-landing-hotel-indigo-venice-santelena\/#breadcrumb\"},\"inLanguage\":\"fr-FR\",\"potentialAction\":[{\"@type\":\"ReadAction\",\"target\":[\"https:\/\/www.indigovenice.com\/fr\/b-landing-hotel-indigo-venice-santelena\/\"]}]},{\"@type\":\"BreadcrumbList\",\"@id\":\"https:\/\/www.indigovenice.com\/fr\/b-landing-hotel-indigo-venice-santelena\/#breadcrumb\",\"itemListElement\":[{\"@type\":\"ListItem\",\"position\":1,\"name\":\"Home\",\"item\":\"https:\/\/www.indigovenice.com\/fr\/\"},{\"@type\":\"ListItem\",\"position\":2,\"name\":\"Hotel Indigo Venice &#8211; Sant&#8217;Elena\"}]},{\"@type\":\"WebSite\",\"@id\":\"https:\/\/www.indigovenice.com\/fr\/#website\",\"url\":\"https:\/\/www.indigovenice.com\/fr\/\",\"name\":\"Hotel Indigo Venice - Sant'Elena\",\"description\":\"Just another ms.decms.eu site\",\"potentialAction\":[{\"@type\":\"SearchAction\",\"target\":{\"@type\":\"EntryPoint\",\"urlTemplate\":\"https:\/\/www.indigovenice.com\/fr\/?s={search_term_string}\"},\"query-input\":{\"@type\":\"PropertyValueSpecification\",\"valueRequired\":true,\"valueName\":\"search_term_string\"}}],\"inLanguage\":\"fr-FR\"}]}<\/script>\n<!-- \/ Yoast SEO plugin. -->","yoast_head_json":{"title":"Hotel Indigo Venice - Sant'Elena - Hotel Indigo Venice - Sant'Elena","robots":{"index":"noindex","follow":"follow"},"og_locale":"fr_FR","og_type":"article","og_title":"Hotel Indigo Venice - Sant'Elena - Hotel Indigo Venice - Sant'Elena","og_description":"Pour une escapade romantique \u00e0 la Saint-Valentin ou pour une f\u00eate de Carnaval aventureuse et color\u00e9e, l&rsquo;Hotel Indigo Venice est pr\u00eat \u00e0 vous accueillir et \u00e0 r\u00e9pondre \u00e0 vos besoins. Remplissez le formulaire avec tous les d\u00e9tails de votre s\u00e9jour \u00e0 Venise, pour recevoir un retour rapide et sans engagement avec notre meilleure offre personnalis\u00e9e [&hellip;]","og_url":"https:\/\/www.indigovenice.com\/fr\/b-landing-hotel-indigo-venice-santelena\/","og_site_name":"Hotel Indigo Venice - Sant'Elena","article_modified_time":"2022-12-21T13:08:13+00:00","twitter_card":"summary_large_image","twitter_misc":{"Dur\u00e9e de lecture estim\u00e9e":"1 minute"},"schema":{"@context":"https:\/\/schema.org","@graph":[{"@type":"WebPage","@id":"https:\/\/www.indigovenice.com\/fr\/b-landing-hotel-indigo-venice-santelena\/","url":"https:\/\/www.indigovenice.com\/fr\/b-landing-hotel-indigo-venice-santelena\/","name":"Hotel Indigo Venice - Sant'Elena - Hotel Indigo Venice - Sant'Elena","isPartOf":{"@id":"https:\/\/www.indigovenice.com\/fr\/#website"},"datePublished":"2022-12-20T10:06:30+00:00","dateModified":"2022-12-21T13:08:13+00:00","breadcrumb":{"@id":"https:\/\/www.indigovenice.com\/fr\/b-landing-hotel-indigo-venice-santelena\/#breadcrumb"},"inLanguage":"fr-FR","potentialAction":[{"@type":"ReadAction","target":["https:\/\/www.indigovenice.com\/fr\/b-landing-hotel-indigo-venice-santelena\/"]}]},{"@type":"BreadcrumbList","@id":"https:\/\/www.indigovenice.com\/fr\/b-landing-hotel-indigo-venice-santelena\/#breadcrumb","itemListElement":[{"@type":"ListItem","position":1,"name":"Home","item":"https:\/\/www.indigovenice.com\/fr\/"},{"@type":"ListItem","position":2,"name":"Hotel Indigo Venice &#8211; Sant&#8217;Elena"}]},{"@type":"WebSite","@id":"https:\/\/www.indigovenice.com\/fr\/#website","url":"https:\/\/www.indigovenice.com\/fr\/","name":"Hotel Indigo Venice - Sant'Elena","description":"Just another ms.decms.eu site","potentialAction":[{"@type":"SearchAction","target":{"@type":"EntryPoint","urlTemplate":"https:\/\/www.indigovenice.com\/fr\/?s={search_term_string}"},"query-input":{"@type":"PropertyValueSpecification","valueRequired":true,"valueName":"search_term_string"}}],"inLanguage":"fr-FR"}]}},"acf":[],"_links":{"self":[{"href":"https:\/\/www.indigovenice.com\/fr\/wp-json\/wp\/v2\/pages\/2483","targetHints":{"allow":["GET"]}}],"collection":[{"href":"https:\/\/www.indigovenice.com\/fr\/wp-json\/wp\/v2\/pages"}],"about":[{"href":"https:\/\/www.indigovenice.com\/fr\/wp-json\/wp\/v2\/types\/page"}],"author":[{"embeddable":true,"href":"https:\/\/www.indigovenice.com\/fr\/wp-json\/wp\/v2\/users\/55"}],"replies":[{"embeddable":true,"href":"https:\/\/www.indigovenice.com\/fr\/wp-json\/wp\/v2\/comments?post=2483"}],"version-history":[{"count":0,"href":"https:\/\/www.indigovenice.com\/fr\/wp-json\/wp\/v2\/pages\/2483\/revisions"}],"wp:attachment":[{"href":"https:\/\/www.indigovenice.com\/fr\/wp-json\/wp\/v2\/media?parent=2483"}],"curies":[{"name":"wp","href":"https:\/\/api.w.org\/{rel}","templated":true}]}}