{"id":2624,"date":"2023-08-08T07:53:40","date_gmt":"2023-08-08T07:53:40","guid":{"rendered":"https:\/\/www.indigovenice.com\/?page_id=2624"},"modified":"2023-08-08T08:03:00","modified_gmt":"2023-08-08T08:03:00","slug":"hotel-indigo-venice-santelena-pmax","status":"publish","type":"page","link":"https:\/\/www.indigovenice.com\/fr\/hotel-indigo-venice-santelena-pmax\/","title":{"rendered":"Hotel Indigo Venice &#8211; Sant\u2019Elena"},"content":{"rendered":"<p>Que ce soit pour une <strong>escapade romantique en couple<\/strong> ou un <strong>voyage aventureux entre amis<\/strong>, Hotel Indigo Venice est pr\u00eat \u00e0 vous accueillir et \u00e0 r\u00e9pondre \u00e0 vos besoins.<br \/>\n<strong>Situ\u00e9 \u00e0 quelques pas des jardins de la Biennale<\/strong>, l&rsquo;h\u00f4tel dispose d&rsquo;un <strong>merveilleux jardin int\u00e9rieur<\/strong>, de <strong>75 chambres<\/strong>, dont d&rsquo;\u00e9l\u00e9gantes suites, et du <strong>Restaurant et Bar Savor<\/strong>.<br \/>\nRemplissez le formulaire avec tous les d\u00e9tails de votre s\u00e9jour \u00e0 Venise pour recevoir un retour imm\u00e9diat et sans obligation avec <strong>notre meilleure offre personnalis\u00e9e<\/strong> !<\/p>\n","protected":false},"excerpt":{"rendered":"<p>Que ce soit pour une escapade romantique en couple ou un voyage aventureux entre amis, Hotel Indigo Venice est pr\u00eat \u00e0 vous accueillir et \u00e0 r\u00e9pondre \u00e0 vos besoins. Situ\u00e9 \u00e0 quelques pas des jardins de la Biennale, l&rsquo;h\u00f4tel dispose d&rsquo;un merveilleux jardin int\u00e9rieur, de 75 chambres, dont d&rsquo;\u00e9l\u00e9gantes suites, et du Restaurant et Bar [&hellip;]<\/p>\n","protected":false},"author":55,"featured_media":0,"parent":0,"menu_order":0,"comment_status":"closed","ping_status":"closed","template":"template-landing_page.php","meta":{"footnotes":""},"class_list":["post-2624","page","type-page","status-publish","hentry"],"yoast_head":"<!-- This site is optimized with the Yoast SEO plugin v26.9 - https:\/\/yoast.com\/product\/yoast-seo-wordpress\/ -->\n<title>Hotel Indigo Venice - Sant&#039;Elena | Bienvenue \u00e0 Venise !<\/title>\n<meta name=\"description\" content=\"Situ\u00e9 dans la Venise la plus authentique, pour une escapade romantique ou un voyage aventureux entre amis, l&#039;Hotel Indigo Venice vous attend pour vous accueillir et vous choyer.\" \/>\n<meta name=\"robots\" content=\"noindex, follow\" \/>\n<meta property=\"og:locale\" content=\"fr_FR\" \/>\n<meta property=\"og:type\" content=\"article\" \/>\n<meta property=\"og:title\" content=\"Hotel Indigo Venice - Sant&#039;Elena | Bienvenue \u00e0 Venise !\" \/>\n<meta property=\"og:description\" content=\"Situ\u00e9 dans la Venise la plus authentique, pour une escapade romantique ou un voyage aventureux entre amis, l&#039;Hotel Indigo Venice vous attend pour vous accueillir et vous choyer.\" \/>\n<meta property=\"og:url\" content=\"https:\/\/www.indigovenice.com\/fr\/hotel-indigo-venice-santelena-pmax\/\" \/>\n<meta property=\"og:site_name\" content=\"Hotel Indigo Venice - Sant&#039;Elena\" \/>\n<meta property=\"article:modified_time\" content=\"2023-08-08T08:03:00+00:00\" \/>\n<meta name=\"twitter:card\" content=\"summary_large_image\" \/>\n<meta name=\"twitter:label1\" content=\"Dur\u00e9e de lecture estim\u00e9e\" \/>\n\t<meta name=\"twitter:data1\" content=\"1 minute\" \/>\n<script type=\"application\/ld+json\" class=\"yoast-schema-graph\">{\"@context\":\"https:\/\/schema.org\",\"@graph\":[{\"@type\":\"WebPage\",\"@id\":\"https:\/\/www.indigovenice.com\/fr\/hotel-indigo-venice-santelena-pmax\/\",\"url\":\"https:\/\/www.indigovenice.com\/fr\/hotel-indigo-venice-santelena-pmax\/\",\"name\":\"Hotel Indigo Venice - Sant'Elena | Bienvenue \u00e0 Venise !\",\"isPartOf\":{\"@id\":\"https:\/\/www.indigovenice.com\/fr\/#website\"},\"datePublished\":\"2023-08-08T07:53:40+00:00\",\"dateModified\":\"2023-08-08T08:03:00+00:00\",\"description\":\"Situ\u00e9 dans la Venise la plus authentique, pour une escapade romantique ou un voyage aventureux entre amis, l'Hotel Indigo Venice vous attend pour vous accueillir et vous choyer.\",\"breadcrumb\":{\"@id\":\"https:\/\/www.indigovenice.com\/fr\/hotel-indigo-venice-santelena-pmax\/#breadcrumb\"},\"inLanguage\":\"fr-FR\",\"potentialAction\":[{\"@type\":\"ReadAction\",\"target\":[\"https:\/\/www.indigovenice.com\/fr\/hotel-indigo-venice-santelena-pmax\/\"]}]},{\"@type\":\"BreadcrumbList\",\"@id\":\"https:\/\/www.indigovenice.com\/fr\/hotel-indigo-venice-santelena-pmax\/#breadcrumb\",\"itemListElement\":[{\"@type\":\"ListItem\",\"position\":1,\"name\":\"Home\",\"item\":\"https:\/\/www.indigovenice.com\/fr\/\"},{\"@type\":\"ListItem\",\"position\":2,\"name\":\"Hotel Indigo Venice &#8211; Sant\u2019Elena\"}]},{\"@type\":\"WebSite\",\"@id\":\"https:\/\/www.indigovenice.com\/fr\/#website\",\"url\":\"https:\/\/www.indigovenice.com\/fr\/\",\"name\":\"Hotel Indigo Venice - Sant'Elena\",\"description\":\"Just another ms.decms.eu site\",\"potentialAction\":[{\"@type\":\"SearchAction\",\"target\":{\"@type\":\"EntryPoint\",\"urlTemplate\":\"https:\/\/www.indigovenice.com\/fr\/?s={search_term_string}\"},\"query-input\":{\"@type\":\"PropertyValueSpecification\",\"valueRequired\":true,\"valueName\":\"search_term_string\"}}],\"inLanguage\":\"fr-FR\"}]}<\/script>\n<!-- \/ Yoast SEO plugin. -->","yoast_head_json":{"title":"Hotel Indigo Venice - Sant'Elena | Bienvenue \u00e0 Venise !","description":"Situ\u00e9 dans la Venise la plus authentique, pour une escapade romantique ou un voyage aventureux entre amis, l'Hotel Indigo Venice vous attend pour vous accueillir et vous choyer.","robots":{"index":"noindex","follow":"follow"},"og_locale":"fr_FR","og_type":"article","og_title":"Hotel Indigo Venice - Sant'Elena | Bienvenue \u00e0 Venise !","og_description":"Situ\u00e9 dans la Venise la plus authentique, pour une escapade romantique ou un voyage aventureux entre amis, l'Hotel Indigo Venice vous attend pour vous accueillir et vous choyer.","og_url":"https:\/\/www.indigovenice.com\/fr\/hotel-indigo-venice-santelena-pmax\/","og_site_name":"Hotel Indigo Venice - Sant'Elena","article_modified_time":"2023-08-08T08:03:00+00:00","twitter_card":"summary_large_image","twitter_misc":{"Dur\u00e9e de lecture estim\u00e9e":"1 minute"},"schema":{"@context":"https:\/\/schema.org","@graph":[{"@type":"WebPage","@id":"https:\/\/www.indigovenice.com\/fr\/hotel-indigo-venice-santelena-pmax\/","url":"https:\/\/www.indigovenice.com\/fr\/hotel-indigo-venice-santelena-pmax\/","name":"Hotel Indigo Venice - Sant'Elena | Bienvenue \u00e0 Venise !","isPartOf":{"@id":"https:\/\/www.indigovenice.com\/fr\/#website"},"datePublished":"2023-08-08T07:53:40+00:00","dateModified":"2023-08-08T08:03:00+00:00","description":"Situ\u00e9 dans la Venise la plus authentique, pour une escapade romantique ou un voyage aventureux entre amis, l'Hotel Indigo Venice vous attend pour vous accueillir et vous choyer.","breadcrumb":{"@id":"https:\/\/www.indigovenice.com\/fr\/hotel-indigo-venice-santelena-pmax\/#breadcrumb"},"inLanguage":"fr-FR","potentialAction":[{"@type":"ReadAction","target":["https:\/\/www.indigovenice.com\/fr\/hotel-indigo-venice-santelena-pmax\/"]}]},{"@type":"BreadcrumbList","@id":"https:\/\/www.indigovenice.com\/fr\/hotel-indigo-venice-santelena-pmax\/#breadcrumb","itemListElement":[{"@type":"ListItem","position":1,"name":"Home","item":"https:\/\/www.indigovenice.com\/fr\/"},{"@type":"ListItem","position":2,"name":"Hotel Indigo Venice &#8211; Sant\u2019Elena"}]},{"@type":"WebSite","@id":"https:\/\/www.indigovenice.com\/fr\/#website","url":"https:\/\/www.indigovenice.com\/fr\/","name":"Hotel Indigo Venice - Sant'Elena","description":"Just another ms.decms.eu site","potentialAction":[{"@type":"SearchAction","target":{"@type":"EntryPoint","urlTemplate":"https:\/\/www.indigovenice.com\/fr\/?s={search_term_string}"},"query-input":{"@type":"PropertyValueSpecification","valueRequired":true,"valueName":"search_term_string"}}],"inLanguage":"fr-FR"}]}},"acf":[],"_links":{"self":[{"href":"https:\/\/www.indigovenice.com\/fr\/wp-json\/wp\/v2\/pages\/2624","targetHints":{"allow":["GET"]}}],"collection":[{"href":"https:\/\/www.indigovenice.com\/fr\/wp-json\/wp\/v2\/pages"}],"about":[{"href":"https:\/\/www.indigovenice.com\/fr\/wp-json\/wp\/v2\/types\/page"}],"author":[{"embeddable":true,"href":"https:\/\/www.indigovenice.com\/fr\/wp-json\/wp\/v2\/users\/55"}],"replies":[{"embeddable":true,"href":"https:\/\/www.indigovenice.com\/fr\/wp-json\/wp\/v2\/comments?post=2624"}],"version-history":[{"count":0,"href":"https:\/\/www.indigovenice.com\/fr\/wp-json\/wp\/v2\/pages\/2624\/revisions"}],"wp:attachment":[{"href":"https:\/\/www.indigovenice.com\/fr\/wp-json\/wp\/v2\/media?parent=2624"}],"curies":[{"name":"wp","href":"https:\/\/api.w.org\/{rel}","templated":true}]}}