{"id":311,"date":"2019-06-03T09:05:46","date_gmt":"2019-06-03T09:05:46","guid":{"rendered":"http:\/\/st-elena.ms.decms.eu\/?page_id=311"},"modified":"2025-11-07T12:06:06","modified_gmt":"2025-11-07T12:06:06","slug":"chambres-standards","status":"publish","type":"page","link":"https:\/\/www.indigovenice.com\/fr\/chambres-et-suites\/chambres-standards\/","title":{"rendered":"Chambres Standards"},"content":{"rendered":"<h1>Un s\u00e9jour Confort et D\u00e9tente<\/h1>\n<p>Apr\u00e8s une journ\u00e9e d\u2019exploration de la S\u00e9r\u00e9nissime, d\u00e9tendez-vous dans nos lumineuses <strong>Chambres Standard<\/strong> avec vue sur le jardin int\u00e9rieur ou la qui\u00e9tude des calli de l&rsquo;\u00eele.<\/p>\n<p>Nos Chambres Standard sont climatis\u00e9es et disposent d&rsquo;un bureau spacieux, TV avec Chromecast, bouilloire pour th\u00e9 et caf\u00e9, bouteille d&rsquo;eau min\u00e9rale gratuite, oreillers suppl\u00e9mentaires, coffre-fort, minibar et salle de bains avec baignoire ou douche.<\/p>\n<p>Les chambres disposent d\u2019un <strong>lit queen-size<\/strong>, de <strong>deux lits s\u00e9par\u00e9s<\/strong> ou d\u2019un <strong>luxueux lit king-size<\/strong>, pouvant accueillir jusqu\u2019\u00e0 <strong>2 personnes<\/strong>.<\/p>\n","protected":false},"excerpt":{"rendered":"<p>Un s\u00e9jour Confort et D\u00e9tente Apr\u00e8s une journ\u00e9e d\u2019exploration de la S\u00e9r\u00e9nissime, d\u00e9tendez-vous dans nos lumineuses Chambres Standard avec vue sur le jardin int\u00e9rieur ou la qui\u00e9tude des calli de l&rsquo;\u00eele. Nos Chambres Standard sont climatis\u00e9es et disposent d&rsquo;un bureau spacieux, TV avec Chromecast, bouilloire pour th\u00e9 et caf\u00e9, bouteille d&rsquo;eau min\u00e9rale gratuite, oreillers suppl\u00e9mentaires, [&hellip;]<\/p>\n","protected":false},"author":7,"featured_media":0,"parent":301,"menu_order":0,"comment_status":"closed","ping_status":"closed","template":"template-single-room.php","meta":{"footnotes":""},"class_list":["post-311","page","type-page","status-publish","hentry"],"yoast_head":"<!-- This site is optimized with the Yoast SEO plugin v26.9 - https:\/\/yoast.com\/product\/yoast-seo-wordpress\/ -->\n<title>Chambre standard H\u00f4tel-boutique 4* \u00e0 Venise | Hotel Indigo Venice<\/title>\n<meta name=\"description\" content=\"Les chambres Standard de l\u2019Hotel Indigo Venice Sant&#039;Elena associent confort, design et style. Toutes offrent les services d\u2019un h\u00f4tel 4 \u00e9toiles.\" \/>\n<meta name=\"robots\" content=\"index, follow, max-snippet:-1, max-image-preview:large, max-video-preview:-1\" \/>\n<link rel=\"canonical\" href=\"https:\/\/www.indigovenice.com\/fr\/chambres-et-suites\/chambres-standards\/\" \/>\n<meta property=\"og:locale\" content=\"fr_FR\" \/>\n<meta property=\"og:type\" content=\"article\" \/>\n<meta property=\"og:title\" content=\"Chambre standard H\u00f4tel-boutique 4* \u00e0 Venise | Hotel Indigo Venice\" \/>\n<meta property=\"og:description\" content=\"Les chambres Standard de l\u2019Hotel Indigo Venice Sant&#039;Elena associent confort, design et style. Toutes offrent les services d\u2019un h\u00f4tel 4 \u00e9toiles.\" \/>\n<meta property=\"og:url\" content=\"https:\/\/www.indigovenice.com\/fr\/chambres-et-suites\/chambres-standards\/\" \/>\n<meta property=\"og:site_name\" content=\"Hotel Indigo Venice - Sant&#039;Elena\" \/>\n<meta property=\"article:modified_time\" content=\"2025-11-07T12:06:06+00:00\" \/>\n<meta name=\"twitter:card\" content=\"summary_large_image\" \/>\n<meta name=\"twitter:label1\" content=\"Dur\u00e9e de lecture estim\u00e9e\" \/>\n\t<meta name=\"twitter:data1\" content=\"1 minute\" \/>\n<script type=\"application\/ld+json\" class=\"yoast-schema-graph\">{\"@context\":\"https:\/\/schema.org\",\"@graph\":[{\"@type\":\"WebPage\",\"@id\":\"https:\/\/www.indigovenice.com\/fr\/chambres-et-suites\/chambres-standards\/\",\"url\":\"https:\/\/www.indigovenice.com\/fr\/chambres-et-suites\/chambres-standards\/\",\"name\":\"Chambre standard H\u00f4tel-boutique 4* \u00e0 Venise | Hotel Indigo Venice\",\"isPartOf\":{\"@id\":\"https:\/\/www.indigovenice.com\/fr\/#website\"},\"datePublished\":\"2019-06-03T09:05:46+00:00\",\"dateModified\":\"2025-11-07T12:06:06+00:00\",\"description\":\"Les chambres Standard de l\u2019Hotel Indigo Venice Sant'Elena associent confort, design et style. Toutes offrent les services d\u2019un h\u00f4tel 4 \u00e9toiles.\",\"breadcrumb\":{\"@id\":\"https:\/\/www.indigovenice.com\/fr\/chambres-et-suites\/chambres-standards\/#breadcrumb\"},\"inLanguage\":\"fr-FR\",\"potentialAction\":[{\"@type\":\"ReadAction\",\"target\":[\"https:\/\/www.indigovenice.com\/fr\/chambres-et-suites\/chambres-standards\/\"]}]},{\"@type\":\"BreadcrumbList\",\"@id\":\"https:\/\/www.indigovenice.com\/fr\/chambres-et-suites\/chambres-standards\/#breadcrumb\",\"itemListElement\":[{\"@type\":\"ListItem\",\"position\":1,\"name\":\"Home\",\"item\":\"https:\/\/www.indigovenice.com\/fr\/\"},{\"@type\":\"ListItem\",\"position\":2,\"name\":\"Chambres et suites\",\"item\":\"https:\/\/www.indigovenice.com\/fr\/chambres-et-suites\/\"},{\"@type\":\"ListItem\",\"position\":3,\"name\":\"Chambres Standards\"}]},{\"@type\":\"WebSite\",\"@id\":\"https:\/\/www.indigovenice.com\/fr\/#website\",\"url\":\"https:\/\/www.indigovenice.com\/fr\/\",\"name\":\"Hotel Indigo Venice - Sant'Elena\",\"description\":\"Just another ms.decms.eu site\",\"potentialAction\":[{\"@type\":\"SearchAction\",\"target\":{\"@type\":\"EntryPoint\",\"urlTemplate\":\"https:\/\/www.indigovenice.com\/fr\/?s={search_term_string}\"},\"query-input\":{\"@type\":\"PropertyValueSpecification\",\"valueRequired\":true,\"valueName\":\"search_term_string\"}}],\"inLanguage\":\"fr-FR\"}]}<\/script>\n<!-- \/ Yoast SEO plugin. -->","yoast_head_json":{"title":"Chambre standard H\u00f4tel-boutique 4* \u00e0 Venise | Hotel Indigo Venice","description":"Les chambres Standard de l\u2019Hotel Indigo Venice Sant'Elena associent confort, design et style. Toutes offrent les services d\u2019un h\u00f4tel 4 \u00e9toiles.","robots":{"index":"index","follow":"follow","max-snippet":"max-snippet:-1","max-image-preview":"max-image-preview:large","max-video-preview":"max-video-preview:-1"},"canonical":"https:\/\/www.indigovenice.com\/fr\/chambres-et-suites\/chambres-standards\/","og_locale":"fr_FR","og_type":"article","og_title":"Chambre standard H\u00f4tel-boutique 4* \u00e0 Venise | Hotel Indigo Venice","og_description":"Les chambres Standard de l\u2019Hotel Indigo Venice Sant'Elena associent confort, design et style. Toutes offrent les services d\u2019un h\u00f4tel 4 \u00e9toiles.","og_url":"https:\/\/www.indigovenice.com\/fr\/chambres-et-suites\/chambres-standards\/","og_site_name":"Hotel Indigo Venice - Sant'Elena","article_modified_time":"2025-11-07T12:06:06+00:00","twitter_card":"summary_large_image","twitter_misc":{"Dur\u00e9e de lecture estim\u00e9e":"1 minute"},"schema":{"@context":"https:\/\/schema.org","@graph":[{"@type":"WebPage","@id":"https:\/\/www.indigovenice.com\/fr\/chambres-et-suites\/chambres-standards\/","url":"https:\/\/www.indigovenice.com\/fr\/chambres-et-suites\/chambres-standards\/","name":"Chambre standard H\u00f4tel-boutique 4* \u00e0 Venise | Hotel Indigo Venice","isPartOf":{"@id":"https:\/\/www.indigovenice.com\/fr\/#website"},"datePublished":"2019-06-03T09:05:46+00:00","dateModified":"2025-11-07T12:06:06+00:00","description":"Les chambres Standard de l\u2019Hotel Indigo Venice Sant'Elena associent confort, design et style. Toutes offrent les services d\u2019un h\u00f4tel 4 \u00e9toiles.","breadcrumb":{"@id":"https:\/\/www.indigovenice.com\/fr\/chambres-et-suites\/chambres-standards\/#breadcrumb"},"inLanguage":"fr-FR","potentialAction":[{"@type":"ReadAction","target":["https:\/\/www.indigovenice.com\/fr\/chambres-et-suites\/chambres-standards\/"]}]},{"@type":"BreadcrumbList","@id":"https:\/\/www.indigovenice.com\/fr\/chambres-et-suites\/chambres-standards\/#breadcrumb","itemListElement":[{"@type":"ListItem","position":1,"name":"Home","item":"https:\/\/www.indigovenice.com\/fr\/"},{"@type":"ListItem","position":2,"name":"Chambres et suites","item":"https:\/\/www.indigovenice.com\/fr\/chambres-et-suites\/"},{"@type":"ListItem","position":3,"name":"Chambres Standards"}]},{"@type":"WebSite","@id":"https:\/\/www.indigovenice.com\/fr\/#website","url":"https:\/\/www.indigovenice.com\/fr\/","name":"Hotel Indigo Venice - Sant'Elena","description":"Just another ms.decms.eu site","potentialAction":[{"@type":"SearchAction","target":{"@type":"EntryPoint","urlTemplate":"https:\/\/www.indigovenice.com\/fr\/?s={search_term_string}"},"query-input":{"@type":"PropertyValueSpecification","valueRequired":true,"valueName":"search_term_string"}}],"inLanguage":"fr-FR"}]}},"acf":[],"_links":{"self":[{"href":"https:\/\/www.indigovenice.com\/fr\/wp-json\/wp\/v2\/pages\/311","targetHints":{"allow":["GET"]}}],"collection":[{"href":"https:\/\/www.indigovenice.com\/fr\/wp-json\/wp\/v2\/pages"}],"about":[{"href":"https:\/\/www.indigovenice.com\/fr\/wp-json\/wp\/v2\/types\/page"}],"author":[{"embeddable":true,"href":"https:\/\/www.indigovenice.com\/fr\/wp-json\/wp\/v2\/users\/7"}],"replies":[{"embeddable":true,"href":"https:\/\/www.indigovenice.com\/fr\/wp-json\/wp\/v2\/comments?post=311"}],"version-history":[{"count":0,"href":"https:\/\/www.indigovenice.com\/fr\/wp-json\/wp\/v2\/pages\/311\/revisions"}],"up":[{"embeddable":true,"href":"https:\/\/www.indigovenice.com\/fr\/wp-json\/wp\/v2\/pages\/301"}],"wp:attachment":[{"href":"https:\/\/www.indigovenice.com\/fr\/wp-json\/wp\/v2\/media?parent=311"}],"curies":[{"name":"wp","href":"https:\/\/api.w.org\/{rel}","templated":true}]}}