{"id":321,"date":"2019-06-03T09:44:57","date_gmt":"2019-06-03T09:44:57","guid":{"rendered":"http:\/\/st-elena.ms.decms.eu\/?page_id=321"},"modified":"2025-11-07T12:07:49","modified_gmt":"2025-11-07T12:07:49","slug":"chambres-standard-jardin-interieur","status":"publish","type":"page","link":"https:\/\/www.indigovenice.com\/fr\/chambres-et-suites\/chambres-standard-jardin-interieur\/","title":{"rendered":"Chambres Standard Inner Garden"},"content":{"rendered":"<h1>Votre acc\u00e8s exclusif au jardin int\u00e9rieur<\/h1>\n<p>Magnifiquement meubl\u00e9es et finement d\u00e9cor\u00e9es, nos<strong> chambres Standard Inner Garden<\/strong> r\u00e9pondent \u00e0 toutes les exigences.\u00a0 \u00c9quip\u00e9es de tous les conforts modernes en termes de mobilier et technologie, nos Chambres Standard Inner Garden constituent le choix id\u00e9al pour votre prochain s\u00e9jour \u00e0 Venise.<\/p>\n<p>Nos Chambres Standard sont climatis\u00e9es et disposent d&rsquo;un bureau spacieux, TV avec Chromecast, bouilloire pour th\u00e9 et caf\u00e9, bouteille d&rsquo;eau min\u00e9rale gratuite, oreillers suppl\u00e9mentaires, coffre-fort, minibar et salle de bains avec baignoire ou douche.<\/p>\n<p>Chambres avec <strong data-start=\"333\" data-end=\"351\">lit queen-size<\/strong>, pouvant accueillir jusqu\u2019\u00e0 <strong data-start=\"380\" data-end=\"395\">2 personnes<\/strong>.<\/p>\n","protected":false},"excerpt":{"rendered":"<p>Votre acc\u00e8s exclusif au jardin int\u00e9rieur Magnifiquement meubl\u00e9es et finement d\u00e9cor\u00e9es, nos chambres Standard Inner Garden r\u00e9pondent \u00e0 toutes les exigences.\u00a0 \u00c9quip\u00e9es de tous les conforts modernes en termes de mobilier et technologie, nos Chambres Standard Inner Garden constituent le choix id\u00e9al pour votre prochain s\u00e9jour \u00e0 Venise. Nos Chambres Standard sont climatis\u00e9es et disposent [&hellip;]<\/p>\n","protected":false},"author":7,"featured_media":0,"parent":301,"menu_order":2,"comment_status":"closed","ping_status":"closed","template":"template-single-room.php","meta":{"footnotes":""},"class_list":["post-321","page","type-page","status-publish","hentry"],"yoast_head":"<!-- This site is optimized with the Yoast SEO plugin v26.9 - https:\/\/yoast.com\/product\/yoast-seo-wordpress\/ -->\n<title>Chambre Standard Jardin Interieur H\u00f4tel-boutique 4* \u00e0 Venise | Hotel Indigo Venice<\/title>\n<meta name=\"description\" content=\"Les chambres Standard Jardin Interieur de l\u2019Hotel Indigo Venice Sant&#039;Elena, spacieuses et \u00e9l\u00e9gantes, donnent sur les all\u00e9es du jardin int\u00e9rieur.\" \/>\n<meta name=\"robots\" content=\"index, follow, max-snippet:-1, max-image-preview:large, max-video-preview:-1\" \/>\n<link rel=\"canonical\" href=\"https:\/\/www.indigovenice.com\/fr\/chambres-et-suites\/chambres-standard-jardin-interieur\/\" \/>\n<meta property=\"og:locale\" content=\"fr_FR\" \/>\n<meta property=\"og:type\" content=\"article\" \/>\n<meta property=\"og:title\" content=\"Chambre Standard Jardin Interieur H\u00f4tel-boutique 4* \u00e0 Venise | Hotel Indigo Venice\" \/>\n<meta property=\"og:description\" content=\"Les chambres Standard Jardin Interieur de l\u2019Hotel Indigo Venice Sant&#039;Elena, spacieuses et \u00e9l\u00e9gantes, donnent sur les all\u00e9es du jardin int\u00e9rieur.\" \/>\n<meta property=\"og:url\" content=\"https:\/\/www.indigovenice.com\/fr\/chambres-et-suites\/chambres-standard-jardin-interieur\/\" \/>\n<meta property=\"og:site_name\" content=\"Hotel Indigo Venice - Sant&#039;Elena\" \/>\n<meta property=\"article:modified_time\" content=\"2025-11-07T12:07:49+00:00\" \/>\n<meta name=\"twitter:card\" content=\"summary_large_image\" \/>\n<meta name=\"twitter:label1\" content=\"Dur\u00e9e de lecture estim\u00e9e\" \/>\n\t<meta name=\"twitter:data1\" content=\"1 minute\" \/>\n<script type=\"application\/ld+json\" class=\"yoast-schema-graph\">{\"@context\":\"https:\/\/schema.org\",\"@graph\":[{\"@type\":\"WebPage\",\"@id\":\"https:\/\/www.indigovenice.com\/fr\/chambres-et-suites\/chambres-standard-jardin-interieur\/\",\"url\":\"https:\/\/www.indigovenice.com\/fr\/chambres-et-suites\/chambres-standard-jardin-interieur\/\",\"name\":\"Chambre Standard Jardin Interieur H\u00f4tel-boutique 4* \u00e0 Venise | Hotel Indigo Venice\",\"isPartOf\":{\"@id\":\"https:\/\/www.indigovenice.com\/fr\/#website\"},\"datePublished\":\"2019-06-03T09:44:57+00:00\",\"dateModified\":\"2025-11-07T12:07:49+00:00\",\"description\":\"Les chambres Standard Jardin Interieur de l\u2019Hotel Indigo Venice Sant'Elena, spacieuses et \u00e9l\u00e9gantes, donnent sur les all\u00e9es du jardin int\u00e9rieur.\",\"breadcrumb\":{\"@id\":\"https:\/\/www.indigovenice.com\/fr\/chambres-et-suites\/chambres-standard-jardin-interieur\/#breadcrumb\"},\"inLanguage\":\"fr-FR\",\"potentialAction\":[{\"@type\":\"ReadAction\",\"target\":[\"https:\/\/www.indigovenice.com\/fr\/chambres-et-suites\/chambres-standard-jardin-interieur\/\"]}]},{\"@type\":\"BreadcrumbList\",\"@id\":\"https:\/\/www.indigovenice.com\/fr\/chambres-et-suites\/chambres-standard-jardin-interieur\/#breadcrumb\",\"itemListElement\":[{\"@type\":\"ListItem\",\"position\":1,\"name\":\"Home\",\"item\":\"https:\/\/www.indigovenice.com\/fr\/\"},{\"@type\":\"ListItem\",\"position\":2,\"name\":\"Chambres et suites\",\"item\":\"https:\/\/www.indigovenice.com\/fr\/chambres-et-suites\/\"},{\"@type\":\"ListItem\",\"position\":3,\"name\":\"Chambres Standard Inner Garden\"}]},{\"@type\":\"WebSite\",\"@id\":\"https:\/\/www.indigovenice.com\/fr\/#website\",\"url\":\"https:\/\/www.indigovenice.com\/fr\/\",\"name\":\"Hotel Indigo Venice - Sant'Elena\",\"description\":\"Just another ms.decms.eu site\",\"potentialAction\":[{\"@type\":\"SearchAction\",\"target\":{\"@type\":\"EntryPoint\",\"urlTemplate\":\"https:\/\/www.indigovenice.com\/fr\/?s={search_term_string}\"},\"query-input\":{\"@type\":\"PropertyValueSpecification\",\"valueRequired\":true,\"valueName\":\"search_term_string\"}}],\"inLanguage\":\"fr-FR\"}]}<\/script>\n<!-- \/ Yoast SEO plugin. -->","yoast_head_json":{"title":"Chambre Standard Jardin Interieur H\u00f4tel-boutique 4* \u00e0 Venise | Hotel Indigo Venice","description":"Les chambres Standard Jardin Interieur de l\u2019Hotel Indigo Venice Sant'Elena, spacieuses et \u00e9l\u00e9gantes, donnent sur les all\u00e9es du jardin int\u00e9rieur.","robots":{"index":"index","follow":"follow","max-snippet":"max-snippet:-1","max-image-preview":"max-image-preview:large","max-video-preview":"max-video-preview:-1"},"canonical":"https:\/\/www.indigovenice.com\/fr\/chambres-et-suites\/chambres-standard-jardin-interieur\/","og_locale":"fr_FR","og_type":"article","og_title":"Chambre Standard Jardin Interieur H\u00f4tel-boutique 4* \u00e0 Venise | Hotel Indigo Venice","og_description":"Les chambres Standard Jardin Interieur de l\u2019Hotel Indigo Venice Sant'Elena, spacieuses et \u00e9l\u00e9gantes, donnent sur les all\u00e9es du jardin int\u00e9rieur.","og_url":"https:\/\/www.indigovenice.com\/fr\/chambres-et-suites\/chambres-standard-jardin-interieur\/","og_site_name":"Hotel Indigo Venice - Sant'Elena","article_modified_time":"2025-11-07T12:07:49+00:00","twitter_card":"summary_large_image","twitter_misc":{"Dur\u00e9e de lecture estim\u00e9e":"1 minute"},"schema":{"@context":"https:\/\/schema.org","@graph":[{"@type":"WebPage","@id":"https:\/\/www.indigovenice.com\/fr\/chambres-et-suites\/chambres-standard-jardin-interieur\/","url":"https:\/\/www.indigovenice.com\/fr\/chambres-et-suites\/chambres-standard-jardin-interieur\/","name":"Chambre Standard Jardin Interieur H\u00f4tel-boutique 4* \u00e0 Venise | Hotel Indigo Venice","isPartOf":{"@id":"https:\/\/www.indigovenice.com\/fr\/#website"},"datePublished":"2019-06-03T09:44:57+00:00","dateModified":"2025-11-07T12:07:49+00:00","description":"Les chambres Standard Jardin Interieur de l\u2019Hotel Indigo Venice Sant'Elena, spacieuses et \u00e9l\u00e9gantes, donnent sur les all\u00e9es du jardin int\u00e9rieur.","breadcrumb":{"@id":"https:\/\/www.indigovenice.com\/fr\/chambres-et-suites\/chambres-standard-jardin-interieur\/#breadcrumb"},"inLanguage":"fr-FR","potentialAction":[{"@type":"ReadAction","target":["https:\/\/www.indigovenice.com\/fr\/chambres-et-suites\/chambres-standard-jardin-interieur\/"]}]},{"@type":"BreadcrumbList","@id":"https:\/\/www.indigovenice.com\/fr\/chambres-et-suites\/chambres-standard-jardin-interieur\/#breadcrumb","itemListElement":[{"@type":"ListItem","position":1,"name":"Home","item":"https:\/\/www.indigovenice.com\/fr\/"},{"@type":"ListItem","position":2,"name":"Chambres et suites","item":"https:\/\/www.indigovenice.com\/fr\/chambres-et-suites\/"},{"@type":"ListItem","position":3,"name":"Chambres Standard Inner Garden"}]},{"@type":"WebSite","@id":"https:\/\/www.indigovenice.com\/fr\/#website","url":"https:\/\/www.indigovenice.com\/fr\/","name":"Hotel Indigo Venice - Sant'Elena","description":"Just another ms.decms.eu site","potentialAction":[{"@type":"SearchAction","target":{"@type":"EntryPoint","urlTemplate":"https:\/\/www.indigovenice.com\/fr\/?s={search_term_string}"},"query-input":{"@type":"PropertyValueSpecification","valueRequired":true,"valueName":"search_term_string"}}],"inLanguage":"fr-FR"}]}},"acf":[],"_links":{"self":[{"href":"https:\/\/www.indigovenice.com\/fr\/wp-json\/wp\/v2\/pages\/321","targetHints":{"allow":["GET"]}}],"collection":[{"href":"https:\/\/www.indigovenice.com\/fr\/wp-json\/wp\/v2\/pages"}],"about":[{"href":"https:\/\/www.indigovenice.com\/fr\/wp-json\/wp\/v2\/types\/page"}],"author":[{"embeddable":true,"href":"https:\/\/www.indigovenice.com\/fr\/wp-json\/wp\/v2\/users\/7"}],"replies":[{"embeddable":true,"href":"https:\/\/www.indigovenice.com\/fr\/wp-json\/wp\/v2\/comments?post=321"}],"version-history":[{"count":0,"href":"https:\/\/www.indigovenice.com\/fr\/wp-json\/wp\/v2\/pages\/321\/revisions"}],"up":[{"embeddable":true,"href":"https:\/\/www.indigovenice.com\/fr\/wp-json\/wp\/v2\/pages\/301"}],"wp:attachment":[{"href":"https:\/\/www.indigovenice.com\/fr\/wp-json\/wp\/v2\/media?parent=321"}],"curies":[{"name":"wp","href":"https:\/\/api.w.org\/{rel}","templated":true}]}}