{"id":330,"date":"2019-06-03T10:02:48","date_gmt":"2019-06-03T10:02:48","guid":{"rendered":"http:\/\/st-elena.ms.decms.eu\/?page_id=330"},"modified":"2022-07-22T08:28:46","modified_gmt":"2022-07-22T08:28:46","slug":"quartier","status":"publish","type":"page","link":"https:\/\/www.indigovenice.com\/fr\/quartier\/","title":{"rendered":"Quartier"},"content":{"rendered":"<p>Entour\u00e9 de l&rsquo;atmosph\u00e8re tranquille de l&rsquo;\u00eele, c&rsquo;est le lieu id\u00e9al pour explorer la ville. Quelques pas sous les arbres majestueux du Parco delle Rimembranze et le long de Riva degli Schiavoni vous emm\u00e8neront jusqu&rsquo;\u00e0 la c\u00e9l\u00e8bre <strong>place Saint-Marc<\/strong>, joyau monumental de la cit\u00e9 historique.<\/p>\n","protected":false},"excerpt":{"rendered":"<p>Entour\u00e9 de l&rsquo;atmosph\u00e8re tranquille de l&rsquo;\u00eele, c&rsquo;est le lieu id\u00e9al pour explorer la ville. Quelques pas sous les arbres majestueux du Parco delle Rimembranze et le long de Riva degli Schiavoni vous emm\u00e8neront jusqu&rsquo;\u00e0 la c\u00e9l\u00e8bre place Saint-Marc, joyau monumental de la cit\u00e9 historique.<\/p>\n","protected":false},"author":3,"featured_media":0,"parent":0,"menu_order":6,"comment_status":"closed","ping_status":"closed","template":"template-location.php","meta":{"footnotes":""},"class_list":["post-330","page","type-page","status-publish","hentry"],"yoast_head":"<!-- This site is optimized with the Yoast SEO plugin v26.9 - https:\/\/yoast.com\/product\/yoast-seo-wordpress\/ -->\n<title>Hotel Indigo Venice 4 \u00e9toiles pr\u00e8s jardins Biennale et Arsenal<\/title>\n<meta name=\"description\" content=\"Les jardins de la Biennale sont proches de l\u2019Hotel Indigo Venice Sant&#039;Elena, la Place Saint-Marc est \u00e0 quelques pas. D\u00e9couvrez le sestiere Castello de Venise\u00a0!\" \/>\n<meta name=\"robots\" content=\"index, follow, max-snippet:-1, max-image-preview:large, max-video-preview:-1\" \/>\n<link rel=\"canonical\" href=\"https:\/\/www.indigovenice.com\/fr\/quartier\/\" \/>\n<meta property=\"og:locale\" content=\"fr_FR\" \/>\n<meta property=\"og:type\" content=\"article\" \/>\n<meta property=\"og:title\" content=\"Hotel Indigo Venice 4 \u00e9toiles pr\u00e8s jardins Biennale et Arsenal\" \/>\n<meta property=\"og:description\" content=\"Les jardins de la Biennale sont proches de l\u2019Hotel Indigo Venice Sant&#039;Elena, la Place Saint-Marc est \u00e0 quelques pas. D\u00e9couvrez le sestiere Castello de Venise\u00a0!\" \/>\n<meta property=\"og:url\" content=\"https:\/\/www.indigovenice.com\/fr\/quartier\/\" \/>\n<meta property=\"og:site_name\" content=\"Hotel Indigo Venice - Sant&#039;Elena\" \/>\n<meta property=\"article:modified_time\" content=\"2022-07-22T08:28:46+00:00\" \/>\n<meta name=\"twitter:card\" content=\"summary_large_image\" \/>\n<script type=\"application\/ld+json\" class=\"yoast-schema-graph\">{\"@context\":\"https:\/\/schema.org\",\"@graph\":[{\"@type\":\"WebPage\",\"@id\":\"https:\/\/www.indigovenice.com\/fr\/quartier\/\",\"url\":\"https:\/\/www.indigovenice.com\/fr\/quartier\/\",\"name\":\"Hotel Indigo Venice 4 \u00e9toiles pr\u00e8s jardins Biennale et Arsenal\",\"isPartOf\":{\"@id\":\"https:\/\/www.indigovenice.com\/fr\/#website\"},\"datePublished\":\"2019-06-03T10:02:48+00:00\",\"dateModified\":\"2022-07-22T08:28:46+00:00\",\"description\":\"Les jardins de la Biennale sont proches de l\u2019Hotel Indigo Venice Sant'Elena, la Place Saint-Marc est \u00e0 quelques pas. D\u00e9couvrez le sestiere Castello de Venise\u00a0!\",\"breadcrumb\":{\"@id\":\"https:\/\/www.indigovenice.com\/fr\/quartier\/#breadcrumb\"},\"inLanguage\":\"fr-FR\",\"potentialAction\":[{\"@type\":\"ReadAction\",\"target\":[\"https:\/\/www.indigovenice.com\/fr\/quartier\/\"]}]},{\"@type\":\"BreadcrumbList\",\"@id\":\"https:\/\/www.indigovenice.com\/fr\/quartier\/#breadcrumb\",\"itemListElement\":[{\"@type\":\"ListItem\",\"position\":1,\"name\":\"Home\",\"item\":\"https:\/\/www.indigovenice.com\/fr\/\"},{\"@type\":\"ListItem\",\"position\":2,\"name\":\"Quartier\"}]},{\"@type\":\"WebSite\",\"@id\":\"https:\/\/www.indigovenice.com\/fr\/#website\",\"url\":\"https:\/\/www.indigovenice.com\/fr\/\",\"name\":\"Hotel Indigo Venice - Sant'Elena\",\"description\":\"Just another ms.decms.eu site\",\"potentialAction\":[{\"@type\":\"SearchAction\",\"target\":{\"@type\":\"EntryPoint\",\"urlTemplate\":\"https:\/\/www.indigovenice.com\/fr\/?s={search_term_string}\"},\"query-input\":{\"@type\":\"PropertyValueSpecification\",\"valueRequired\":true,\"valueName\":\"search_term_string\"}}],\"inLanguage\":\"fr-FR\"}]}<\/script>\n<!-- \/ Yoast SEO plugin. -->","yoast_head_json":{"title":"Hotel Indigo Venice 4 \u00e9toiles pr\u00e8s jardins Biennale et Arsenal","description":"Les jardins de la Biennale sont proches de l\u2019Hotel Indigo Venice Sant'Elena, la Place Saint-Marc est \u00e0 quelques pas. D\u00e9couvrez le sestiere Castello de Venise\u00a0!","robots":{"index":"index","follow":"follow","max-snippet":"max-snippet:-1","max-image-preview":"max-image-preview:large","max-video-preview":"max-video-preview:-1"},"canonical":"https:\/\/www.indigovenice.com\/fr\/quartier\/","og_locale":"fr_FR","og_type":"article","og_title":"Hotel Indigo Venice 4 \u00e9toiles pr\u00e8s jardins Biennale et Arsenal","og_description":"Les jardins de la Biennale sont proches de l\u2019Hotel Indigo Venice Sant'Elena, la Place Saint-Marc est \u00e0 quelques pas. D\u00e9couvrez le sestiere Castello de Venise\u00a0!","og_url":"https:\/\/www.indigovenice.com\/fr\/quartier\/","og_site_name":"Hotel Indigo Venice - Sant'Elena","article_modified_time":"2022-07-22T08:28:46+00:00","twitter_card":"summary_large_image","schema":{"@context":"https:\/\/schema.org","@graph":[{"@type":"WebPage","@id":"https:\/\/www.indigovenice.com\/fr\/quartier\/","url":"https:\/\/www.indigovenice.com\/fr\/quartier\/","name":"Hotel Indigo Venice 4 \u00e9toiles pr\u00e8s jardins Biennale et Arsenal","isPartOf":{"@id":"https:\/\/www.indigovenice.com\/fr\/#website"},"datePublished":"2019-06-03T10:02:48+00:00","dateModified":"2022-07-22T08:28:46+00:00","description":"Les jardins de la Biennale sont proches de l\u2019Hotel Indigo Venice Sant'Elena, la Place Saint-Marc est \u00e0 quelques pas. D\u00e9couvrez le sestiere Castello de Venise\u00a0!","breadcrumb":{"@id":"https:\/\/www.indigovenice.com\/fr\/quartier\/#breadcrumb"},"inLanguage":"fr-FR","potentialAction":[{"@type":"ReadAction","target":["https:\/\/www.indigovenice.com\/fr\/quartier\/"]}]},{"@type":"BreadcrumbList","@id":"https:\/\/www.indigovenice.com\/fr\/quartier\/#breadcrumb","itemListElement":[{"@type":"ListItem","position":1,"name":"Home","item":"https:\/\/www.indigovenice.com\/fr\/"},{"@type":"ListItem","position":2,"name":"Quartier"}]},{"@type":"WebSite","@id":"https:\/\/www.indigovenice.com\/fr\/#website","url":"https:\/\/www.indigovenice.com\/fr\/","name":"Hotel Indigo Venice - Sant'Elena","description":"Just another ms.decms.eu site","potentialAction":[{"@type":"SearchAction","target":{"@type":"EntryPoint","urlTemplate":"https:\/\/www.indigovenice.com\/fr\/?s={search_term_string}"},"query-input":{"@type":"PropertyValueSpecification","valueRequired":true,"valueName":"search_term_string"}}],"inLanguage":"fr-FR"}]}},"acf":[],"_links":{"self":[{"href":"https:\/\/www.indigovenice.com\/fr\/wp-json\/wp\/v2\/pages\/330","targetHints":{"allow":["GET"]}}],"collection":[{"href":"https:\/\/www.indigovenice.com\/fr\/wp-json\/wp\/v2\/pages"}],"about":[{"href":"https:\/\/www.indigovenice.com\/fr\/wp-json\/wp\/v2\/types\/page"}],"author":[{"embeddable":true,"href":"https:\/\/www.indigovenice.com\/fr\/wp-json\/wp\/v2\/users\/3"}],"replies":[{"embeddable":true,"href":"https:\/\/www.indigovenice.com\/fr\/wp-json\/wp\/v2\/comments?post=330"}],"version-history":[{"count":0,"href":"https:\/\/www.indigovenice.com\/fr\/wp-json\/wp\/v2\/pages\/330\/revisions"}],"wp:attachment":[{"href":"https:\/\/www.indigovenice.com\/fr\/wp-json\/wp\/v2\/media?parent=330"}],"curies":[{"name":"wp","href":"https:\/\/api.w.org\/{rel}","templated":true}]}}