{"id":331,"date":"2019-06-03T10:08:46","date_gmt":"2019-06-03T10:08:46","guid":{"rendered":"http:\/\/st-elena.ms.decms.eu\/?page_id=331"},"modified":"2024-01-24T14:52:30","modified_gmt":"2024-01-24T14:52:30","slug":"nous-rejoindre","status":"publish","type":"page","link":"https:\/\/www.indigovenice.com\/fr\/quartier\/nous-rejoindre\/","title":{"rendered":"Nous rejoindre"},"content":{"rendered":"<p>S\u00e9lectionnez celle qui vous convient le mieux et contactez-nous si vous d\u00e9sirez de plus amples informations. Venice est une ville enti\u00e8rement pi\u00e9tonne, et <strong>toute voiture y est interdite<\/strong>.<br \/>\nParking voitures :<br \/>\n&#8211; Parking de Piazzale Roma. Suivre ensuite les indications ci-dessous.<br \/>\n&#8211; Parking Tronchetto reli\u00e9 \u00e0 Piazzale Roma via Syst\u00e8me automatique (1.50 \u20ac, 2 minutes).<\/p>\n","protected":false},"excerpt":{"rendered":"<p>S\u00e9lectionnez celle qui vous convient le mieux et contactez-nous si vous d\u00e9sirez de plus amples informations. Venice est une ville enti\u00e8rement pi\u00e9tonne, et toute voiture y est interdite. Parking voitures : &#8211; Parking de Piazzale Roma. Suivre ensuite les indications ci-dessous. &#8211; Parking Tronchetto reli\u00e9 \u00e0 Piazzale Roma via Syst\u00e8me automatique (1.50 \u20ac, 2 minutes).<\/p>\n","protected":false},"author":3,"featured_media":0,"parent":330,"menu_order":1,"comment_status":"closed","ping_status":"closed","template":"","meta":{"footnotes":""},"class_list":["post-331","page","type-page","status-publish","hentry"],"yoast_head":"<!-- This site is optimized with the Yoast SEO plugin v26.9 - https:\/\/yoast.com\/product\/yoast-seo-wordpress\/ -->\n<title>Comment arriver Hotel Indigo Venice | Taxi, bateau, train, a\u00e9roport<\/title>\n<meta name=\"description\" content=\"En avion, train, taxi, vaporetto ou bateau, l\u2019Hotel Indigo Venice Sant\u2019Elena de Venise est accessible par tous les moyens de transport\u00a0!\" \/>\n<meta name=\"robots\" content=\"index, follow, max-snippet:-1, max-image-preview:large, max-video-preview:-1\" \/>\n<link rel=\"canonical\" href=\"https:\/\/www.indigovenice.com\/fr\/quartier\/nous-rejoindre\/\" \/>\n<meta property=\"og:locale\" content=\"fr_FR\" \/>\n<meta property=\"og:type\" content=\"article\" \/>\n<meta property=\"og:title\" content=\"Comment arriver Hotel Indigo Venice | Taxi, bateau, train, a\u00e9roport\" \/>\n<meta property=\"og:description\" content=\"En avion, train, taxi, vaporetto ou bateau, l\u2019Hotel Indigo Venice Sant\u2019Elena de Venise est accessible par tous les moyens de transport\u00a0!\" \/>\n<meta property=\"og:url\" content=\"https:\/\/www.indigovenice.com\/fr\/quartier\/nous-rejoindre\/\" \/>\n<meta property=\"og:site_name\" content=\"Hotel Indigo Venice - Sant&#039;Elena\" \/>\n<meta property=\"article:modified_time\" content=\"2024-01-24T14:52:30+00:00\" \/>\n<meta name=\"twitter:card\" content=\"summary_large_image\" \/>\n<script type=\"application\/ld+json\" class=\"yoast-schema-graph\">{\"@context\":\"https:\/\/schema.org\",\"@graph\":[{\"@type\":\"WebPage\",\"@id\":\"https:\/\/www.indigovenice.com\/fr\/quartier\/nous-rejoindre\/\",\"url\":\"https:\/\/www.indigovenice.com\/fr\/quartier\/nous-rejoindre\/\",\"name\":\"Comment arriver Hotel Indigo Venice | Taxi, bateau, train, a\u00e9roport\",\"isPartOf\":{\"@id\":\"https:\/\/www.indigovenice.com\/fr\/#website\"},\"datePublished\":\"2019-06-03T10:08:46+00:00\",\"dateModified\":\"2024-01-24T14:52:30+00:00\",\"description\":\"En avion, train, taxi, vaporetto ou bateau, l\u2019Hotel Indigo Venice Sant\u2019Elena de Venise est accessible par tous les moyens de transport\u00a0!\",\"breadcrumb\":{\"@id\":\"https:\/\/www.indigovenice.com\/fr\/quartier\/nous-rejoindre\/#breadcrumb\"},\"inLanguage\":\"fr-FR\",\"potentialAction\":[{\"@type\":\"ReadAction\",\"target\":[\"https:\/\/www.indigovenice.com\/fr\/quartier\/nous-rejoindre\/\"]}]},{\"@type\":\"BreadcrumbList\",\"@id\":\"https:\/\/www.indigovenice.com\/fr\/quartier\/nous-rejoindre\/#breadcrumb\",\"itemListElement\":[{\"@type\":\"ListItem\",\"position\":1,\"name\":\"Home\",\"item\":\"https:\/\/www.indigovenice.com\/fr\/\"},{\"@type\":\"ListItem\",\"position\":2,\"name\":\"Quartier\",\"item\":\"https:\/\/www.indigovenice.com\/fr\/quartier\/\"},{\"@type\":\"ListItem\",\"position\":3,\"name\":\"Nous rejoindre\"}]},{\"@type\":\"WebSite\",\"@id\":\"https:\/\/www.indigovenice.com\/fr\/#website\",\"url\":\"https:\/\/www.indigovenice.com\/fr\/\",\"name\":\"Hotel Indigo Venice - Sant'Elena\",\"description\":\"Just another ms.decms.eu site\",\"potentialAction\":[{\"@type\":\"SearchAction\",\"target\":{\"@type\":\"EntryPoint\",\"urlTemplate\":\"https:\/\/www.indigovenice.com\/fr\/?s={search_term_string}\"},\"query-input\":{\"@type\":\"PropertyValueSpecification\",\"valueRequired\":true,\"valueName\":\"search_term_string\"}}],\"inLanguage\":\"fr-FR\"}]}<\/script>\n<!-- \/ Yoast SEO plugin. -->","yoast_head_json":{"title":"Comment arriver Hotel Indigo Venice | Taxi, bateau, train, a\u00e9roport","description":"En avion, train, taxi, vaporetto ou bateau, l\u2019Hotel Indigo Venice Sant\u2019Elena de Venise est accessible par tous les moyens de transport\u00a0!","robots":{"index":"index","follow":"follow","max-snippet":"max-snippet:-1","max-image-preview":"max-image-preview:large","max-video-preview":"max-video-preview:-1"},"canonical":"https:\/\/www.indigovenice.com\/fr\/quartier\/nous-rejoindre\/","og_locale":"fr_FR","og_type":"article","og_title":"Comment arriver Hotel Indigo Venice | Taxi, bateau, train, a\u00e9roport","og_description":"En avion, train, taxi, vaporetto ou bateau, l\u2019Hotel Indigo Venice Sant\u2019Elena de Venise est accessible par tous les moyens de transport\u00a0!","og_url":"https:\/\/www.indigovenice.com\/fr\/quartier\/nous-rejoindre\/","og_site_name":"Hotel Indigo Venice - Sant'Elena","article_modified_time":"2024-01-24T14:52:30+00:00","twitter_card":"summary_large_image","schema":{"@context":"https:\/\/schema.org","@graph":[{"@type":"WebPage","@id":"https:\/\/www.indigovenice.com\/fr\/quartier\/nous-rejoindre\/","url":"https:\/\/www.indigovenice.com\/fr\/quartier\/nous-rejoindre\/","name":"Comment arriver Hotel Indigo Venice | Taxi, bateau, train, a\u00e9roport","isPartOf":{"@id":"https:\/\/www.indigovenice.com\/fr\/#website"},"datePublished":"2019-06-03T10:08:46+00:00","dateModified":"2024-01-24T14:52:30+00:00","description":"En avion, train, taxi, vaporetto ou bateau, l\u2019Hotel Indigo Venice Sant\u2019Elena de Venise est accessible par tous les moyens de transport\u00a0!","breadcrumb":{"@id":"https:\/\/www.indigovenice.com\/fr\/quartier\/nous-rejoindre\/#breadcrumb"},"inLanguage":"fr-FR","potentialAction":[{"@type":"ReadAction","target":["https:\/\/www.indigovenice.com\/fr\/quartier\/nous-rejoindre\/"]}]},{"@type":"BreadcrumbList","@id":"https:\/\/www.indigovenice.com\/fr\/quartier\/nous-rejoindre\/#breadcrumb","itemListElement":[{"@type":"ListItem","position":1,"name":"Home","item":"https:\/\/www.indigovenice.com\/fr\/"},{"@type":"ListItem","position":2,"name":"Quartier","item":"https:\/\/www.indigovenice.com\/fr\/quartier\/"},{"@type":"ListItem","position":3,"name":"Nous rejoindre"}]},{"@type":"WebSite","@id":"https:\/\/www.indigovenice.com\/fr\/#website","url":"https:\/\/www.indigovenice.com\/fr\/","name":"Hotel Indigo Venice - Sant'Elena","description":"Just another ms.decms.eu site","potentialAction":[{"@type":"SearchAction","target":{"@type":"EntryPoint","urlTemplate":"https:\/\/www.indigovenice.com\/fr\/?s={search_term_string}"},"query-input":{"@type":"PropertyValueSpecification","valueRequired":true,"valueName":"search_term_string"}}],"inLanguage":"fr-FR"}]}},"acf":[],"_links":{"self":[{"href":"https:\/\/www.indigovenice.com\/fr\/wp-json\/wp\/v2\/pages\/331","targetHints":{"allow":["GET"]}}],"collection":[{"href":"https:\/\/www.indigovenice.com\/fr\/wp-json\/wp\/v2\/pages"}],"about":[{"href":"https:\/\/www.indigovenice.com\/fr\/wp-json\/wp\/v2\/types\/page"}],"author":[{"embeddable":true,"href":"https:\/\/www.indigovenice.com\/fr\/wp-json\/wp\/v2\/users\/3"}],"replies":[{"embeddable":true,"href":"https:\/\/www.indigovenice.com\/fr\/wp-json\/wp\/v2\/comments?post=331"}],"version-history":[{"count":0,"href":"https:\/\/www.indigovenice.com\/fr\/wp-json\/wp\/v2\/pages\/331\/revisions"}],"up":[{"embeddable":true,"href":"https:\/\/www.indigovenice.com\/fr\/wp-json\/wp\/v2\/pages\/330"}],"wp:attachment":[{"href":"https:\/\/www.indigovenice.com\/fr\/wp-json\/wp\/v2\/media?parent=331"}],"curies":[{"name":"wp","href":"https:\/\/api.w.org\/{rel}","templated":true}]}}