{"id":335,"date":"2019-06-03T10:18:38","date_gmt":"2019-06-03T10:18:38","guid":{"rendered":"http:\/\/st-elena.ms.decms.eu\/?page_id=335"},"modified":"2025-11-07T12:09:50","modified_gmt":"2025-11-07T12:09:50","slug":"chambres-premium","status":"publish","type":"page","link":"https:\/\/www.indigovenice.com\/fr\/chambres-et-suites\/chambres-premium\/","title":{"rendered":"Chambres Premium"},"content":{"rendered":"<h1>Des espaces lumineux, spacieux et accueillants<\/h1>\n<p>Avec leur style contemporain qui se marie parfaitement \u00e0 l&rsquo;architecture originale du b\u00e2timent, les <strong>chambres Premium<\/strong> sont le lieu id\u00e9al pour se d\u00e9tendre et se relaxer.<\/p>\n<p>Dot\u00e9es de lits douillets et meubl\u00e9es d\u2019\u00e9l\u00e9ments design, toutes les chambres Premium sont climatis\u00e9es et disposent d&rsquo;un confortable coin salon, un bureau spacieux, TV avec Chromecast, bouilloire pour th\u00e9 et caf\u00e9, bouteille d&rsquo;eau gratuite, oreillers suppl\u00e9mentaires, coffre-fort, minibar et salle de bains avec baignoire ou douche.<\/p>\n<p>Chambres avec <strong data-start=\"417\" data-end=\"438\">deux lits s\u00e9par\u00e9s<\/strong> ou un <strong data-start=\"445\" data-end=\"476\">luxueux lit queen\/king-size<\/strong>, pouvant accueillir jusqu\u2019\u00e0 <strong data-start=\"505\" data-end=\"520\">3 personnes<\/strong>.<\/p>\n","protected":false},"excerpt":{"rendered":"<p>Des espaces lumineux, spacieux et accueillants Avec leur style contemporain qui se marie parfaitement \u00e0 l&rsquo;architecture originale du b\u00e2timent, les chambres Premium sont le lieu id\u00e9al pour se d\u00e9tendre et se relaxer. Dot\u00e9es de lits douillets et meubl\u00e9es d\u2019\u00e9l\u00e9ments design, toutes les chambres Premium sont climatis\u00e9es et disposent d&rsquo;un confortable coin salon, un bureau spacieux, [&hellip;]<\/p>\n","protected":false},"author":7,"featured_media":0,"parent":301,"menu_order":3,"comment_status":"closed","ping_status":"closed","template":"template-single-room.php","meta":{"footnotes":""},"class_list":["post-335","page","type-page","status-publish","hentry"],"yoast_head":"<!-- This site is optimized with the Yoast SEO plugin v26.9 - https:\/\/yoast.com\/product\/yoast-seo-wordpress\/ -->\n<title>Premium H\u00f4tel-boutique 4* \u00e0 Venise | Hotel Indigo Venice<\/title>\n<meta name=\"description\" content=\"Les chambres Premium de l\u2019Indigo Venice Sant&#039;Elena peuvent accueillir 3 personnes. Spacieuses et \u00e9l\u00e9gantes pr\u00e8s des jardins de la Biennale.\" \/>\n<meta name=\"robots\" content=\"index, follow, max-snippet:-1, max-image-preview:large, max-video-preview:-1\" \/>\n<link rel=\"canonical\" href=\"https:\/\/www.indigovenice.com\/fr\/chambres-et-suites\/chambres-premium\/\" \/>\n<meta property=\"og:locale\" content=\"fr_FR\" \/>\n<meta property=\"og:type\" content=\"article\" \/>\n<meta property=\"og:title\" content=\"Premium H\u00f4tel-boutique 4* \u00e0 Venise | Hotel Indigo Venice\" \/>\n<meta property=\"og:description\" content=\"Les chambres Premium de l\u2019Indigo Venice Sant&#039;Elena peuvent accueillir 3 personnes. Spacieuses et \u00e9l\u00e9gantes pr\u00e8s des jardins de la Biennale.\" \/>\n<meta property=\"og:url\" content=\"https:\/\/www.indigovenice.com\/fr\/chambres-et-suites\/chambres-premium\/\" \/>\n<meta property=\"og:site_name\" content=\"Hotel Indigo Venice - Sant&#039;Elena\" \/>\n<meta property=\"article:modified_time\" content=\"2025-11-07T12:09:50+00:00\" \/>\n<meta name=\"twitter:card\" content=\"summary_large_image\" \/>\n<meta name=\"twitter:label1\" content=\"Dur\u00e9e de lecture estim\u00e9e\" \/>\n\t<meta name=\"twitter:data1\" content=\"1 minute\" \/>\n<script type=\"application\/ld+json\" class=\"yoast-schema-graph\">{\"@context\":\"https:\/\/schema.org\",\"@graph\":[{\"@type\":\"WebPage\",\"@id\":\"https:\/\/www.indigovenice.com\/fr\/chambres-et-suites\/chambres-premium\/\",\"url\":\"https:\/\/www.indigovenice.com\/fr\/chambres-et-suites\/chambres-premium\/\",\"name\":\"Premium H\u00f4tel-boutique 4* \u00e0 Venise | Hotel Indigo Venice\",\"isPartOf\":{\"@id\":\"https:\/\/www.indigovenice.com\/fr\/#website\"},\"datePublished\":\"2019-06-03T10:18:38+00:00\",\"dateModified\":\"2025-11-07T12:09:50+00:00\",\"description\":\"Les chambres Premium de l\u2019Indigo Venice Sant'Elena peuvent accueillir 3 personnes. Spacieuses et \u00e9l\u00e9gantes pr\u00e8s des jardins de la Biennale.\",\"breadcrumb\":{\"@id\":\"https:\/\/www.indigovenice.com\/fr\/chambres-et-suites\/chambres-premium\/#breadcrumb\"},\"inLanguage\":\"fr-FR\",\"potentialAction\":[{\"@type\":\"ReadAction\",\"target\":[\"https:\/\/www.indigovenice.com\/fr\/chambres-et-suites\/chambres-premium\/\"]}]},{\"@type\":\"BreadcrumbList\",\"@id\":\"https:\/\/www.indigovenice.com\/fr\/chambres-et-suites\/chambres-premium\/#breadcrumb\",\"itemListElement\":[{\"@type\":\"ListItem\",\"position\":1,\"name\":\"Home\",\"item\":\"https:\/\/www.indigovenice.com\/fr\/\"},{\"@type\":\"ListItem\",\"position\":2,\"name\":\"Chambres et suites\",\"item\":\"https:\/\/www.indigovenice.com\/fr\/chambres-et-suites\/\"},{\"@type\":\"ListItem\",\"position\":3,\"name\":\"Chambres Premium\"}]},{\"@type\":\"WebSite\",\"@id\":\"https:\/\/www.indigovenice.com\/fr\/#website\",\"url\":\"https:\/\/www.indigovenice.com\/fr\/\",\"name\":\"Hotel Indigo Venice - Sant'Elena\",\"description\":\"Just another ms.decms.eu site\",\"potentialAction\":[{\"@type\":\"SearchAction\",\"target\":{\"@type\":\"EntryPoint\",\"urlTemplate\":\"https:\/\/www.indigovenice.com\/fr\/?s={search_term_string}\"},\"query-input\":{\"@type\":\"PropertyValueSpecification\",\"valueRequired\":true,\"valueName\":\"search_term_string\"}}],\"inLanguage\":\"fr-FR\"}]}<\/script>\n<!-- \/ Yoast SEO plugin. -->","yoast_head_json":{"title":"Premium H\u00f4tel-boutique 4* \u00e0 Venise | Hotel Indigo Venice","description":"Les chambres Premium de l\u2019Indigo Venice Sant'Elena peuvent accueillir 3 personnes. Spacieuses et \u00e9l\u00e9gantes pr\u00e8s des jardins de la Biennale.","robots":{"index":"index","follow":"follow","max-snippet":"max-snippet:-1","max-image-preview":"max-image-preview:large","max-video-preview":"max-video-preview:-1"},"canonical":"https:\/\/www.indigovenice.com\/fr\/chambres-et-suites\/chambres-premium\/","og_locale":"fr_FR","og_type":"article","og_title":"Premium H\u00f4tel-boutique 4* \u00e0 Venise | Hotel Indigo Venice","og_description":"Les chambres Premium de l\u2019Indigo Venice Sant'Elena peuvent accueillir 3 personnes. Spacieuses et \u00e9l\u00e9gantes pr\u00e8s des jardins de la Biennale.","og_url":"https:\/\/www.indigovenice.com\/fr\/chambres-et-suites\/chambres-premium\/","og_site_name":"Hotel Indigo Venice - Sant'Elena","article_modified_time":"2025-11-07T12:09:50+00:00","twitter_card":"summary_large_image","twitter_misc":{"Dur\u00e9e de lecture estim\u00e9e":"1 minute"},"schema":{"@context":"https:\/\/schema.org","@graph":[{"@type":"WebPage","@id":"https:\/\/www.indigovenice.com\/fr\/chambres-et-suites\/chambres-premium\/","url":"https:\/\/www.indigovenice.com\/fr\/chambres-et-suites\/chambres-premium\/","name":"Premium H\u00f4tel-boutique 4* \u00e0 Venise | Hotel Indigo Venice","isPartOf":{"@id":"https:\/\/www.indigovenice.com\/fr\/#website"},"datePublished":"2019-06-03T10:18:38+00:00","dateModified":"2025-11-07T12:09:50+00:00","description":"Les chambres Premium de l\u2019Indigo Venice Sant'Elena peuvent accueillir 3 personnes. Spacieuses et \u00e9l\u00e9gantes pr\u00e8s des jardins de la Biennale.","breadcrumb":{"@id":"https:\/\/www.indigovenice.com\/fr\/chambres-et-suites\/chambres-premium\/#breadcrumb"},"inLanguage":"fr-FR","potentialAction":[{"@type":"ReadAction","target":["https:\/\/www.indigovenice.com\/fr\/chambres-et-suites\/chambres-premium\/"]}]},{"@type":"BreadcrumbList","@id":"https:\/\/www.indigovenice.com\/fr\/chambres-et-suites\/chambres-premium\/#breadcrumb","itemListElement":[{"@type":"ListItem","position":1,"name":"Home","item":"https:\/\/www.indigovenice.com\/fr\/"},{"@type":"ListItem","position":2,"name":"Chambres et suites","item":"https:\/\/www.indigovenice.com\/fr\/chambres-et-suites\/"},{"@type":"ListItem","position":3,"name":"Chambres Premium"}]},{"@type":"WebSite","@id":"https:\/\/www.indigovenice.com\/fr\/#website","url":"https:\/\/www.indigovenice.com\/fr\/","name":"Hotel Indigo Venice - Sant'Elena","description":"Just another ms.decms.eu site","potentialAction":[{"@type":"SearchAction","target":{"@type":"EntryPoint","urlTemplate":"https:\/\/www.indigovenice.com\/fr\/?s={search_term_string}"},"query-input":{"@type":"PropertyValueSpecification","valueRequired":true,"valueName":"search_term_string"}}],"inLanguage":"fr-FR"}]}},"acf":[],"_links":{"self":[{"href":"https:\/\/www.indigovenice.com\/fr\/wp-json\/wp\/v2\/pages\/335","targetHints":{"allow":["GET"]}}],"collection":[{"href":"https:\/\/www.indigovenice.com\/fr\/wp-json\/wp\/v2\/pages"}],"about":[{"href":"https:\/\/www.indigovenice.com\/fr\/wp-json\/wp\/v2\/types\/page"}],"author":[{"embeddable":true,"href":"https:\/\/www.indigovenice.com\/fr\/wp-json\/wp\/v2\/users\/7"}],"replies":[{"embeddable":true,"href":"https:\/\/www.indigovenice.com\/fr\/wp-json\/wp\/v2\/comments?post=335"}],"version-history":[{"count":0,"href":"https:\/\/www.indigovenice.com\/fr\/wp-json\/wp\/v2\/pages\/335\/revisions"}],"up":[{"embeddable":true,"href":"https:\/\/www.indigovenice.com\/fr\/wp-json\/wp\/v2\/pages\/301"}],"wp:attachment":[{"href":"https:\/\/www.indigovenice.com\/fr\/wp-json\/wp\/v2\/media?parent=335"}],"curies":[{"name":"wp","href":"https:\/\/api.w.org\/{rel}","templated":true}]}}