{"id":342,"date":"2019-06-03T13:03:15","date_gmt":"2019-06-03T13:03:15","guid":{"rendered":"http:\/\/st-elena.ms.decms.eu\/?page_id=342"},"modified":"2025-11-07T12:12:15","modified_gmt":"2025-11-07T12:12:15","slug":"suite-vue-sur-le-jardin","status":"publish","type":"page","link":"https:\/\/www.indigovenice.com\/fr\/chambres-et-suites\/suite-vue-sur-le-jardin\/","title":{"rendered":"Suite Vue Jardin"},"content":{"rendered":"<h1>La qui\u00e9tude de Venise sous vos fen\u00eatres<\/h1>\n<p>Spacieuses, modernes, baign\u00e9es de lumi\u00e8re naturelle, nos <strong>Suites Vue sur le jardin<\/strong> offrent le <strong>cadre id\u00e9al pour des vacances en famille \u00e0 Venise<\/strong>.<\/p>\n<p>Id\u00e9ales \u00e9galement pour un s\u00e9jour prolong\u00e9, les chambres Suites Vue jardin disposent d&rsquo;un <strong>salon spacieux avec canap\u00e9 et table basse<\/strong>, o\u00f9 vous pourrez vous d\u00e9tendre et d\u00e9guster une bonne tasse de th\u00e9 ou de caf\u00e9.<\/p>\n<p>Toutes les Suites Vue Jardin sont climatis\u00e9es et disposent d&rsquo;un bureau spacieux, TV avec Chromecast, coffee machine, bouilloire pour th\u00e9 et caf\u00e9, bouteille d&rsquo;eau min\u00e9rale gratuite, oreillers suppl\u00e9mentaires, coffre-fort, minibar et salle de bains avec baignoire ou douche.<\/p>\n<p>Chambres avec <strong data-start=\"367\" data-end=\"384\">lit king-size<\/strong> et <strong data-start=\"388\" data-end=\"402\">canap\u00e9-lit<\/strong>, pouvant accueillir jusqu\u2019\u00e0 <strong data-start=\"431\" data-end=\"446\">4 personnes<\/strong>.<\/p>\n","protected":false},"excerpt":{"rendered":"<p>La qui\u00e9tude de Venise sous vos fen\u00eatres Spacieuses, modernes, baign\u00e9es de lumi\u00e8re naturelle, nos Suites Vue sur le jardin offrent le cadre id\u00e9al pour des vacances en famille \u00e0 Venise. Id\u00e9ales \u00e9galement pour un s\u00e9jour prolong\u00e9, les chambres Suites Vue jardin disposent d&rsquo;un salon spacieux avec canap\u00e9 et table basse, o\u00f9 vous pourrez vous d\u00e9tendre [&hellip;]<\/p>\n","protected":false},"author":7,"featured_media":0,"parent":301,"menu_order":4,"comment_status":"closed","ping_status":"closed","template":"template-single-room.php","meta":{"footnotes":""},"class_list":["post-342","page","type-page","status-publish","hentry"],"yoast_head":"<!-- This site is optimized with the Yoast SEO plugin v26.9 - https:\/\/yoast.com\/product\/yoast-seo-wordpress\/ -->\n<title>Suite Vue Jardin h\u00f4tel-boutique 4* \u00e0 Venise | Hotel Indigo Venice<\/title>\n<meta name=\"description\" content=\"Les Suite Vue sur le jardin de l\u2019Hotel Indigo Venice Sant&#039;Elena offrent une superbe vue sur le jardin int\u00e9rieur ou sur les ruelles v\u00e9nitiennes.\" \/>\n<meta name=\"robots\" content=\"index, follow, max-snippet:-1, max-image-preview:large, max-video-preview:-1\" \/>\n<link rel=\"canonical\" href=\"https:\/\/www.indigovenice.com\/fr\/chambres-et-suites\/suite-vue-sur-le-jardin\/\" \/>\n<meta property=\"og:locale\" content=\"fr_FR\" \/>\n<meta property=\"og:type\" content=\"article\" \/>\n<meta property=\"og:title\" content=\"Suite Vue Jardin h\u00f4tel-boutique 4* \u00e0 Venise | Hotel Indigo Venice\" \/>\n<meta property=\"og:description\" content=\"Les Suite Vue sur le jardin de l\u2019Hotel Indigo Venice Sant&#039;Elena offrent une superbe vue sur le jardin int\u00e9rieur ou sur les ruelles v\u00e9nitiennes.\" \/>\n<meta property=\"og:url\" content=\"https:\/\/www.indigovenice.com\/fr\/chambres-et-suites\/suite-vue-sur-le-jardin\/\" \/>\n<meta property=\"og:site_name\" content=\"Hotel Indigo Venice - Sant&#039;Elena\" \/>\n<meta property=\"article:modified_time\" content=\"2025-11-07T12:12:15+00:00\" \/>\n<meta name=\"twitter:card\" content=\"summary_large_image\" \/>\n<meta name=\"twitter:label1\" content=\"Dur\u00e9e de lecture estim\u00e9e\" \/>\n\t<meta name=\"twitter:data1\" content=\"1 minute\" \/>\n<script type=\"application\/ld+json\" class=\"yoast-schema-graph\">{\"@context\":\"https:\/\/schema.org\",\"@graph\":[{\"@type\":\"WebPage\",\"@id\":\"https:\/\/www.indigovenice.com\/fr\/chambres-et-suites\/suite-vue-sur-le-jardin\/\",\"url\":\"https:\/\/www.indigovenice.com\/fr\/chambres-et-suites\/suite-vue-sur-le-jardin\/\",\"name\":\"Suite Vue Jardin h\u00f4tel-boutique 4* \u00e0 Venise | Hotel Indigo Venice\",\"isPartOf\":{\"@id\":\"https:\/\/www.indigovenice.com\/fr\/#website\"},\"datePublished\":\"2019-06-03T13:03:15+00:00\",\"dateModified\":\"2025-11-07T12:12:15+00:00\",\"description\":\"Les Suite Vue sur le jardin de l\u2019Hotel Indigo Venice Sant'Elena offrent une superbe vue sur le jardin int\u00e9rieur ou sur les ruelles v\u00e9nitiennes.\",\"breadcrumb\":{\"@id\":\"https:\/\/www.indigovenice.com\/fr\/chambres-et-suites\/suite-vue-sur-le-jardin\/#breadcrumb\"},\"inLanguage\":\"fr-FR\",\"potentialAction\":[{\"@type\":\"ReadAction\",\"target\":[\"https:\/\/www.indigovenice.com\/fr\/chambres-et-suites\/suite-vue-sur-le-jardin\/\"]}]},{\"@type\":\"BreadcrumbList\",\"@id\":\"https:\/\/www.indigovenice.com\/fr\/chambres-et-suites\/suite-vue-sur-le-jardin\/#breadcrumb\",\"itemListElement\":[{\"@type\":\"ListItem\",\"position\":1,\"name\":\"Home\",\"item\":\"https:\/\/www.indigovenice.com\/fr\/\"},{\"@type\":\"ListItem\",\"position\":2,\"name\":\"Chambres et suites\",\"item\":\"https:\/\/www.indigovenice.com\/fr\/chambres-et-suites\/\"},{\"@type\":\"ListItem\",\"position\":3,\"name\":\"Suite Vue Jardin\"}]},{\"@type\":\"WebSite\",\"@id\":\"https:\/\/www.indigovenice.com\/fr\/#website\",\"url\":\"https:\/\/www.indigovenice.com\/fr\/\",\"name\":\"Hotel Indigo Venice - Sant'Elena\",\"description\":\"Just another ms.decms.eu site\",\"potentialAction\":[{\"@type\":\"SearchAction\",\"target\":{\"@type\":\"EntryPoint\",\"urlTemplate\":\"https:\/\/www.indigovenice.com\/fr\/?s={search_term_string}\"},\"query-input\":{\"@type\":\"PropertyValueSpecification\",\"valueRequired\":true,\"valueName\":\"search_term_string\"}}],\"inLanguage\":\"fr-FR\"}]}<\/script>\n<!-- \/ Yoast SEO plugin. -->","yoast_head_json":{"title":"Suite Vue Jardin h\u00f4tel-boutique 4* \u00e0 Venise | Hotel Indigo Venice","description":"Les Suite Vue sur le jardin de l\u2019Hotel Indigo Venice Sant'Elena offrent une superbe vue sur le jardin int\u00e9rieur ou sur les ruelles v\u00e9nitiennes.","robots":{"index":"index","follow":"follow","max-snippet":"max-snippet:-1","max-image-preview":"max-image-preview:large","max-video-preview":"max-video-preview:-1"},"canonical":"https:\/\/www.indigovenice.com\/fr\/chambres-et-suites\/suite-vue-sur-le-jardin\/","og_locale":"fr_FR","og_type":"article","og_title":"Suite Vue Jardin h\u00f4tel-boutique 4* \u00e0 Venise | Hotel Indigo Venice","og_description":"Les Suite Vue sur le jardin de l\u2019Hotel Indigo Venice Sant'Elena offrent une superbe vue sur le jardin int\u00e9rieur ou sur les ruelles v\u00e9nitiennes.","og_url":"https:\/\/www.indigovenice.com\/fr\/chambres-et-suites\/suite-vue-sur-le-jardin\/","og_site_name":"Hotel Indigo Venice - Sant'Elena","article_modified_time":"2025-11-07T12:12:15+00:00","twitter_card":"summary_large_image","twitter_misc":{"Dur\u00e9e de lecture estim\u00e9e":"1 minute"},"schema":{"@context":"https:\/\/schema.org","@graph":[{"@type":"WebPage","@id":"https:\/\/www.indigovenice.com\/fr\/chambres-et-suites\/suite-vue-sur-le-jardin\/","url":"https:\/\/www.indigovenice.com\/fr\/chambres-et-suites\/suite-vue-sur-le-jardin\/","name":"Suite Vue Jardin h\u00f4tel-boutique 4* \u00e0 Venise | Hotel Indigo Venice","isPartOf":{"@id":"https:\/\/www.indigovenice.com\/fr\/#website"},"datePublished":"2019-06-03T13:03:15+00:00","dateModified":"2025-11-07T12:12:15+00:00","description":"Les Suite Vue sur le jardin de l\u2019Hotel Indigo Venice Sant'Elena offrent une superbe vue sur le jardin int\u00e9rieur ou sur les ruelles v\u00e9nitiennes.","breadcrumb":{"@id":"https:\/\/www.indigovenice.com\/fr\/chambres-et-suites\/suite-vue-sur-le-jardin\/#breadcrumb"},"inLanguage":"fr-FR","potentialAction":[{"@type":"ReadAction","target":["https:\/\/www.indigovenice.com\/fr\/chambres-et-suites\/suite-vue-sur-le-jardin\/"]}]},{"@type":"BreadcrumbList","@id":"https:\/\/www.indigovenice.com\/fr\/chambres-et-suites\/suite-vue-sur-le-jardin\/#breadcrumb","itemListElement":[{"@type":"ListItem","position":1,"name":"Home","item":"https:\/\/www.indigovenice.com\/fr\/"},{"@type":"ListItem","position":2,"name":"Chambres et suites","item":"https:\/\/www.indigovenice.com\/fr\/chambres-et-suites\/"},{"@type":"ListItem","position":3,"name":"Suite Vue Jardin"}]},{"@type":"WebSite","@id":"https:\/\/www.indigovenice.com\/fr\/#website","url":"https:\/\/www.indigovenice.com\/fr\/","name":"Hotel Indigo Venice - Sant'Elena","description":"Just another ms.decms.eu site","potentialAction":[{"@type":"SearchAction","target":{"@type":"EntryPoint","urlTemplate":"https:\/\/www.indigovenice.com\/fr\/?s={search_term_string}"},"query-input":{"@type":"PropertyValueSpecification","valueRequired":true,"valueName":"search_term_string"}}],"inLanguage":"fr-FR"}]}},"acf":[],"_links":{"self":[{"href":"https:\/\/www.indigovenice.com\/fr\/wp-json\/wp\/v2\/pages\/342","targetHints":{"allow":["GET"]}}],"collection":[{"href":"https:\/\/www.indigovenice.com\/fr\/wp-json\/wp\/v2\/pages"}],"about":[{"href":"https:\/\/www.indigovenice.com\/fr\/wp-json\/wp\/v2\/types\/page"}],"author":[{"embeddable":true,"href":"https:\/\/www.indigovenice.com\/fr\/wp-json\/wp\/v2\/users\/7"}],"replies":[{"embeddable":true,"href":"https:\/\/www.indigovenice.com\/fr\/wp-json\/wp\/v2\/comments?post=342"}],"version-history":[{"count":0,"href":"https:\/\/www.indigovenice.com\/fr\/wp-json\/wp\/v2\/pages\/342\/revisions"}],"up":[{"embeddable":true,"href":"https:\/\/www.indigovenice.com\/fr\/wp-json\/wp\/v2\/pages\/301"}],"wp:attachment":[{"href":"https:\/\/www.indigovenice.com\/fr\/wp-json\/wp\/v2\/media?parent=342"}],"curies":[{"name":"wp","href":"https:\/\/api.w.org\/{rel}","templated":true}]}}