{"id":372,"date":"2019-06-03T13:28:06","date_gmt":"2019-06-03T13:28:06","guid":{"rendered":"http:\/\/st-elena.ms.decms.eu\/?page_id=372"},"modified":"2025-11-07T12:14:19","modified_gmt":"2025-11-07T12:14:19","slug":"suite-avec-salle-de-sejour","status":"publish","type":"page","link":"https:\/\/www.indigovenice.com\/fr\/chambres-et-suites\/suite-avec-salle-de-sejour\/","title":{"rendered":"Suite avec Zone Living"},"content":{"rendered":"<h1>Des chambres \u00e9l\u00e9gantes au design inimitable<\/h1>\n<p>Harmonieusement meubl\u00e9es dans des tons froids rappelant la mer, nos chambres <strong>Suites avec salle de sejour<\/strong> allient <strong>confort et design sophistiqu\u00e9.<\/strong><\/p>\n<p>C&rsquo;est la gondole qui inspire la conception de ces chambres : le mobilier \u00e9voque le noir brillant des bateaux v\u00e9nitiens et l\u2019on retrouve dans le bois le mat\u00e9riau de la rame utilis\u00e9e par les gondoliers.\u00a0 \u00c9l\u00e9ment central de la suite, la t\u00eate de lit en velours recr\u00e9e le style caract\u00e9ristique des si\u00e8ges des gondoles.<\/p>\n<p><strong>Un salon spacieux et \u00e9l\u00e9gant<\/strong>, un fauteuil confortable et une ambiance parfaite pour se reposer en toute intimit\u00e9 apr\u00e8s une journ\u00e9e intense en plein air. Offrez-vous un moment de d\u00e9tente tonifiant dans l\u2019espace douche et reposez-vous dans le grand lit confortable.<\/p>\n<p>Toutes les chambres Suite avec zone Living sont climatis\u00e9es et disposent d&rsquo;un canap\u00e9-lit, un bureau spacieux, TV avec Chromecast, coffee machine, bouilloire pour th\u00e9 et caf\u00e9, bouteille d&rsquo;eau min\u00e9rale gratuite, oreillers suppl\u00e9mentaires, coffre-fort, minibar et salle de bains avec baignoire ou douche.<\/p>\n<p>Chambres avec <strong data-start=\"367\" data-end=\"384\">lit king-size<\/strong> et <strong data-start=\"388\" data-end=\"402\">canap\u00e9-lit<\/strong>, pouvant accueillir jusqu\u2019\u00e0 <strong data-start=\"431\" data-end=\"446\">3 personnes<\/strong>.<\/p>\n","protected":false},"excerpt":{"rendered":"<p>Des chambres \u00e9l\u00e9gantes au design inimitable Harmonieusement meubl\u00e9es dans des tons froids rappelant la mer, nos chambres Suites avec salle de sejour allient confort et design sophistiqu\u00e9. C&rsquo;est la gondole qui inspire la conception de ces chambres : le mobilier \u00e9voque le noir brillant des bateaux v\u00e9nitiens et l\u2019on retrouve dans le bois le mat\u00e9riau [&hellip;]<\/p>\n","protected":false},"author":7,"featured_media":0,"parent":301,"menu_order":5,"comment_status":"closed","ping_status":"closed","template":"template-single-room.php","meta":{"footnotes":""},"class_list":["post-372","page","type-page","status-publish","hentry"],"yoast_head":"<!-- This site is optimized with the Yoast SEO plugin v26.9 - https:\/\/yoast.com\/product\/yoast-seo-wordpress\/ -->\n<title>Suite acev Zone Living h\u00f4tel-boutique 4 \u00e9toiles \u00e0 Venise | Hotel Indigo Venice<\/title>\n<meta name=\"description\" content=\"Les Suite avec Zone Living de l\u2019Hotel Indigo Venice Sant&#039;Elena\u00a0: un h\u00f4tel-boutique de Venise avec des chambres au style unique en son genre.\" \/>\n<meta name=\"robots\" content=\"index, follow, max-snippet:-1, max-image-preview:large, max-video-preview:-1\" \/>\n<link rel=\"canonical\" href=\"https:\/\/www.indigovenice.com\/fr\/chambres-et-suites\/suite-avec-salle-de-sejour\/\" \/>\n<meta property=\"og:locale\" content=\"fr_FR\" \/>\n<meta property=\"og:type\" content=\"article\" \/>\n<meta property=\"og:title\" content=\"Suite acev Zone Living h\u00f4tel-boutique 4 \u00e9toiles \u00e0 Venise | Hotel Indigo Venice\" \/>\n<meta property=\"og:description\" content=\"Les Suite avec Zone Living de l\u2019Hotel Indigo Venice Sant&#039;Elena\u00a0: un h\u00f4tel-boutique de Venise avec des chambres au style unique en son genre.\" \/>\n<meta property=\"og:url\" content=\"https:\/\/www.indigovenice.com\/fr\/chambres-et-suites\/suite-avec-salle-de-sejour\/\" \/>\n<meta property=\"og:site_name\" content=\"Hotel Indigo Venice - Sant&#039;Elena\" \/>\n<meta property=\"article:modified_time\" content=\"2025-11-07T12:14:19+00:00\" \/>\n<meta name=\"twitter:card\" content=\"summary_large_image\" \/>\n<meta name=\"twitter:label1\" content=\"Dur\u00e9e de lecture estim\u00e9e\" \/>\n\t<meta name=\"twitter:data1\" content=\"1 minute\" \/>\n<script type=\"application\/ld+json\" class=\"yoast-schema-graph\">{\"@context\":\"https:\/\/schema.org\",\"@graph\":[{\"@type\":\"WebPage\",\"@id\":\"https:\/\/www.indigovenice.com\/fr\/chambres-et-suites\/suite-avec-salle-de-sejour\/\",\"url\":\"https:\/\/www.indigovenice.com\/fr\/chambres-et-suites\/suite-avec-salle-de-sejour\/\",\"name\":\"Suite acev Zone Living h\u00f4tel-boutique 4 \u00e9toiles \u00e0 Venise | Hotel Indigo Venice\",\"isPartOf\":{\"@id\":\"https:\/\/www.indigovenice.com\/fr\/#website\"},\"datePublished\":\"2019-06-03T13:28:06+00:00\",\"dateModified\":\"2025-11-07T12:14:19+00:00\",\"description\":\"Les Suite avec Zone Living de l\u2019Hotel Indigo Venice Sant'Elena\u00a0: un h\u00f4tel-boutique de Venise avec des chambres au style unique en son genre.\",\"breadcrumb\":{\"@id\":\"https:\/\/www.indigovenice.com\/fr\/chambres-et-suites\/suite-avec-salle-de-sejour\/#breadcrumb\"},\"inLanguage\":\"fr-FR\",\"potentialAction\":[{\"@type\":\"ReadAction\",\"target\":[\"https:\/\/www.indigovenice.com\/fr\/chambres-et-suites\/suite-avec-salle-de-sejour\/\"]}]},{\"@type\":\"BreadcrumbList\",\"@id\":\"https:\/\/www.indigovenice.com\/fr\/chambres-et-suites\/suite-avec-salle-de-sejour\/#breadcrumb\",\"itemListElement\":[{\"@type\":\"ListItem\",\"position\":1,\"name\":\"Home\",\"item\":\"https:\/\/www.indigovenice.com\/fr\/\"},{\"@type\":\"ListItem\",\"position\":2,\"name\":\"Chambres et suites\",\"item\":\"https:\/\/www.indigovenice.com\/fr\/chambres-et-suites\/\"},{\"@type\":\"ListItem\",\"position\":3,\"name\":\"Suite avec Zone Living\"}]},{\"@type\":\"WebSite\",\"@id\":\"https:\/\/www.indigovenice.com\/fr\/#website\",\"url\":\"https:\/\/www.indigovenice.com\/fr\/\",\"name\":\"Hotel Indigo Venice - Sant'Elena\",\"description\":\"Just another ms.decms.eu site\",\"potentialAction\":[{\"@type\":\"SearchAction\",\"target\":{\"@type\":\"EntryPoint\",\"urlTemplate\":\"https:\/\/www.indigovenice.com\/fr\/?s={search_term_string}\"},\"query-input\":{\"@type\":\"PropertyValueSpecification\",\"valueRequired\":true,\"valueName\":\"search_term_string\"}}],\"inLanguage\":\"fr-FR\"}]}<\/script>\n<!-- \/ Yoast SEO plugin. -->","yoast_head_json":{"title":"Suite acev Zone Living h\u00f4tel-boutique 4 \u00e9toiles \u00e0 Venise | Hotel Indigo Venice","description":"Les Suite avec Zone Living de l\u2019Hotel Indigo Venice Sant'Elena\u00a0: un h\u00f4tel-boutique de Venise avec des chambres au style unique en son genre.","robots":{"index":"index","follow":"follow","max-snippet":"max-snippet:-1","max-image-preview":"max-image-preview:large","max-video-preview":"max-video-preview:-1"},"canonical":"https:\/\/www.indigovenice.com\/fr\/chambres-et-suites\/suite-avec-salle-de-sejour\/","og_locale":"fr_FR","og_type":"article","og_title":"Suite acev Zone Living h\u00f4tel-boutique 4 \u00e9toiles \u00e0 Venise | Hotel Indigo Venice","og_description":"Les Suite avec Zone Living de l\u2019Hotel Indigo Venice Sant'Elena\u00a0: un h\u00f4tel-boutique de Venise avec des chambres au style unique en son genre.","og_url":"https:\/\/www.indigovenice.com\/fr\/chambres-et-suites\/suite-avec-salle-de-sejour\/","og_site_name":"Hotel Indigo Venice - Sant'Elena","article_modified_time":"2025-11-07T12:14:19+00:00","twitter_card":"summary_large_image","twitter_misc":{"Dur\u00e9e de lecture estim\u00e9e":"1 minute"},"schema":{"@context":"https:\/\/schema.org","@graph":[{"@type":"WebPage","@id":"https:\/\/www.indigovenice.com\/fr\/chambres-et-suites\/suite-avec-salle-de-sejour\/","url":"https:\/\/www.indigovenice.com\/fr\/chambres-et-suites\/suite-avec-salle-de-sejour\/","name":"Suite acev Zone Living h\u00f4tel-boutique 4 \u00e9toiles \u00e0 Venise | Hotel Indigo Venice","isPartOf":{"@id":"https:\/\/www.indigovenice.com\/fr\/#website"},"datePublished":"2019-06-03T13:28:06+00:00","dateModified":"2025-11-07T12:14:19+00:00","description":"Les Suite avec Zone Living de l\u2019Hotel Indigo Venice Sant'Elena\u00a0: un h\u00f4tel-boutique de Venise avec des chambres au style unique en son genre.","breadcrumb":{"@id":"https:\/\/www.indigovenice.com\/fr\/chambres-et-suites\/suite-avec-salle-de-sejour\/#breadcrumb"},"inLanguage":"fr-FR","potentialAction":[{"@type":"ReadAction","target":["https:\/\/www.indigovenice.com\/fr\/chambres-et-suites\/suite-avec-salle-de-sejour\/"]}]},{"@type":"BreadcrumbList","@id":"https:\/\/www.indigovenice.com\/fr\/chambres-et-suites\/suite-avec-salle-de-sejour\/#breadcrumb","itemListElement":[{"@type":"ListItem","position":1,"name":"Home","item":"https:\/\/www.indigovenice.com\/fr\/"},{"@type":"ListItem","position":2,"name":"Chambres et suites","item":"https:\/\/www.indigovenice.com\/fr\/chambres-et-suites\/"},{"@type":"ListItem","position":3,"name":"Suite avec Zone Living"}]},{"@type":"WebSite","@id":"https:\/\/www.indigovenice.com\/fr\/#website","url":"https:\/\/www.indigovenice.com\/fr\/","name":"Hotel Indigo Venice - Sant'Elena","description":"Just another ms.decms.eu site","potentialAction":[{"@type":"SearchAction","target":{"@type":"EntryPoint","urlTemplate":"https:\/\/www.indigovenice.com\/fr\/?s={search_term_string}"},"query-input":{"@type":"PropertyValueSpecification","valueRequired":true,"valueName":"search_term_string"}}],"inLanguage":"fr-FR"}]}},"acf":[],"_links":{"self":[{"href":"https:\/\/www.indigovenice.com\/fr\/wp-json\/wp\/v2\/pages\/372","targetHints":{"allow":["GET"]}}],"collection":[{"href":"https:\/\/www.indigovenice.com\/fr\/wp-json\/wp\/v2\/pages"}],"about":[{"href":"https:\/\/www.indigovenice.com\/fr\/wp-json\/wp\/v2\/types\/page"}],"author":[{"embeddable":true,"href":"https:\/\/www.indigovenice.com\/fr\/wp-json\/wp\/v2\/users\/7"}],"replies":[{"embeddable":true,"href":"https:\/\/www.indigovenice.com\/fr\/wp-json\/wp\/v2\/comments?post=372"}],"version-history":[{"count":0,"href":"https:\/\/www.indigovenice.com\/fr\/wp-json\/wp\/v2\/pages\/372\/revisions"}],"up":[{"embeddable":true,"href":"https:\/\/www.indigovenice.com\/fr\/wp-json\/wp\/v2\/pages\/301"}],"wp:attachment":[{"href":"https:\/\/www.indigovenice.com\/fr\/wp-json\/wp\/v2\/media?parent=372"}],"curies":[{"name":"wp","href":"https:\/\/api.w.org\/{rel}","templated":true}]}}