{"id":383,"date":"2019-06-03T14:36:10","date_gmt":"2019-06-03T14:36:10","guid":{"rendered":"http:\/\/st-elena.ms.decms.eu\/?page_id=383"},"modified":"2025-11-07T12:18:15","modified_gmt":"2025-11-07T12:18:15","slug":"suite-duplex-avec-terrasse","status":"publish","type":"page","link":"https:\/\/www.indigovenice.com\/fr\/chambres-et-suites\/suite-duplex-avec-terrasse\/","title":{"rendered":"Suite Duplex avec terrasse"},"content":{"rendered":"<h1>Du lever au coucher du soleil, profitez du panorama v\u00e9nitien<\/h1>\n<p>Tout confort, agr\u00e9ment\u00e9e de d\u00e9tails raffin\u00e9s, cette <strong>suite spacieuse et \u00e9l\u00e9gamment meubl\u00e9e<\/strong> offre une terrasse sur deux \u00e9tages pour un total de 70 m\u00b2 baign\u00e9s de lumi\u00e8re naturelle. L&rsquo;espace de vie comprend un <strong>salon a\u00e9r\u00e9 et lumineux<\/strong> dot\u00e9 d&rsquo;un grand canap\u00e9 et de confortables fauteuils.<\/p>\n<p>L&rsquo;\u00e9tage sup\u00e9rieur offre un lit double confortable avec <strong>vue splendide<\/strong>, un grand dressing et une luxueuse salle de bains.\u00a0 Toutes les chambres Suite avec terrasse sont climatis\u00e9es et disposent d&rsquo;un bureau spacieux, TV avec Chromecast, coffee machine, bouilloire pour th\u00e9 et caf\u00e9, bouteille d&rsquo;eau min\u00e9rale gratuite, oreillers suppl\u00e9mentaires, coffre-fort, minibar et salle de bains avec baignoire ou douche.<\/p>\n<p>Chambres avec <strong data-start=\"367\" data-end=\"384\">lit king-size<\/strong> et <strong data-start=\"388\" data-end=\"402\">canap\u00e9-lit<\/strong>, pouvant accueillir jusqu\u2019\u00e0 <strong data-start=\"431\" data-end=\"446\">4 personnes<\/strong>.<\/p>\n","protected":false},"excerpt":{"rendered":"<p>Du lever au coucher du soleil, profitez du panorama v\u00e9nitien Tout confort, agr\u00e9ment\u00e9e de d\u00e9tails raffin\u00e9s, cette suite spacieuse et \u00e9l\u00e9gamment meubl\u00e9e offre une terrasse sur deux \u00e9tages pour un total de 70 m\u00b2 baign\u00e9s de lumi\u00e8re naturelle. L&rsquo;espace de vie comprend un salon a\u00e9r\u00e9 et lumineux dot\u00e9 d&rsquo;un grand canap\u00e9 et de confortables fauteuils. [&hellip;]<\/p>\n","protected":false},"author":7,"featured_media":0,"parent":301,"menu_order":6,"comment_status":"closed","ping_status":"closed","template":"template-single-room.php","meta":{"footnotes":""},"class_list":["post-383","page","type-page","status-publish","hentry"],"yoast_head":"<!-- This site is optimized with the Yoast SEO plugin v26.9 - https:\/\/yoast.com\/product\/yoast-seo-wordpress\/ -->\n<title>Suite Duplex terrasse h\u00f4tel-bout. 4* Venise | Hotel Indigo Venice<\/title>\n<meta name=\"description\" content=\"Un week-end romantique \u00e0 Venise\u00a0? La Suite Duplex de l\u2019Indigo Hotel Venice Sant&#039;Elena sur deux \u00e9tages est \u00e9l\u00e9gante et offre une romantique terrasse priv\u00e9e.\" \/>\n<meta name=\"robots\" content=\"index, follow, max-snippet:-1, max-image-preview:large, max-video-preview:-1\" \/>\n<link rel=\"canonical\" href=\"https:\/\/www.indigovenice.com\/fr\/chambres-et-suites\/suite-duplex-avec-terrasse\/\" \/>\n<meta property=\"og:locale\" content=\"fr_FR\" \/>\n<meta property=\"og:type\" content=\"article\" \/>\n<meta property=\"og:title\" content=\"Suite Duplex terrasse h\u00f4tel-bout. 4* Venise | Hotel Indigo Venice\" \/>\n<meta property=\"og:description\" content=\"Un week-end romantique \u00e0 Venise\u00a0? La Suite Duplex de l\u2019Indigo Hotel Venice Sant&#039;Elena sur deux \u00e9tages est \u00e9l\u00e9gante et offre une romantique terrasse priv\u00e9e.\" \/>\n<meta property=\"og:url\" content=\"https:\/\/www.indigovenice.com\/fr\/chambres-et-suites\/suite-duplex-avec-terrasse\/\" \/>\n<meta property=\"og:site_name\" content=\"Hotel Indigo Venice - Sant&#039;Elena\" \/>\n<meta property=\"article:modified_time\" content=\"2025-11-07T12:18:15+00:00\" \/>\n<meta name=\"twitter:card\" content=\"summary_large_image\" \/>\n<meta name=\"twitter:label1\" content=\"Dur\u00e9e de lecture estim\u00e9e\" \/>\n\t<meta name=\"twitter:data1\" content=\"1 minute\" \/>\n<script type=\"application\/ld+json\" class=\"yoast-schema-graph\">{\"@context\":\"https:\/\/schema.org\",\"@graph\":[{\"@type\":\"WebPage\",\"@id\":\"https:\/\/www.indigovenice.com\/fr\/chambres-et-suites\/suite-duplex-avec-terrasse\/\",\"url\":\"https:\/\/www.indigovenice.com\/fr\/chambres-et-suites\/suite-duplex-avec-terrasse\/\",\"name\":\"Suite Duplex terrasse h\u00f4tel-bout. 4* Venise | Hotel Indigo Venice\",\"isPartOf\":{\"@id\":\"https:\/\/www.indigovenice.com\/fr\/#website\"},\"datePublished\":\"2019-06-03T14:36:10+00:00\",\"dateModified\":\"2025-11-07T12:18:15+00:00\",\"description\":\"Un week-end romantique \u00e0 Venise\u00a0? La Suite Duplex de l\u2019Indigo Hotel Venice Sant'Elena sur deux \u00e9tages est \u00e9l\u00e9gante et offre une romantique terrasse priv\u00e9e.\",\"breadcrumb\":{\"@id\":\"https:\/\/www.indigovenice.com\/fr\/chambres-et-suites\/suite-duplex-avec-terrasse\/#breadcrumb\"},\"inLanguage\":\"fr-FR\",\"potentialAction\":[{\"@type\":\"ReadAction\",\"target\":[\"https:\/\/www.indigovenice.com\/fr\/chambres-et-suites\/suite-duplex-avec-terrasse\/\"]}]},{\"@type\":\"BreadcrumbList\",\"@id\":\"https:\/\/www.indigovenice.com\/fr\/chambres-et-suites\/suite-duplex-avec-terrasse\/#breadcrumb\",\"itemListElement\":[{\"@type\":\"ListItem\",\"position\":1,\"name\":\"Home\",\"item\":\"https:\/\/www.indigovenice.com\/fr\/\"},{\"@type\":\"ListItem\",\"position\":2,\"name\":\"Chambres et suites\",\"item\":\"https:\/\/www.indigovenice.com\/fr\/chambres-et-suites\/\"},{\"@type\":\"ListItem\",\"position\":3,\"name\":\"Suite Duplex avec terrasse\"}]},{\"@type\":\"WebSite\",\"@id\":\"https:\/\/www.indigovenice.com\/fr\/#website\",\"url\":\"https:\/\/www.indigovenice.com\/fr\/\",\"name\":\"Hotel Indigo Venice - Sant'Elena\",\"description\":\"Just another ms.decms.eu site\",\"potentialAction\":[{\"@type\":\"SearchAction\",\"target\":{\"@type\":\"EntryPoint\",\"urlTemplate\":\"https:\/\/www.indigovenice.com\/fr\/?s={search_term_string}\"},\"query-input\":{\"@type\":\"PropertyValueSpecification\",\"valueRequired\":true,\"valueName\":\"search_term_string\"}}],\"inLanguage\":\"fr-FR\"}]}<\/script>\n<!-- \/ Yoast SEO plugin. -->","yoast_head_json":{"title":"Suite Duplex terrasse h\u00f4tel-bout. 4* Venise | Hotel Indigo Venice","description":"Un week-end romantique \u00e0 Venise\u00a0? La Suite Duplex de l\u2019Indigo Hotel Venice Sant'Elena sur deux \u00e9tages est \u00e9l\u00e9gante et offre une romantique terrasse priv\u00e9e.","robots":{"index":"index","follow":"follow","max-snippet":"max-snippet:-1","max-image-preview":"max-image-preview:large","max-video-preview":"max-video-preview:-1"},"canonical":"https:\/\/www.indigovenice.com\/fr\/chambres-et-suites\/suite-duplex-avec-terrasse\/","og_locale":"fr_FR","og_type":"article","og_title":"Suite Duplex terrasse h\u00f4tel-bout. 4* Venise | Hotel Indigo Venice","og_description":"Un week-end romantique \u00e0 Venise\u00a0? La Suite Duplex de l\u2019Indigo Hotel Venice Sant'Elena sur deux \u00e9tages est \u00e9l\u00e9gante et offre une romantique terrasse priv\u00e9e.","og_url":"https:\/\/www.indigovenice.com\/fr\/chambres-et-suites\/suite-duplex-avec-terrasse\/","og_site_name":"Hotel Indigo Venice - Sant'Elena","article_modified_time":"2025-11-07T12:18:15+00:00","twitter_card":"summary_large_image","twitter_misc":{"Dur\u00e9e de lecture estim\u00e9e":"1 minute"},"schema":{"@context":"https:\/\/schema.org","@graph":[{"@type":"WebPage","@id":"https:\/\/www.indigovenice.com\/fr\/chambres-et-suites\/suite-duplex-avec-terrasse\/","url":"https:\/\/www.indigovenice.com\/fr\/chambres-et-suites\/suite-duplex-avec-terrasse\/","name":"Suite Duplex terrasse h\u00f4tel-bout. 4* Venise | Hotel Indigo Venice","isPartOf":{"@id":"https:\/\/www.indigovenice.com\/fr\/#website"},"datePublished":"2019-06-03T14:36:10+00:00","dateModified":"2025-11-07T12:18:15+00:00","description":"Un week-end romantique \u00e0 Venise\u00a0? La Suite Duplex de l\u2019Indigo Hotel Venice Sant'Elena sur deux \u00e9tages est \u00e9l\u00e9gante et offre une romantique terrasse priv\u00e9e.","breadcrumb":{"@id":"https:\/\/www.indigovenice.com\/fr\/chambres-et-suites\/suite-duplex-avec-terrasse\/#breadcrumb"},"inLanguage":"fr-FR","potentialAction":[{"@type":"ReadAction","target":["https:\/\/www.indigovenice.com\/fr\/chambres-et-suites\/suite-duplex-avec-terrasse\/"]}]},{"@type":"BreadcrumbList","@id":"https:\/\/www.indigovenice.com\/fr\/chambres-et-suites\/suite-duplex-avec-terrasse\/#breadcrumb","itemListElement":[{"@type":"ListItem","position":1,"name":"Home","item":"https:\/\/www.indigovenice.com\/fr\/"},{"@type":"ListItem","position":2,"name":"Chambres et suites","item":"https:\/\/www.indigovenice.com\/fr\/chambres-et-suites\/"},{"@type":"ListItem","position":3,"name":"Suite Duplex avec terrasse"}]},{"@type":"WebSite","@id":"https:\/\/www.indigovenice.com\/fr\/#website","url":"https:\/\/www.indigovenice.com\/fr\/","name":"Hotel Indigo Venice - Sant'Elena","description":"Just another ms.decms.eu site","potentialAction":[{"@type":"SearchAction","target":{"@type":"EntryPoint","urlTemplate":"https:\/\/www.indigovenice.com\/fr\/?s={search_term_string}"},"query-input":{"@type":"PropertyValueSpecification","valueRequired":true,"valueName":"search_term_string"}}],"inLanguage":"fr-FR"}]}},"acf":[],"_links":{"self":[{"href":"https:\/\/www.indigovenice.com\/fr\/wp-json\/wp\/v2\/pages\/383","targetHints":{"allow":["GET"]}}],"collection":[{"href":"https:\/\/www.indigovenice.com\/fr\/wp-json\/wp\/v2\/pages"}],"about":[{"href":"https:\/\/www.indigovenice.com\/fr\/wp-json\/wp\/v2\/types\/page"}],"author":[{"embeddable":true,"href":"https:\/\/www.indigovenice.com\/fr\/wp-json\/wp\/v2\/users\/7"}],"replies":[{"embeddable":true,"href":"https:\/\/www.indigovenice.com\/fr\/wp-json\/wp\/v2\/comments?post=383"}],"version-history":[{"count":0,"href":"https:\/\/www.indigovenice.com\/fr\/wp-json\/wp\/v2\/pages\/383\/revisions"}],"up":[{"embeddable":true,"href":"https:\/\/www.indigovenice.com\/fr\/wp-json\/wp\/v2\/pages\/301"}],"wp:attachment":[{"href":"https:\/\/www.indigovenice.com\/fr\/wp-json\/wp\/v2\/media?parent=383"}],"curies":[{"name":"wp","href":"https:\/\/api.w.org\/{rel}","templated":true}]}}