{"id":4,"date":"2019-05-29T13:59:28","date_gmt":"2019-05-29T13:59:28","guid":{"rendered":"http:\/\/st-elena.ms.decms.eu\/?page_id=4"},"modified":"2026-04-07T09:48:00","modified_gmt":"2026-04-07T09:48:00","slug":"hotel-indigo-venice-santelena","status":"publish","type":"page","link":"https:\/\/www.indigovenice.com\/fr\/","title":{"rendered":"Hotel Indigo Venice Sant&rsquo;Elena"},"content":{"rendered":"<p>Venise est un conte de f\u00e9e et ses palais, \u00e9glises et mus\u00e9es sont d&rsquo;une beaut\u00e9 \u00e0 couper le souffle. Dans notre quartier, vous pourrez reprendre votre souffle. Vous \u00e9chapperez au bruit et \u00e0 la foule, d\u00e9couvrirez une Venise authentique et vous sentirez revigor\u00e9.<\/p>\n<p>Le <strong>Boutique Hotel Indigo Venice \u2013 Sant\u2019 Elena<\/strong> est situ\u00e9 pr\u00e8s des <strong>Jardins de la Biennale<\/strong>, dans un monast\u00e8re de 1930 reconverti, avec un <strong>merveilleux clo\u00eetre interieur<\/strong>, <a title=\"chambres et suites boutique hotel indigo venice sant'elena\" href=\"https:\/\/www.indigovenice.com\/fr\/chambres-et-suites\/\"><strong>75 chambres<\/strong><\/a>, tels que des \u00e9l\u00e9gants Suites et notre <a title=\"Restaurant Savor hotel indigo venice sant'elena\" href=\"https:\/\/www.indigovenice.com\/fr\/restaurant\/restaurant-savor\/\"><strong>restaurant signature Savor<\/strong>.<\/a><\/p>\n","protected":false},"excerpt":{"rendered":"<p>Venise est un conte de f\u00e9e et ses palais, \u00e9glises et mus\u00e9es sont d&rsquo;une beaut\u00e9 \u00e0 couper le souffle. Dans notre quartier, vous pourrez reprendre votre souffle. Vous \u00e9chapperez au bruit et \u00e0 la foule, d\u00e9couvrirez une Venise authentique et vous sentirez revigor\u00e9. Le Boutique Hotel Indigo Venice \u2013 Sant\u2019 Elena est situ\u00e9 pr\u00e8s des [&hellip;]<\/p>\n","protected":false},"author":7,"featured_media":0,"parent":0,"menu_order":1,"comment_status":"closed","ping_status":"closed","template":"","meta":{"footnotes":""},"class_list":["post-4","page","type-page","status-publish","hentry"],"yoast_head":"<!-- This site is optimized with the Yoast SEO plugin v26.9 - https:\/\/yoast.com\/product\/yoast-seo-wordpress\/ -->\n<title>Hotel Indigo Venice Sant&#039;Elena | H\u00f4tel-boutique 4 \u00e9toiles Venise<\/title>\n<meta name=\"description\" content=\"L\u2019Hotel Indigo Venice-Sant\u2019Elena de Venise est un h\u00f4tel-boutique 4* proche des jardins de la Biennale : design raffin\u00e9, jardin int\u00e9rieur, restaurant et bar.\" \/>\n<meta name=\"robots\" content=\"index, follow, max-snippet:-1, max-image-preview:large, max-video-preview:-1\" \/>\n<link rel=\"canonical\" href=\"https:\/\/www.indigovenice.com\/fr\/\" \/>\n<meta property=\"og:locale\" content=\"fr_FR\" \/>\n<meta property=\"og:type\" content=\"article\" \/>\n<meta property=\"og:title\" content=\"Hotel Indigo Venice Sant&#039;Elena | H\u00f4tel-boutique 4 \u00e9toiles Venise\" \/>\n<meta property=\"og:description\" content=\"L\u2019Hotel Indigo Venice-Sant\u2019Elena de Venise est un h\u00f4tel-boutique 4* proche des jardins de la Biennale : design raffin\u00e9, jardin int\u00e9rieur, restaurant et bar.\" \/>\n<meta property=\"og:url\" content=\"https:\/\/www.indigovenice.com\/fr\/\" \/>\n<meta property=\"og:site_name\" content=\"Hotel Indigo Venice - Sant&#039;Elena\" \/>\n<meta property=\"article:modified_time\" content=\"2026-04-07T09:48:00+00:00\" \/>\n<meta name=\"twitter:card\" content=\"summary_large_image\" \/>\n<meta name=\"twitter:label1\" content=\"Dur\u00e9e de lecture estim\u00e9e\" \/>\n\t<meta name=\"twitter:data1\" content=\"1 minute\" \/>\n<script type=\"application\/ld+json\" class=\"yoast-schema-graph\">{\"@context\":\"https:\/\/schema.org\",\"@graph\":[{\"@type\":\"WebPage\",\"@id\":\"https:\/\/www.indigovenice.com\/fr\/\",\"url\":\"https:\/\/www.indigovenice.com\/fr\/\",\"name\":\"Hotel Indigo Venice Sant'Elena | H\u00f4tel-boutique 4 \u00e9toiles Venise\",\"isPartOf\":{\"@id\":\"https:\/\/www.indigovenice.com\/fr\/#website\"},\"datePublished\":\"2019-05-29T13:59:28+00:00\",\"dateModified\":\"2026-04-07T09:48:00+00:00\",\"description\":\"L\u2019Hotel Indigo Venice-Sant\u2019Elena de Venise est un h\u00f4tel-boutique 4* proche des jardins de la Biennale : design raffin\u00e9, jardin int\u00e9rieur, restaurant et bar.\",\"breadcrumb\":{\"@id\":\"https:\/\/www.indigovenice.com\/fr\/#breadcrumb\"},\"inLanguage\":\"fr-FR\",\"potentialAction\":[{\"@type\":\"ReadAction\",\"target\":[\"https:\/\/www.indigovenice.com\/fr\/\"]}]},{\"@type\":\"BreadcrumbList\",\"@id\":\"https:\/\/www.indigovenice.com\/fr\/#breadcrumb\",\"itemListElement\":[{\"@type\":\"ListItem\",\"position\":1,\"name\":\"Home\",\"item\":\"https:\/\/www.indigovenice.com\/fr\/\"},{\"@type\":\"ListItem\",\"position\":2,\"name\":\"Hotel Indigo Venice Sant&#8217;Elena\"}]},{\"@type\":\"WebSite\",\"@id\":\"https:\/\/www.indigovenice.com\/fr\/#website\",\"url\":\"https:\/\/www.indigovenice.com\/fr\/\",\"name\":\"Hotel Indigo Venice - Sant'Elena\",\"description\":\"Just another ms.decms.eu site\",\"potentialAction\":[{\"@type\":\"SearchAction\",\"target\":{\"@type\":\"EntryPoint\",\"urlTemplate\":\"https:\/\/www.indigovenice.com\/fr\/?s={search_term_string}\"},\"query-input\":{\"@type\":\"PropertyValueSpecification\",\"valueRequired\":true,\"valueName\":\"search_term_string\"}}],\"inLanguage\":\"fr-FR\"}]}<\/script>\n<!-- \/ Yoast SEO plugin. -->","yoast_head_json":{"title":"Hotel Indigo Venice Sant'Elena | H\u00f4tel-boutique 4 \u00e9toiles Venise","description":"L\u2019Hotel Indigo Venice-Sant\u2019Elena de Venise est un h\u00f4tel-boutique 4* proche des jardins de la Biennale : design raffin\u00e9, jardin int\u00e9rieur, restaurant et bar.","robots":{"index":"index","follow":"follow","max-snippet":"max-snippet:-1","max-image-preview":"max-image-preview:large","max-video-preview":"max-video-preview:-1"},"canonical":"https:\/\/www.indigovenice.com\/fr\/","og_locale":"fr_FR","og_type":"article","og_title":"Hotel Indigo Venice Sant'Elena | H\u00f4tel-boutique 4 \u00e9toiles Venise","og_description":"L\u2019Hotel Indigo Venice-Sant\u2019Elena de Venise est un h\u00f4tel-boutique 4* proche des jardins de la Biennale : design raffin\u00e9, jardin int\u00e9rieur, restaurant et bar.","og_url":"https:\/\/www.indigovenice.com\/fr\/","og_site_name":"Hotel Indigo Venice - Sant'Elena","article_modified_time":"2026-04-07T09:48:00+00:00","twitter_card":"summary_large_image","twitter_misc":{"Dur\u00e9e de lecture estim\u00e9e":"1 minute"},"schema":{"@context":"https:\/\/schema.org","@graph":[{"@type":"WebPage","@id":"https:\/\/www.indigovenice.com\/fr\/","url":"https:\/\/www.indigovenice.com\/fr\/","name":"Hotel Indigo Venice Sant'Elena | H\u00f4tel-boutique 4 \u00e9toiles Venise","isPartOf":{"@id":"https:\/\/www.indigovenice.com\/fr\/#website"},"datePublished":"2019-05-29T13:59:28+00:00","dateModified":"2026-04-07T09:48:00+00:00","description":"L\u2019Hotel Indigo Venice-Sant\u2019Elena de Venise est un h\u00f4tel-boutique 4* proche des jardins de la Biennale : design raffin\u00e9, jardin int\u00e9rieur, restaurant et bar.","breadcrumb":{"@id":"https:\/\/www.indigovenice.com\/fr\/#breadcrumb"},"inLanguage":"fr-FR","potentialAction":[{"@type":"ReadAction","target":["https:\/\/www.indigovenice.com\/fr\/"]}]},{"@type":"BreadcrumbList","@id":"https:\/\/www.indigovenice.com\/fr\/#breadcrumb","itemListElement":[{"@type":"ListItem","position":1,"name":"Home","item":"https:\/\/www.indigovenice.com\/fr\/"},{"@type":"ListItem","position":2,"name":"Hotel Indigo Venice Sant&#8217;Elena"}]},{"@type":"WebSite","@id":"https:\/\/www.indigovenice.com\/fr\/#website","url":"https:\/\/www.indigovenice.com\/fr\/","name":"Hotel Indigo Venice - Sant'Elena","description":"Just another ms.decms.eu site","potentialAction":[{"@type":"SearchAction","target":{"@type":"EntryPoint","urlTemplate":"https:\/\/www.indigovenice.com\/fr\/?s={search_term_string}"},"query-input":{"@type":"PropertyValueSpecification","valueRequired":true,"valueName":"search_term_string"}}],"inLanguage":"fr-FR"}]}},"acf":[],"_links":{"self":[{"href":"https:\/\/www.indigovenice.com\/fr\/wp-json\/wp\/v2\/pages\/4","targetHints":{"allow":["GET"]}}],"collection":[{"href":"https:\/\/www.indigovenice.com\/fr\/wp-json\/wp\/v2\/pages"}],"about":[{"href":"https:\/\/www.indigovenice.com\/fr\/wp-json\/wp\/v2\/types\/page"}],"author":[{"embeddable":true,"href":"https:\/\/www.indigovenice.com\/fr\/wp-json\/wp\/v2\/users\/7"}],"replies":[{"embeddable":true,"href":"https:\/\/www.indigovenice.com\/fr\/wp-json\/wp\/v2\/comments?post=4"}],"version-history":[{"count":0,"href":"https:\/\/www.indigovenice.com\/fr\/wp-json\/wp\/v2\/pages\/4\/revisions"}],"wp:attachment":[{"href":"https:\/\/www.indigovenice.com\/fr\/wp-json\/wp\/v2\/media?parent=4"}],"curies":[{"name":"wp","href":"https:\/\/api.w.org\/{rel}","templated":true}]}}