{"id":410,"date":"2019-06-04T10:21:37","date_gmt":"2019-06-04T10:21:37","guid":{"rendered":"http:\/\/st-elena.ms.decms.eu\/?page_id=410"},"modified":"2025-07-22T07:59:47","modified_gmt":"2025-07-22T07:59:47","slug":"offres-speciales","status":"publish","type":"page","link":"https:\/\/www.indigovenice.com\/fr\/offres-speciales\/","title":{"rendered":"Offres sp\u00e9ciales"},"content":{"rendered":"<p>Des avantages exclusifs et des exp\u00e9riences s\u00e9lectionn\u00e9es vous emm\u00e8neront dans le monde enchant\u00e9 de la plus c\u00e9l\u00e8bre cit\u00e9 lacustre du monde.<\/p>\n<p>Profiter d&rsquo;une escapade romantique ou de vacances en famille devient encore plus simple gr\u00e2ce \u00e0 nos <strong>offres sp\u00e9ciales<\/strong>, nos <strong>forfaits exclusifs<\/strong> con\u00e7us pour r\u00e9pondre \u00e0 toutes vos attentes, et \u00e0 la garantie du <strong>meilleur tarif disponible<\/strong> en r\u00e9servant directement aupr\u00e8s de nous.<\/p>\n","protected":false},"excerpt":{"rendered":"<p>Des avantages exclusifs et des exp\u00e9riences s\u00e9lectionn\u00e9es vous emm\u00e8neront dans le monde enchant\u00e9 de la plus c\u00e9l\u00e8bre cit\u00e9 lacustre du monde. Profiter d&rsquo;une escapade romantique ou de vacances en famille devient encore plus simple gr\u00e2ce \u00e0 nos offres sp\u00e9ciales, nos forfaits exclusifs con\u00e7us pour r\u00e9pondre \u00e0 toutes vos attentes, et \u00e0 la garantie du meilleur [&hellip;]<\/p>\n","protected":false},"author":3,"featured_media":0,"parent":0,"menu_order":4,"comment_status":"closed","ping_status":"closed","template":"template-offers.php","meta":{"footnotes":""},"class_list":["post-410","page","type-page","status-publish","hentry"],"yoast_head":"<!-- This site is optimized with the Yoast SEO plugin v26.9 - https:\/\/yoast.com\/product\/yoast-seo-wordpress\/ -->\n<title>Offres sp\u00e9ciales h\u00f4tel-boutique 4 \u00e9toiles Indigo Venice Sant&#039;Elena<\/title>\n<meta name=\"description\" content=\"D\u00e9couvrez toutes les offres sp\u00e9ciales de l\u2019Hotel Indigo Venice Sant&#039;Elena de Venise et offrez-vous un s\u00e9jour inoubliable au c\u0153ur de Venise.\" \/>\n<meta name=\"robots\" content=\"index, follow, max-snippet:-1, max-image-preview:large, max-video-preview:-1\" \/>\n<link rel=\"canonical\" href=\"https:\/\/www.indigovenice.com\/fr\/offres-speciales\/\" \/>\n<meta property=\"og:locale\" content=\"fr_FR\" \/>\n<meta property=\"og:type\" content=\"article\" \/>\n<meta property=\"og:title\" content=\"Offres sp\u00e9ciales h\u00f4tel-boutique 4 \u00e9toiles Indigo Venice Sant&#039;Elena\" \/>\n<meta property=\"og:description\" content=\"D\u00e9couvrez toutes les offres sp\u00e9ciales de l\u2019Hotel Indigo Venice Sant&#039;Elena de Venise et offrez-vous un s\u00e9jour inoubliable au c\u0153ur de Venise.\" \/>\n<meta property=\"og:url\" content=\"https:\/\/www.indigovenice.com\/fr\/offres-speciales\/\" \/>\n<meta property=\"og:site_name\" content=\"Hotel Indigo Venice - Sant&#039;Elena\" \/>\n<meta property=\"article:modified_time\" content=\"2025-07-22T07:59:47+00:00\" \/>\n<meta name=\"twitter:card\" content=\"summary_large_image\" \/>\n<meta name=\"twitter:label1\" content=\"Dur\u00e9e de lecture estim\u00e9e\" \/>\n\t<meta name=\"twitter:data1\" content=\"1 minute\" \/>\n<script type=\"application\/ld+json\" class=\"yoast-schema-graph\">{\"@context\":\"https:\/\/schema.org\",\"@graph\":[{\"@type\":\"WebPage\",\"@id\":\"https:\/\/www.indigovenice.com\/fr\/offres-speciales\/\",\"url\":\"https:\/\/www.indigovenice.com\/fr\/offres-speciales\/\",\"name\":\"Offres sp\u00e9ciales h\u00f4tel-boutique 4 \u00e9toiles Indigo Venice Sant'Elena\",\"isPartOf\":{\"@id\":\"https:\/\/www.indigovenice.com\/fr\/#website\"},\"datePublished\":\"2019-06-04T10:21:37+00:00\",\"dateModified\":\"2025-07-22T07:59:47+00:00\",\"description\":\"D\u00e9couvrez toutes les offres sp\u00e9ciales de l\u2019Hotel Indigo Venice Sant'Elena de Venise et offrez-vous un s\u00e9jour inoubliable au c\u0153ur de Venise.\",\"breadcrumb\":{\"@id\":\"https:\/\/www.indigovenice.com\/fr\/offres-speciales\/#breadcrumb\"},\"inLanguage\":\"fr-FR\",\"potentialAction\":[{\"@type\":\"ReadAction\",\"target\":[\"https:\/\/www.indigovenice.com\/fr\/offres-speciales\/\"]}]},{\"@type\":\"BreadcrumbList\",\"@id\":\"https:\/\/www.indigovenice.com\/fr\/offres-speciales\/#breadcrumb\",\"itemListElement\":[{\"@type\":\"ListItem\",\"position\":1,\"name\":\"Home\",\"item\":\"https:\/\/www.indigovenice.com\/fr\/\"},{\"@type\":\"ListItem\",\"position\":2,\"name\":\"Offres sp\u00e9ciales\"}]},{\"@type\":\"WebSite\",\"@id\":\"https:\/\/www.indigovenice.com\/fr\/#website\",\"url\":\"https:\/\/www.indigovenice.com\/fr\/\",\"name\":\"Hotel Indigo Venice - Sant'Elena\",\"description\":\"Just another ms.decms.eu site\",\"potentialAction\":[{\"@type\":\"SearchAction\",\"target\":{\"@type\":\"EntryPoint\",\"urlTemplate\":\"https:\/\/www.indigovenice.com\/fr\/?s={search_term_string}\"},\"query-input\":{\"@type\":\"PropertyValueSpecification\",\"valueRequired\":true,\"valueName\":\"search_term_string\"}}],\"inLanguage\":\"fr-FR\"}]}<\/script>\n<!-- \/ Yoast SEO plugin. -->","yoast_head_json":{"title":"Offres sp\u00e9ciales h\u00f4tel-boutique 4 \u00e9toiles Indigo Venice Sant'Elena","description":"D\u00e9couvrez toutes les offres sp\u00e9ciales de l\u2019Hotel Indigo Venice Sant'Elena de Venise et offrez-vous un s\u00e9jour inoubliable au c\u0153ur de Venise.","robots":{"index":"index","follow":"follow","max-snippet":"max-snippet:-1","max-image-preview":"max-image-preview:large","max-video-preview":"max-video-preview:-1"},"canonical":"https:\/\/www.indigovenice.com\/fr\/offres-speciales\/","og_locale":"fr_FR","og_type":"article","og_title":"Offres sp\u00e9ciales h\u00f4tel-boutique 4 \u00e9toiles Indigo Venice Sant'Elena","og_description":"D\u00e9couvrez toutes les offres sp\u00e9ciales de l\u2019Hotel Indigo Venice Sant'Elena de Venise et offrez-vous un s\u00e9jour inoubliable au c\u0153ur de Venise.","og_url":"https:\/\/www.indigovenice.com\/fr\/offres-speciales\/","og_site_name":"Hotel Indigo Venice - Sant'Elena","article_modified_time":"2025-07-22T07:59:47+00:00","twitter_card":"summary_large_image","twitter_misc":{"Dur\u00e9e de lecture estim\u00e9e":"1 minute"},"schema":{"@context":"https:\/\/schema.org","@graph":[{"@type":"WebPage","@id":"https:\/\/www.indigovenice.com\/fr\/offres-speciales\/","url":"https:\/\/www.indigovenice.com\/fr\/offres-speciales\/","name":"Offres sp\u00e9ciales h\u00f4tel-boutique 4 \u00e9toiles Indigo Venice Sant'Elena","isPartOf":{"@id":"https:\/\/www.indigovenice.com\/fr\/#website"},"datePublished":"2019-06-04T10:21:37+00:00","dateModified":"2025-07-22T07:59:47+00:00","description":"D\u00e9couvrez toutes les offres sp\u00e9ciales de l\u2019Hotel Indigo Venice Sant'Elena de Venise et offrez-vous un s\u00e9jour inoubliable au c\u0153ur de Venise.","breadcrumb":{"@id":"https:\/\/www.indigovenice.com\/fr\/offres-speciales\/#breadcrumb"},"inLanguage":"fr-FR","potentialAction":[{"@type":"ReadAction","target":["https:\/\/www.indigovenice.com\/fr\/offres-speciales\/"]}]},{"@type":"BreadcrumbList","@id":"https:\/\/www.indigovenice.com\/fr\/offres-speciales\/#breadcrumb","itemListElement":[{"@type":"ListItem","position":1,"name":"Home","item":"https:\/\/www.indigovenice.com\/fr\/"},{"@type":"ListItem","position":2,"name":"Offres sp\u00e9ciales"}]},{"@type":"WebSite","@id":"https:\/\/www.indigovenice.com\/fr\/#website","url":"https:\/\/www.indigovenice.com\/fr\/","name":"Hotel Indigo Venice - Sant'Elena","description":"Just another ms.decms.eu site","potentialAction":[{"@type":"SearchAction","target":{"@type":"EntryPoint","urlTemplate":"https:\/\/www.indigovenice.com\/fr\/?s={search_term_string}"},"query-input":{"@type":"PropertyValueSpecification","valueRequired":true,"valueName":"search_term_string"}}],"inLanguage":"fr-FR"}]}},"acf":[],"_links":{"self":[{"href":"https:\/\/www.indigovenice.com\/fr\/wp-json\/wp\/v2\/pages\/410","targetHints":{"allow":["GET"]}}],"collection":[{"href":"https:\/\/www.indigovenice.com\/fr\/wp-json\/wp\/v2\/pages"}],"about":[{"href":"https:\/\/www.indigovenice.com\/fr\/wp-json\/wp\/v2\/types\/page"}],"author":[{"embeddable":true,"href":"https:\/\/www.indigovenice.com\/fr\/wp-json\/wp\/v2\/users\/3"}],"replies":[{"embeddable":true,"href":"https:\/\/www.indigovenice.com\/fr\/wp-json\/wp\/v2\/comments?post=410"}],"version-history":[{"count":0,"href":"https:\/\/www.indigovenice.com\/fr\/wp-json\/wp\/v2\/pages\/410\/revisions"}],"wp:attachment":[{"href":"https:\/\/www.indigovenice.com\/fr\/wp-json\/wp\/v2\/media?parent=410"}],"curies":[{"name":"wp","href":"https:\/\/api.w.org\/{rel}","templated":true}]}}