{"id":533,"date":"2019-06-05T13:53:02","date_gmt":"2019-06-05T13:53:02","guid":{"rendered":"http:\/\/st-elena.ms.decms.eu\/?page_id=533"},"modified":"2019-06-05T14:01:19","modified_gmt":"2019-06-05T14:01:19","slug":"venise","status":"publish","type":"page","link":"https:\/\/www.indigovenice.com\/fr\/venise\/","title":{"rendered":"Venise"},"content":{"rendered":"<p>Po\u00e9tique au printemps, flamboyante durant l&rsquo;\u00e9t\u00e9, aristocratique en automne et myst\u00e9rieuse en hiver, Venise vous surprend en toute saison gr\u00e2ce \u00e0 son patrimoine artistique tr\u00e8s ancien et \u00e0 sa beaut\u00e9 unique, qui attire les touristes du monde entier depuis des si\u00e8cles.<\/p>\n<p>D\u00e9couvrez ses 150 canaux, ses 400 ponts et ses palais et places s\u00e9culaires, ou faites votre choix parmi la longue liste de mus\u00e9es et galeries, qui d\u00e9clinent collections anciennes et contemporaines, pour admirer la ville dans toute sa splendeur.<\/p>\n","protected":false},"excerpt":{"rendered":"<p>Po\u00e9tique au printemps, flamboyante durant l&rsquo;\u00e9t\u00e9, aristocratique en automne et myst\u00e9rieuse en hiver, Venise vous surprend en toute saison gr\u00e2ce \u00e0 son patrimoine artistique tr\u00e8s ancien et \u00e0 sa beaut\u00e9 unique, qui attire les touristes du monde entier depuis des si\u00e8cles. D\u00e9couvrez ses 150 canaux, ses 400 ponts et ses palais et places s\u00e9culaires, ou [&hellip;]<\/p>\n","protected":false},"author":7,"featured_media":0,"parent":0,"menu_order":7,"comment_status":"closed","ping_status":"closed","template":"template-venice.php","meta":{"footnotes":""},"class_list":["post-533","page","type-page","status-publish","hentry"],"yoast_head":"<!-- This site is optimized with the Yoast SEO plugin v26.9 - https:\/\/yoast.com\/product\/yoast-seo-wordpress\/ -->\n<title>H\u00f4tel 4 \u00e9toiles \u00e0 Venise dans Sestiere Castello | Hotel Indigo Venice<\/title>\n<meta name=\"description\" content=\"L\u2019Hotel Indigo Venice Sant&#039;Elena est un h\u00f4tel-boutique 4* tr\u00e8s \u00e9l\u00e9gant situ\u00e9 au c\u0153ur verdoyant de la merveilleuse Venise, tout pr\u00e8s des jardins de la Biennale.\" \/>\n<meta name=\"robots\" content=\"index, follow, max-snippet:-1, max-image-preview:large, max-video-preview:-1\" \/>\n<link rel=\"canonical\" href=\"https:\/\/www.indigovenice.com\/fr\/venise\/\" \/>\n<meta property=\"og:locale\" content=\"fr_FR\" \/>\n<meta property=\"og:type\" content=\"article\" \/>\n<meta property=\"og:title\" content=\"H\u00f4tel 4 \u00e9toiles \u00e0 Venise dans Sestiere Castello | Hotel Indigo Venice\" \/>\n<meta property=\"og:description\" content=\"L\u2019Hotel Indigo Venice Sant&#039;Elena est un h\u00f4tel-boutique 4* tr\u00e8s \u00e9l\u00e9gant situ\u00e9 au c\u0153ur verdoyant de la merveilleuse Venise, tout pr\u00e8s des jardins de la Biennale.\" \/>\n<meta property=\"og:url\" content=\"https:\/\/www.indigovenice.com\/fr\/venise\/\" \/>\n<meta property=\"og:site_name\" content=\"Hotel Indigo Venice - Sant&#039;Elena\" \/>\n<meta property=\"article:modified_time\" content=\"2019-06-05T14:01:19+00:00\" \/>\n<meta name=\"twitter:card\" content=\"summary_large_image\" \/>\n<script type=\"application\/ld+json\" class=\"yoast-schema-graph\">{\"@context\":\"https:\/\/schema.org\",\"@graph\":[{\"@type\":\"WebPage\",\"@id\":\"https:\/\/www.indigovenice.com\/fr\/venise\/\",\"url\":\"https:\/\/www.indigovenice.com\/fr\/venise\/\",\"name\":\"H\u00f4tel 4 \u00e9toiles \u00e0 Venise dans Sestiere Castello | Hotel Indigo Venice\",\"isPartOf\":{\"@id\":\"https:\/\/www.indigovenice.com\/fr\/#website\"},\"datePublished\":\"2019-06-05T13:53:02+00:00\",\"dateModified\":\"2019-06-05T14:01:19+00:00\",\"description\":\"L\u2019Hotel Indigo Venice Sant'Elena est un h\u00f4tel-boutique 4* tr\u00e8s \u00e9l\u00e9gant situ\u00e9 au c\u0153ur verdoyant de la merveilleuse Venise, tout pr\u00e8s des jardins de la Biennale.\",\"breadcrumb\":{\"@id\":\"https:\/\/www.indigovenice.com\/fr\/venise\/#breadcrumb\"},\"inLanguage\":\"fr-FR\",\"potentialAction\":[{\"@type\":\"ReadAction\",\"target\":[\"https:\/\/www.indigovenice.com\/fr\/venise\/\"]}]},{\"@type\":\"BreadcrumbList\",\"@id\":\"https:\/\/www.indigovenice.com\/fr\/venise\/#breadcrumb\",\"itemListElement\":[{\"@type\":\"ListItem\",\"position\":1,\"name\":\"Home\",\"item\":\"https:\/\/www.indigovenice.com\/fr\/\"},{\"@type\":\"ListItem\",\"position\":2,\"name\":\"Venise\"}]},{\"@type\":\"WebSite\",\"@id\":\"https:\/\/www.indigovenice.com\/fr\/#website\",\"url\":\"https:\/\/www.indigovenice.com\/fr\/\",\"name\":\"Hotel Indigo Venice - Sant'Elena\",\"description\":\"Just another ms.decms.eu site\",\"potentialAction\":[{\"@type\":\"SearchAction\",\"target\":{\"@type\":\"EntryPoint\",\"urlTemplate\":\"https:\/\/www.indigovenice.com\/fr\/?s={search_term_string}\"},\"query-input\":{\"@type\":\"PropertyValueSpecification\",\"valueRequired\":true,\"valueName\":\"search_term_string\"}}],\"inLanguage\":\"fr-FR\"}]}<\/script>\n<!-- \/ Yoast SEO plugin. -->","yoast_head_json":{"title":"H\u00f4tel 4 \u00e9toiles \u00e0 Venise dans Sestiere Castello | Hotel Indigo Venice","description":"L\u2019Hotel Indigo Venice Sant'Elena est un h\u00f4tel-boutique 4* tr\u00e8s \u00e9l\u00e9gant situ\u00e9 au c\u0153ur verdoyant de la merveilleuse Venise, tout pr\u00e8s des jardins de la Biennale.","robots":{"index":"index","follow":"follow","max-snippet":"max-snippet:-1","max-image-preview":"max-image-preview:large","max-video-preview":"max-video-preview:-1"},"canonical":"https:\/\/www.indigovenice.com\/fr\/venise\/","og_locale":"fr_FR","og_type":"article","og_title":"H\u00f4tel 4 \u00e9toiles \u00e0 Venise dans Sestiere Castello | Hotel Indigo Venice","og_description":"L\u2019Hotel Indigo Venice Sant'Elena est un h\u00f4tel-boutique 4* tr\u00e8s \u00e9l\u00e9gant situ\u00e9 au c\u0153ur verdoyant de la merveilleuse Venise, tout pr\u00e8s des jardins de la Biennale.","og_url":"https:\/\/www.indigovenice.com\/fr\/venise\/","og_site_name":"Hotel Indigo Venice - Sant'Elena","article_modified_time":"2019-06-05T14:01:19+00:00","twitter_card":"summary_large_image","schema":{"@context":"https:\/\/schema.org","@graph":[{"@type":"WebPage","@id":"https:\/\/www.indigovenice.com\/fr\/venise\/","url":"https:\/\/www.indigovenice.com\/fr\/venise\/","name":"H\u00f4tel 4 \u00e9toiles \u00e0 Venise dans Sestiere Castello | Hotel Indigo Venice","isPartOf":{"@id":"https:\/\/www.indigovenice.com\/fr\/#website"},"datePublished":"2019-06-05T13:53:02+00:00","dateModified":"2019-06-05T14:01:19+00:00","description":"L\u2019Hotel Indigo Venice Sant'Elena est un h\u00f4tel-boutique 4* tr\u00e8s \u00e9l\u00e9gant situ\u00e9 au c\u0153ur verdoyant de la merveilleuse Venise, tout pr\u00e8s des jardins de la Biennale.","breadcrumb":{"@id":"https:\/\/www.indigovenice.com\/fr\/venise\/#breadcrumb"},"inLanguage":"fr-FR","potentialAction":[{"@type":"ReadAction","target":["https:\/\/www.indigovenice.com\/fr\/venise\/"]}]},{"@type":"BreadcrumbList","@id":"https:\/\/www.indigovenice.com\/fr\/venise\/#breadcrumb","itemListElement":[{"@type":"ListItem","position":1,"name":"Home","item":"https:\/\/www.indigovenice.com\/fr\/"},{"@type":"ListItem","position":2,"name":"Venise"}]},{"@type":"WebSite","@id":"https:\/\/www.indigovenice.com\/fr\/#website","url":"https:\/\/www.indigovenice.com\/fr\/","name":"Hotel Indigo Venice - Sant'Elena","description":"Just another ms.decms.eu site","potentialAction":[{"@type":"SearchAction","target":{"@type":"EntryPoint","urlTemplate":"https:\/\/www.indigovenice.com\/fr\/?s={search_term_string}"},"query-input":{"@type":"PropertyValueSpecification","valueRequired":true,"valueName":"search_term_string"}}],"inLanguage":"fr-FR"}]}},"acf":[],"_links":{"self":[{"href":"https:\/\/www.indigovenice.com\/fr\/wp-json\/wp\/v2\/pages\/533","targetHints":{"allow":["GET"]}}],"collection":[{"href":"https:\/\/www.indigovenice.com\/fr\/wp-json\/wp\/v2\/pages"}],"about":[{"href":"https:\/\/www.indigovenice.com\/fr\/wp-json\/wp\/v2\/types\/page"}],"author":[{"embeddable":true,"href":"https:\/\/www.indigovenice.com\/fr\/wp-json\/wp\/v2\/users\/7"}],"replies":[{"embeddable":true,"href":"https:\/\/www.indigovenice.com\/fr\/wp-json\/wp\/v2\/comments?post=533"}],"version-history":[{"count":0,"href":"https:\/\/www.indigovenice.com\/fr\/wp-json\/wp\/v2\/pages\/533\/revisions"}],"wp:attachment":[{"href":"https:\/\/www.indigovenice.com\/fr\/wp-json\/wp\/v2\/media?parent=533"}],"curies":[{"name":"wp","href":"https:\/\/api.w.org\/{rel}","templated":true}]}}