{"id":544,"date":"2019-06-05T14:30:46","date_gmt":"2019-06-05T14:30:46","guid":{"rendered":"http:\/\/st-elena.ms.decms.eu\/?page_id=544"},"modified":"2019-06-10T15:34:54","modified_gmt":"2019-06-10T15:34:54","slug":"place-saint-marc","status":"publish","type":"page","link":"https:\/\/www.indigovenice.com\/fr\/venise\/place-saint-marc\/","title":{"rendered":"Place Saint-Marc"},"content":{"rendered":"<p>Du grand espace herbeux qu&rsquo;elle \u00e9tait \u00e0 l&rsquo;origine, la place Saint-Marc est aujourd&rsquo;hui \u00a0entour\u00e9e des Anciennes et des Nouvelles Procuratie\u00a0, ensemble spectaculaire de monuments.<\/p>\n<p>Avec ses 8\u00a0000\u00a0m2 de mosa\u00efques dor\u00e9es d\u00e9corant cinq \u00e9normes coupoles, <strong>la basilique Saint-Marc<\/strong> a \u00e9t\u00e9 consacr\u00e9e en 832 afin d&rsquo;accueillir les restes de Saint-Marc. D\u00e9truite \u00e0 deux reprises et reconstruite durant les si\u00e8cles suivants en forme de croix grecque, la Basilique repr\u00e9sente l&rsquo;union parfaite de l&rsquo;architecture occidentale et orientale. R\u00e9alis\u00e9e en marbre de Syrie, d&rsquo;\u00c9gypte et de Palestine, sa fa\u00e7ade arbore le\u00a0Quadrige de Saint-Marc, groupe de quatre chevaux de bronzes ramen\u00e9 de Constantinople durant la quatri\u00e8me croisade.<\/p>\n","protected":false},"excerpt":{"rendered":"<p>Du grand espace herbeux qu&rsquo;elle \u00e9tait \u00e0 l&rsquo;origine, la place Saint-Marc est aujourd&rsquo;hui \u00a0entour\u00e9e des Anciennes et des Nouvelles Procuratie\u00a0, ensemble spectaculaire de monuments. Avec ses 8\u00a0000\u00a0m2 de mosa\u00efques dor\u00e9es d\u00e9corant cinq \u00e9normes coupoles, la basilique Saint-Marc a \u00e9t\u00e9 consacr\u00e9e en 832 afin d&rsquo;accueillir les restes de Saint-Marc. D\u00e9truite \u00e0 deux reprises et reconstruite durant [&hellip;]<\/p>\n","protected":false},"author":7,"featured_media":0,"parent":533,"menu_order":0,"comment_status":"closed","ping_status":"closed","template":"template-venice-theme.php","meta":{"footnotes":""},"class_list":["post-544","page","type-page","status-publish","hentry"],"yoast_head":"<!-- This site is optimized with the Yoast SEO plugin v26.9 - https:\/\/yoast.com\/product\/yoast-seo-wordpress\/ -->\n<title>H\u00f4tel 4 \u00e9toiles pr\u00e8s Place Saint-Marc Venise | Hotel Indigo Venice<\/title>\n<meta name=\"description\" content=\"\u00c0 quelques pas des jardins de la Biennale, la Place Saint-Marc est accessible en quelques minutes \u00e0 pied ou via vaporetto de l\u2019Hotel Indigo Venice Sant&#039;Elena.\" \/>\n<meta name=\"robots\" content=\"index, follow, max-snippet:-1, max-image-preview:large, max-video-preview:-1\" \/>\n<link rel=\"canonical\" href=\"https:\/\/www.indigovenice.com\/fr\/venise\/place-saint-marc\/\" \/>\n<meta property=\"og:locale\" content=\"fr_FR\" \/>\n<meta property=\"og:type\" content=\"article\" \/>\n<meta property=\"og:title\" content=\"H\u00f4tel 4 \u00e9toiles pr\u00e8s Place Saint-Marc Venise | Hotel Indigo Venice\" \/>\n<meta property=\"og:description\" content=\"\u00c0 quelques pas des jardins de la Biennale, la Place Saint-Marc est accessible en quelques minutes \u00e0 pied ou via vaporetto de l\u2019Hotel Indigo Venice Sant&#039;Elena.\" \/>\n<meta property=\"og:url\" content=\"https:\/\/www.indigovenice.com\/fr\/venise\/place-saint-marc\/\" \/>\n<meta property=\"og:site_name\" content=\"Hotel Indigo Venice - Sant&#039;Elena\" \/>\n<meta property=\"article:modified_time\" content=\"2019-06-10T15:34:54+00:00\" \/>\n<meta name=\"twitter:card\" content=\"summary_large_image\" \/>\n<meta name=\"twitter:label1\" content=\"Dur\u00e9e de lecture estim\u00e9e\" \/>\n\t<meta name=\"twitter:data1\" content=\"1 minute\" \/>\n<script type=\"application\/ld+json\" class=\"yoast-schema-graph\">{\"@context\":\"https:\/\/schema.org\",\"@graph\":[{\"@type\":\"WebPage\",\"@id\":\"https:\/\/www.indigovenice.com\/fr\/venise\/place-saint-marc\/\",\"url\":\"https:\/\/www.indigovenice.com\/fr\/venise\/place-saint-marc\/\",\"name\":\"H\u00f4tel 4 \u00e9toiles pr\u00e8s Place Saint-Marc Venise | Hotel Indigo Venice\",\"isPartOf\":{\"@id\":\"https:\/\/www.indigovenice.com\/fr\/#website\"},\"datePublished\":\"2019-06-05T14:30:46+00:00\",\"dateModified\":\"2019-06-10T15:34:54+00:00\",\"description\":\"\u00c0 quelques pas des jardins de la Biennale, la Place Saint-Marc est accessible en quelques minutes \u00e0 pied ou via vaporetto de l\u2019Hotel Indigo Venice Sant'Elena.\",\"breadcrumb\":{\"@id\":\"https:\/\/www.indigovenice.com\/fr\/venise\/place-saint-marc\/#breadcrumb\"},\"inLanguage\":\"fr-FR\",\"potentialAction\":[{\"@type\":\"ReadAction\",\"target\":[\"https:\/\/www.indigovenice.com\/fr\/venise\/place-saint-marc\/\"]}]},{\"@type\":\"BreadcrumbList\",\"@id\":\"https:\/\/www.indigovenice.com\/fr\/venise\/place-saint-marc\/#breadcrumb\",\"itemListElement\":[{\"@type\":\"ListItem\",\"position\":1,\"name\":\"Home\",\"item\":\"https:\/\/www.indigovenice.com\/fr\/\"},{\"@type\":\"ListItem\",\"position\":2,\"name\":\"Venise\",\"item\":\"https:\/\/www.indigovenice.com\/fr\/venise\/\"},{\"@type\":\"ListItem\",\"position\":3,\"name\":\"Place Saint-Marc\"}]},{\"@type\":\"WebSite\",\"@id\":\"https:\/\/www.indigovenice.com\/fr\/#website\",\"url\":\"https:\/\/www.indigovenice.com\/fr\/\",\"name\":\"Hotel Indigo Venice - Sant'Elena\",\"description\":\"Just another ms.decms.eu site\",\"potentialAction\":[{\"@type\":\"SearchAction\",\"target\":{\"@type\":\"EntryPoint\",\"urlTemplate\":\"https:\/\/www.indigovenice.com\/fr\/?s={search_term_string}\"},\"query-input\":{\"@type\":\"PropertyValueSpecification\",\"valueRequired\":true,\"valueName\":\"search_term_string\"}}],\"inLanguage\":\"fr-FR\"}]}<\/script>\n<!-- \/ Yoast SEO plugin. -->","yoast_head_json":{"title":"H\u00f4tel 4 \u00e9toiles pr\u00e8s Place Saint-Marc Venise | Hotel Indigo Venice","description":"\u00c0 quelques pas des jardins de la Biennale, la Place Saint-Marc est accessible en quelques minutes \u00e0 pied ou via vaporetto de l\u2019Hotel Indigo Venice Sant'Elena.","robots":{"index":"index","follow":"follow","max-snippet":"max-snippet:-1","max-image-preview":"max-image-preview:large","max-video-preview":"max-video-preview:-1"},"canonical":"https:\/\/www.indigovenice.com\/fr\/venise\/place-saint-marc\/","og_locale":"fr_FR","og_type":"article","og_title":"H\u00f4tel 4 \u00e9toiles pr\u00e8s Place Saint-Marc Venise | Hotel Indigo Venice","og_description":"\u00c0 quelques pas des jardins de la Biennale, la Place Saint-Marc est accessible en quelques minutes \u00e0 pied ou via vaporetto de l\u2019Hotel Indigo Venice Sant'Elena.","og_url":"https:\/\/www.indigovenice.com\/fr\/venise\/place-saint-marc\/","og_site_name":"Hotel Indigo Venice - Sant'Elena","article_modified_time":"2019-06-10T15:34:54+00:00","twitter_card":"summary_large_image","twitter_misc":{"Dur\u00e9e de lecture estim\u00e9e":"1 minute"},"schema":{"@context":"https:\/\/schema.org","@graph":[{"@type":"WebPage","@id":"https:\/\/www.indigovenice.com\/fr\/venise\/place-saint-marc\/","url":"https:\/\/www.indigovenice.com\/fr\/venise\/place-saint-marc\/","name":"H\u00f4tel 4 \u00e9toiles pr\u00e8s Place Saint-Marc Venise | Hotel Indigo Venice","isPartOf":{"@id":"https:\/\/www.indigovenice.com\/fr\/#website"},"datePublished":"2019-06-05T14:30:46+00:00","dateModified":"2019-06-10T15:34:54+00:00","description":"\u00c0 quelques pas des jardins de la Biennale, la Place Saint-Marc est accessible en quelques minutes \u00e0 pied ou via vaporetto de l\u2019Hotel Indigo Venice Sant'Elena.","breadcrumb":{"@id":"https:\/\/www.indigovenice.com\/fr\/venise\/place-saint-marc\/#breadcrumb"},"inLanguage":"fr-FR","potentialAction":[{"@type":"ReadAction","target":["https:\/\/www.indigovenice.com\/fr\/venise\/place-saint-marc\/"]}]},{"@type":"BreadcrumbList","@id":"https:\/\/www.indigovenice.com\/fr\/venise\/place-saint-marc\/#breadcrumb","itemListElement":[{"@type":"ListItem","position":1,"name":"Home","item":"https:\/\/www.indigovenice.com\/fr\/"},{"@type":"ListItem","position":2,"name":"Venise","item":"https:\/\/www.indigovenice.com\/fr\/venise\/"},{"@type":"ListItem","position":3,"name":"Place Saint-Marc"}]},{"@type":"WebSite","@id":"https:\/\/www.indigovenice.com\/fr\/#website","url":"https:\/\/www.indigovenice.com\/fr\/","name":"Hotel Indigo Venice - Sant'Elena","description":"Just another ms.decms.eu site","potentialAction":[{"@type":"SearchAction","target":{"@type":"EntryPoint","urlTemplate":"https:\/\/www.indigovenice.com\/fr\/?s={search_term_string}"},"query-input":{"@type":"PropertyValueSpecification","valueRequired":true,"valueName":"search_term_string"}}],"inLanguage":"fr-FR"}]}},"acf":[],"_links":{"self":[{"href":"https:\/\/www.indigovenice.com\/fr\/wp-json\/wp\/v2\/pages\/544","targetHints":{"allow":["GET"]}}],"collection":[{"href":"https:\/\/www.indigovenice.com\/fr\/wp-json\/wp\/v2\/pages"}],"about":[{"href":"https:\/\/www.indigovenice.com\/fr\/wp-json\/wp\/v2\/types\/page"}],"author":[{"embeddable":true,"href":"https:\/\/www.indigovenice.com\/fr\/wp-json\/wp\/v2\/users\/7"}],"replies":[{"embeddable":true,"href":"https:\/\/www.indigovenice.com\/fr\/wp-json\/wp\/v2\/comments?post=544"}],"version-history":[{"count":0,"href":"https:\/\/www.indigovenice.com\/fr\/wp-json\/wp\/v2\/pages\/544\/revisions"}],"up":[{"embeddable":true,"href":"https:\/\/www.indigovenice.com\/fr\/wp-json\/wp\/v2\/pages\/533"}],"wp:attachment":[{"href":"https:\/\/www.indigovenice.com\/fr\/wp-json\/wp\/v2\/media?parent=544"}],"curies":[{"name":"wp","href":"https:\/\/api.w.org\/{rel}","templated":true}]}}