{"id":556,"date":"2019-06-05T15:11:16","date_gmt":"2019-06-05T15:11:16","guid":{"rendered":"http:\/\/st-elena.ms.decms.eu\/?page_id=556"},"modified":"2024-06-06T15:25:14","modified_gmt":"2024-06-06T15:25:14","slug":"mariage-a-venise","status":"publish","type":"page","link":"https:\/\/www.indigovenice.com\/fr\/services\/mariage-a-venise\/","title":{"rendered":"Mariage \u00e0 Venise"},"content":{"rendered":"<p>L&rsquo;architecture grandiose de l&rsquo;h\u00f4tel offre le cadre id\u00e9al pour votre r\u00e9ception. Notre <a href=\"https:\/\/www.indigovenice.com\/fr\/lhotel\/le-jardin-interieur\/\">jardin int\u00e9rieur<\/a> peut devenir un contexte parfait pour <strong>cette journ\u00e9e unique<\/strong>.<\/p>\n<p>Notre chef peut \u00e9laborer menus et propositions de catering, tandis que vous pouvez r\u00e9server en exclusivit\u00e9 notre restaurant pour vos invit\u00e9s<\/p>\n","protected":false},"excerpt":{"rendered":"<p>L&rsquo;architecture grandiose de l&rsquo;h\u00f4tel offre le cadre id\u00e9al pour votre r\u00e9ception. Notre jardin int\u00e9rieur peut devenir un contexte parfait pour cette journ\u00e9e unique. Notre chef peut \u00e9laborer menus et propositions de catering, tandis que vous pouvez r\u00e9server en exclusivit\u00e9 notre restaurant pour vos invit\u00e9s<\/p>\n","protected":false},"author":3,"featured_media":0,"parent":553,"menu_order":1,"comment_status":"closed","ping_status":"closed","template":"","meta":{"footnotes":""},"class_list":["post-556","page","type-page","status-publish","hentry"],"yoast_head":"<!-- This site is optimized with the Yoast SEO plugin v26.9 - https:\/\/yoast.com\/product\/yoast-seo-wordpress\/ -->\n<title>Mariage \u00e0 Venise | Hotel Indigo Venice Sant&#039;Elena 4 \u00e9toiles<\/title>\n<meta name=\"description\" content=\"Un mariage de conte de f\u00e9es \u00e0 Venise : l&#039;h\u00f4tel-boutique Indigo Venice Sant&#039;Elena est le cadre parfait pour le plus beau jour de votre vie ! Contactez-nous !\" \/>\n<meta name=\"robots\" content=\"index, follow, max-snippet:-1, max-image-preview:large, max-video-preview:-1\" \/>\n<link rel=\"canonical\" href=\"https:\/\/www.indigovenice.com\/fr\/services\/mariage-a-venise\/\" \/>\n<meta property=\"og:locale\" content=\"fr_FR\" \/>\n<meta property=\"og:type\" content=\"article\" \/>\n<meta property=\"og:title\" content=\"Mariage \u00e0 Venise | Hotel Indigo Venice Sant&#039;Elena 4 \u00e9toiles\" \/>\n<meta property=\"og:description\" content=\"Un mariage de conte de f\u00e9es \u00e0 Venise : l&#039;h\u00f4tel-boutique Indigo Venice Sant&#039;Elena est le cadre parfait pour le plus beau jour de votre vie ! Contactez-nous !\" \/>\n<meta property=\"og:url\" content=\"https:\/\/www.indigovenice.com\/fr\/services\/mariage-a-venise\/\" \/>\n<meta property=\"og:site_name\" content=\"Hotel Indigo Venice - Sant&#039;Elena\" \/>\n<meta property=\"article:modified_time\" content=\"2024-06-06T15:25:14+00:00\" \/>\n<meta name=\"twitter:card\" content=\"summary_large_image\" \/>\n<meta name=\"twitter:label1\" content=\"Dur\u00e9e de lecture estim\u00e9e\" \/>\n\t<meta name=\"twitter:data1\" content=\"1 minute\" \/>\n<script type=\"application\/ld+json\" class=\"yoast-schema-graph\">{\"@context\":\"https:\/\/schema.org\",\"@graph\":[{\"@type\":\"WebPage\",\"@id\":\"https:\/\/www.indigovenice.com\/fr\/services\/mariage-a-venise\/\",\"url\":\"https:\/\/www.indigovenice.com\/fr\/services\/mariage-a-venise\/\",\"name\":\"Mariage \u00e0 Venise | Hotel Indigo Venice Sant'Elena 4 \u00e9toiles\",\"isPartOf\":{\"@id\":\"https:\/\/www.indigovenice.com\/fr\/#website\"},\"datePublished\":\"2019-06-05T15:11:16+00:00\",\"dateModified\":\"2024-06-06T15:25:14+00:00\",\"description\":\"Un mariage de conte de f\u00e9es \u00e0 Venise : l'h\u00f4tel-boutique Indigo Venice Sant'Elena est le cadre parfait pour le plus beau jour de votre vie ! Contactez-nous !\",\"breadcrumb\":{\"@id\":\"https:\/\/www.indigovenice.com\/fr\/services\/mariage-a-venise\/#breadcrumb\"},\"inLanguage\":\"fr-FR\",\"potentialAction\":[{\"@type\":\"ReadAction\",\"target\":[\"https:\/\/www.indigovenice.com\/fr\/services\/mariage-a-venise\/\"]}]},{\"@type\":\"BreadcrumbList\",\"@id\":\"https:\/\/www.indigovenice.com\/fr\/services\/mariage-a-venise\/#breadcrumb\",\"itemListElement\":[{\"@type\":\"ListItem\",\"position\":1,\"name\":\"Home\",\"item\":\"https:\/\/www.indigovenice.com\/fr\/\"},{\"@type\":\"ListItem\",\"position\":2,\"name\":\"Services\",\"item\":\"https:\/\/www.indigovenice.com\/fr\/services\/\"},{\"@type\":\"ListItem\",\"position\":3,\"name\":\"Mariage \u00e0 Venise\"}]},{\"@type\":\"WebSite\",\"@id\":\"https:\/\/www.indigovenice.com\/fr\/#website\",\"url\":\"https:\/\/www.indigovenice.com\/fr\/\",\"name\":\"Hotel Indigo Venice - Sant'Elena\",\"description\":\"Just another ms.decms.eu site\",\"potentialAction\":[{\"@type\":\"SearchAction\",\"target\":{\"@type\":\"EntryPoint\",\"urlTemplate\":\"https:\/\/www.indigovenice.com\/fr\/?s={search_term_string}\"},\"query-input\":{\"@type\":\"PropertyValueSpecification\",\"valueRequired\":true,\"valueName\":\"search_term_string\"}}],\"inLanguage\":\"fr-FR\"}]}<\/script>\n<!-- \/ Yoast SEO plugin. -->","yoast_head_json":{"title":"Mariage \u00e0 Venise | Hotel Indigo Venice Sant'Elena 4 \u00e9toiles","description":"Un mariage de conte de f\u00e9es \u00e0 Venise : l'h\u00f4tel-boutique Indigo Venice Sant'Elena est le cadre parfait pour le plus beau jour de votre vie ! Contactez-nous !","robots":{"index":"index","follow":"follow","max-snippet":"max-snippet:-1","max-image-preview":"max-image-preview:large","max-video-preview":"max-video-preview:-1"},"canonical":"https:\/\/www.indigovenice.com\/fr\/services\/mariage-a-venise\/","og_locale":"fr_FR","og_type":"article","og_title":"Mariage \u00e0 Venise | Hotel Indigo Venice Sant'Elena 4 \u00e9toiles","og_description":"Un mariage de conte de f\u00e9es \u00e0 Venise : l'h\u00f4tel-boutique Indigo Venice Sant'Elena est le cadre parfait pour le plus beau jour de votre vie ! Contactez-nous !","og_url":"https:\/\/www.indigovenice.com\/fr\/services\/mariage-a-venise\/","og_site_name":"Hotel Indigo Venice - Sant'Elena","article_modified_time":"2024-06-06T15:25:14+00:00","twitter_card":"summary_large_image","twitter_misc":{"Dur\u00e9e de lecture estim\u00e9e":"1 minute"},"schema":{"@context":"https:\/\/schema.org","@graph":[{"@type":"WebPage","@id":"https:\/\/www.indigovenice.com\/fr\/services\/mariage-a-venise\/","url":"https:\/\/www.indigovenice.com\/fr\/services\/mariage-a-venise\/","name":"Mariage \u00e0 Venise | Hotel Indigo Venice Sant'Elena 4 \u00e9toiles","isPartOf":{"@id":"https:\/\/www.indigovenice.com\/fr\/#website"},"datePublished":"2019-06-05T15:11:16+00:00","dateModified":"2024-06-06T15:25:14+00:00","description":"Un mariage de conte de f\u00e9es \u00e0 Venise : l'h\u00f4tel-boutique Indigo Venice Sant'Elena est le cadre parfait pour le plus beau jour de votre vie ! Contactez-nous !","breadcrumb":{"@id":"https:\/\/www.indigovenice.com\/fr\/services\/mariage-a-venise\/#breadcrumb"},"inLanguage":"fr-FR","potentialAction":[{"@type":"ReadAction","target":["https:\/\/www.indigovenice.com\/fr\/services\/mariage-a-venise\/"]}]},{"@type":"BreadcrumbList","@id":"https:\/\/www.indigovenice.com\/fr\/services\/mariage-a-venise\/#breadcrumb","itemListElement":[{"@type":"ListItem","position":1,"name":"Home","item":"https:\/\/www.indigovenice.com\/fr\/"},{"@type":"ListItem","position":2,"name":"Services","item":"https:\/\/www.indigovenice.com\/fr\/services\/"},{"@type":"ListItem","position":3,"name":"Mariage \u00e0 Venise"}]},{"@type":"WebSite","@id":"https:\/\/www.indigovenice.com\/fr\/#website","url":"https:\/\/www.indigovenice.com\/fr\/","name":"Hotel Indigo Venice - Sant'Elena","description":"Just another ms.decms.eu site","potentialAction":[{"@type":"SearchAction","target":{"@type":"EntryPoint","urlTemplate":"https:\/\/www.indigovenice.com\/fr\/?s={search_term_string}"},"query-input":{"@type":"PropertyValueSpecification","valueRequired":true,"valueName":"search_term_string"}}],"inLanguage":"fr-FR"}]}},"acf":[],"_links":{"self":[{"href":"https:\/\/www.indigovenice.com\/fr\/wp-json\/wp\/v2\/pages\/556","targetHints":{"allow":["GET"]}}],"collection":[{"href":"https:\/\/www.indigovenice.com\/fr\/wp-json\/wp\/v2\/pages"}],"about":[{"href":"https:\/\/www.indigovenice.com\/fr\/wp-json\/wp\/v2\/types\/page"}],"author":[{"embeddable":true,"href":"https:\/\/www.indigovenice.com\/fr\/wp-json\/wp\/v2\/users\/3"}],"replies":[{"embeddable":true,"href":"https:\/\/www.indigovenice.com\/fr\/wp-json\/wp\/v2\/comments?post=556"}],"version-history":[{"count":0,"href":"https:\/\/www.indigovenice.com\/fr\/wp-json\/wp\/v2\/pages\/556\/revisions"}],"up":[{"embeddable":true,"href":"https:\/\/www.indigovenice.com\/fr\/wp-json\/wp\/v2\/pages\/553"}],"wp:attachment":[{"href":"https:\/\/www.indigovenice.com\/fr\/wp-json\/wp\/v2\/media?parent=556"}],"curies":[{"name":"wp","href":"https:\/\/api.w.org\/{rel}","templated":true}]}}