{"id":561,"date":"2019-06-05T15:33:26","date_gmt":"2019-06-05T15:33:26","guid":{"rendered":"http:\/\/st-elena.ms.decms.eu\/?page_id=561"},"modified":"2024-06-19T11:14:53","modified_gmt":"2024-06-19T11:14:53","slug":"evenements-a-venise","status":"publish","type":"page","link":"https:\/\/www.indigovenice.com\/fr\/venise\/evenements-a-venise\/","title":{"rendered":"\u00c9v\u00e9nements \u00e0 Venise"},"content":{"rendered":"<p>Venise ne se limite pas \u00e0 des monuments et des mus\u00e9es. La vie culturelle v\u00e9nitienne est riche en \u00e9v\u00e9nements et en dates importantes avec un Carnaval et une Biennale connus dans le monde entier, tandis que d&rsquo;autres \u00e9v\u00e9nements comme la F\u00eate du R\u00e9dempteur durant l&rsquo;\u00e9t\u00e9 et le Marathon de Venise \u00e0 l&rsquo;automne ne sont pas \u00e0 n\u00e9gliger non plus.<\/p>\n<p><strong>Notre \u00e9quipe vous<\/strong> aidera \u00e0 d\u00e9couvrir les nombreuses opportunit\u00e9s offertes par la ville durant l&rsquo;ann\u00e9e et \u00e0 tirer tout le profit possible de votre s\u00e9jour&#8230;<\/p>\n<h4>&#8230;Et si vous voulez rester au courant de tous les \u00e9v\u00e9nements de la r\u00e9gion, jour apr\u00e8s jour, cliquez sur le lien ci-dessous pour ne rien manquer !<\/h4>\n<p>Link: <a href=\"https:\/\/www.live-venice.it\/\">live-venice.it<\/a><\/p>\n","protected":false},"excerpt":{"rendered":"<p>Venise ne se limite pas \u00e0 des monuments et des mus\u00e9es. La vie culturelle v\u00e9nitienne est riche en \u00e9v\u00e9nements et en dates importantes avec un Carnaval et une Biennale connus dans le monde entier, tandis que d&rsquo;autres \u00e9v\u00e9nements comme la F\u00eate du R\u00e9dempteur durant l&rsquo;\u00e9t\u00e9 et le Marathon de Venise \u00e0 l&rsquo;automne ne sont pas [&hellip;]<\/p>\n","protected":false},"author":7,"featured_media":0,"parent":533,"menu_order":1,"comment_status":"closed","ping_status":"closed","template":"template-venice-theme.php","meta":{"footnotes":""},"class_list":["post-561","page","type-page","status-publish","hentry"],"yoast_head":"<!-- This site is optimized with the Yoast SEO plugin v26.9 - https:\/\/yoast.com\/product\/yoast-seo-wordpress\/ -->\n<title>\u00c9v\u00e9nements et expositions \u00e0 Venise - Hotel Indigo Venice Sant&#039;Elena<\/title>\n<meta name=\"description\" content=\"\u00c9v\u00e9nements, expositions, concerts, spectacles et f\u00eates\u00a0: toutes les informations et les dates pour un s\u00e9jour inoubliable \u00e0 Venise. D\u00e9couvrez Venise \u00e0 nos c\u00f4t\u00e9s.\" \/>\n<meta name=\"robots\" content=\"index, follow, max-snippet:-1, max-image-preview:large, max-video-preview:-1\" \/>\n<link rel=\"canonical\" href=\"https:\/\/www.indigovenice.com\/fr\/venise\/evenements-a-venise\/\" \/>\n<meta property=\"og:locale\" content=\"fr_FR\" \/>\n<meta property=\"og:type\" content=\"article\" \/>\n<meta property=\"og:title\" content=\"\u00c9v\u00e9nements et expositions \u00e0 Venise - Hotel Indigo Venice Sant&#039;Elena\" \/>\n<meta property=\"og:description\" content=\"\u00c9v\u00e9nements, expositions, concerts, spectacles et f\u00eates\u00a0: toutes les informations et les dates pour un s\u00e9jour inoubliable \u00e0 Venise. D\u00e9couvrez Venise \u00e0 nos c\u00f4t\u00e9s.\" \/>\n<meta property=\"og:url\" content=\"https:\/\/www.indigovenice.com\/fr\/venise\/evenements-a-venise\/\" \/>\n<meta property=\"og:site_name\" content=\"Hotel Indigo Venice - Sant&#039;Elena\" \/>\n<meta property=\"article:modified_time\" content=\"2024-06-19T11:14:53+00:00\" \/>\n<meta name=\"twitter:card\" content=\"summary_large_image\" \/>\n<meta name=\"twitter:label1\" content=\"Dur\u00e9e de lecture estim\u00e9e\" \/>\n\t<meta name=\"twitter:data1\" content=\"1 minute\" \/>\n<script type=\"application\/ld+json\" class=\"yoast-schema-graph\">{\"@context\":\"https:\/\/schema.org\",\"@graph\":[{\"@type\":\"WebPage\",\"@id\":\"https:\/\/www.indigovenice.com\/fr\/venise\/evenements-a-venise\/\",\"url\":\"https:\/\/www.indigovenice.com\/fr\/venise\/evenements-a-venise\/\",\"name\":\"\u00c9v\u00e9nements et expositions \u00e0 Venise - Hotel Indigo Venice Sant'Elena\",\"isPartOf\":{\"@id\":\"https:\/\/www.indigovenice.com\/fr\/#website\"},\"datePublished\":\"2019-06-05T15:33:26+00:00\",\"dateModified\":\"2024-06-19T11:14:53+00:00\",\"description\":\"\u00c9v\u00e9nements, expositions, concerts, spectacles et f\u00eates\u00a0: toutes les informations et les dates pour un s\u00e9jour inoubliable \u00e0 Venise. D\u00e9couvrez Venise \u00e0 nos c\u00f4t\u00e9s.\",\"breadcrumb\":{\"@id\":\"https:\/\/www.indigovenice.com\/fr\/venise\/evenements-a-venise\/#breadcrumb\"},\"inLanguage\":\"fr-FR\",\"potentialAction\":[{\"@type\":\"ReadAction\",\"target\":[\"https:\/\/www.indigovenice.com\/fr\/venise\/evenements-a-venise\/\"]}]},{\"@type\":\"BreadcrumbList\",\"@id\":\"https:\/\/www.indigovenice.com\/fr\/venise\/evenements-a-venise\/#breadcrumb\",\"itemListElement\":[{\"@type\":\"ListItem\",\"position\":1,\"name\":\"Home\",\"item\":\"https:\/\/www.indigovenice.com\/fr\/\"},{\"@type\":\"ListItem\",\"position\":2,\"name\":\"Venise\",\"item\":\"https:\/\/www.indigovenice.com\/fr\/venise\/\"},{\"@type\":\"ListItem\",\"position\":3,\"name\":\"\u00c9v\u00e9nements \u00e0 Venise\"}]},{\"@type\":\"WebSite\",\"@id\":\"https:\/\/www.indigovenice.com\/fr\/#website\",\"url\":\"https:\/\/www.indigovenice.com\/fr\/\",\"name\":\"Hotel Indigo Venice - Sant'Elena\",\"description\":\"Just another ms.decms.eu site\",\"potentialAction\":[{\"@type\":\"SearchAction\",\"target\":{\"@type\":\"EntryPoint\",\"urlTemplate\":\"https:\/\/www.indigovenice.com\/fr\/?s={search_term_string}\"},\"query-input\":{\"@type\":\"PropertyValueSpecification\",\"valueRequired\":true,\"valueName\":\"search_term_string\"}}],\"inLanguage\":\"fr-FR\"}]}<\/script>\n<!-- \/ Yoast SEO plugin. -->","yoast_head_json":{"title":"\u00c9v\u00e9nements et expositions \u00e0 Venise - Hotel Indigo Venice Sant'Elena","description":"\u00c9v\u00e9nements, expositions, concerts, spectacles et f\u00eates\u00a0: toutes les informations et les dates pour un s\u00e9jour inoubliable \u00e0 Venise. D\u00e9couvrez Venise \u00e0 nos c\u00f4t\u00e9s.","robots":{"index":"index","follow":"follow","max-snippet":"max-snippet:-1","max-image-preview":"max-image-preview:large","max-video-preview":"max-video-preview:-1"},"canonical":"https:\/\/www.indigovenice.com\/fr\/venise\/evenements-a-venise\/","og_locale":"fr_FR","og_type":"article","og_title":"\u00c9v\u00e9nements et expositions \u00e0 Venise - Hotel Indigo Venice Sant'Elena","og_description":"\u00c9v\u00e9nements, expositions, concerts, spectacles et f\u00eates\u00a0: toutes les informations et les dates pour un s\u00e9jour inoubliable \u00e0 Venise. D\u00e9couvrez Venise \u00e0 nos c\u00f4t\u00e9s.","og_url":"https:\/\/www.indigovenice.com\/fr\/venise\/evenements-a-venise\/","og_site_name":"Hotel Indigo Venice - Sant'Elena","article_modified_time":"2024-06-19T11:14:53+00:00","twitter_card":"summary_large_image","twitter_misc":{"Dur\u00e9e de lecture estim\u00e9e":"1 minute"},"schema":{"@context":"https:\/\/schema.org","@graph":[{"@type":"WebPage","@id":"https:\/\/www.indigovenice.com\/fr\/venise\/evenements-a-venise\/","url":"https:\/\/www.indigovenice.com\/fr\/venise\/evenements-a-venise\/","name":"\u00c9v\u00e9nements et expositions \u00e0 Venise - Hotel Indigo Venice Sant'Elena","isPartOf":{"@id":"https:\/\/www.indigovenice.com\/fr\/#website"},"datePublished":"2019-06-05T15:33:26+00:00","dateModified":"2024-06-19T11:14:53+00:00","description":"\u00c9v\u00e9nements, expositions, concerts, spectacles et f\u00eates\u00a0: toutes les informations et les dates pour un s\u00e9jour inoubliable \u00e0 Venise. D\u00e9couvrez Venise \u00e0 nos c\u00f4t\u00e9s.","breadcrumb":{"@id":"https:\/\/www.indigovenice.com\/fr\/venise\/evenements-a-venise\/#breadcrumb"},"inLanguage":"fr-FR","potentialAction":[{"@type":"ReadAction","target":["https:\/\/www.indigovenice.com\/fr\/venise\/evenements-a-venise\/"]}]},{"@type":"BreadcrumbList","@id":"https:\/\/www.indigovenice.com\/fr\/venise\/evenements-a-venise\/#breadcrumb","itemListElement":[{"@type":"ListItem","position":1,"name":"Home","item":"https:\/\/www.indigovenice.com\/fr\/"},{"@type":"ListItem","position":2,"name":"Venise","item":"https:\/\/www.indigovenice.com\/fr\/venise\/"},{"@type":"ListItem","position":3,"name":"\u00c9v\u00e9nements \u00e0 Venise"}]},{"@type":"WebSite","@id":"https:\/\/www.indigovenice.com\/fr\/#website","url":"https:\/\/www.indigovenice.com\/fr\/","name":"Hotel Indigo Venice - Sant'Elena","description":"Just another ms.decms.eu site","potentialAction":[{"@type":"SearchAction","target":{"@type":"EntryPoint","urlTemplate":"https:\/\/www.indigovenice.com\/fr\/?s={search_term_string}"},"query-input":{"@type":"PropertyValueSpecification","valueRequired":true,"valueName":"search_term_string"}}],"inLanguage":"fr-FR"}]}},"acf":[],"_links":{"self":[{"href":"https:\/\/www.indigovenice.com\/fr\/wp-json\/wp\/v2\/pages\/561","targetHints":{"allow":["GET"]}}],"collection":[{"href":"https:\/\/www.indigovenice.com\/fr\/wp-json\/wp\/v2\/pages"}],"about":[{"href":"https:\/\/www.indigovenice.com\/fr\/wp-json\/wp\/v2\/types\/page"}],"author":[{"embeddable":true,"href":"https:\/\/www.indigovenice.com\/fr\/wp-json\/wp\/v2\/users\/7"}],"replies":[{"embeddable":true,"href":"https:\/\/www.indigovenice.com\/fr\/wp-json\/wp\/v2\/comments?post=561"}],"version-history":[{"count":0,"href":"https:\/\/www.indigovenice.com\/fr\/wp-json\/wp\/v2\/pages\/561\/revisions"}],"up":[{"embeddable":true,"href":"https:\/\/www.indigovenice.com\/fr\/wp-json\/wp\/v2\/pages\/533"}],"wp:attachment":[{"href":"https:\/\/www.indigovenice.com\/fr\/wp-json\/wp\/v2\/media?parent=561"}],"curies":[{"name":"wp","href":"https:\/\/api.w.org\/{rel}","templated":true}]}}