{"id":574,"date":"2019-06-05T16:01:37","date_gmt":"2019-06-05T16:01:37","guid":{"rendered":"http:\/\/st-elena.ms.decms.eu\/?page_id=574"},"modified":"2025-09-04T09:27:24","modified_gmt":"2025-09-04T09:27:24","slug":"shopping","status":"publish","type":"page","link":"https:\/\/www.indigovenice.com\/fr\/venise\/shopping\/","title":{"rendered":"Shopping"},"content":{"rendered":"<p>Bien entendu, vous y trouverez \u00e9galement les grands noms de la mode et de la bijouterie, qui poss\u00e8dent tous de superbes magasins dans le quartier de Saint-Marc. Ces boutiques sont essentiellement situ\u00e9es Calle Larga XXII Marzo et Mercerie, la zone du shopping qui relie la place Saint-Marc au pont du Rialto.<\/p>\n<p>Des boutiques et ateliers plus recherch\u00e9s se trouvent au Nord de Campo Santo Stefano et vendent souvenirs et articles cadeaux.<\/p>\n","protected":false},"excerpt":{"rendered":"<p>Bien entendu, vous y trouverez \u00e9galement les grands noms de la mode et de la bijouterie, qui poss\u00e8dent tous de superbes magasins dans le quartier de Saint-Marc. Ces boutiques sont essentiellement situ\u00e9es Calle Larga XXII Marzo et Mercerie, la zone du shopping qui relie la place Saint-Marc au pont du Rialto. Des boutiques et ateliers [&hellip;]<\/p>\n","protected":false},"author":7,"featured_media":0,"parent":533,"menu_order":2,"comment_status":"closed","ping_status":"closed","template":"template-venice-theme.php","meta":{"footnotes":""},"class_list":["post-574","page","type-page","status-publish","hentry"],"yoast_head":"<!-- This site is optimized with the Yoast SEO plugin v26.9 - https:\/\/yoast.com\/product\/yoast-seo-wordpress\/ -->\n<title>Shopping \u00e0 Venise | Hotel Indigo Venice Sant&#039;Elena<\/title>\n<meta name=\"description\" content=\"L\u2019Hotel Indigo Venice Sant\u2019Elena de Venise est proche des boutiques caract\u00e9ristiques de Venise ainsi que de Fondaco dei Tedeschi.\" \/>\n<meta name=\"robots\" content=\"index, follow, max-snippet:-1, max-image-preview:large, max-video-preview:-1\" \/>\n<link rel=\"canonical\" href=\"https:\/\/www.indigovenice.com\/fr\/venise\/shopping\/\" \/>\n<meta property=\"og:locale\" content=\"fr_FR\" \/>\n<meta property=\"og:type\" content=\"article\" \/>\n<meta property=\"og:title\" content=\"Shopping \u00e0 Venise | Hotel Indigo Venice Sant&#039;Elena\" \/>\n<meta property=\"og:description\" content=\"L\u2019Hotel Indigo Venice Sant\u2019Elena de Venise est proche des boutiques caract\u00e9ristiques de Venise ainsi que de Fondaco dei Tedeschi.\" \/>\n<meta property=\"og:url\" content=\"https:\/\/www.indigovenice.com\/fr\/venise\/shopping\/\" \/>\n<meta property=\"og:site_name\" content=\"Hotel Indigo Venice - Sant&#039;Elena\" \/>\n<meta property=\"article:modified_time\" content=\"2025-09-04T09:27:24+00:00\" \/>\n<meta name=\"twitter:card\" content=\"summary_large_image\" \/>\n<meta name=\"twitter:label1\" content=\"Dur\u00e9e de lecture estim\u00e9e\" \/>\n\t<meta name=\"twitter:data1\" content=\"1 minute\" \/>\n<script type=\"application\/ld+json\" class=\"yoast-schema-graph\">{\"@context\":\"https:\/\/schema.org\",\"@graph\":[{\"@type\":\"WebPage\",\"@id\":\"https:\/\/www.indigovenice.com\/fr\/venise\/shopping\/\",\"url\":\"https:\/\/www.indigovenice.com\/fr\/venise\/shopping\/\",\"name\":\"Shopping \u00e0 Venise | Hotel Indigo Venice Sant'Elena\",\"isPartOf\":{\"@id\":\"https:\/\/www.indigovenice.com\/fr\/#website\"},\"datePublished\":\"2019-06-05T16:01:37+00:00\",\"dateModified\":\"2025-09-04T09:27:24+00:00\",\"description\":\"L\u2019Hotel Indigo Venice Sant\u2019Elena de Venise est proche des boutiques caract\u00e9ristiques de Venise ainsi que de Fondaco dei Tedeschi.\",\"breadcrumb\":{\"@id\":\"https:\/\/www.indigovenice.com\/fr\/venise\/shopping\/#breadcrumb\"},\"inLanguage\":\"fr-FR\",\"potentialAction\":[{\"@type\":\"ReadAction\",\"target\":[\"https:\/\/www.indigovenice.com\/fr\/venise\/shopping\/\"]}]},{\"@type\":\"BreadcrumbList\",\"@id\":\"https:\/\/www.indigovenice.com\/fr\/venise\/shopping\/#breadcrumb\",\"itemListElement\":[{\"@type\":\"ListItem\",\"position\":1,\"name\":\"Home\",\"item\":\"https:\/\/www.indigovenice.com\/fr\/\"},{\"@type\":\"ListItem\",\"position\":2,\"name\":\"Venise\",\"item\":\"https:\/\/www.indigovenice.com\/fr\/venise\/\"},{\"@type\":\"ListItem\",\"position\":3,\"name\":\"Shopping\"}]},{\"@type\":\"WebSite\",\"@id\":\"https:\/\/www.indigovenice.com\/fr\/#website\",\"url\":\"https:\/\/www.indigovenice.com\/fr\/\",\"name\":\"Hotel Indigo Venice - Sant'Elena\",\"description\":\"Just another ms.decms.eu site\",\"potentialAction\":[{\"@type\":\"SearchAction\",\"target\":{\"@type\":\"EntryPoint\",\"urlTemplate\":\"https:\/\/www.indigovenice.com\/fr\/?s={search_term_string}\"},\"query-input\":{\"@type\":\"PropertyValueSpecification\",\"valueRequired\":true,\"valueName\":\"search_term_string\"}}],\"inLanguage\":\"fr-FR\"}]}<\/script>\n<!-- \/ Yoast SEO plugin. -->","yoast_head_json":{"title":"Shopping \u00e0 Venise | Hotel Indigo Venice Sant'Elena","description":"L\u2019Hotel Indigo Venice Sant\u2019Elena de Venise est proche des boutiques caract\u00e9ristiques de Venise ainsi que de Fondaco dei Tedeschi.","robots":{"index":"index","follow":"follow","max-snippet":"max-snippet:-1","max-image-preview":"max-image-preview:large","max-video-preview":"max-video-preview:-1"},"canonical":"https:\/\/www.indigovenice.com\/fr\/venise\/shopping\/","og_locale":"fr_FR","og_type":"article","og_title":"Shopping \u00e0 Venise | Hotel Indigo Venice Sant'Elena","og_description":"L\u2019Hotel Indigo Venice Sant\u2019Elena de Venise est proche des boutiques caract\u00e9ristiques de Venise ainsi que de Fondaco dei Tedeschi.","og_url":"https:\/\/www.indigovenice.com\/fr\/venise\/shopping\/","og_site_name":"Hotel Indigo Venice - Sant'Elena","article_modified_time":"2025-09-04T09:27:24+00:00","twitter_card":"summary_large_image","twitter_misc":{"Dur\u00e9e de lecture estim\u00e9e":"1 minute"},"schema":{"@context":"https:\/\/schema.org","@graph":[{"@type":"WebPage","@id":"https:\/\/www.indigovenice.com\/fr\/venise\/shopping\/","url":"https:\/\/www.indigovenice.com\/fr\/venise\/shopping\/","name":"Shopping \u00e0 Venise | Hotel Indigo Venice Sant'Elena","isPartOf":{"@id":"https:\/\/www.indigovenice.com\/fr\/#website"},"datePublished":"2019-06-05T16:01:37+00:00","dateModified":"2025-09-04T09:27:24+00:00","description":"L\u2019Hotel Indigo Venice Sant\u2019Elena de Venise est proche des boutiques caract\u00e9ristiques de Venise ainsi que de Fondaco dei Tedeschi.","breadcrumb":{"@id":"https:\/\/www.indigovenice.com\/fr\/venise\/shopping\/#breadcrumb"},"inLanguage":"fr-FR","potentialAction":[{"@type":"ReadAction","target":["https:\/\/www.indigovenice.com\/fr\/venise\/shopping\/"]}]},{"@type":"BreadcrumbList","@id":"https:\/\/www.indigovenice.com\/fr\/venise\/shopping\/#breadcrumb","itemListElement":[{"@type":"ListItem","position":1,"name":"Home","item":"https:\/\/www.indigovenice.com\/fr\/"},{"@type":"ListItem","position":2,"name":"Venise","item":"https:\/\/www.indigovenice.com\/fr\/venise\/"},{"@type":"ListItem","position":3,"name":"Shopping"}]},{"@type":"WebSite","@id":"https:\/\/www.indigovenice.com\/fr\/#website","url":"https:\/\/www.indigovenice.com\/fr\/","name":"Hotel Indigo Venice - Sant'Elena","description":"Just another ms.decms.eu site","potentialAction":[{"@type":"SearchAction","target":{"@type":"EntryPoint","urlTemplate":"https:\/\/www.indigovenice.com\/fr\/?s={search_term_string}"},"query-input":{"@type":"PropertyValueSpecification","valueRequired":true,"valueName":"search_term_string"}}],"inLanguage":"fr-FR"}]}},"acf":[],"_links":{"self":[{"href":"https:\/\/www.indigovenice.com\/fr\/wp-json\/wp\/v2\/pages\/574","targetHints":{"allow":["GET"]}}],"collection":[{"href":"https:\/\/www.indigovenice.com\/fr\/wp-json\/wp\/v2\/pages"}],"about":[{"href":"https:\/\/www.indigovenice.com\/fr\/wp-json\/wp\/v2\/types\/page"}],"author":[{"embeddable":true,"href":"https:\/\/www.indigovenice.com\/fr\/wp-json\/wp\/v2\/users\/7"}],"replies":[{"embeddable":true,"href":"https:\/\/www.indigovenice.com\/fr\/wp-json\/wp\/v2\/comments?post=574"}],"version-history":[{"count":0,"href":"https:\/\/www.indigovenice.com\/fr\/wp-json\/wp\/v2\/pages\/574\/revisions"}],"up":[{"embeddable":true,"href":"https:\/\/www.indigovenice.com\/fr\/wp-json\/wp\/v2\/pages\/533"}],"wp:attachment":[{"href":"https:\/\/www.indigovenice.com\/fr\/wp-json\/wp\/v2\/media?parent=574"}],"curies":[{"name":"wp","href":"https:\/\/api.w.org\/{rel}","templated":true}]}}