{"id":580,"date":"2019-06-05T19:46:18","date_gmt":"2019-06-05T19:46:18","guid":{"rendered":"http:\/\/st-elena.ms.decms.eu\/?page_id=580"},"modified":"2019-06-21T09:35:23","modified_gmt":"2019-06-21T09:35:23","slug":"iles-de-venise","status":"publish","type":"page","link":"https:\/\/www.indigovenice.com\/fr\/venise\/iles-de-venise\/","title":{"rendered":"\u00celes de Venise"},"content":{"rendered":"<p>Ais\u00e9ment accessibles depuis notre h\u00f4tel et visit\u00e9es par peu de touristes, les petites \u00eeles du Nord de la lagune sont des joyaux qui poss\u00e8dent chacune une histoire et un charme qui leur sont propres. Les traditions y sont encore bien ancr\u00e9es et vous y d\u00e9couvrirez une autre Venise, moins monumentale mais tout aussi fascinante.<\/p>\n","protected":false},"excerpt":{"rendered":"<p>Ais\u00e9ment accessibles depuis notre h\u00f4tel et visit\u00e9es par peu de touristes, les petites \u00eeles du Nord de la lagune sont des joyaux qui poss\u00e8dent chacune une histoire et un charme qui leur sont propres. Les traditions y sont encore bien ancr\u00e9es et vous y d\u00e9couvrirez une autre Venise, moins monumentale mais tout aussi fascinante.<\/p>\n","protected":false},"author":7,"featured_media":0,"parent":533,"menu_order":3,"comment_status":"closed","ping_status":"closed","template":"template-venice-theme.php","meta":{"footnotes":""},"class_list":["post-580","page","type-page","status-publish","hentry"],"yoast_head":"<!-- This site is optimized with the Yoast SEO plugin v26.9 - https:\/\/yoast.com\/product\/yoast-seo-wordpress\/ -->\n<title>H\u00f4tel \u00e0 Venise pr\u00e8s bateau Murano et Burano | Hotel Indigo Venice<\/title>\n<meta name=\"description\" content=\"L\u2019emplacement de l\u2019Hotel Indigo Venice Sant\u2019Elena est parfait pour visiter les \u00eeles toutes proches de Murano et Burano, s\u00e9par\u00e9es par un court trajet en ferry\" \/>\n<meta name=\"robots\" content=\"index, follow, max-snippet:-1, max-image-preview:large, max-video-preview:-1\" \/>\n<link rel=\"canonical\" href=\"https:\/\/www.indigovenice.com\/fr\/venise\/iles-de-venise\/\" \/>\n<meta property=\"og:locale\" content=\"fr_FR\" \/>\n<meta property=\"og:type\" content=\"article\" \/>\n<meta property=\"og:title\" content=\"H\u00f4tel \u00e0 Venise pr\u00e8s bateau Murano et Burano | Hotel Indigo Venice\" \/>\n<meta property=\"og:description\" content=\"L\u2019emplacement de l\u2019Hotel Indigo Venice Sant\u2019Elena est parfait pour visiter les \u00eeles toutes proches de Murano et Burano, s\u00e9par\u00e9es par un court trajet en ferry\" \/>\n<meta property=\"og:url\" content=\"https:\/\/www.indigovenice.com\/fr\/venise\/iles-de-venise\/\" \/>\n<meta property=\"og:site_name\" content=\"Hotel Indigo Venice - Sant&#039;Elena\" \/>\n<meta property=\"article:modified_time\" content=\"2019-06-21T09:35:23+00:00\" \/>\n<meta name=\"twitter:card\" content=\"summary_large_image\" \/>\n<script type=\"application\/ld+json\" class=\"yoast-schema-graph\">{\"@context\":\"https:\/\/schema.org\",\"@graph\":[{\"@type\":\"WebPage\",\"@id\":\"https:\/\/www.indigovenice.com\/fr\/venise\/iles-de-venise\/\",\"url\":\"https:\/\/www.indigovenice.com\/fr\/venise\/iles-de-venise\/\",\"name\":\"H\u00f4tel \u00e0 Venise pr\u00e8s bateau Murano et Burano | Hotel Indigo Venice\",\"isPartOf\":{\"@id\":\"https:\/\/www.indigovenice.com\/fr\/#website\"},\"datePublished\":\"2019-06-05T19:46:18+00:00\",\"dateModified\":\"2019-06-21T09:35:23+00:00\",\"description\":\"L\u2019emplacement de l\u2019Hotel Indigo Venice Sant\u2019Elena est parfait pour visiter les \u00eeles toutes proches de Murano et Burano, s\u00e9par\u00e9es par un court trajet en ferry\",\"breadcrumb\":{\"@id\":\"https:\/\/www.indigovenice.com\/fr\/venise\/iles-de-venise\/#breadcrumb\"},\"inLanguage\":\"fr-FR\",\"potentialAction\":[{\"@type\":\"ReadAction\",\"target\":[\"https:\/\/www.indigovenice.com\/fr\/venise\/iles-de-venise\/\"]}]},{\"@type\":\"BreadcrumbList\",\"@id\":\"https:\/\/www.indigovenice.com\/fr\/venise\/iles-de-venise\/#breadcrumb\",\"itemListElement\":[{\"@type\":\"ListItem\",\"position\":1,\"name\":\"Home\",\"item\":\"https:\/\/www.indigovenice.com\/fr\/\"},{\"@type\":\"ListItem\",\"position\":2,\"name\":\"Venise\",\"item\":\"https:\/\/www.indigovenice.com\/fr\/venise\/\"},{\"@type\":\"ListItem\",\"position\":3,\"name\":\"\u00celes de Venise\"}]},{\"@type\":\"WebSite\",\"@id\":\"https:\/\/www.indigovenice.com\/fr\/#website\",\"url\":\"https:\/\/www.indigovenice.com\/fr\/\",\"name\":\"Hotel Indigo Venice - Sant'Elena\",\"description\":\"Just another ms.decms.eu site\",\"potentialAction\":[{\"@type\":\"SearchAction\",\"target\":{\"@type\":\"EntryPoint\",\"urlTemplate\":\"https:\/\/www.indigovenice.com\/fr\/?s={search_term_string}\"},\"query-input\":{\"@type\":\"PropertyValueSpecification\",\"valueRequired\":true,\"valueName\":\"search_term_string\"}}],\"inLanguage\":\"fr-FR\"}]}<\/script>\n<!-- \/ Yoast SEO plugin. -->","yoast_head_json":{"title":"H\u00f4tel \u00e0 Venise pr\u00e8s bateau Murano et Burano | Hotel Indigo Venice","description":"L\u2019emplacement de l\u2019Hotel Indigo Venice Sant\u2019Elena est parfait pour visiter les \u00eeles toutes proches de Murano et Burano, s\u00e9par\u00e9es par un court trajet en ferry","robots":{"index":"index","follow":"follow","max-snippet":"max-snippet:-1","max-image-preview":"max-image-preview:large","max-video-preview":"max-video-preview:-1"},"canonical":"https:\/\/www.indigovenice.com\/fr\/venise\/iles-de-venise\/","og_locale":"fr_FR","og_type":"article","og_title":"H\u00f4tel \u00e0 Venise pr\u00e8s bateau Murano et Burano | Hotel Indigo Venice","og_description":"L\u2019emplacement de l\u2019Hotel Indigo Venice Sant\u2019Elena est parfait pour visiter les \u00eeles toutes proches de Murano et Burano, s\u00e9par\u00e9es par un court trajet en ferry","og_url":"https:\/\/www.indigovenice.com\/fr\/venise\/iles-de-venise\/","og_site_name":"Hotel Indigo Venice - Sant'Elena","article_modified_time":"2019-06-21T09:35:23+00:00","twitter_card":"summary_large_image","schema":{"@context":"https:\/\/schema.org","@graph":[{"@type":"WebPage","@id":"https:\/\/www.indigovenice.com\/fr\/venise\/iles-de-venise\/","url":"https:\/\/www.indigovenice.com\/fr\/venise\/iles-de-venise\/","name":"H\u00f4tel \u00e0 Venise pr\u00e8s bateau Murano et Burano | Hotel Indigo Venice","isPartOf":{"@id":"https:\/\/www.indigovenice.com\/fr\/#website"},"datePublished":"2019-06-05T19:46:18+00:00","dateModified":"2019-06-21T09:35:23+00:00","description":"L\u2019emplacement de l\u2019Hotel Indigo Venice Sant\u2019Elena est parfait pour visiter les \u00eeles toutes proches de Murano et Burano, s\u00e9par\u00e9es par un court trajet en ferry","breadcrumb":{"@id":"https:\/\/www.indigovenice.com\/fr\/venise\/iles-de-venise\/#breadcrumb"},"inLanguage":"fr-FR","potentialAction":[{"@type":"ReadAction","target":["https:\/\/www.indigovenice.com\/fr\/venise\/iles-de-venise\/"]}]},{"@type":"BreadcrumbList","@id":"https:\/\/www.indigovenice.com\/fr\/venise\/iles-de-venise\/#breadcrumb","itemListElement":[{"@type":"ListItem","position":1,"name":"Home","item":"https:\/\/www.indigovenice.com\/fr\/"},{"@type":"ListItem","position":2,"name":"Venise","item":"https:\/\/www.indigovenice.com\/fr\/venise\/"},{"@type":"ListItem","position":3,"name":"\u00celes de Venise"}]},{"@type":"WebSite","@id":"https:\/\/www.indigovenice.com\/fr\/#website","url":"https:\/\/www.indigovenice.com\/fr\/","name":"Hotel Indigo Venice - Sant'Elena","description":"Just another ms.decms.eu site","potentialAction":[{"@type":"SearchAction","target":{"@type":"EntryPoint","urlTemplate":"https:\/\/www.indigovenice.com\/fr\/?s={search_term_string}"},"query-input":{"@type":"PropertyValueSpecification","valueRequired":true,"valueName":"search_term_string"}}],"inLanguage":"fr-FR"}]}},"acf":[],"_links":{"self":[{"href":"https:\/\/www.indigovenice.com\/fr\/wp-json\/wp\/v2\/pages\/580","targetHints":{"allow":["GET"]}}],"collection":[{"href":"https:\/\/www.indigovenice.com\/fr\/wp-json\/wp\/v2\/pages"}],"about":[{"href":"https:\/\/www.indigovenice.com\/fr\/wp-json\/wp\/v2\/types\/page"}],"author":[{"embeddable":true,"href":"https:\/\/www.indigovenice.com\/fr\/wp-json\/wp\/v2\/users\/7"}],"replies":[{"embeddable":true,"href":"https:\/\/www.indigovenice.com\/fr\/wp-json\/wp\/v2\/comments?post=580"}],"version-history":[{"count":0,"href":"https:\/\/www.indigovenice.com\/fr\/wp-json\/wp\/v2\/pages\/580\/revisions"}],"up":[{"embeddable":true,"href":"https:\/\/www.indigovenice.com\/fr\/wp-json\/wp\/v2\/pages\/533"}],"wp:attachment":[{"href":"https:\/\/www.indigovenice.com\/fr\/wp-json\/wp\/v2\/media?parent=580"}],"curies":[{"name":"wp","href":"https:\/\/api.w.org\/{rel}","templated":true}]}}