{"id":599,"date":"2019-06-05T20:40:29","date_gmt":"2019-06-05T20:40:29","guid":{"rendered":"http:\/\/st-elena.ms.decms.eu\/?page_id=599"},"modified":"2022-01-21T15:31:53","modified_gmt":"2022-01-21T15:31:53","slug":"marathon-de-venise","status":"publish","type":"page","link":"https:\/\/www.indigovenice.com\/fr\/venise\/marathon-de-venise\/","title":{"rendered":"Marathon de Venise"},"content":{"rendered":"<p>Le Marathon de Venise est une course connue dans le monde entier, et dont le programme d&rsquo;\u00e9v\u00e9nements et d&rsquo;initiatives attire un public nombreux.<\/p>\n<p>La course commence \u00e0 Stra, pr\u00e8s de Padoue, suit les rives de la Riviera du Brenta et aboutit au centre de Venise apr\u00e8s avoir travers\u00e9 la place Saint-Marc et la Riva dei Sette Martiri, \u00e0 quelques minutes de notre h\u00f4tel.<\/p>\n","protected":false},"excerpt":{"rendered":"<p>Le Marathon de Venise est une course connue dans le monde entier, et dont le programme d&rsquo;\u00e9v\u00e9nements et d&rsquo;initiatives attire un public nombreux. La course commence \u00e0 Stra, pr\u00e8s de Padoue, suit les rives de la Riviera du Brenta et aboutit au centre de Venise apr\u00e8s avoir travers\u00e9 la place Saint-Marc et la Riva dei [&hellip;]<\/p>\n","protected":false},"author":7,"featured_media":0,"parent":533,"menu_order":5,"comment_status":"closed","ping_status":"closed","template":"template-venice-theme.php","meta":{"footnotes":""},"class_list":["post-599","page","type-page","status-publish","hentry"],"yoast_head":"<!-- This site is optimized with the Yoast SEO plugin v26.9 - https:\/\/yoast.com\/product\/yoast-seo-wordpress\/ -->\n<title>H\u00f4tel 4* pr\u00e8s Marathon de Venise | Hotel Indigo Venice Sant&#039;Elena<\/title>\n<meta name=\"description\" content=\"Le village du marathon de Venice se trouve Riva Sette Martiri, \u00e0 quelques pas de l\u2019Hotel Indigo Venice Sant&#039;Elena.\" \/>\n<meta name=\"robots\" content=\"index, follow, max-snippet:-1, max-image-preview:large, max-video-preview:-1\" \/>\n<link rel=\"canonical\" href=\"https:\/\/www.indigovenice.com\/fr\/venise\/marathon-de-venise\/\" \/>\n<meta property=\"og:locale\" content=\"fr_FR\" \/>\n<meta property=\"og:type\" content=\"article\" \/>\n<meta property=\"og:title\" content=\"H\u00f4tel 4* pr\u00e8s Marathon de Venise | Hotel Indigo Venice Sant&#039;Elena\" \/>\n<meta property=\"og:description\" content=\"Le village du marathon de Venice se trouve Riva Sette Martiri, \u00e0 quelques pas de l\u2019Hotel Indigo Venice Sant&#039;Elena.\" \/>\n<meta property=\"og:url\" content=\"https:\/\/www.indigovenice.com\/fr\/venise\/marathon-de-venise\/\" \/>\n<meta property=\"og:site_name\" content=\"Hotel Indigo Venice - Sant&#039;Elena\" \/>\n<meta property=\"article:modified_time\" content=\"2022-01-21T15:31:53+00:00\" \/>\n<meta name=\"twitter:card\" content=\"summary_large_image\" \/>\n<script type=\"application\/ld+json\" class=\"yoast-schema-graph\">{\"@context\":\"https:\/\/schema.org\",\"@graph\":[{\"@type\":\"WebPage\",\"@id\":\"https:\/\/www.indigovenice.com\/fr\/venise\/marathon-de-venise\/\",\"url\":\"https:\/\/www.indigovenice.com\/fr\/venise\/marathon-de-venise\/\",\"name\":\"H\u00f4tel 4* pr\u00e8s Marathon de Venise | Hotel Indigo Venice Sant'Elena\",\"isPartOf\":{\"@id\":\"https:\/\/www.indigovenice.com\/fr\/#website\"},\"datePublished\":\"2019-06-05T20:40:29+00:00\",\"dateModified\":\"2022-01-21T15:31:53+00:00\",\"description\":\"Le village du marathon de Venice se trouve Riva Sette Martiri, \u00e0 quelques pas de l\u2019Hotel Indigo Venice Sant'Elena.\",\"breadcrumb\":{\"@id\":\"https:\/\/www.indigovenice.com\/fr\/venise\/marathon-de-venise\/#breadcrumb\"},\"inLanguage\":\"fr-FR\",\"potentialAction\":[{\"@type\":\"ReadAction\",\"target\":[\"https:\/\/www.indigovenice.com\/fr\/venise\/marathon-de-venise\/\"]}]},{\"@type\":\"BreadcrumbList\",\"@id\":\"https:\/\/www.indigovenice.com\/fr\/venise\/marathon-de-venise\/#breadcrumb\",\"itemListElement\":[{\"@type\":\"ListItem\",\"position\":1,\"name\":\"Home\",\"item\":\"https:\/\/www.indigovenice.com\/fr\/\"},{\"@type\":\"ListItem\",\"position\":2,\"name\":\"Venise\",\"item\":\"https:\/\/www.indigovenice.com\/fr\/venise\/\"},{\"@type\":\"ListItem\",\"position\":3,\"name\":\"Marathon de Venise\"}]},{\"@type\":\"WebSite\",\"@id\":\"https:\/\/www.indigovenice.com\/fr\/#website\",\"url\":\"https:\/\/www.indigovenice.com\/fr\/\",\"name\":\"Hotel Indigo Venice - Sant'Elena\",\"description\":\"Just another ms.decms.eu site\",\"potentialAction\":[{\"@type\":\"SearchAction\",\"target\":{\"@type\":\"EntryPoint\",\"urlTemplate\":\"https:\/\/www.indigovenice.com\/fr\/?s={search_term_string}\"},\"query-input\":{\"@type\":\"PropertyValueSpecification\",\"valueRequired\":true,\"valueName\":\"search_term_string\"}}],\"inLanguage\":\"fr-FR\"}]}<\/script>\n<!-- \/ Yoast SEO plugin. -->","yoast_head_json":{"title":"H\u00f4tel 4* pr\u00e8s Marathon de Venise | Hotel Indigo Venice Sant'Elena","description":"Le village du marathon de Venice se trouve Riva Sette Martiri, \u00e0 quelques pas de l\u2019Hotel Indigo Venice Sant'Elena.","robots":{"index":"index","follow":"follow","max-snippet":"max-snippet:-1","max-image-preview":"max-image-preview:large","max-video-preview":"max-video-preview:-1"},"canonical":"https:\/\/www.indigovenice.com\/fr\/venise\/marathon-de-venise\/","og_locale":"fr_FR","og_type":"article","og_title":"H\u00f4tel 4* pr\u00e8s Marathon de Venise | Hotel Indigo Venice Sant'Elena","og_description":"Le village du marathon de Venice se trouve Riva Sette Martiri, \u00e0 quelques pas de l\u2019Hotel Indigo Venice Sant'Elena.","og_url":"https:\/\/www.indigovenice.com\/fr\/venise\/marathon-de-venise\/","og_site_name":"Hotel Indigo Venice - Sant'Elena","article_modified_time":"2022-01-21T15:31:53+00:00","twitter_card":"summary_large_image","schema":{"@context":"https:\/\/schema.org","@graph":[{"@type":"WebPage","@id":"https:\/\/www.indigovenice.com\/fr\/venise\/marathon-de-venise\/","url":"https:\/\/www.indigovenice.com\/fr\/venise\/marathon-de-venise\/","name":"H\u00f4tel 4* pr\u00e8s Marathon de Venise | Hotel Indigo Venice Sant'Elena","isPartOf":{"@id":"https:\/\/www.indigovenice.com\/fr\/#website"},"datePublished":"2019-06-05T20:40:29+00:00","dateModified":"2022-01-21T15:31:53+00:00","description":"Le village du marathon de Venice se trouve Riva Sette Martiri, \u00e0 quelques pas de l\u2019Hotel Indigo Venice Sant'Elena.","breadcrumb":{"@id":"https:\/\/www.indigovenice.com\/fr\/venise\/marathon-de-venise\/#breadcrumb"},"inLanguage":"fr-FR","potentialAction":[{"@type":"ReadAction","target":["https:\/\/www.indigovenice.com\/fr\/venise\/marathon-de-venise\/"]}]},{"@type":"BreadcrumbList","@id":"https:\/\/www.indigovenice.com\/fr\/venise\/marathon-de-venise\/#breadcrumb","itemListElement":[{"@type":"ListItem","position":1,"name":"Home","item":"https:\/\/www.indigovenice.com\/fr\/"},{"@type":"ListItem","position":2,"name":"Venise","item":"https:\/\/www.indigovenice.com\/fr\/venise\/"},{"@type":"ListItem","position":3,"name":"Marathon de Venise"}]},{"@type":"WebSite","@id":"https:\/\/www.indigovenice.com\/fr\/#website","url":"https:\/\/www.indigovenice.com\/fr\/","name":"Hotel Indigo Venice - Sant'Elena","description":"Just another ms.decms.eu site","potentialAction":[{"@type":"SearchAction","target":{"@type":"EntryPoint","urlTemplate":"https:\/\/www.indigovenice.com\/fr\/?s={search_term_string}"},"query-input":{"@type":"PropertyValueSpecification","valueRequired":true,"valueName":"search_term_string"}}],"inLanguage":"fr-FR"}]}},"acf":[],"_links":{"self":[{"href":"https:\/\/www.indigovenice.com\/fr\/wp-json\/wp\/v2\/pages\/599","targetHints":{"allow":["GET"]}}],"collection":[{"href":"https:\/\/www.indigovenice.com\/fr\/wp-json\/wp\/v2\/pages"}],"about":[{"href":"https:\/\/www.indigovenice.com\/fr\/wp-json\/wp\/v2\/types\/page"}],"author":[{"embeddable":true,"href":"https:\/\/www.indigovenice.com\/fr\/wp-json\/wp\/v2\/users\/7"}],"replies":[{"embeddable":true,"href":"https:\/\/www.indigovenice.com\/fr\/wp-json\/wp\/v2\/comments?post=599"}],"version-history":[{"count":0,"href":"https:\/\/www.indigovenice.com\/fr\/wp-json\/wp\/v2\/pages\/599\/revisions"}],"up":[{"embeddable":true,"href":"https:\/\/www.indigovenice.com\/fr\/wp-json\/wp\/v2\/pages\/533"}],"wp:attachment":[{"href":"https:\/\/www.indigovenice.com\/fr\/wp-json\/wp\/v2\/media?parent=599"}],"curies":[{"name":"wp","href":"https:\/\/api.w.org\/{rel}","templated":true}]}}