{"id":604,"date":"2019-06-05T20:58:57","date_gmt":"2019-06-05T20:58:57","guid":{"rendered":"http:\/\/st-elena.ms.decms.eu\/?page_id=604"},"modified":"2019-06-10T16:03:28","modified_gmt":"2019-06-10T16:03:28","slug":"lido-de-venise","status":"publish","type":"page","link":"https:\/\/www.indigovenice.com\/fr\/venise\/lido-de-venise\/","title":{"rendered":"Lido de Venise"},"content":{"rendered":"<p>D\u00e9limit\u00e9 par les ports de San Nicol\u00f2 et Malamocco, il est reli\u00e9 \u00e0 la terre ferme par vaporetto  et est l&rsquo;une des rares \u00eeles de la lagune \u00e0 comprendre des routes carrossables.<\/p>\n<p>L&rsquo;architecture du Lido se caract\u00e9rise par ses \u00e9difices Liberty et ses parcs verdoyants. Mais le Lido doit avant tout sa renomm\u00e9e aux dunes naturelles de sable fin et dor\u00e9 et \u00e0 ses plages \u00e0 la mer paisible, gr\u00e2ce aux deux grandes digues de San Nicol\u00f2 (au Nord) et Alberoni (au Sud) et aux nombreuses autres qui s&rsquo;\u00e9lancent de la plage vers la mer.<\/p>\n","protected":false},"excerpt":{"rendered":"<p>D\u00e9limit\u00e9 par les ports de San Nicol\u00f2 et Malamocco, il est reli\u00e9 \u00e0 la terre ferme par vaporetto et est l&rsquo;une des rares \u00eeles de la lagune \u00e0 comprendre des routes carrossables. L&rsquo;architecture du Lido se caract\u00e9rise par ses \u00e9difices Liberty et ses parcs verdoyants. Mais le Lido doit avant tout sa renomm\u00e9e aux dunes [&hellip;]<\/p>\n","protected":false},"author":7,"featured_media":0,"parent":533,"menu_order":6,"comment_status":"closed","ping_status":"closed","template":"template-venice-theme.php","meta":{"footnotes":""},"class_list":["post-604","page","type-page","status-publish","hentry"],"yoast_head":"<!-- This site is optimized with the Yoast SEO plugin v26.9 - https:\/\/yoast.com\/product\/yoast-seo-wordpress\/ -->\n<title>H\u00f4tel 4* pr\u00e8s du Lido de Venise | Hotel Indigo Venice Sant&#039;Elena<\/title>\n<meta name=\"description\" content=\"L\u2019Hotel Indigo Venice Sant&#039;Elena est l\u2019id\u00e9al pour les fanatiques de cin\u00e9ma, le Lido et le Festival international du film sont \u00e0 5 minutes en vaporetto.\" \/>\n<meta name=\"robots\" content=\"index, follow, max-snippet:-1, max-image-preview:large, max-video-preview:-1\" \/>\n<link rel=\"canonical\" href=\"https:\/\/www.indigovenice.com\/fr\/venise\/lido-de-venise\/\" \/>\n<meta property=\"og:locale\" content=\"fr_FR\" \/>\n<meta property=\"og:type\" content=\"article\" \/>\n<meta property=\"og:title\" content=\"H\u00f4tel 4* pr\u00e8s du Lido de Venise | Hotel Indigo Venice Sant&#039;Elena\" \/>\n<meta property=\"og:description\" content=\"L\u2019Hotel Indigo Venice Sant&#039;Elena est l\u2019id\u00e9al pour les fanatiques de cin\u00e9ma, le Lido et le Festival international du film sont \u00e0 5 minutes en vaporetto.\" \/>\n<meta property=\"og:url\" content=\"https:\/\/www.indigovenice.com\/fr\/venise\/lido-de-venise\/\" \/>\n<meta property=\"og:site_name\" content=\"Hotel Indigo Venice - Sant&#039;Elena\" \/>\n<meta property=\"article:modified_time\" content=\"2019-06-10T16:03:28+00:00\" \/>\n<meta name=\"twitter:card\" content=\"summary_large_image\" \/>\n<script type=\"application\/ld+json\" class=\"yoast-schema-graph\">{\"@context\":\"https:\/\/schema.org\",\"@graph\":[{\"@type\":\"WebPage\",\"@id\":\"https:\/\/www.indigovenice.com\/fr\/venise\/lido-de-venise\/\",\"url\":\"https:\/\/www.indigovenice.com\/fr\/venise\/lido-de-venise\/\",\"name\":\"H\u00f4tel 4* pr\u00e8s du Lido de Venise | Hotel Indigo Venice Sant'Elena\",\"isPartOf\":{\"@id\":\"https:\/\/www.indigovenice.com\/fr\/#website\"},\"datePublished\":\"2019-06-05T20:58:57+00:00\",\"dateModified\":\"2019-06-10T16:03:28+00:00\",\"description\":\"L\u2019Hotel Indigo Venice Sant'Elena est l\u2019id\u00e9al pour les fanatiques de cin\u00e9ma, le Lido et le Festival international du film sont \u00e0 5 minutes en vaporetto.\",\"breadcrumb\":{\"@id\":\"https:\/\/www.indigovenice.com\/fr\/venise\/lido-de-venise\/#breadcrumb\"},\"inLanguage\":\"fr-FR\",\"potentialAction\":[{\"@type\":\"ReadAction\",\"target\":[\"https:\/\/www.indigovenice.com\/fr\/venise\/lido-de-venise\/\"]}]},{\"@type\":\"BreadcrumbList\",\"@id\":\"https:\/\/www.indigovenice.com\/fr\/venise\/lido-de-venise\/#breadcrumb\",\"itemListElement\":[{\"@type\":\"ListItem\",\"position\":1,\"name\":\"Home\",\"item\":\"https:\/\/www.indigovenice.com\/fr\/\"},{\"@type\":\"ListItem\",\"position\":2,\"name\":\"Venise\",\"item\":\"https:\/\/www.indigovenice.com\/fr\/venise\/\"},{\"@type\":\"ListItem\",\"position\":3,\"name\":\"Lido de Venise\"}]},{\"@type\":\"WebSite\",\"@id\":\"https:\/\/www.indigovenice.com\/fr\/#website\",\"url\":\"https:\/\/www.indigovenice.com\/fr\/\",\"name\":\"Hotel Indigo Venice - Sant'Elena\",\"description\":\"Just another ms.decms.eu site\",\"potentialAction\":[{\"@type\":\"SearchAction\",\"target\":{\"@type\":\"EntryPoint\",\"urlTemplate\":\"https:\/\/www.indigovenice.com\/fr\/?s={search_term_string}\"},\"query-input\":{\"@type\":\"PropertyValueSpecification\",\"valueRequired\":true,\"valueName\":\"search_term_string\"}}],\"inLanguage\":\"fr-FR\"}]}<\/script>\n<!-- \/ Yoast SEO plugin. -->","yoast_head_json":{"title":"H\u00f4tel 4* pr\u00e8s du Lido de Venise | Hotel Indigo Venice Sant'Elena","description":"L\u2019Hotel Indigo Venice Sant'Elena est l\u2019id\u00e9al pour les fanatiques de cin\u00e9ma, le Lido et le Festival international du film sont \u00e0 5 minutes en vaporetto.","robots":{"index":"index","follow":"follow","max-snippet":"max-snippet:-1","max-image-preview":"max-image-preview:large","max-video-preview":"max-video-preview:-1"},"canonical":"https:\/\/www.indigovenice.com\/fr\/venise\/lido-de-venise\/","og_locale":"fr_FR","og_type":"article","og_title":"H\u00f4tel 4* pr\u00e8s du Lido de Venise | Hotel Indigo Venice Sant'Elena","og_description":"L\u2019Hotel Indigo Venice Sant'Elena est l\u2019id\u00e9al pour les fanatiques de cin\u00e9ma, le Lido et le Festival international du film sont \u00e0 5 minutes en vaporetto.","og_url":"https:\/\/www.indigovenice.com\/fr\/venise\/lido-de-venise\/","og_site_name":"Hotel Indigo Venice - Sant'Elena","article_modified_time":"2019-06-10T16:03:28+00:00","twitter_card":"summary_large_image","schema":{"@context":"https:\/\/schema.org","@graph":[{"@type":"WebPage","@id":"https:\/\/www.indigovenice.com\/fr\/venise\/lido-de-venise\/","url":"https:\/\/www.indigovenice.com\/fr\/venise\/lido-de-venise\/","name":"H\u00f4tel 4* pr\u00e8s du Lido de Venise | Hotel Indigo Venice Sant'Elena","isPartOf":{"@id":"https:\/\/www.indigovenice.com\/fr\/#website"},"datePublished":"2019-06-05T20:58:57+00:00","dateModified":"2019-06-10T16:03:28+00:00","description":"L\u2019Hotel Indigo Venice Sant'Elena est l\u2019id\u00e9al pour les fanatiques de cin\u00e9ma, le Lido et le Festival international du film sont \u00e0 5 minutes en vaporetto.","breadcrumb":{"@id":"https:\/\/www.indigovenice.com\/fr\/venise\/lido-de-venise\/#breadcrumb"},"inLanguage":"fr-FR","potentialAction":[{"@type":"ReadAction","target":["https:\/\/www.indigovenice.com\/fr\/venise\/lido-de-venise\/"]}]},{"@type":"BreadcrumbList","@id":"https:\/\/www.indigovenice.com\/fr\/venise\/lido-de-venise\/#breadcrumb","itemListElement":[{"@type":"ListItem","position":1,"name":"Home","item":"https:\/\/www.indigovenice.com\/fr\/"},{"@type":"ListItem","position":2,"name":"Venise","item":"https:\/\/www.indigovenice.com\/fr\/venise\/"},{"@type":"ListItem","position":3,"name":"Lido de Venise"}]},{"@type":"WebSite","@id":"https:\/\/www.indigovenice.com\/fr\/#website","url":"https:\/\/www.indigovenice.com\/fr\/","name":"Hotel Indigo Venice - Sant'Elena","description":"Just another ms.decms.eu site","potentialAction":[{"@type":"SearchAction","target":{"@type":"EntryPoint","urlTemplate":"https:\/\/www.indigovenice.com\/fr\/?s={search_term_string}"},"query-input":{"@type":"PropertyValueSpecification","valueRequired":true,"valueName":"search_term_string"}}],"inLanguage":"fr-FR"}]}},"acf":[],"_links":{"self":[{"href":"https:\/\/www.indigovenice.com\/fr\/wp-json\/wp\/v2\/pages\/604","targetHints":{"allow":["GET"]}}],"collection":[{"href":"https:\/\/www.indigovenice.com\/fr\/wp-json\/wp\/v2\/pages"}],"about":[{"href":"https:\/\/www.indigovenice.com\/fr\/wp-json\/wp\/v2\/types\/page"}],"author":[{"embeddable":true,"href":"https:\/\/www.indigovenice.com\/fr\/wp-json\/wp\/v2\/users\/7"}],"replies":[{"embeddable":true,"href":"https:\/\/www.indigovenice.com\/fr\/wp-json\/wp\/v2\/comments?post=604"}],"version-history":[{"count":0,"href":"https:\/\/www.indigovenice.com\/fr\/wp-json\/wp\/v2\/pages\/604\/revisions"}],"up":[{"embeddable":true,"href":"https:\/\/www.indigovenice.com\/fr\/wp-json\/wp\/v2\/pages\/533"}],"wp:attachment":[{"href":"https:\/\/www.indigovenice.com\/fr\/wp-json\/wp\/v2\/media?parent=604"}],"curies":[{"name":"wp","href":"https:\/\/api.w.org\/{rel}","templated":true}]}}