{"id":609,"date":"2019-06-05T21:18:27","date_gmt":"2019-06-05T21:18:27","guid":{"rendered":"http:\/\/st-elena.ms.decms.eu\/?page_id=609"},"modified":"2019-06-24T16:08:22","modified_gmt":"2019-06-24T16:08:22","slug":"vie-nocturne","status":"publish","type":"page","link":"https:\/\/www.indigovenice.com\/fr\/venise\/vie-nocturne\/","title":{"rendered":"Vie nocturne"},"content":{"rendered":"<p>Venise est plus connue pour ses petits bars que pour ses discoth\u00e8ques. Faites comme les V\u00e9nitiens et, apr\u00e8s une longue journ\u00e9e pass\u00e9e \u00e0 d\u00e9ambuler dans la ville, d\u00e9gustez un cocktail ou un verre de vin dans l&rsquo;un des nombreux caf\u00e9s et bars de la cit\u00e9.<\/p>\n<p>Via Garibaldi, dans le quartier Castello, est \u00e0 quelques pas de notre h\u00f4tel. Durant l&rsquo;\u00e9t\u00e9 ou le week-end, les habitants de la ville viennent y prendre un verre et retrouver leurs amis.<\/p>\n","protected":false},"excerpt":{"rendered":"<p>Venise est plus connue pour ses petits bars que pour ses discoth\u00e8ques. Faites comme les V\u00e9nitiens et, apr\u00e8s une longue journ\u00e9e pass\u00e9e \u00e0 d\u00e9ambuler dans la ville, d\u00e9gustez un cocktail ou un verre de vin dans l&rsquo;un des nombreux caf\u00e9s et bars de la cit\u00e9. Via Garibaldi, dans le quartier Castello, est \u00e0 quelques pas [&hellip;]<\/p>\n","protected":false},"author":7,"featured_media":0,"parent":533,"menu_order":7,"comment_status":"closed","ping_status":"closed","template":"template-venice-theme.php","meta":{"footnotes":""},"class_list":["post-609","page","type-page","status-publish","hentry"],"yoast_head":"<!-- This site is optimized with the Yoast SEO plugin v26.9 - https:\/\/yoast.com\/product\/yoast-seo-wordpress\/ -->\n<title>La vie nocturne de Venise avec l&#039;Hotel Indigo Venice Sant&#039;Elena<\/title>\n<meta name=\"description\" content=\"La vie nocturne de Venise et du Lido est tr\u00e8s anim\u00e9e et pleine d\u2019\u00e9clat. D\u00e9couvrez la vie nocturne de Venise en s\u00e9journant \u00e0 l\u2019Hotel Indigo Venice Sant&#039;Elena!\" \/>\n<meta name=\"robots\" content=\"index, follow, max-snippet:-1, max-image-preview:large, max-video-preview:-1\" \/>\n<link rel=\"canonical\" href=\"https:\/\/www.indigovenice.com\/fr\/venise\/vie-nocturne\/\" \/>\n<meta property=\"og:locale\" content=\"fr_FR\" \/>\n<meta property=\"og:type\" content=\"article\" \/>\n<meta property=\"og:title\" content=\"La vie nocturne de Venise avec l&#039;Hotel Indigo Venice Sant&#039;Elena\" \/>\n<meta property=\"og:description\" content=\"La vie nocturne de Venise et du Lido est tr\u00e8s anim\u00e9e et pleine d\u2019\u00e9clat. D\u00e9couvrez la vie nocturne de Venise en s\u00e9journant \u00e0 l\u2019Hotel Indigo Venice Sant&#039;Elena!\" \/>\n<meta property=\"og:url\" content=\"https:\/\/www.indigovenice.com\/fr\/venise\/vie-nocturne\/\" \/>\n<meta property=\"og:site_name\" content=\"Hotel Indigo Venice - Sant&#039;Elena\" \/>\n<meta property=\"article:modified_time\" content=\"2019-06-24T16:08:22+00:00\" \/>\n<meta name=\"twitter:card\" content=\"summary_large_image\" \/>\n<script type=\"application\/ld+json\" class=\"yoast-schema-graph\">{\"@context\":\"https:\/\/schema.org\",\"@graph\":[{\"@type\":\"WebPage\",\"@id\":\"https:\/\/www.indigovenice.com\/fr\/venise\/vie-nocturne\/\",\"url\":\"https:\/\/www.indigovenice.com\/fr\/venise\/vie-nocturne\/\",\"name\":\"La vie nocturne de Venise avec l'Hotel Indigo Venice Sant'Elena\",\"isPartOf\":{\"@id\":\"https:\/\/www.indigovenice.com\/fr\/#website\"},\"datePublished\":\"2019-06-05T21:18:27+00:00\",\"dateModified\":\"2019-06-24T16:08:22+00:00\",\"description\":\"La vie nocturne de Venise et du Lido est tr\u00e8s anim\u00e9e et pleine d\u2019\u00e9clat. D\u00e9couvrez la vie nocturne de Venise en s\u00e9journant \u00e0 l\u2019Hotel Indigo Venice Sant'Elena!\",\"breadcrumb\":{\"@id\":\"https:\/\/www.indigovenice.com\/fr\/venise\/vie-nocturne\/#breadcrumb\"},\"inLanguage\":\"fr-FR\",\"potentialAction\":[{\"@type\":\"ReadAction\",\"target\":[\"https:\/\/www.indigovenice.com\/fr\/venise\/vie-nocturne\/\"]}]},{\"@type\":\"BreadcrumbList\",\"@id\":\"https:\/\/www.indigovenice.com\/fr\/venise\/vie-nocturne\/#breadcrumb\",\"itemListElement\":[{\"@type\":\"ListItem\",\"position\":1,\"name\":\"Home\",\"item\":\"https:\/\/www.indigovenice.com\/fr\/\"},{\"@type\":\"ListItem\",\"position\":2,\"name\":\"Venise\",\"item\":\"https:\/\/www.indigovenice.com\/fr\/venise\/\"},{\"@type\":\"ListItem\",\"position\":3,\"name\":\"Vie nocturne\"}]},{\"@type\":\"WebSite\",\"@id\":\"https:\/\/www.indigovenice.com\/fr\/#website\",\"url\":\"https:\/\/www.indigovenice.com\/fr\/\",\"name\":\"Hotel Indigo Venice - Sant'Elena\",\"description\":\"Just another ms.decms.eu site\",\"potentialAction\":[{\"@type\":\"SearchAction\",\"target\":{\"@type\":\"EntryPoint\",\"urlTemplate\":\"https:\/\/www.indigovenice.com\/fr\/?s={search_term_string}\"},\"query-input\":{\"@type\":\"PropertyValueSpecification\",\"valueRequired\":true,\"valueName\":\"search_term_string\"}}],\"inLanguage\":\"fr-FR\"}]}<\/script>\n<!-- \/ Yoast SEO plugin. -->","yoast_head_json":{"title":"La vie nocturne de Venise avec l'Hotel Indigo Venice Sant'Elena","description":"La vie nocturne de Venise et du Lido est tr\u00e8s anim\u00e9e et pleine d\u2019\u00e9clat. D\u00e9couvrez la vie nocturne de Venise en s\u00e9journant \u00e0 l\u2019Hotel Indigo Venice Sant'Elena!","robots":{"index":"index","follow":"follow","max-snippet":"max-snippet:-1","max-image-preview":"max-image-preview:large","max-video-preview":"max-video-preview:-1"},"canonical":"https:\/\/www.indigovenice.com\/fr\/venise\/vie-nocturne\/","og_locale":"fr_FR","og_type":"article","og_title":"La vie nocturne de Venise avec l'Hotel Indigo Venice Sant'Elena","og_description":"La vie nocturne de Venise et du Lido est tr\u00e8s anim\u00e9e et pleine d\u2019\u00e9clat. D\u00e9couvrez la vie nocturne de Venise en s\u00e9journant \u00e0 l\u2019Hotel Indigo Venice Sant'Elena!","og_url":"https:\/\/www.indigovenice.com\/fr\/venise\/vie-nocturne\/","og_site_name":"Hotel Indigo Venice - Sant'Elena","article_modified_time":"2019-06-24T16:08:22+00:00","twitter_card":"summary_large_image","schema":{"@context":"https:\/\/schema.org","@graph":[{"@type":"WebPage","@id":"https:\/\/www.indigovenice.com\/fr\/venise\/vie-nocturne\/","url":"https:\/\/www.indigovenice.com\/fr\/venise\/vie-nocturne\/","name":"La vie nocturne de Venise avec l'Hotel Indigo Venice Sant'Elena","isPartOf":{"@id":"https:\/\/www.indigovenice.com\/fr\/#website"},"datePublished":"2019-06-05T21:18:27+00:00","dateModified":"2019-06-24T16:08:22+00:00","description":"La vie nocturne de Venise et du Lido est tr\u00e8s anim\u00e9e et pleine d\u2019\u00e9clat. D\u00e9couvrez la vie nocturne de Venise en s\u00e9journant \u00e0 l\u2019Hotel Indigo Venice Sant'Elena!","breadcrumb":{"@id":"https:\/\/www.indigovenice.com\/fr\/venise\/vie-nocturne\/#breadcrumb"},"inLanguage":"fr-FR","potentialAction":[{"@type":"ReadAction","target":["https:\/\/www.indigovenice.com\/fr\/venise\/vie-nocturne\/"]}]},{"@type":"BreadcrumbList","@id":"https:\/\/www.indigovenice.com\/fr\/venise\/vie-nocturne\/#breadcrumb","itemListElement":[{"@type":"ListItem","position":1,"name":"Home","item":"https:\/\/www.indigovenice.com\/fr\/"},{"@type":"ListItem","position":2,"name":"Venise","item":"https:\/\/www.indigovenice.com\/fr\/venise\/"},{"@type":"ListItem","position":3,"name":"Vie nocturne"}]},{"@type":"WebSite","@id":"https:\/\/www.indigovenice.com\/fr\/#website","url":"https:\/\/www.indigovenice.com\/fr\/","name":"Hotel Indigo Venice - Sant'Elena","description":"Just another ms.decms.eu site","potentialAction":[{"@type":"SearchAction","target":{"@type":"EntryPoint","urlTemplate":"https:\/\/www.indigovenice.com\/fr\/?s={search_term_string}"},"query-input":{"@type":"PropertyValueSpecification","valueRequired":true,"valueName":"search_term_string"}}],"inLanguage":"fr-FR"}]}},"acf":[],"_links":{"self":[{"href":"https:\/\/www.indigovenice.com\/fr\/wp-json\/wp\/v2\/pages\/609","targetHints":{"allow":["GET"]}}],"collection":[{"href":"https:\/\/www.indigovenice.com\/fr\/wp-json\/wp\/v2\/pages"}],"about":[{"href":"https:\/\/www.indigovenice.com\/fr\/wp-json\/wp\/v2\/types\/page"}],"author":[{"embeddable":true,"href":"https:\/\/www.indigovenice.com\/fr\/wp-json\/wp\/v2\/users\/7"}],"replies":[{"embeddable":true,"href":"https:\/\/www.indigovenice.com\/fr\/wp-json\/wp\/v2\/comments?post=609"}],"version-history":[{"count":0,"href":"https:\/\/www.indigovenice.com\/fr\/wp-json\/wp\/v2\/pages\/609\/revisions"}],"up":[{"embeddable":true,"href":"https:\/\/www.indigovenice.com\/fr\/wp-json\/wp\/v2\/pages\/533"}],"wp:attachment":[{"href":"https:\/\/www.indigovenice.com\/fr\/wp-json\/wp\/v2\/media?parent=609"}],"curies":[{"name":"wp","href":"https:\/\/api.w.org\/{rel}","templated":true}]}}