{"id":660,"date":"2019-06-06T12:57:51","date_gmt":"2019-06-06T12:57:51","guid":{"rendered":"http:\/\/st-elena.ms.decms.eu\/?page_id=660"},"modified":"2024-01-23T11:33:48","modified_gmt":"2024-01-23T11:33:48","slug":"restaurant","status":"publish","type":"page","link":"https:\/\/www.indigovenice.com\/fr\/restaurant\/","title":{"rendered":"Restaurant et Lounge Bar Savor"},"content":{"rendered":"<p>Savour est notre restaurant signature ouvert pour le petit d\u00e9jeuner et le d\u00eener, il vous fera d\u00e9couvrir une cuisine v\u00e9nitienne raffin\u00e9e, bas\u00e9e sur des ingr\u00e9dients r\u00e9gionaux tr\u00e8s haute qualit\u00e9, et une grande carte de vins soigneusement s\u00e9lectionn\u00e9s, le tout dans un <strong>environnement con\u00e7u avec attention.<\/strong><\/p>\n<p>Apr\u00e8s une journ\u00e9e intense consacr\u00e9e \u00e0 la visite de Venise, vous pourrez vous d\u00e9tendre au lounge bar en d\u00e9gustant le classique Bellini ou un cocktail exclusif cr\u00e9\u00e9 par notre barman. Durant l&rsquo;\u00e9t\u00e9, le jardin est disponible pour cocktails et ap\u00e9ritifs.<\/p>\n","protected":false},"excerpt":{"rendered":"<p>Savour est notre restaurant signature ouvert pour le petit d\u00e9jeuner et le d\u00eener, il vous fera d\u00e9couvrir une cuisine v\u00e9nitienne raffin\u00e9e, bas\u00e9e sur des ingr\u00e9dients r\u00e9gionaux tr\u00e8s haute qualit\u00e9, et une grande carte de vins soigneusement s\u00e9lectionn\u00e9s, le tout dans un environnement con\u00e7u avec attention. Apr\u00e8s une journ\u00e9e intense consacr\u00e9e \u00e0 la visite de Venise, [&hellip;]<\/p>\n","protected":false},"author":3,"featured_media":0,"parent":0,"menu_order":5,"comment_status":"closed","ping_status":"closed","template":"","meta":{"footnotes":""},"class_list":["post-660","page","type-page","status-publish","hentry"],"yoast_head":"<!-- This site is optimized with the Yoast SEO plugin v26.9 - https:\/\/yoast.com\/product\/yoast-seo-wordpress\/ -->\n<title>H\u00f4tel-restaurant lounge bar Venise - Hotel Indigo Venice Sant&#039;Elena<\/title>\n<meta name=\"description\" content=\"Petit d\u00e9jeuner international, Lounge Bar et Restaurant\u00a0: un environnement raffin\u00e9 et \u00e9l\u00e9gant pour savourer les parfums de la tradition v\u00e9nitienne.\" \/>\n<meta name=\"robots\" content=\"index, follow, max-snippet:-1, max-image-preview:large, max-video-preview:-1\" \/>\n<link rel=\"canonical\" href=\"https:\/\/www.indigovenice.com\/fr\/restaurant\/\" \/>\n<meta property=\"og:locale\" content=\"fr_FR\" \/>\n<meta property=\"og:type\" content=\"article\" \/>\n<meta property=\"og:title\" content=\"H\u00f4tel-restaurant lounge bar Venise - Hotel Indigo Venice Sant&#039;Elena\" \/>\n<meta property=\"og:description\" content=\"Petit d\u00e9jeuner international, Lounge Bar et Restaurant\u00a0: un environnement raffin\u00e9 et \u00e9l\u00e9gant pour savourer les parfums de la tradition v\u00e9nitienne.\" \/>\n<meta property=\"og:url\" content=\"https:\/\/www.indigovenice.com\/fr\/restaurant\/\" \/>\n<meta property=\"og:site_name\" content=\"Hotel Indigo Venice - Sant&#039;Elena\" \/>\n<meta property=\"article:modified_time\" content=\"2024-01-23T11:33:48+00:00\" \/>\n<meta name=\"twitter:card\" content=\"summary_large_image\" \/>\n<meta name=\"twitter:label1\" content=\"Dur\u00e9e de lecture estim\u00e9e\" \/>\n\t<meta name=\"twitter:data1\" content=\"1 minute\" \/>\n<script type=\"application\/ld+json\" class=\"yoast-schema-graph\">{\"@context\":\"https:\/\/schema.org\",\"@graph\":[{\"@type\":\"WebPage\",\"@id\":\"https:\/\/www.indigovenice.com\/fr\/restaurant\/\",\"url\":\"https:\/\/www.indigovenice.com\/fr\/restaurant\/\",\"name\":\"H\u00f4tel-restaurant lounge bar Venise - Hotel Indigo Venice Sant'Elena\",\"isPartOf\":{\"@id\":\"https:\/\/www.indigovenice.com\/fr\/#website\"},\"datePublished\":\"2019-06-06T12:57:51+00:00\",\"dateModified\":\"2024-01-23T11:33:48+00:00\",\"description\":\"Petit d\u00e9jeuner international, Lounge Bar et Restaurant\u00a0: un environnement raffin\u00e9 et \u00e9l\u00e9gant pour savourer les parfums de la tradition v\u00e9nitienne.\",\"breadcrumb\":{\"@id\":\"https:\/\/www.indigovenice.com\/fr\/restaurant\/#breadcrumb\"},\"inLanguage\":\"fr-FR\",\"potentialAction\":[{\"@type\":\"ReadAction\",\"target\":[\"https:\/\/www.indigovenice.com\/fr\/restaurant\/\"]}]},{\"@type\":\"BreadcrumbList\",\"@id\":\"https:\/\/www.indigovenice.com\/fr\/restaurant\/#breadcrumb\",\"itemListElement\":[{\"@type\":\"ListItem\",\"position\":1,\"name\":\"Home\",\"item\":\"https:\/\/www.indigovenice.com\/fr\/\"},{\"@type\":\"ListItem\",\"position\":2,\"name\":\"Restaurant et Lounge Bar Savor\"}]},{\"@type\":\"WebSite\",\"@id\":\"https:\/\/www.indigovenice.com\/fr\/#website\",\"url\":\"https:\/\/www.indigovenice.com\/fr\/\",\"name\":\"Hotel Indigo Venice - Sant'Elena\",\"description\":\"Just another ms.decms.eu site\",\"potentialAction\":[{\"@type\":\"SearchAction\",\"target\":{\"@type\":\"EntryPoint\",\"urlTemplate\":\"https:\/\/www.indigovenice.com\/fr\/?s={search_term_string}\"},\"query-input\":{\"@type\":\"PropertyValueSpecification\",\"valueRequired\":true,\"valueName\":\"search_term_string\"}}],\"inLanguage\":\"fr-FR\"}]}<\/script>\n<!-- \/ Yoast SEO plugin. -->","yoast_head_json":{"title":"H\u00f4tel-restaurant lounge bar Venise - Hotel Indigo Venice Sant'Elena","description":"Petit d\u00e9jeuner international, Lounge Bar et Restaurant\u00a0: un environnement raffin\u00e9 et \u00e9l\u00e9gant pour savourer les parfums de la tradition v\u00e9nitienne.","robots":{"index":"index","follow":"follow","max-snippet":"max-snippet:-1","max-image-preview":"max-image-preview:large","max-video-preview":"max-video-preview:-1"},"canonical":"https:\/\/www.indigovenice.com\/fr\/restaurant\/","og_locale":"fr_FR","og_type":"article","og_title":"H\u00f4tel-restaurant lounge bar Venise - Hotel Indigo Venice Sant'Elena","og_description":"Petit d\u00e9jeuner international, Lounge Bar et Restaurant\u00a0: un environnement raffin\u00e9 et \u00e9l\u00e9gant pour savourer les parfums de la tradition v\u00e9nitienne.","og_url":"https:\/\/www.indigovenice.com\/fr\/restaurant\/","og_site_name":"Hotel Indigo Venice - Sant'Elena","article_modified_time":"2024-01-23T11:33:48+00:00","twitter_card":"summary_large_image","twitter_misc":{"Dur\u00e9e de lecture estim\u00e9e":"1 minute"},"schema":{"@context":"https:\/\/schema.org","@graph":[{"@type":"WebPage","@id":"https:\/\/www.indigovenice.com\/fr\/restaurant\/","url":"https:\/\/www.indigovenice.com\/fr\/restaurant\/","name":"H\u00f4tel-restaurant lounge bar Venise - Hotel Indigo Venice Sant'Elena","isPartOf":{"@id":"https:\/\/www.indigovenice.com\/fr\/#website"},"datePublished":"2019-06-06T12:57:51+00:00","dateModified":"2024-01-23T11:33:48+00:00","description":"Petit d\u00e9jeuner international, Lounge Bar et Restaurant\u00a0: un environnement raffin\u00e9 et \u00e9l\u00e9gant pour savourer les parfums de la tradition v\u00e9nitienne.","breadcrumb":{"@id":"https:\/\/www.indigovenice.com\/fr\/restaurant\/#breadcrumb"},"inLanguage":"fr-FR","potentialAction":[{"@type":"ReadAction","target":["https:\/\/www.indigovenice.com\/fr\/restaurant\/"]}]},{"@type":"BreadcrumbList","@id":"https:\/\/www.indigovenice.com\/fr\/restaurant\/#breadcrumb","itemListElement":[{"@type":"ListItem","position":1,"name":"Home","item":"https:\/\/www.indigovenice.com\/fr\/"},{"@type":"ListItem","position":2,"name":"Restaurant et Lounge Bar Savor"}]},{"@type":"WebSite","@id":"https:\/\/www.indigovenice.com\/fr\/#website","url":"https:\/\/www.indigovenice.com\/fr\/","name":"Hotel Indigo Venice - Sant'Elena","description":"Just another ms.decms.eu site","potentialAction":[{"@type":"SearchAction","target":{"@type":"EntryPoint","urlTemplate":"https:\/\/www.indigovenice.com\/fr\/?s={search_term_string}"},"query-input":{"@type":"PropertyValueSpecification","valueRequired":true,"valueName":"search_term_string"}}],"inLanguage":"fr-FR"}]}},"acf":[],"_links":{"self":[{"href":"https:\/\/www.indigovenice.com\/fr\/wp-json\/wp\/v2\/pages\/660","targetHints":{"allow":["GET"]}}],"collection":[{"href":"https:\/\/www.indigovenice.com\/fr\/wp-json\/wp\/v2\/pages"}],"about":[{"href":"https:\/\/www.indigovenice.com\/fr\/wp-json\/wp\/v2\/types\/page"}],"author":[{"embeddable":true,"href":"https:\/\/www.indigovenice.com\/fr\/wp-json\/wp\/v2\/users\/3"}],"replies":[{"embeddable":true,"href":"https:\/\/www.indigovenice.com\/fr\/wp-json\/wp\/v2\/comments?post=660"}],"version-history":[{"count":0,"href":"https:\/\/www.indigovenice.com\/fr\/wp-json\/wp\/v2\/pages\/660\/revisions"}],"wp:attachment":[{"href":"https:\/\/www.indigovenice.com\/fr\/wp-json\/wp\/v2\/media?parent=660"}],"curies":[{"name":"wp","href":"https:\/\/api.w.org\/{rel}","templated":true}]}}