{"id":662,"date":"2019-06-06T13:02:26","date_gmt":"2019-06-06T13:02:26","guid":{"rendered":"http:\/\/st-elena.ms.decms.eu\/?page_id=662"},"modified":"2022-07-13T14:37:55","modified_gmt":"2022-07-13T14:37:55","slug":"bar","status":"publish","type":"page","link":"https:\/\/www.indigovenice.com\/fr\/restaurant\/bar\/","title":{"rendered":"Bar"},"content":{"rendered":"<p>Le bar propose <strong>toute une gamme<\/strong> de caf\u00e9s et th\u00e9s, des plats savoureux servis toute la journ\u00e9e et un grand choix de vins et alcools r\u00e9gionaux agr\u00e9ment\u00e9s d&rsquo;une touche tr\u00e8s italienne.<\/p>\n<p>Son design attentif fait du bar le lieu parfait o\u00f9 se d\u00e9tendre et profiter de la soir\u00e9e avec un verre de vin, une bi\u00e8re artisanale ou un cocktail exclusif.<\/p>\n","protected":false},"excerpt":{"rendered":"<p>Le bar propose toute une gamme de caf\u00e9s et th\u00e9s, des plats savoureux servis toute la journ\u00e9e et un grand choix de vins et alcools r\u00e9gionaux agr\u00e9ment\u00e9s d&rsquo;une touche tr\u00e8s italienne. Son design attentif fait du bar le lieu parfait o\u00f9 se d\u00e9tendre et profiter de la soir\u00e9e avec un verre de vin, une bi\u00e8re [&hellip;]<\/p>\n","protected":false},"author":3,"featured_media":0,"parent":660,"menu_order":2,"comment_status":"closed","ping_status":"closed","template":"","meta":{"footnotes":""},"class_list":["post-662","page","type-page","status-publish","hentry"],"yoast_head":"<!-- This site is optimized with the Yoast SEO plugin v26.9 - https:\/\/yoast.com\/product\/yoast-seo-wordpress\/ -->\n<title>Bar ap\u00e9ritif h\u00f4tel Venise pr\u00e8s Biennale | Hotel Indigo Venice<\/title>\n<meta name=\"description\" content=\"Lounge Bar \u00e9l\u00e9gant, meubles design, cocktails optimaux et jardin int\u00e9rieur. D\u00e9couvrez le lounge bar \u00e0 quelques pas des jardins de la Biennale de Venise.\" \/>\n<meta name=\"robots\" content=\"index, follow, max-snippet:-1, max-image-preview:large, max-video-preview:-1\" \/>\n<link rel=\"canonical\" href=\"https:\/\/www.indigovenice.com\/fr\/restaurant\/bar\/\" \/>\n<meta property=\"og:locale\" content=\"fr_FR\" \/>\n<meta property=\"og:type\" content=\"article\" \/>\n<meta property=\"og:title\" content=\"Bar ap\u00e9ritif h\u00f4tel Venise pr\u00e8s Biennale | Hotel Indigo Venice\" \/>\n<meta property=\"og:description\" content=\"Lounge Bar \u00e9l\u00e9gant, meubles design, cocktails optimaux et jardin int\u00e9rieur. D\u00e9couvrez le lounge bar \u00e0 quelques pas des jardins de la Biennale de Venise.\" \/>\n<meta property=\"og:url\" content=\"https:\/\/www.indigovenice.com\/fr\/restaurant\/bar\/\" \/>\n<meta property=\"og:site_name\" content=\"Hotel Indigo Venice - Sant&#039;Elena\" \/>\n<meta property=\"article:modified_time\" content=\"2022-07-13T14:37:55+00:00\" \/>\n<meta name=\"twitter:card\" content=\"summary_large_image\" \/>\n<script type=\"application\/ld+json\" class=\"yoast-schema-graph\">{\"@context\":\"https:\/\/schema.org\",\"@graph\":[{\"@type\":\"WebPage\",\"@id\":\"https:\/\/www.indigovenice.com\/fr\/restaurant\/bar\/\",\"url\":\"https:\/\/www.indigovenice.com\/fr\/restaurant\/bar\/\",\"name\":\"Bar ap\u00e9ritif h\u00f4tel Venise pr\u00e8s Biennale | Hotel Indigo Venice\",\"isPartOf\":{\"@id\":\"https:\/\/www.indigovenice.com\/fr\/#website\"},\"datePublished\":\"2019-06-06T13:02:26+00:00\",\"dateModified\":\"2022-07-13T14:37:55+00:00\",\"description\":\"Lounge Bar \u00e9l\u00e9gant, meubles design, cocktails optimaux et jardin int\u00e9rieur. D\u00e9couvrez le lounge bar \u00e0 quelques pas des jardins de la Biennale de Venise.\",\"breadcrumb\":{\"@id\":\"https:\/\/www.indigovenice.com\/fr\/restaurant\/bar\/#breadcrumb\"},\"inLanguage\":\"fr-FR\",\"potentialAction\":[{\"@type\":\"ReadAction\",\"target\":[\"https:\/\/www.indigovenice.com\/fr\/restaurant\/bar\/\"]}]},{\"@type\":\"BreadcrumbList\",\"@id\":\"https:\/\/www.indigovenice.com\/fr\/restaurant\/bar\/#breadcrumb\",\"itemListElement\":[{\"@type\":\"ListItem\",\"position\":1,\"name\":\"Home\",\"item\":\"https:\/\/www.indigovenice.com\/fr\/\"},{\"@type\":\"ListItem\",\"position\":2,\"name\":\"Restaurant et Lounge Bar Savor\",\"item\":\"https:\/\/www.indigovenice.com\/fr\/restaurant\/\"},{\"@type\":\"ListItem\",\"position\":3,\"name\":\"Bar\"}]},{\"@type\":\"WebSite\",\"@id\":\"https:\/\/www.indigovenice.com\/fr\/#website\",\"url\":\"https:\/\/www.indigovenice.com\/fr\/\",\"name\":\"Hotel Indigo Venice - Sant'Elena\",\"description\":\"Just another ms.decms.eu site\",\"potentialAction\":[{\"@type\":\"SearchAction\",\"target\":{\"@type\":\"EntryPoint\",\"urlTemplate\":\"https:\/\/www.indigovenice.com\/fr\/?s={search_term_string}\"},\"query-input\":{\"@type\":\"PropertyValueSpecification\",\"valueRequired\":true,\"valueName\":\"search_term_string\"}}],\"inLanguage\":\"fr-FR\"}]}<\/script>\n<!-- \/ Yoast SEO plugin. -->","yoast_head_json":{"title":"Bar ap\u00e9ritif h\u00f4tel Venise pr\u00e8s Biennale | Hotel Indigo Venice","description":"Lounge Bar \u00e9l\u00e9gant, meubles design, cocktails optimaux et jardin int\u00e9rieur. D\u00e9couvrez le lounge bar \u00e0 quelques pas des jardins de la Biennale de Venise.","robots":{"index":"index","follow":"follow","max-snippet":"max-snippet:-1","max-image-preview":"max-image-preview:large","max-video-preview":"max-video-preview:-1"},"canonical":"https:\/\/www.indigovenice.com\/fr\/restaurant\/bar\/","og_locale":"fr_FR","og_type":"article","og_title":"Bar ap\u00e9ritif h\u00f4tel Venise pr\u00e8s Biennale | Hotel Indigo Venice","og_description":"Lounge Bar \u00e9l\u00e9gant, meubles design, cocktails optimaux et jardin int\u00e9rieur. D\u00e9couvrez le lounge bar \u00e0 quelques pas des jardins de la Biennale de Venise.","og_url":"https:\/\/www.indigovenice.com\/fr\/restaurant\/bar\/","og_site_name":"Hotel Indigo Venice - Sant'Elena","article_modified_time":"2022-07-13T14:37:55+00:00","twitter_card":"summary_large_image","schema":{"@context":"https:\/\/schema.org","@graph":[{"@type":"WebPage","@id":"https:\/\/www.indigovenice.com\/fr\/restaurant\/bar\/","url":"https:\/\/www.indigovenice.com\/fr\/restaurant\/bar\/","name":"Bar ap\u00e9ritif h\u00f4tel Venise pr\u00e8s Biennale | Hotel Indigo Venice","isPartOf":{"@id":"https:\/\/www.indigovenice.com\/fr\/#website"},"datePublished":"2019-06-06T13:02:26+00:00","dateModified":"2022-07-13T14:37:55+00:00","description":"Lounge Bar \u00e9l\u00e9gant, meubles design, cocktails optimaux et jardin int\u00e9rieur. D\u00e9couvrez le lounge bar \u00e0 quelques pas des jardins de la Biennale de Venise.","breadcrumb":{"@id":"https:\/\/www.indigovenice.com\/fr\/restaurant\/bar\/#breadcrumb"},"inLanguage":"fr-FR","potentialAction":[{"@type":"ReadAction","target":["https:\/\/www.indigovenice.com\/fr\/restaurant\/bar\/"]}]},{"@type":"BreadcrumbList","@id":"https:\/\/www.indigovenice.com\/fr\/restaurant\/bar\/#breadcrumb","itemListElement":[{"@type":"ListItem","position":1,"name":"Home","item":"https:\/\/www.indigovenice.com\/fr\/"},{"@type":"ListItem","position":2,"name":"Restaurant et Lounge Bar Savor","item":"https:\/\/www.indigovenice.com\/fr\/restaurant\/"},{"@type":"ListItem","position":3,"name":"Bar"}]},{"@type":"WebSite","@id":"https:\/\/www.indigovenice.com\/fr\/#website","url":"https:\/\/www.indigovenice.com\/fr\/","name":"Hotel Indigo Venice - Sant'Elena","description":"Just another ms.decms.eu site","potentialAction":[{"@type":"SearchAction","target":{"@type":"EntryPoint","urlTemplate":"https:\/\/www.indigovenice.com\/fr\/?s={search_term_string}"},"query-input":{"@type":"PropertyValueSpecification","valueRequired":true,"valueName":"search_term_string"}}],"inLanguage":"fr-FR"}]}},"acf":[],"_links":{"self":[{"href":"https:\/\/www.indigovenice.com\/fr\/wp-json\/wp\/v2\/pages\/662","targetHints":{"allow":["GET"]}}],"collection":[{"href":"https:\/\/www.indigovenice.com\/fr\/wp-json\/wp\/v2\/pages"}],"about":[{"href":"https:\/\/www.indigovenice.com\/fr\/wp-json\/wp\/v2\/types\/page"}],"author":[{"embeddable":true,"href":"https:\/\/www.indigovenice.com\/fr\/wp-json\/wp\/v2\/users\/3"}],"replies":[{"embeddable":true,"href":"https:\/\/www.indigovenice.com\/fr\/wp-json\/wp\/v2\/comments?post=662"}],"version-history":[{"count":0,"href":"https:\/\/www.indigovenice.com\/fr\/wp-json\/wp\/v2\/pages\/662\/revisions"}],"up":[{"embeddable":true,"href":"https:\/\/www.indigovenice.com\/fr\/wp-json\/wp\/v2\/pages\/660"}],"wp:attachment":[{"href":"https:\/\/www.indigovenice.com\/fr\/wp-json\/wp\/v2\/media?parent=662"}],"curies":[{"name":"wp","href":"https:\/\/api.w.org\/{rel}","templated":true}]}}