{"id":663,"date":"2019-06-06T13:08:18","date_gmt":"2019-06-06T13:08:18","guid":{"rendered":"http:\/\/st-elena.ms.decms.eu\/?page_id=663"},"modified":"2025-09-18T11:04:33","modified_gmt":"2025-09-18T11:04:33","slug":"restaurant-savor","status":"publish","type":"page","link":"https:\/\/www.indigovenice.com\/fr\/restaurant\/restaurant-savor\/","title":{"rendered":"Restaurant Savor"},"content":{"rendered":"<h2>Savor : notre restaurant de r\u00e9f\u00e9rence<\/h2>\n<p>Ouvert pour le d\u00e9jeuner avec un menu bistro et tous les jours pour le d\u00eener (r\u00e9servations recommand\u00e9es), notre restaurant gastronomique propose des sp\u00e9cialit\u00e9s v\u00e9nitiennes et des <strong>produits saisonniers frais<\/strong>, associ\u00e9s \u00e0 une s\u00e9lection de plats classiques internationaux. Typiquement v\u00e9nitien, mais \u00e0 vocation internationale, le Savor accueille clients et V\u00e9nitiens dans une ambiance anim\u00e9e qui \u00e9voque la dolce vita italienne.<\/p>\n<p>Offrez-vous une exp\u00e9rience gastronomique savoureuse et inoubliable avec <strong>Savor Restaurant and Bar<\/strong>, d\u00e9couvrez notre menu ou contactez-nous pour r\u00e9server votre table ou pour plus d&rsquo;informations !<\/p>\n","protected":false},"excerpt":{"rendered":"<p>Savor : notre restaurant de r\u00e9f\u00e9rence Ouvert pour le d\u00e9jeuner avec un menu bistro et tous les jours pour le d\u00eener (r\u00e9servations recommand\u00e9es), notre restaurant gastronomique propose des sp\u00e9cialit\u00e9s v\u00e9nitiennes et des produits saisonniers frais, associ\u00e9s \u00e0 une s\u00e9lection de plats classiques internationaux. Typiquement v\u00e9nitien, mais \u00e0 vocation internationale, le Savor accueille clients et V\u00e9nitiens [&hellip;]<\/p>\n","protected":false},"author":3,"featured_media":0,"parent":660,"menu_order":3,"comment_status":"closed","ping_status":"closed","template":"","meta":{"footnotes":""},"class_list":["post-663","page","type-page","status-publish","hentry"],"yoast_head":"<!-- This site is optimized with the Yoast SEO plugin v26.9 - https:\/\/yoast.com\/product\/yoast-seo-wordpress\/ -->\n<title>Restaurant Savor 4 \u00e9toiles h\u00f4tel Venise pr\u00e8s jardins Biennale<\/title>\n<meta name=\"description\" content=\"Le restaurant Savor de l\u2019Indigo Hotel Venice Sant&#039;Elena, pr\u00e8s des jardins de la Biennale\u00a0: un cadre raffin\u00e9 o\u00f9 d\u00e9couvrir la tradition culinaire v\u00e9nitienne.\" \/>\n<meta name=\"robots\" content=\"index, follow, max-snippet:-1, max-image-preview:large, max-video-preview:-1\" \/>\n<link rel=\"canonical\" href=\"https:\/\/www.indigovenice.com\/fr\/restaurant\/restaurant-savor\/\" \/>\n<meta property=\"og:locale\" content=\"fr_FR\" \/>\n<meta property=\"og:type\" content=\"article\" \/>\n<meta property=\"og:title\" content=\"Restaurant Savor 4 \u00e9toiles h\u00f4tel Venise pr\u00e8s jardins Biennale\" \/>\n<meta property=\"og:description\" content=\"Le restaurant Savor de l\u2019Indigo Hotel Venice Sant&#039;Elena, pr\u00e8s des jardins de la Biennale\u00a0: un cadre raffin\u00e9 o\u00f9 d\u00e9couvrir la tradition culinaire v\u00e9nitienne.\" \/>\n<meta property=\"og:url\" content=\"https:\/\/www.indigovenice.com\/fr\/restaurant\/restaurant-savor\/\" \/>\n<meta property=\"og:site_name\" content=\"Hotel Indigo Venice - Sant&#039;Elena\" \/>\n<meta property=\"article:modified_time\" content=\"2025-09-18T11:04:33+00:00\" \/>\n<meta name=\"twitter:card\" content=\"summary_large_image\" \/>\n<meta name=\"twitter:label1\" content=\"Dur\u00e9e de lecture estim\u00e9e\" \/>\n\t<meta name=\"twitter:data1\" content=\"1 minute\" \/>\n<script type=\"application\/ld+json\" class=\"yoast-schema-graph\">{\"@context\":\"https:\/\/schema.org\",\"@graph\":[{\"@type\":\"WebPage\",\"@id\":\"https:\/\/www.indigovenice.com\/fr\/restaurant\/restaurant-savor\/\",\"url\":\"https:\/\/www.indigovenice.com\/fr\/restaurant\/restaurant-savor\/\",\"name\":\"Restaurant Savor 4 \u00e9toiles h\u00f4tel Venise pr\u00e8s jardins Biennale\",\"isPartOf\":{\"@id\":\"https:\/\/www.indigovenice.com\/fr\/#website\"},\"datePublished\":\"2019-06-06T13:08:18+00:00\",\"dateModified\":\"2025-09-18T11:04:33+00:00\",\"description\":\"Le restaurant Savor de l\u2019Indigo Hotel Venice Sant'Elena, pr\u00e8s des jardins de la Biennale\u00a0: un cadre raffin\u00e9 o\u00f9 d\u00e9couvrir la tradition culinaire v\u00e9nitienne.\",\"breadcrumb\":{\"@id\":\"https:\/\/www.indigovenice.com\/fr\/restaurant\/restaurant-savor\/#breadcrumb\"},\"inLanguage\":\"fr-FR\",\"potentialAction\":[{\"@type\":\"ReadAction\",\"target\":[\"https:\/\/www.indigovenice.com\/fr\/restaurant\/restaurant-savor\/\"]}]},{\"@type\":\"BreadcrumbList\",\"@id\":\"https:\/\/www.indigovenice.com\/fr\/restaurant\/restaurant-savor\/#breadcrumb\",\"itemListElement\":[{\"@type\":\"ListItem\",\"position\":1,\"name\":\"Home\",\"item\":\"https:\/\/www.indigovenice.com\/fr\/\"},{\"@type\":\"ListItem\",\"position\":2,\"name\":\"Restaurant et Lounge Bar Savor\",\"item\":\"https:\/\/www.indigovenice.com\/fr\/restaurant\/\"},{\"@type\":\"ListItem\",\"position\":3,\"name\":\"Restaurant Savor\"}]},{\"@type\":\"WebSite\",\"@id\":\"https:\/\/www.indigovenice.com\/fr\/#website\",\"url\":\"https:\/\/www.indigovenice.com\/fr\/\",\"name\":\"Hotel Indigo Venice - Sant'Elena\",\"description\":\"Just another ms.decms.eu site\",\"potentialAction\":[{\"@type\":\"SearchAction\",\"target\":{\"@type\":\"EntryPoint\",\"urlTemplate\":\"https:\/\/www.indigovenice.com\/fr\/?s={search_term_string}\"},\"query-input\":{\"@type\":\"PropertyValueSpecification\",\"valueRequired\":true,\"valueName\":\"search_term_string\"}}],\"inLanguage\":\"fr-FR\"}]}<\/script>\n<!-- \/ Yoast SEO plugin. -->","yoast_head_json":{"title":"Restaurant Savor 4 \u00e9toiles h\u00f4tel Venise pr\u00e8s jardins Biennale","description":"Le restaurant Savor de l\u2019Indigo Hotel Venice Sant'Elena, pr\u00e8s des jardins de la Biennale\u00a0: un cadre raffin\u00e9 o\u00f9 d\u00e9couvrir la tradition culinaire v\u00e9nitienne.","robots":{"index":"index","follow":"follow","max-snippet":"max-snippet:-1","max-image-preview":"max-image-preview:large","max-video-preview":"max-video-preview:-1"},"canonical":"https:\/\/www.indigovenice.com\/fr\/restaurant\/restaurant-savor\/","og_locale":"fr_FR","og_type":"article","og_title":"Restaurant Savor 4 \u00e9toiles h\u00f4tel Venise pr\u00e8s jardins Biennale","og_description":"Le restaurant Savor de l\u2019Indigo Hotel Venice Sant'Elena, pr\u00e8s des jardins de la Biennale\u00a0: un cadre raffin\u00e9 o\u00f9 d\u00e9couvrir la tradition culinaire v\u00e9nitienne.","og_url":"https:\/\/www.indigovenice.com\/fr\/restaurant\/restaurant-savor\/","og_site_name":"Hotel Indigo Venice - Sant'Elena","article_modified_time":"2025-09-18T11:04:33+00:00","twitter_card":"summary_large_image","twitter_misc":{"Dur\u00e9e de lecture estim\u00e9e":"1 minute"},"schema":{"@context":"https:\/\/schema.org","@graph":[{"@type":"WebPage","@id":"https:\/\/www.indigovenice.com\/fr\/restaurant\/restaurant-savor\/","url":"https:\/\/www.indigovenice.com\/fr\/restaurant\/restaurant-savor\/","name":"Restaurant Savor 4 \u00e9toiles h\u00f4tel Venise pr\u00e8s jardins Biennale","isPartOf":{"@id":"https:\/\/www.indigovenice.com\/fr\/#website"},"datePublished":"2019-06-06T13:08:18+00:00","dateModified":"2025-09-18T11:04:33+00:00","description":"Le restaurant Savor de l\u2019Indigo Hotel Venice Sant'Elena, pr\u00e8s des jardins de la Biennale\u00a0: un cadre raffin\u00e9 o\u00f9 d\u00e9couvrir la tradition culinaire v\u00e9nitienne.","breadcrumb":{"@id":"https:\/\/www.indigovenice.com\/fr\/restaurant\/restaurant-savor\/#breadcrumb"},"inLanguage":"fr-FR","potentialAction":[{"@type":"ReadAction","target":["https:\/\/www.indigovenice.com\/fr\/restaurant\/restaurant-savor\/"]}]},{"@type":"BreadcrumbList","@id":"https:\/\/www.indigovenice.com\/fr\/restaurant\/restaurant-savor\/#breadcrumb","itemListElement":[{"@type":"ListItem","position":1,"name":"Home","item":"https:\/\/www.indigovenice.com\/fr\/"},{"@type":"ListItem","position":2,"name":"Restaurant et Lounge Bar Savor","item":"https:\/\/www.indigovenice.com\/fr\/restaurant\/"},{"@type":"ListItem","position":3,"name":"Restaurant Savor"}]},{"@type":"WebSite","@id":"https:\/\/www.indigovenice.com\/fr\/#website","url":"https:\/\/www.indigovenice.com\/fr\/","name":"Hotel Indigo Venice - Sant'Elena","description":"Just another ms.decms.eu site","potentialAction":[{"@type":"SearchAction","target":{"@type":"EntryPoint","urlTemplate":"https:\/\/www.indigovenice.com\/fr\/?s={search_term_string}"},"query-input":{"@type":"PropertyValueSpecification","valueRequired":true,"valueName":"search_term_string"}}],"inLanguage":"fr-FR"}]}},"acf":[],"_links":{"self":[{"href":"https:\/\/www.indigovenice.com\/fr\/wp-json\/wp\/v2\/pages\/663","targetHints":{"allow":["GET"]}}],"collection":[{"href":"https:\/\/www.indigovenice.com\/fr\/wp-json\/wp\/v2\/pages"}],"about":[{"href":"https:\/\/www.indigovenice.com\/fr\/wp-json\/wp\/v2\/types\/page"}],"author":[{"embeddable":true,"href":"https:\/\/www.indigovenice.com\/fr\/wp-json\/wp\/v2\/users\/3"}],"replies":[{"embeddable":true,"href":"https:\/\/www.indigovenice.com\/fr\/wp-json\/wp\/v2\/comments?post=663"}],"version-history":[{"count":0,"href":"https:\/\/www.indigovenice.com\/fr\/wp-json\/wp\/v2\/pages\/663\/revisions"}],"up":[{"embeddable":true,"href":"https:\/\/www.indigovenice.com\/fr\/wp-json\/wp\/v2\/pages\/660"}],"wp:attachment":[{"href":"https:\/\/www.indigovenice.com\/fr\/wp-json\/wp\/v2\/media?parent=663"}],"curies":[{"name":"wp","href":"https:\/\/api.w.org\/{rel}","templated":true}]}}