{"id":1206,"date":"2019-06-18T13:48:08","date_gmt":"2019-06-18T13:48:08","guid":{"rendered":"http:\/\/st-elena.ms.decms.eu\/hotel\/neighborhood-story\/"},"modified":"2022-04-29T13:56:39","modified_gmt":"2022-04-29T13:56:39","slug":"un-quartiere-tranquillo","status":"publish","type":"page","link":"https:\/\/www.indigovenice.com\/it\/hotel\/un-quartiere-tranquillo\/","title":{"rendered":"Il quartiere di Sant&#8217;Elena"},"content":{"rendered":"<p>Venezia conta circa 55mila residenti ed un flusso di 30 milioni di visitatori all\u2019anno. Non lasciatevi per\u00f2 ingannare dalla sua popolarit\u00e0: la citt\u00e0 custodisce ancora alcune <strong>zone tranquille e quasi inesplorate<\/strong> dalle folle. Un esempio \u00e8 proprio l\u2019isola di Sant\u2019Elena, dove la vita scorre ad un <strong>ritmo lento<\/strong>, quasi di altri tempi. Un quartiere autentico ed incredibilmente verde, dove incontrerete residenti a passeggio con il cane molta pi\u00f9 frequentemente di comitive di turisti.<\/p>\n<p>Sant&#8217;Elena \u00e8 un luogo tranquillo dove <strong>rilassarsi<\/strong> e lasciare alle proprie spalle il frenetico tramestio di San Marco. Sa per\u00f2 anche offrire molte piacevoli <strong>opportunit\u00e0 di svago<\/strong>, a partire dagli edifici storici, testimonianze della storia del quartiere, fino alle calli meno turistiche, passando per i parchi. A pochi passi, i Giardini della Biennale costituiscono un vero polo internazionale dedicato <strong>all&#8217;arte e all&#8217;architettura<\/strong>.<\/p>\n","protected":false},"excerpt":{"rendered":"<p>Venezia conta circa 55mila residenti ed un flusso di 30 milioni di visitatori all\u2019anno. Non lasciatevi per\u00f2 ingannare dalla sua popolarit\u00e0: la citt\u00e0 custodisce ancora alcune zone tranquille e quasi inesplorate dalle folle. Un esempio \u00e8 proprio l\u2019isola di Sant\u2019Elena, dove la vita scorre ad un ritmo lento, quasi di altri tempi. Un quartiere autentico [&hellip;]<\/p>\n","protected":false},"author":7,"featured_media":0,"parent":162,"menu_order":7,"comment_status":"closed","ping_status":"closed","template":"template-neighborhood.php","meta":{"footnotes":""},"class_list":["post-1206","page","type-page","status-publish","hentry"],"yoast_head":"<!-- This site is optimized with the Yoast SEO plugin v26.9 - https:\/\/yoast.com\/product\/yoast-seo-wordpress\/ -->\n<title>Scopri il nostro quartiere Hotel Indigo Venice | Sant&#039;Elena Venezia<\/title>\n<meta name=\"description\" content=\"L&#039;isola di Sant&#039;Elena fa parte de sestiere di Castello ed \u00e8 una vera oasi di pace e tranquillit\u00e0, lontana dalle folle di turisti.\" \/>\n<meta name=\"robots\" content=\"index, follow, max-snippet:-1, max-image-preview:large, max-video-preview:-1\" \/>\n<link rel=\"canonical\" href=\"https:\/\/www.indigovenice.com\/it\/hotel\/un-quartiere-tranquillo\/\" \/>\n<meta property=\"og:locale\" content=\"it_IT\" \/>\n<meta property=\"og:type\" content=\"article\" \/>\n<meta property=\"og:title\" content=\"Scopri il nostro quartiere Hotel Indigo Venice | Sant&#039;Elena Venezia\" \/>\n<meta property=\"og:description\" content=\"L&#039;isola di Sant&#039;Elena fa parte de sestiere di Castello ed \u00e8 una vera oasi di pace e tranquillit\u00e0, lontana dalle folle di turisti.\" \/>\n<meta property=\"og:url\" content=\"https:\/\/www.indigovenice.com\/it\/hotel\/un-quartiere-tranquillo\/\" \/>\n<meta property=\"og:site_name\" content=\"Hotel Indigo Venice - Sant&#039;Elena\" \/>\n<meta property=\"article:modified_time\" content=\"2022-04-29T13:56:39+00:00\" \/>\n<meta name=\"twitter:card\" content=\"summary_large_image\" \/>\n<meta name=\"twitter:label1\" content=\"Tempo di lettura stimato\" \/>\n\t<meta name=\"twitter:data1\" content=\"1 minuto\" \/>\n<script type=\"application\/ld+json\" class=\"yoast-schema-graph\">{\"@context\":\"https:\/\/schema.org\",\"@graph\":[{\"@type\":\"WebPage\",\"@id\":\"https:\/\/www.indigovenice.com\/it\/hotel\/un-quartiere-tranquillo\/\",\"url\":\"https:\/\/www.indigovenice.com\/it\/hotel\/un-quartiere-tranquillo\/\",\"name\":\"Scopri il nostro quartiere Hotel Indigo Venice | Sant'Elena Venezia\",\"isPartOf\":{\"@id\":\"https:\/\/www.indigovenice.com\/it\/#website\"},\"datePublished\":\"2019-06-18T13:48:08+00:00\",\"dateModified\":\"2022-04-29T13:56:39+00:00\",\"description\":\"L'isola di Sant'Elena fa parte de sestiere di Castello ed \u00e8 una vera oasi di pace e tranquillit\u00e0, lontana dalle folle di turisti.\",\"breadcrumb\":{\"@id\":\"https:\/\/www.indigovenice.com\/it\/hotel\/un-quartiere-tranquillo\/#breadcrumb\"},\"inLanguage\":\"it-IT\",\"potentialAction\":[{\"@type\":\"ReadAction\",\"target\":[\"https:\/\/www.indigovenice.com\/it\/hotel\/un-quartiere-tranquillo\/\"]}]},{\"@type\":\"BreadcrumbList\",\"@id\":\"https:\/\/www.indigovenice.com\/it\/hotel\/un-quartiere-tranquillo\/#breadcrumb\",\"itemListElement\":[{\"@type\":\"ListItem\",\"position\":1,\"name\":\"Home\",\"item\":\"https:\/\/www.indigovenice.com\/it\/\"},{\"@type\":\"ListItem\",\"position\":2,\"name\":\"L&#8217;Hotel Indigo Venice\",\"item\":\"https:\/\/www.indigovenice.com\/it\/hotel\/\"},{\"@type\":\"ListItem\",\"position\":3,\"name\":\"Il quartiere di Sant&#8217;Elena\"}]},{\"@type\":\"WebSite\",\"@id\":\"https:\/\/www.indigovenice.com\/it\/#website\",\"url\":\"https:\/\/www.indigovenice.com\/it\/\",\"name\":\"Hotel Indigo Venice - Sant'Elena\",\"description\":\"Just another ms.decms.eu site\",\"potentialAction\":[{\"@type\":\"SearchAction\",\"target\":{\"@type\":\"EntryPoint\",\"urlTemplate\":\"https:\/\/www.indigovenice.com\/it\/?s={search_term_string}\"},\"query-input\":{\"@type\":\"PropertyValueSpecification\",\"valueRequired\":true,\"valueName\":\"search_term_string\"}}],\"inLanguage\":\"it-IT\"}]}<\/script>\n<!-- \/ Yoast SEO plugin. -->","yoast_head_json":{"title":"Scopri il nostro quartiere Hotel Indigo Venice | Sant'Elena Venezia","description":"L'isola di Sant'Elena fa parte de sestiere di Castello ed \u00e8 una vera oasi di pace e tranquillit\u00e0, lontana dalle folle di turisti.","robots":{"index":"index","follow":"follow","max-snippet":"max-snippet:-1","max-image-preview":"max-image-preview:large","max-video-preview":"max-video-preview:-1"},"canonical":"https:\/\/www.indigovenice.com\/it\/hotel\/un-quartiere-tranquillo\/","og_locale":"it_IT","og_type":"article","og_title":"Scopri il nostro quartiere Hotel Indigo Venice | Sant'Elena Venezia","og_description":"L'isola di Sant'Elena fa parte de sestiere di Castello ed \u00e8 una vera oasi di pace e tranquillit\u00e0, lontana dalle folle di turisti.","og_url":"https:\/\/www.indigovenice.com\/it\/hotel\/un-quartiere-tranquillo\/","og_site_name":"Hotel Indigo Venice - Sant'Elena","article_modified_time":"2022-04-29T13:56:39+00:00","twitter_card":"summary_large_image","twitter_misc":{"Tempo di lettura stimato":"1 minuto"},"schema":{"@context":"https:\/\/schema.org","@graph":[{"@type":"WebPage","@id":"https:\/\/www.indigovenice.com\/it\/hotel\/un-quartiere-tranquillo\/","url":"https:\/\/www.indigovenice.com\/it\/hotel\/un-quartiere-tranquillo\/","name":"Scopri il nostro quartiere Hotel Indigo Venice | Sant'Elena Venezia","isPartOf":{"@id":"https:\/\/www.indigovenice.com\/it\/#website"},"datePublished":"2019-06-18T13:48:08+00:00","dateModified":"2022-04-29T13:56:39+00:00","description":"L'isola di Sant'Elena fa parte de sestiere di Castello ed \u00e8 una vera oasi di pace e tranquillit\u00e0, lontana dalle folle di turisti.","breadcrumb":{"@id":"https:\/\/www.indigovenice.com\/it\/hotel\/un-quartiere-tranquillo\/#breadcrumb"},"inLanguage":"it-IT","potentialAction":[{"@type":"ReadAction","target":["https:\/\/www.indigovenice.com\/it\/hotel\/un-quartiere-tranquillo\/"]}]},{"@type":"BreadcrumbList","@id":"https:\/\/www.indigovenice.com\/it\/hotel\/un-quartiere-tranquillo\/#breadcrumb","itemListElement":[{"@type":"ListItem","position":1,"name":"Home","item":"https:\/\/www.indigovenice.com\/it\/"},{"@type":"ListItem","position":2,"name":"L&#8217;Hotel Indigo Venice","item":"https:\/\/www.indigovenice.com\/it\/hotel\/"},{"@type":"ListItem","position":3,"name":"Il quartiere di Sant&#8217;Elena"}]},{"@type":"WebSite","@id":"https:\/\/www.indigovenice.com\/it\/#website","url":"https:\/\/www.indigovenice.com\/it\/","name":"Hotel Indigo Venice - Sant'Elena","description":"Just another ms.decms.eu site","potentialAction":[{"@type":"SearchAction","target":{"@type":"EntryPoint","urlTemplate":"https:\/\/www.indigovenice.com\/it\/?s={search_term_string}"},"query-input":{"@type":"PropertyValueSpecification","valueRequired":true,"valueName":"search_term_string"}}],"inLanguage":"it-IT"}]}},"acf":[],"_links":{"self":[{"href":"https:\/\/www.indigovenice.com\/it\/wp-json\/wp\/v2\/pages\/1206","targetHints":{"allow":["GET"]}}],"collection":[{"href":"https:\/\/www.indigovenice.com\/it\/wp-json\/wp\/v2\/pages"}],"about":[{"href":"https:\/\/www.indigovenice.com\/it\/wp-json\/wp\/v2\/types\/page"}],"author":[{"embeddable":true,"href":"https:\/\/www.indigovenice.com\/it\/wp-json\/wp\/v2\/users\/7"}],"replies":[{"embeddable":true,"href":"https:\/\/www.indigovenice.com\/it\/wp-json\/wp\/v2\/comments?post=1206"}],"version-history":[{"count":0,"href":"https:\/\/www.indigovenice.com\/it\/wp-json\/wp\/v2\/pages\/1206\/revisions"}],"up":[{"embeddable":true,"href":"https:\/\/www.indigovenice.com\/it\/wp-json\/wp\/v2\/pages\/162"}],"wp:attachment":[{"href":"https:\/\/www.indigovenice.com\/it\/wp-json\/wp\/v2\/media?parent=1206"}],"curies":[{"name":"wp","href":"https:\/\/api.w.org\/{rel}","templated":true}]}}