{"id":220,"date":"2019-05-31T10:11:01","date_gmt":"2019-05-31T10:11:01","guid":{"rendered":"http:\/\/st-elena.ms.decms.eu\/?page_id=220"},"modified":"2022-03-06T16:47:09","modified_gmt":"2022-03-06T16:47:09","slug":"storia-hotel-indigo-venice","status":"publish","type":"page","link":"https:\/\/www.indigovenice.com\/it\/hotel\/storia-hotel-indigo-venice\/","title":{"rendered":"Storia e Curiosit\u00e0"},"content":{"rendered":"<h3>Un&#8217;oasi di pace sull&#8217;isola di Sant&#8217;Elena, all&#8217;estremit\u00e0 orientale di Venezia<\/h3>\n<p>L&#8217;Hotel Indigo Venice \u00e8 ospitato <strong>in un antico convento sull&#8217;isola di Sant&#8217;Elena<\/strong>, all&#8217;estremit\u00e0 orientale di Venezia e del Sestiere Castello. Lontano dal frastuono delle zone pi\u00f9 turistiche gode di una posizione invidiabile, <strong>a pochi passi dai Giardini della Biennale<\/strong>.<\/p>\n<p>L&#8217;isola di Sant&#8217;Elena deve il nome a un&#8217;antica leggenda che narra come le spoglie della santa fossero state portate qui da Costantinopoli e, successivamente, sepolte nella cappella costruita dagli Agostiniani nel 1028. Nel 1400 agli Agostiniani succedettero i Benedettini, che nel 1439 costruirono il convento e la chiesa, visibile ancora oggi.<\/p>\n","protected":false},"excerpt":{"rendered":"<p>Un&#8217;oasi di pace sull&#8217;isola di Sant&#8217;Elena, all&#8217;estremit\u00e0 orientale di Venezia L&#8217;Hotel Indigo Venice \u00e8 ospitato in un antico convento sull&#8217;isola di Sant&#8217;Elena, all&#8217;estremit\u00e0 orientale di Venezia e del Sestiere Castello. Lontano dal frastuono delle zone pi\u00f9 turistiche gode di una posizione invidiabile, a pochi passi dai Giardini della Biennale. L&#8217;isola di Sant&#8217;Elena deve il nome [&hellip;]<\/p>\n","protected":false},"author":3,"featured_media":0,"parent":162,"menu_order":1,"comment_status":"closed","ping_status":"closed","template":"","meta":{"footnotes":""},"class_list":["post-220","page","type-page","status-publish","hentry"],"yoast_head":"<!-- This site is optimized with the Yoast SEO plugin v26.9 - https:\/\/yoast.com\/product\/yoast-seo-wordpress\/ -->\n<title>La Storia di Hotel Indigo Venice Sant&#039;Elena Venezia<\/title>\n<meta name=\"description\" content=\"Situato nel tranquillo quartiere di Sant&#039;Elena nel sestiere Castello, l&#039;Hotel Indigo Venice \u00e8 un boutique hotel che combina esperienze locali e design moderno.\" \/>\n<meta name=\"robots\" content=\"index, follow, max-snippet:-1, max-image-preview:large, max-video-preview:-1\" \/>\n<link rel=\"canonical\" href=\"https:\/\/www.indigovenice.com\/it\/hotel\/storia-hotel-indigo-venice\/\" \/>\n<meta property=\"og:locale\" content=\"it_IT\" \/>\n<meta property=\"og:type\" content=\"article\" \/>\n<meta property=\"og:title\" content=\"La Storia di Hotel Indigo Venice Sant&#039;Elena Venezia\" \/>\n<meta property=\"og:description\" content=\"Situato nel tranquillo quartiere di Sant&#039;Elena nel sestiere Castello, l&#039;Hotel Indigo Venice \u00e8 un boutique hotel che combina esperienze locali e design moderno.\" \/>\n<meta property=\"og:url\" content=\"https:\/\/www.indigovenice.com\/it\/hotel\/storia-hotel-indigo-venice\/\" \/>\n<meta property=\"og:site_name\" content=\"Hotel Indigo Venice - Sant&#039;Elena\" \/>\n<meta property=\"article:modified_time\" content=\"2022-03-06T16:47:09+00:00\" \/>\n<meta name=\"twitter:card\" content=\"summary_large_image\" \/>\n<script type=\"application\/ld+json\" class=\"yoast-schema-graph\">{\"@context\":\"https:\/\/schema.org\",\"@graph\":[{\"@type\":\"WebPage\",\"@id\":\"https:\/\/www.indigovenice.com\/it\/hotel\/storia-hotel-indigo-venice\/\",\"url\":\"https:\/\/www.indigovenice.com\/it\/hotel\/storia-hotel-indigo-venice\/\",\"name\":\"La Storia di Hotel Indigo Venice Sant'Elena Venezia\",\"isPartOf\":{\"@id\":\"https:\/\/www.indigovenice.com\/it\/#website\"},\"datePublished\":\"2019-05-31T10:11:01+00:00\",\"dateModified\":\"2022-03-06T16:47:09+00:00\",\"description\":\"Situato nel tranquillo quartiere di Sant'Elena nel sestiere Castello, l'Hotel Indigo Venice \u00e8 un boutique hotel che combina esperienze locali e design moderno.\",\"breadcrumb\":{\"@id\":\"https:\/\/www.indigovenice.com\/it\/hotel\/storia-hotel-indigo-venice\/#breadcrumb\"},\"inLanguage\":\"it-IT\",\"potentialAction\":[{\"@type\":\"ReadAction\",\"target\":[\"https:\/\/www.indigovenice.com\/it\/hotel\/storia-hotel-indigo-venice\/\"]}]},{\"@type\":\"BreadcrumbList\",\"@id\":\"https:\/\/www.indigovenice.com\/it\/hotel\/storia-hotel-indigo-venice\/#breadcrumb\",\"itemListElement\":[{\"@type\":\"ListItem\",\"position\":1,\"name\":\"Home\",\"item\":\"https:\/\/www.indigovenice.com\/it\/\"},{\"@type\":\"ListItem\",\"position\":2,\"name\":\"L&#8217;Hotel Indigo Venice\",\"item\":\"https:\/\/www.indigovenice.com\/it\/hotel\/\"},{\"@type\":\"ListItem\",\"position\":3,\"name\":\"Storia e Curiosit\u00e0\"}]},{\"@type\":\"WebSite\",\"@id\":\"https:\/\/www.indigovenice.com\/it\/#website\",\"url\":\"https:\/\/www.indigovenice.com\/it\/\",\"name\":\"Hotel Indigo Venice - Sant'Elena\",\"description\":\"Just another ms.decms.eu site\",\"potentialAction\":[{\"@type\":\"SearchAction\",\"target\":{\"@type\":\"EntryPoint\",\"urlTemplate\":\"https:\/\/www.indigovenice.com\/it\/?s={search_term_string}\"},\"query-input\":{\"@type\":\"PropertyValueSpecification\",\"valueRequired\":true,\"valueName\":\"search_term_string\"}}],\"inLanguage\":\"it-IT\"}]}<\/script>\n<!-- \/ Yoast SEO plugin. -->","yoast_head_json":{"title":"La Storia di Hotel Indigo Venice Sant'Elena Venezia","description":"Situato nel tranquillo quartiere di Sant'Elena nel sestiere Castello, l'Hotel Indigo Venice \u00e8 un boutique hotel che combina esperienze locali e design moderno.","robots":{"index":"index","follow":"follow","max-snippet":"max-snippet:-1","max-image-preview":"max-image-preview:large","max-video-preview":"max-video-preview:-1"},"canonical":"https:\/\/www.indigovenice.com\/it\/hotel\/storia-hotel-indigo-venice\/","og_locale":"it_IT","og_type":"article","og_title":"La Storia di Hotel Indigo Venice Sant'Elena Venezia","og_description":"Situato nel tranquillo quartiere di Sant'Elena nel sestiere Castello, l'Hotel Indigo Venice \u00e8 un boutique hotel che combina esperienze locali e design moderno.","og_url":"https:\/\/www.indigovenice.com\/it\/hotel\/storia-hotel-indigo-venice\/","og_site_name":"Hotel Indigo Venice - Sant'Elena","article_modified_time":"2022-03-06T16:47:09+00:00","twitter_card":"summary_large_image","schema":{"@context":"https:\/\/schema.org","@graph":[{"@type":"WebPage","@id":"https:\/\/www.indigovenice.com\/it\/hotel\/storia-hotel-indigo-venice\/","url":"https:\/\/www.indigovenice.com\/it\/hotel\/storia-hotel-indigo-venice\/","name":"La Storia di Hotel Indigo Venice Sant'Elena Venezia","isPartOf":{"@id":"https:\/\/www.indigovenice.com\/it\/#website"},"datePublished":"2019-05-31T10:11:01+00:00","dateModified":"2022-03-06T16:47:09+00:00","description":"Situato nel tranquillo quartiere di Sant'Elena nel sestiere Castello, l'Hotel Indigo Venice \u00e8 un boutique hotel che combina esperienze locali e design moderno.","breadcrumb":{"@id":"https:\/\/www.indigovenice.com\/it\/hotel\/storia-hotel-indigo-venice\/#breadcrumb"},"inLanguage":"it-IT","potentialAction":[{"@type":"ReadAction","target":["https:\/\/www.indigovenice.com\/it\/hotel\/storia-hotel-indigo-venice\/"]}]},{"@type":"BreadcrumbList","@id":"https:\/\/www.indigovenice.com\/it\/hotel\/storia-hotel-indigo-venice\/#breadcrumb","itemListElement":[{"@type":"ListItem","position":1,"name":"Home","item":"https:\/\/www.indigovenice.com\/it\/"},{"@type":"ListItem","position":2,"name":"L&#8217;Hotel Indigo Venice","item":"https:\/\/www.indigovenice.com\/it\/hotel\/"},{"@type":"ListItem","position":3,"name":"Storia e Curiosit\u00e0"}]},{"@type":"WebSite","@id":"https:\/\/www.indigovenice.com\/it\/#website","url":"https:\/\/www.indigovenice.com\/it\/","name":"Hotel Indigo Venice - Sant'Elena","description":"Just another ms.decms.eu site","potentialAction":[{"@type":"SearchAction","target":{"@type":"EntryPoint","urlTemplate":"https:\/\/www.indigovenice.com\/it\/?s={search_term_string}"},"query-input":{"@type":"PropertyValueSpecification","valueRequired":true,"valueName":"search_term_string"}}],"inLanguage":"it-IT"}]}},"acf":[],"_links":{"self":[{"href":"https:\/\/www.indigovenice.com\/it\/wp-json\/wp\/v2\/pages\/220","targetHints":{"allow":["GET"]}}],"collection":[{"href":"https:\/\/www.indigovenice.com\/it\/wp-json\/wp\/v2\/pages"}],"about":[{"href":"https:\/\/www.indigovenice.com\/it\/wp-json\/wp\/v2\/types\/page"}],"author":[{"embeddable":true,"href":"https:\/\/www.indigovenice.com\/it\/wp-json\/wp\/v2\/users\/3"}],"replies":[{"embeddable":true,"href":"https:\/\/www.indigovenice.com\/it\/wp-json\/wp\/v2\/comments?post=220"}],"version-history":[{"count":0,"href":"https:\/\/www.indigovenice.com\/it\/wp-json\/wp\/v2\/pages\/220\/revisions"}],"up":[{"embeddable":true,"href":"https:\/\/www.indigovenice.com\/it\/wp-json\/wp\/v2\/pages\/162"}],"wp:attachment":[{"href":"https:\/\/www.indigovenice.com\/it\/wp-json\/wp\/v2\/media?parent=220"}],"curies":[{"name":"wp","href":"https:\/\/api.w.org\/{rel}","templated":true}]}}