{"id":2861,"date":"2024-04-17T19:32:18","date_gmt":"2024-04-17T19:32:18","guid":{"rendered":"https:\/\/www.indigovenice.com\/?page_id=2861"},"modified":"2024-05-12T19:26:01","modified_gmt":"2024-05-12T19:26:01","slug":"musei-di-venezia","status":"publish","type":"page","link":"https:\/\/www.indigovenice.com\/it\/venezia\/musei-di-venezia\/","title":{"rendered":"I Musei di Venezia"},"content":{"rendered":"<p>Quali sono i principali musei da visitare a Venezia ? L\u2019offerta culturale della citt\u00e0 \u00e8 cos\u00ec ampia da non deludere nemmeno i visitatori e le visitatrici pi\u00f9 esigenti. La citt\u00e0 ed il suo assetto urbanistico, unico al mondo, ospitano un patrimonio di valore inestimabile, frutto di secoli di inarrestabile fermento artistico e di profonde contaminazioni culturali. Il tutto \u00e8 custodito in palazzi ed edifici di eccezionale bellezza e che, da soli, valgono il viaggio.<\/p>\n<p>La domanda sorge spontanea: tra pi\u00f9 di 40 musei ed esposizioni, da dove cominciare? Scopriamo insieme i principali.<\/p>\n","protected":false},"excerpt":{"rendered":"<p>Quali sono i principali musei da visitare a Venezia ? L\u2019offerta culturale della citt\u00e0 \u00e8 cos\u00ec ampia da non deludere nemmeno i visitatori e le visitatrici pi\u00f9 esigenti. La citt\u00e0 ed il suo assetto urbanistico, unico al mondo, ospitano un patrimonio di valore inestimabile, frutto di secoli di inarrestabile fermento artistico e di profonde contaminazioni [&hellip;]<\/p>\n","protected":false},"author":125,"featured_media":0,"parent":525,"menu_order":0,"comment_status":"closed","ping_status":"closed","template":"template-venice-theme.php","meta":{"footnotes":""},"class_list":["post-2861","page","type-page","status-publish","hentry"],"yoast_head":"<!-- This site is optimized with the Yoast SEO plugin v26.9 - https:\/\/yoast.com\/product\/yoast-seo-wordpress\/ -->\n<title>I Musei di Venezia - Hotel Indigo Venice - Sant&#039;Elena<\/title>\n<meta name=\"robots\" content=\"index, follow, max-snippet:-1, max-image-preview:large, max-video-preview:-1\" \/>\n<link rel=\"canonical\" href=\"https:\/\/www.indigovenice.com\/it\/venezia\/musei-di-venezia\/\" \/>\n<meta property=\"og:locale\" content=\"it_IT\" \/>\n<meta property=\"og:type\" content=\"article\" \/>\n<meta property=\"og:title\" content=\"I Musei di Venezia - Hotel Indigo Venice - Sant&#039;Elena\" \/>\n<meta property=\"og:description\" content=\"Quali sono i principali musei da visitare a Venezia ? L\u2019offerta culturale della citt\u00e0 \u00e8 cos\u00ec ampia da non deludere nemmeno i visitatori e le visitatrici pi\u00f9 esigenti. La citt\u00e0 ed il suo assetto urbanistico, unico al mondo, ospitano un patrimonio di valore inestimabile, frutto di secoli di inarrestabile fermento artistico e di profonde contaminazioni [&hellip;]\" \/>\n<meta property=\"og:url\" content=\"https:\/\/www.indigovenice.com\/it\/venezia\/musei-di-venezia\/\" \/>\n<meta property=\"og:site_name\" content=\"Hotel Indigo Venice - Sant&#039;Elena\" \/>\n<meta property=\"article:modified_time\" content=\"2024-05-12T19:26:01+00:00\" \/>\n<meta name=\"twitter:card\" content=\"summary_large_image\" \/>\n<meta name=\"twitter:label1\" content=\"Tempo di lettura stimato\" \/>\n\t<meta name=\"twitter:data1\" content=\"1 minuto\" \/>\n<script type=\"application\/ld+json\" class=\"yoast-schema-graph\">{\"@context\":\"https:\/\/schema.org\",\"@graph\":[{\"@type\":\"WebPage\",\"@id\":\"https:\/\/www.indigovenice.com\/it\/venezia\/musei-di-venezia\/\",\"url\":\"https:\/\/www.indigovenice.com\/it\/venezia\/musei-di-venezia\/\",\"name\":\"I Musei di Venezia - Hotel Indigo Venice - Sant'Elena\",\"isPartOf\":{\"@id\":\"https:\/\/www.indigovenice.com\/it\/#website\"},\"datePublished\":\"2024-04-17T19:32:18+00:00\",\"dateModified\":\"2024-05-12T19:26:01+00:00\",\"breadcrumb\":{\"@id\":\"https:\/\/www.indigovenice.com\/it\/venezia\/musei-di-venezia\/#breadcrumb\"},\"inLanguage\":\"it-IT\",\"potentialAction\":[{\"@type\":\"ReadAction\",\"target\":[\"https:\/\/www.indigovenice.com\/it\/venezia\/musei-di-venezia\/\"]}]},{\"@type\":\"BreadcrumbList\",\"@id\":\"https:\/\/www.indigovenice.com\/it\/venezia\/musei-di-venezia\/#breadcrumb\",\"itemListElement\":[{\"@type\":\"ListItem\",\"position\":1,\"name\":\"Home\",\"item\":\"https:\/\/www.indigovenice.com\/it\/\"},{\"@type\":\"ListItem\",\"position\":2,\"name\":\"Venezia\",\"item\":\"https:\/\/www.indigovenice.com\/it\/venezia\/\"},{\"@type\":\"ListItem\",\"position\":3,\"name\":\"I Musei di Venezia\"}]},{\"@type\":\"WebSite\",\"@id\":\"https:\/\/www.indigovenice.com\/it\/#website\",\"url\":\"https:\/\/www.indigovenice.com\/it\/\",\"name\":\"Hotel Indigo Venice - Sant'Elena\",\"description\":\"Just another ms.decms.eu site\",\"potentialAction\":[{\"@type\":\"SearchAction\",\"target\":{\"@type\":\"EntryPoint\",\"urlTemplate\":\"https:\/\/www.indigovenice.com\/it\/?s={search_term_string}\"},\"query-input\":{\"@type\":\"PropertyValueSpecification\",\"valueRequired\":true,\"valueName\":\"search_term_string\"}}],\"inLanguage\":\"it-IT\"}]}<\/script>\n<!-- \/ Yoast SEO plugin. -->","yoast_head_json":{"title":"I Musei di Venezia - Hotel Indigo Venice - Sant'Elena","robots":{"index":"index","follow":"follow","max-snippet":"max-snippet:-1","max-image-preview":"max-image-preview:large","max-video-preview":"max-video-preview:-1"},"canonical":"https:\/\/www.indigovenice.com\/it\/venezia\/musei-di-venezia\/","og_locale":"it_IT","og_type":"article","og_title":"I Musei di Venezia - Hotel Indigo Venice - Sant'Elena","og_description":"Quali sono i principali musei da visitare a Venezia ? L\u2019offerta culturale della citt\u00e0 \u00e8 cos\u00ec ampia da non deludere nemmeno i visitatori e le visitatrici pi\u00f9 esigenti. La citt\u00e0 ed il suo assetto urbanistico, unico al mondo, ospitano un patrimonio di valore inestimabile, frutto di secoli di inarrestabile fermento artistico e di profonde contaminazioni [&hellip;]","og_url":"https:\/\/www.indigovenice.com\/it\/venezia\/musei-di-venezia\/","og_site_name":"Hotel Indigo Venice - Sant'Elena","article_modified_time":"2024-05-12T19:26:01+00:00","twitter_card":"summary_large_image","twitter_misc":{"Tempo di lettura stimato":"1 minuto"},"schema":{"@context":"https:\/\/schema.org","@graph":[{"@type":"WebPage","@id":"https:\/\/www.indigovenice.com\/it\/venezia\/musei-di-venezia\/","url":"https:\/\/www.indigovenice.com\/it\/venezia\/musei-di-venezia\/","name":"I Musei di Venezia - Hotel Indigo Venice - Sant'Elena","isPartOf":{"@id":"https:\/\/www.indigovenice.com\/it\/#website"},"datePublished":"2024-04-17T19:32:18+00:00","dateModified":"2024-05-12T19:26:01+00:00","breadcrumb":{"@id":"https:\/\/www.indigovenice.com\/it\/venezia\/musei-di-venezia\/#breadcrumb"},"inLanguage":"it-IT","potentialAction":[{"@type":"ReadAction","target":["https:\/\/www.indigovenice.com\/it\/venezia\/musei-di-venezia\/"]}]},{"@type":"BreadcrumbList","@id":"https:\/\/www.indigovenice.com\/it\/venezia\/musei-di-venezia\/#breadcrumb","itemListElement":[{"@type":"ListItem","position":1,"name":"Home","item":"https:\/\/www.indigovenice.com\/it\/"},{"@type":"ListItem","position":2,"name":"Venezia","item":"https:\/\/www.indigovenice.com\/it\/venezia\/"},{"@type":"ListItem","position":3,"name":"I Musei di Venezia"}]},{"@type":"WebSite","@id":"https:\/\/www.indigovenice.com\/it\/#website","url":"https:\/\/www.indigovenice.com\/it\/","name":"Hotel Indigo Venice - Sant'Elena","description":"Just another ms.decms.eu site","potentialAction":[{"@type":"SearchAction","target":{"@type":"EntryPoint","urlTemplate":"https:\/\/www.indigovenice.com\/it\/?s={search_term_string}"},"query-input":{"@type":"PropertyValueSpecification","valueRequired":true,"valueName":"search_term_string"}}],"inLanguage":"it-IT"}]}},"acf":[],"_links":{"self":[{"href":"https:\/\/www.indigovenice.com\/it\/wp-json\/wp\/v2\/pages\/2861","targetHints":{"allow":["GET"]}}],"collection":[{"href":"https:\/\/www.indigovenice.com\/it\/wp-json\/wp\/v2\/pages"}],"about":[{"href":"https:\/\/www.indigovenice.com\/it\/wp-json\/wp\/v2\/types\/page"}],"author":[{"embeddable":true,"href":"https:\/\/www.indigovenice.com\/it\/wp-json\/wp\/v2\/users\/125"}],"replies":[{"embeddable":true,"href":"https:\/\/www.indigovenice.com\/it\/wp-json\/wp\/v2\/comments?post=2861"}],"version-history":[{"count":0,"href":"https:\/\/www.indigovenice.com\/it\/wp-json\/wp\/v2\/pages\/2861\/revisions"}],"up":[{"embeddable":true,"href":"https:\/\/www.indigovenice.com\/it\/wp-json\/wp\/v2\/pages\/525"}],"wp:attachment":[{"href":"https:\/\/www.indigovenice.com\/it\/wp-json\/wp\/v2\/media?parent=2861"}],"curies":[{"name":"wp","href":"https:\/\/api.w.org\/{rel}","templated":true}]}}