{"id":3193,"date":"2025-04-02T12:36:55","date_gmt":"2025-04-02T12:36:55","guid":{"rendered":"https:\/\/www.indigovenice.com\/a-romantic-getaway-from-paris-to-venice\/"},"modified":"2025-04-04T11:13:39","modified_gmt":"2025-04-04T11:13:39","slug":"una-fuga-romantica-da-parigi-a-venezia","status":"publish","type":"page","link":"https:\/\/www.indigovenice.com\/it\/una-fuga-romantica-da-parigi-a-venezia\/","title":{"rendered":"Una fuga romantica da Parigi a Venezia"},"content":{"rendered":"<article class=\"w-full text-token-text-primary\" dir=\"auto\" data-testid=\"conversation-turn-82\" data-scroll-anchor=\"true\">\n<div class=\"text-base my-auto mx-auto py-5 px-6\">\n<div class=\"mx-auto flex flex-1 text-base gap-4 md:gap-5 lg:gap-6 md:max-w-3xl lg:max-w-[40rem] xl:max-w-[48rem] group\/turn-messages focus-visible:outline-none\">\n<div class=\"group\/conversation-turn relative flex w-full min-w-0 flex-col agent-turn @xs\/thread:px-0 @sm\/thread:px-1.5 @md\/thread:px-4\">\n<div class=\"relative flex-col gap-1 md:gap-3\">\n<div class=\"flex max-w-full flex-col flex-grow\">\n<div class=\"min-h-8 text-message relative flex w-full flex-col items-end gap-2 whitespace-normal break-words text-start [.text-message+&amp;]:mt-5\" dir=\"auto\" data-message-author-role=\"assistant\" data-message-id=\"7dd17df7-3a70-4b83-a8c0-dfe3498727e7\" data-message-model-slug=\"gpt-4o\">\n<div class=\"flex w-full flex-col gap-1 empty:hidden first:pt-[3px]\">\n<div class=\"markdown prose w-full break-words dark:prose-invert light\">\n<p class=\"\" data-start=\"91\" data-end=\"330\"><strong data-start=\"91\" data-end=\"168\">Parigi \u00e8 dove tutto \u00e8 iniziato. Venezia \u00e8 dove continua la vostra storia.<\/strong><br data-start=\"168\" data-end=\"171\" \/>Dopo aver vissuto il fascino boh\u00e9mien dell\u2019Hotel Indigo Paris, \u00e8 il momento di proseguire la vostra fuga romantica in una delle citt\u00e0 pi\u00f9 incantevoli al mondo.<\/p>\n<p class=\"\" data-start=\"332\" data-end=\"507\">All\u2019<strong data-start=\"336\" data-end=\"372\">Hotel Indigo Venice \u2013 Sant\u2019Elena<\/strong>, vi aspetta un gioiello nascosto: un ex convento trasformato in boutique hotel, immerso nel verde e a pochi passi da Piazza San Marco.<\/p>\n<p class=\"\" data-start=\"509\" data-end=\"665\"><strong data-start=\"509\" data-end=\"553\">Richiedi subito il tuo sconto esclusivo!<\/strong><br data-start=\"553\" data-end=\"556\" \/>Compila il form per ottenere <strong data-start=\"585\" data-end=\"605\">il 15% di sconto<\/strong> sulla nostra Best Flexible Rate, <strong data-start=\"639\" data-end=\"664\">con colazione inclusa<\/strong>.<\/p>\n<p class=\"\" data-start=\"667\" data-end=\"713\"><em data-start=\"667\" data-end=\"713\" data-is-last-node=\"\">Valido per soggiorni fino al 30 aprile 2026.<\/em><\/p>\n<\/div>\n<\/div>\n<\/div>\n<\/div>\n<div class=\"flex justify-start\">\n<div class=\"-me-1 -ms-2.5 flex select-none items-center p-1 touch:-me-2 touch:-ms-3.5 -mt-1 duration-[1.5s] focus-within:transition-none hover:transition-none pointer-events-none [mask-image:linear-gradient(to_right,black_33%,transparent_66%)] [mask-position:100%_0%] [mask-size:300%_100%] motion-safe:transition-[mask-position] group-hover\/turn-messages:pointer-events-auto group-hover\/turn-messages:[mask-position:0_0] group-focus-within\/turn-messages:pointer-events-auto group-focus-within\/turn-messages:[mask-position:0_0] has-[[data-state=open]]:pointer-events-auto has-[[data-state=open]]:[mask-position:0_0]\"><\/div>\n<\/div>\n<\/div>\n<div class=\"absolute\">\n<div class=\"flex items-center justify-center\"><\/div>\n<\/div>\n<\/div>\n<\/div>\n<\/div>\n<\/article>\n<div class=\"pointer-events-none h-px w-px\" aria-hidden=\"true\" data-edge=\"true\"><\/div>\n","protected":false},"excerpt":{"rendered":"<p>Parigi \u00e8 dove tutto \u00e8 iniziato. Venezia \u00e8 dove continua la vostra storia.Dopo aver vissuto il fascino boh\u00e9mien dell\u2019Hotel Indigo Paris, \u00e8 il momento di proseguire la vostra fuga romantica in una delle citt\u00e0 pi\u00f9 incantevoli al mondo. All\u2019Hotel Indigo Venice \u2013 Sant\u2019Elena, vi aspetta un gioiello nascosto: un ex convento trasformato in boutique hotel, [&hellip;]<\/p>\n","protected":false},"author":55,"featured_media":0,"parent":0,"menu_order":0,"comment_status":"closed","ping_status":"closed","template":"template-landing_page.php","meta":{"footnotes":""},"class_list":["post-3193","page","type-page","status-publish","hentry"],"yoast_head":"<!-- This site is optimized with the Yoast SEO plugin v26.9 - https:\/\/yoast.com\/product\/yoast-seo-wordpress\/ -->\n<title>Una fuga romantica da Parigi a Venezia | Hotel Indigo Venice - Sant&#039;Elena<\/title>\n<meta name=\"description\" content=\"Fuga romantica a Venezia all\u2019Hotel Indigo Sant\u2019Elena: boutique hotel con giardino segreto, camere eleganti e cucina locale. A pochi minuti da Piazza San Marco.\" \/>\n<meta name=\"robots\" content=\"index, follow, max-snippet:-1, max-image-preview:large, max-video-preview:-1\" \/>\n<link rel=\"canonical\" href=\"https:\/\/www.indigovenice.com\/it\/una-fuga-romantica-da-parigi-a-venezia\/\" \/>\n<meta property=\"og:locale\" content=\"it_IT\" \/>\n<meta property=\"og:type\" content=\"article\" \/>\n<meta property=\"og:title\" content=\"Una fuga romantica da Parigi a Venezia | Hotel Indigo Venice - Sant&#039;Elena\" \/>\n<meta property=\"og:description\" content=\"Fuga romantica a Venezia all\u2019Hotel Indigo Sant\u2019Elena: boutique hotel con giardino segreto, camere eleganti e cucina locale. A pochi minuti da Piazza San Marco.\" \/>\n<meta property=\"og:url\" content=\"https:\/\/www.indigovenice.com\/it\/una-fuga-romantica-da-parigi-a-venezia\/\" \/>\n<meta property=\"og:site_name\" content=\"Hotel Indigo Venice - Sant&#039;Elena\" \/>\n<meta property=\"article:modified_time\" content=\"2025-04-04T11:13:39+00:00\" \/>\n<meta name=\"twitter:card\" content=\"summary_large_image\" \/>\n<meta name=\"twitter:label1\" content=\"Tempo di lettura stimato\" \/>\n\t<meta name=\"twitter:data1\" content=\"1 minuto\" \/>\n<script type=\"application\/ld+json\" class=\"yoast-schema-graph\">{\"@context\":\"https:\/\/schema.org\",\"@graph\":[{\"@type\":\"WebPage\",\"@id\":\"https:\/\/www.indigovenice.com\/it\/una-fuga-romantica-da-parigi-a-venezia\/\",\"url\":\"https:\/\/www.indigovenice.com\/it\/una-fuga-romantica-da-parigi-a-venezia\/\",\"name\":\"Una fuga romantica da Parigi a Venezia | Hotel Indigo Venice - Sant'Elena\",\"isPartOf\":{\"@id\":\"https:\/\/www.indigovenice.com\/it\/#website\"},\"datePublished\":\"2025-04-02T12:36:55+00:00\",\"dateModified\":\"2025-04-04T11:13:39+00:00\",\"description\":\"Fuga romantica a Venezia all\u2019Hotel Indigo Sant\u2019Elena: boutique hotel con giardino segreto, camere eleganti e cucina locale. A pochi minuti da Piazza San Marco.\",\"breadcrumb\":{\"@id\":\"https:\/\/www.indigovenice.com\/it\/una-fuga-romantica-da-parigi-a-venezia\/#breadcrumb\"},\"inLanguage\":\"it-IT\",\"potentialAction\":[{\"@type\":\"ReadAction\",\"target\":[\"https:\/\/www.indigovenice.com\/it\/una-fuga-romantica-da-parigi-a-venezia\/\"]}]},{\"@type\":\"BreadcrumbList\",\"@id\":\"https:\/\/www.indigovenice.com\/it\/una-fuga-romantica-da-parigi-a-venezia\/#breadcrumb\",\"itemListElement\":[{\"@type\":\"ListItem\",\"position\":1,\"name\":\"Home\",\"item\":\"https:\/\/www.indigovenice.com\/it\/\"},{\"@type\":\"ListItem\",\"position\":2,\"name\":\"Una fuga romantica da Parigi a Venezia\"}]},{\"@type\":\"WebSite\",\"@id\":\"https:\/\/www.indigovenice.com\/it\/#website\",\"url\":\"https:\/\/www.indigovenice.com\/it\/\",\"name\":\"Hotel Indigo Venice - Sant'Elena\",\"description\":\"Just another ms.decms.eu site\",\"potentialAction\":[{\"@type\":\"SearchAction\",\"target\":{\"@type\":\"EntryPoint\",\"urlTemplate\":\"https:\/\/www.indigovenice.com\/it\/?s={search_term_string}\"},\"query-input\":{\"@type\":\"PropertyValueSpecification\",\"valueRequired\":true,\"valueName\":\"search_term_string\"}}],\"inLanguage\":\"it-IT\"}]}<\/script>\n<!-- \/ Yoast SEO plugin. -->","yoast_head_json":{"title":"Una fuga romantica da Parigi a Venezia | Hotel Indigo Venice - Sant'Elena","description":"Fuga romantica a Venezia all\u2019Hotel Indigo Sant\u2019Elena: boutique hotel con giardino segreto, camere eleganti e cucina locale. A pochi minuti da Piazza San Marco.","robots":{"index":"index","follow":"follow","max-snippet":"max-snippet:-1","max-image-preview":"max-image-preview:large","max-video-preview":"max-video-preview:-1"},"canonical":"https:\/\/www.indigovenice.com\/it\/una-fuga-romantica-da-parigi-a-venezia\/","og_locale":"it_IT","og_type":"article","og_title":"Una fuga romantica da Parigi a Venezia | Hotel Indigo Venice - Sant'Elena","og_description":"Fuga romantica a Venezia all\u2019Hotel Indigo Sant\u2019Elena: boutique hotel con giardino segreto, camere eleganti e cucina locale. A pochi minuti da Piazza San Marco.","og_url":"https:\/\/www.indigovenice.com\/it\/una-fuga-romantica-da-parigi-a-venezia\/","og_site_name":"Hotel Indigo Venice - Sant'Elena","article_modified_time":"2025-04-04T11:13:39+00:00","twitter_card":"summary_large_image","twitter_misc":{"Tempo di lettura stimato":"1 minuto"},"schema":{"@context":"https:\/\/schema.org","@graph":[{"@type":"WebPage","@id":"https:\/\/www.indigovenice.com\/it\/una-fuga-romantica-da-parigi-a-venezia\/","url":"https:\/\/www.indigovenice.com\/it\/una-fuga-romantica-da-parigi-a-venezia\/","name":"Una fuga romantica da Parigi a Venezia | Hotel Indigo Venice - Sant'Elena","isPartOf":{"@id":"https:\/\/www.indigovenice.com\/it\/#website"},"datePublished":"2025-04-02T12:36:55+00:00","dateModified":"2025-04-04T11:13:39+00:00","description":"Fuga romantica a Venezia all\u2019Hotel Indigo Sant\u2019Elena: boutique hotel con giardino segreto, camere eleganti e cucina locale. A pochi minuti da Piazza San Marco.","breadcrumb":{"@id":"https:\/\/www.indigovenice.com\/it\/una-fuga-romantica-da-parigi-a-venezia\/#breadcrumb"},"inLanguage":"it-IT","potentialAction":[{"@type":"ReadAction","target":["https:\/\/www.indigovenice.com\/it\/una-fuga-romantica-da-parigi-a-venezia\/"]}]},{"@type":"BreadcrumbList","@id":"https:\/\/www.indigovenice.com\/it\/una-fuga-romantica-da-parigi-a-venezia\/#breadcrumb","itemListElement":[{"@type":"ListItem","position":1,"name":"Home","item":"https:\/\/www.indigovenice.com\/it\/"},{"@type":"ListItem","position":2,"name":"Una fuga romantica da Parigi a Venezia"}]},{"@type":"WebSite","@id":"https:\/\/www.indigovenice.com\/it\/#website","url":"https:\/\/www.indigovenice.com\/it\/","name":"Hotel Indigo Venice - Sant'Elena","description":"Just another ms.decms.eu site","potentialAction":[{"@type":"SearchAction","target":{"@type":"EntryPoint","urlTemplate":"https:\/\/www.indigovenice.com\/it\/?s={search_term_string}"},"query-input":{"@type":"PropertyValueSpecification","valueRequired":true,"valueName":"search_term_string"}}],"inLanguage":"it-IT"}]}},"acf":[],"_links":{"self":[{"href":"https:\/\/www.indigovenice.com\/it\/wp-json\/wp\/v2\/pages\/3193","targetHints":{"allow":["GET"]}}],"collection":[{"href":"https:\/\/www.indigovenice.com\/it\/wp-json\/wp\/v2\/pages"}],"about":[{"href":"https:\/\/www.indigovenice.com\/it\/wp-json\/wp\/v2\/types\/page"}],"author":[{"embeddable":true,"href":"https:\/\/www.indigovenice.com\/it\/wp-json\/wp\/v2\/users\/55"}],"replies":[{"embeddable":true,"href":"https:\/\/www.indigovenice.com\/it\/wp-json\/wp\/v2\/comments?post=3193"}],"version-history":[{"count":0,"href":"https:\/\/www.indigovenice.com\/it\/wp-json\/wp\/v2\/pages\/3193\/revisions"}],"wp:attachment":[{"href":"https:\/\/www.indigovenice.com\/it\/wp-json\/wp\/v2\/media?parent=3193"}],"curies":[{"name":"wp","href":"https:\/\/api.w.org\/{rel}","templated":true}]}}