{"id":3565,"date":"2026-04-29T06:25:48","date_gmt":"2026-04-29T06:25:48","guid":{"rendered":"https:\/\/www.indigovenice.com\/?page_id=3565"},"modified":"2026-04-29T06:25:48","modified_gmt":"2026-04-29T06:25:48","slug":"estate-2026-a-venezia-la-guida-agli-eventi-da-non-perdere","status":"publish","type":"page","link":"https:\/\/www.indigovenice.com\/it\/venezia\/estate-2026-a-venezia-la-guida-agli-eventi-da-non-perdere\/","title":{"rendered":"Estate 2026 a Venezia: la guida agli eventi da non perdere"},"content":{"rendered":"<p>A Venezia l\u2019estate 2026 sar\u00e0 una stagione ricca di eventi e manifestazioni. Il fermento artistico e culturale che la contraddistingue render\u00e0 ogni visita in citt\u00e0 ancora pi\u00f9 stimolante del solito, grazie a un calendario fitto di appuntamenti e capace di accontentare un ampio ventaglio di interessi e passioni.<\/p>\n","protected":false},"excerpt":{"rendered":"<p>A Venezia l\u2019estate 2026 sar\u00e0 una stagione ricca di eventi e manifestazioni. Il fermento artistico e culturale che la contraddistingue render\u00e0 ogni visita in citt\u00e0 ancora pi\u00f9 stimolante del solito, grazie a un calendario fitto di appuntamenti e capace di accontentare un ampio ventaglio di interessi e passioni.<\/p>\n","protected":false},"author":125,"featured_media":0,"parent":525,"menu_order":0,"comment_status":"closed","ping_status":"closed","template":"template-venice-theme.php","meta":{"footnotes":""},"class_list":["post-3565","page","type-page","status-publish","hentry"],"yoast_head":"<!-- This site is optimized with the Yoast SEO plugin v26.9 - https:\/\/yoast.com\/product\/yoast-seo-wordpress\/ -->\n<title>Estate 2026 a Venezia: la guida agli eventi da non perdere - Hotel Indigo Venice - Sant&#039;Elena<\/title>\n<meta name=\"description\" content=\"A Venezia l\u2019estate 2026 sar\u00e0 una stagione ricca di eventi e manifestazioni. Scopri gli appuntamenti da non perdere.\" \/>\n<meta name=\"robots\" content=\"index, follow, max-snippet:-1, max-image-preview:large, max-video-preview:-1\" \/>\n<link rel=\"canonical\" href=\"https:\/\/www.indigovenice.com\/it\/venezia\/estate-2026-a-venezia-la-guida-agli-eventi-da-non-perdere\/\" \/>\n<meta property=\"og:locale\" content=\"it_IT\" \/>\n<meta property=\"og:type\" content=\"article\" \/>\n<meta property=\"og:title\" content=\"Estate 2026 a Venezia: la guida agli eventi da non perdere - Hotel Indigo Venice - Sant&#039;Elena\" \/>\n<meta property=\"og:description\" content=\"A Venezia l\u2019estate 2026 sar\u00e0 una stagione ricca di eventi e manifestazioni. Scopri gli appuntamenti da non perdere.\" \/>\n<meta property=\"og:url\" content=\"https:\/\/www.indigovenice.com\/it\/venezia\/estate-2026-a-venezia-la-guida-agli-eventi-da-non-perdere\/\" \/>\n<meta property=\"og:site_name\" content=\"Hotel Indigo Venice - Sant&#039;Elena\" \/>\n<meta name=\"twitter:card\" content=\"summary_large_image\" \/>\n<meta name=\"twitter:label1\" content=\"Tempo di lettura stimato\" \/>\n\t<meta name=\"twitter:data1\" content=\"1 minuto\" \/>\n<script type=\"application\/ld+json\" class=\"yoast-schema-graph\">{\"@context\":\"https:\/\/schema.org\",\"@graph\":[{\"@type\":\"WebPage\",\"@id\":\"https:\/\/www.indigovenice.com\/it\/venezia\/estate-2026-a-venezia-la-guida-agli-eventi-da-non-perdere\/\",\"url\":\"https:\/\/www.indigovenice.com\/it\/venezia\/estate-2026-a-venezia-la-guida-agli-eventi-da-non-perdere\/\",\"name\":\"Estate 2026 a Venezia: la guida agli eventi da non perdere - Hotel Indigo Venice - Sant'Elena\",\"isPartOf\":{\"@id\":\"https:\/\/www.indigovenice.com\/it\/#website\"},\"datePublished\":\"2026-04-29T06:25:48+00:00\",\"description\":\"A Venezia l\u2019estate 2026 sar\u00e0 una stagione ricca di eventi e manifestazioni. Scopri gli appuntamenti da non perdere.\",\"breadcrumb\":{\"@id\":\"https:\/\/www.indigovenice.com\/it\/venezia\/estate-2026-a-venezia-la-guida-agli-eventi-da-non-perdere\/#breadcrumb\"},\"inLanguage\":\"it-IT\",\"potentialAction\":[{\"@type\":\"ReadAction\",\"target\":[\"https:\/\/www.indigovenice.com\/it\/venezia\/estate-2026-a-venezia-la-guida-agli-eventi-da-non-perdere\/\"]}]},{\"@type\":\"BreadcrumbList\",\"@id\":\"https:\/\/www.indigovenice.com\/it\/venezia\/estate-2026-a-venezia-la-guida-agli-eventi-da-non-perdere\/#breadcrumb\",\"itemListElement\":[{\"@type\":\"ListItem\",\"position\":1,\"name\":\"Home\",\"item\":\"https:\/\/www.indigovenice.com\/it\/\"},{\"@type\":\"ListItem\",\"position\":2,\"name\":\"Venezia\",\"item\":\"https:\/\/www.indigovenice.com\/it\/venezia\/\"},{\"@type\":\"ListItem\",\"position\":3,\"name\":\"Estate 2026 a Venezia: la guida agli eventi da non perdere\"}]},{\"@type\":\"WebSite\",\"@id\":\"https:\/\/www.indigovenice.com\/it\/#website\",\"url\":\"https:\/\/www.indigovenice.com\/it\/\",\"name\":\"Hotel Indigo Venice - Sant'Elena\",\"description\":\"Just another ms.decms.eu site\",\"potentialAction\":[{\"@type\":\"SearchAction\",\"target\":{\"@type\":\"EntryPoint\",\"urlTemplate\":\"https:\/\/www.indigovenice.com\/it\/?s={search_term_string}\"},\"query-input\":{\"@type\":\"PropertyValueSpecification\",\"valueRequired\":true,\"valueName\":\"search_term_string\"}}],\"inLanguage\":\"it-IT\"}]}<\/script>\n<!-- \/ Yoast SEO plugin. -->","yoast_head_json":{"title":"Estate 2026 a Venezia: la guida agli eventi da non perdere - Hotel Indigo Venice - Sant'Elena","description":"A Venezia l\u2019estate 2026 sar\u00e0 una stagione ricca di eventi e manifestazioni. Scopri gli appuntamenti da non perdere.","robots":{"index":"index","follow":"follow","max-snippet":"max-snippet:-1","max-image-preview":"max-image-preview:large","max-video-preview":"max-video-preview:-1"},"canonical":"https:\/\/www.indigovenice.com\/it\/venezia\/estate-2026-a-venezia-la-guida-agli-eventi-da-non-perdere\/","og_locale":"it_IT","og_type":"article","og_title":"Estate 2026 a Venezia: la guida agli eventi da non perdere - Hotel Indigo Venice - Sant'Elena","og_description":"A Venezia l\u2019estate 2026 sar\u00e0 una stagione ricca di eventi e manifestazioni. Scopri gli appuntamenti da non perdere.","og_url":"https:\/\/www.indigovenice.com\/it\/venezia\/estate-2026-a-venezia-la-guida-agli-eventi-da-non-perdere\/","og_site_name":"Hotel Indigo Venice - Sant'Elena","twitter_card":"summary_large_image","twitter_misc":{"Tempo di lettura stimato":"1 minuto"},"schema":{"@context":"https:\/\/schema.org","@graph":[{"@type":"WebPage","@id":"https:\/\/www.indigovenice.com\/it\/venezia\/estate-2026-a-venezia-la-guida-agli-eventi-da-non-perdere\/","url":"https:\/\/www.indigovenice.com\/it\/venezia\/estate-2026-a-venezia-la-guida-agli-eventi-da-non-perdere\/","name":"Estate 2026 a Venezia: la guida agli eventi da non perdere - Hotel Indigo Venice - Sant'Elena","isPartOf":{"@id":"https:\/\/www.indigovenice.com\/it\/#website"},"datePublished":"2026-04-29T06:25:48+00:00","description":"A Venezia l\u2019estate 2026 sar\u00e0 una stagione ricca di eventi e manifestazioni. Scopri gli appuntamenti da non perdere.","breadcrumb":{"@id":"https:\/\/www.indigovenice.com\/it\/venezia\/estate-2026-a-venezia-la-guida-agli-eventi-da-non-perdere\/#breadcrumb"},"inLanguage":"it-IT","potentialAction":[{"@type":"ReadAction","target":["https:\/\/www.indigovenice.com\/it\/venezia\/estate-2026-a-venezia-la-guida-agli-eventi-da-non-perdere\/"]}]},{"@type":"BreadcrumbList","@id":"https:\/\/www.indigovenice.com\/it\/venezia\/estate-2026-a-venezia-la-guida-agli-eventi-da-non-perdere\/#breadcrumb","itemListElement":[{"@type":"ListItem","position":1,"name":"Home","item":"https:\/\/www.indigovenice.com\/it\/"},{"@type":"ListItem","position":2,"name":"Venezia","item":"https:\/\/www.indigovenice.com\/it\/venezia\/"},{"@type":"ListItem","position":3,"name":"Estate 2026 a Venezia: la guida agli eventi da non perdere"}]},{"@type":"WebSite","@id":"https:\/\/www.indigovenice.com\/it\/#website","url":"https:\/\/www.indigovenice.com\/it\/","name":"Hotel Indigo Venice - Sant'Elena","description":"Just another ms.decms.eu site","potentialAction":[{"@type":"SearchAction","target":{"@type":"EntryPoint","urlTemplate":"https:\/\/www.indigovenice.com\/it\/?s={search_term_string}"},"query-input":{"@type":"PropertyValueSpecification","valueRequired":true,"valueName":"search_term_string"}}],"inLanguage":"it-IT"}]}},"acf":[],"_links":{"self":[{"href":"https:\/\/www.indigovenice.com\/it\/wp-json\/wp\/v2\/pages\/3565","targetHints":{"allow":["GET"]}}],"collection":[{"href":"https:\/\/www.indigovenice.com\/it\/wp-json\/wp\/v2\/pages"}],"about":[{"href":"https:\/\/www.indigovenice.com\/it\/wp-json\/wp\/v2\/types\/page"}],"author":[{"embeddable":true,"href":"https:\/\/www.indigovenice.com\/it\/wp-json\/wp\/v2\/users\/125"}],"replies":[{"embeddable":true,"href":"https:\/\/www.indigovenice.com\/it\/wp-json\/wp\/v2\/comments?post=3565"}],"version-history":[{"count":0,"href":"https:\/\/www.indigovenice.com\/it\/wp-json\/wp\/v2\/pages\/3565\/revisions"}],"up":[{"embeddable":true,"href":"https:\/\/www.indigovenice.com\/it\/wp-json\/wp\/v2\/pages\/525"}],"wp:attachment":[{"href":"https:\/\/www.indigovenice.com\/it\/wp-json\/wp\/v2\/media?parent=3565"}],"curies":[{"name":"wp","href":"https:\/\/api.w.org\/{rel}","templated":true}]}}