{"id":409,"date":"2019-06-04T10:19:14","date_gmt":"2019-06-04T10:19:14","guid":{"rendered":"http:\/\/st-elena.ms.decms.eu\/?page_id=409"},"modified":"2025-07-22T07:57:30","modified_gmt":"2025-07-22T07:57:30","slug":"offerte-speciali","status":"publish","type":"page","link":"https:\/\/www.indigovenice.com\/it\/offerte-speciali\/","title":{"rendered":"Offerte e Pacchetti"},"content":{"rendered":"<p>Vantaggi esclusivi ed esperienze selezionate per un viaggio nel mondo incantato della citt\u00e0 sull&#8217;acqua pi\u00f9 famosa e romantica del mondo.<\/p>\n<p>Concedersi una vacanza romantica o un viaggio con la famiglia \u00e8 ancora pi\u00f9 semplice grazie alle <strong>nostre offerte speciali<\/strong>, agli <strong>esclusivi pacchetti<\/strong> studiati per soddisfare tutte le vostre esigenze e alla garanzia della <strong>miglior tariffa disponibile<\/strong> prenotando direttamente con noi.<\/p>\n","protected":false},"excerpt":{"rendered":"<p>Vantaggi esclusivi ed esperienze selezionate per un viaggio nel mondo incantato della citt\u00e0 sull&#8217;acqua pi\u00f9 famosa e romantica del mondo. Concedersi una vacanza romantica o un viaggio con la famiglia \u00e8 ancora pi\u00f9 semplice grazie alle nostre offerte speciali, agli esclusivi pacchetti studiati per soddisfare tutte le vostre esigenze e alla garanzia della miglior tariffa [&hellip;]<\/p>\n","protected":false},"author":3,"featured_media":0,"parent":0,"menu_order":4,"comment_status":"closed","ping_status":"closed","template":"template-offers.php","meta":{"footnotes":""},"class_list":["post-409","page","type-page","status-publish","hentry"],"yoast_head":"<!-- This site is optimized with the Yoast SEO plugin v26.9 - https:\/\/yoast.com\/product\/yoast-seo-wordpress\/ -->\n<title>Migliori Offerte Boutique Hotel 4 Stelle Indigo Venice Sant&#039;Elena<\/title>\n<meta name=\"description\" content=\"Scopri le offerte speciali dell&#039;Hotel Indigo Venice Sant&#039;Elena a Venezia e regalati un soggiorno nel cuore della Venezia che non ti aspetti.\" \/>\n<meta name=\"robots\" content=\"index, follow, max-snippet:-1, max-image-preview:large, max-video-preview:-1\" \/>\n<link rel=\"canonical\" href=\"https:\/\/www.indigovenice.com\/it\/offerte-speciali\/\" \/>\n<meta property=\"og:locale\" content=\"it_IT\" \/>\n<meta property=\"og:type\" content=\"article\" \/>\n<meta property=\"og:title\" content=\"Migliori Offerte Boutique Hotel 4 Stelle Indigo Venice Sant&#039;Elena\" \/>\n<meta property=\"og:description\" content=\"Scopri le offerte speciali dell&#039;Hotel Indigo Venice Sant&#039;Elena a Venezia e regalati un soggiorno nel cuore della Venezia che non ti aspetti.\" \/>\n<meta property=\"og:url\" content=\"https:\/\/www.indigovenice.com\/it\/offerte-speciali\/\" \/>\n<meta property=\"og:site_name\" content=\"Hotel Indigo Venice - Sant&#039;Elena\" \/>\n<meta property=\"article:modified_time\" content=\"2025-07-22T07:57:30+00:00\" \/>\n<meta name=\"twitter:card\" content=\"summary_large_image\" \/>\n<meta name=\"twitter:label1\" content=\"Tempo di lettura stimato\" \/>\n\t<meta name=\"twitter:data1\" content=\"1 minuto\" \/>\n<script type=\"application\/ld+json\" class=\"yoast-schema-graph\">{\"@context\":\"https:\/\/schema.org\",\"@graph\":[{\"@type\":\"WebPage\",\"@id\":\"https:\/\/www.indigovenice.com\/it\/offerte-speciali\/\",\"url\":\"https:\/\/www.indigovenice.com\/it\/offerte-speciali\/\",\"name\":\"Migliori Offerte Boutique Hotel 4 Stelle Indigo Venice Sant'Elena\",\"isPartOf\":{\"@id\":\"https:\/\/www.indigovenice.com\/it\/#website\"},\"datePublished\":\"2019-06-04T10:19:14+00:00\",\"dateModified\":\"2025-07-22T07:57:30+00:00\",\"description\":\"Scopri le offerte speciali dell'Hotel Indigo Venice Sant'Elena a Venezia e regalati un soggiorno nel cuore della Venezia che non ti aspetti.\",\"breadcrumb\":{\"@id\":\"https:\/\/www.indigovenice.com\/it\/offerte-speciali\/#breadcrumb\"},\"inLanguage\":\"it-IT\",\"potentialAction\":[{\"@type\":\"ReadAction\",\"target\":[\"https:\/\/www.indigovenice.com\/it\/offerte-speciali\/\"]}]},{\"@type\":\"BreadcrumbList\",\"@id\":\"https:\/\/www.indigovenice.com\/it\/offerte-speciali\/#breadcrumb\",\"itemListElement\":[{\"@type\":\"ListItem\",\"position\":1,\"name\":\"Home\",\"item\":\"https:\/\/www.indigovenice.com\/it\/\"},{\"@type\":\"ListItem\",\"position\":2,\"name\":\"Offerte e Pacchetti\"}]},{\"@type\":\"WebSite\",\"@id\":\"https:\/\/www.indigovenice.com\/it\/#website\",\"url\":\"https:\/\/www.indigovenice.com\/it\/\",\"name\":\"Hotel Indigo Venice - Sant'Elena\",\"description\":\"Just another ms.decms.eu site\",\"potentialAction\":[{\"@type\":\"SearchAction\",\"target\":{\"@type\":\"EntryPoint\",\"urlTemplate\":\"https:\/\/www.indigovenice.com\/it\/?s={search_term_string}\"},\"query-input\":{\"@type\":\"PropertyValueSpecification\",\"valueRequired\":true,\"valueName\":\"search_term_string\"}}],\"inLanguage\":\"it-IT\"}]}<\/script>\n<!-- \/ Yoast SEO plugin. -->","yoast_head_json":{"title":"Migliori Offerte Boutique Hotel 4 Stelle Indigo Venice Sant'Elena","description":"Scopri le offerte speciali dell'Hotel Indigo Venice Sant'Elena a Venezia e regalati un soggiorno nel cuore della Venezia che non ti aspetti.","robots":{"index":"index","follow":"follow","max-snippet":"max-snippet:-1","max-image-preview":"max-image-preview:large","max-video-preview":"max-video-preview:-1"},"canonical":"https:\/\/www.indigovenice.com\/it\/offerte-speciali\/","og_locale":"it_IT","og_type":"article","og_title":"Migliori Offerte Boutique Hotel 4 Stelle Indigo Venice Sant'Elena","og_description":"Scopri le offerte speciali dell'Hotel Indigo Venice Sant'Elena a Venezia e regalati un soggiorno nel cuore della Venezia che non ti aspetti.","og_url":"https:\/\/www.indigovenice.com\/it\/offerte-speciali\/","og_site_name":"Hotel Indigo Venice - Sant'Elena","article_modified_time":"2025-07-22T07:57:30+00:00","twitter_card":"summary_large_image","twitter_misc":{"Tempo di lettura stimato":"1 minuto"},"schema":{"@context":"https:\/\/schema.org","@graph":[{"@type":"WebPage","@id":"https:\/\/www.indigovenice.com\/it\/offerte-speciali\/","url":"https:\/\/www.indigovenice.com\/it\/offerte-speciali\/","name":"Migliori Offerte Boutique Hotel 4 Stelle Indigo Venice Sant'Elena","isPartOf":{"@id":"https:\/\/www.indigovenice.com\/it\/#website"},"datePublished":"2019-06-04T10:19:14+00:00","dateModified":"2025-07-22T07:57:30+00:00","description":"Scopri le offerte speciali dell'Hotel Indigo Venice Sant'Elena a Venezia e regalati un soggiorno nel cuore della Venezia che non ti aspetti.","breadcrumb":{"@id":"https:\/\/www.indigovenice.com\/it\/offerte-speciali\/#breadcrumb"},"inLanguage":"it-IT","potentialAction":[{"@type":"ReadAction","target":["https:\/\/www.indigovenice.com\/it\/offerte-speciali\/"]}]},{"@type":"BreadcrumbList","@id":"https:\/\/www.indigovenice.com\/it\/offerte-speciali\/#breadcrumb","itemListElement":[{"@type":"ListItem","position":1,"name":"Home","item":"https:\/\/www.indigovenice.com\/it\/"},{"@type":"ListItem","position":2,"name":"Offerte e Pacchetti"}]},{"@type":"WebSite","@id":"https:\/\/www.indigovenice.com\/it\/#website","url":"https:\/\/www.indigovenice.com\/it\/","name":"Hotel Indigo Venice - Sant'Elena","description":"Just another ms.decms.eu site","potentialAction":[{"@type":"SearchAction","target":{"@type":"EntryPoint","urlTemplate":"https:\/\/www.indigovenice.com\/it\/?s={search_term_string}"},"query-input":{"@type":"PropertyValueSpecification","valueRequired":true,"valueName":"search_term_string"}}],"inLanguage":"it-IT"}]}},"acf":[],"_links":{"self":[{"href":"https:\/\/www.indigovenice.com\/it\/wp-json\/wp\/v2\/pages\/409","targetHints":{"allow":["GET"]}}],"collection":[{"href":"https:\/\/www.indigovenice.com\/it\/wp-json\/wp\/v2\/pages"}],"about":[{"href":"https:\/\/www.indigovenice.com\/it\/wp-json\/wp\/v2\/types\/page"}],"author":[{"embeddable":true,"href":"https:\/\/www.indigovenice.com\/it\/wp-json\/wp\/v2\/users\/3"}],"replies":[{"embeddable":true,"href":"https:\/\/www.indigovenice.com\/it\/wp-json\/wp\/v2\/comments?post=409"}],"version-history":[{"count":0,"href":"https:\/\/www.indigovenice.com\/it\/wp-json\/wp\/v2\/pages\/409\/revisions"}],"wp:attachment":[{"href":"https:\/\/www.indigovenice.com\/it\/wp-json\/wp\/v2\/media?parent=409"}],"curies":[{"name":"wp","href":"https:\/\/api.w.org\/{rel}","templated":true}]}}