{"id":538,"date":"2019-06-05T14:20:36","date_gmt":"2019-06-05T14:20:36","guid":{"rendered":"http:\/\/st-elena.ms.decms.eu\/?page_id=538"},"modified":"2022-04-18T16:06:06","modified_gmt":"2022-04-18T16:06:06","slug":"piazza-san-marco","status":"publish","type":"page","link":"https:\/\/www.indigovenice.com\/it\/venezia\/piazza-san-marco\/","title":{"rendered":"Piazza San Marco"},"content":{"rendered":"<p>In origine grande campo destinato alle coltivazioni, San Marco \u00e8 una piazza unica nel suo genere, circondata dalle Procuratie Vecchie e Procuratie Nuove, una spettacolare serie di edifici monumentali.<\/p>\n<p>Con i suoi 8.000 metri quadrati di mosaici dorati che decorano le sue cinque enormi cupole, la <strong>Basilica di San Marco<\/strong> fu consacrata nel&#8217;832 per ospitare il corpo di San Marco.\u00a0 Distrutta due volte e ricostruita nei secoli successivi a forma di croce greca, la Basilica \u00e8 un perfetto connubio tra architettura orientale e occidentale.\u00a0 Marmi provenienti da Siria, Egitto e Palestina rivestono la sua facciata che ospita la Quadriga di San Marco, gruppo bronzeo di quattro cavalli portati da Costantinopoli durante la quarta crociata.<\/p>\n","protected":false},"excerpt":{"rendered":"<p>In origine grande campo destinato alle coltivazioni, San Marco \u00e8 una piazza unica nel suo genere, circondata dalle Procuratie Vecchie e Procuratie Nuove, una spettacolare serie di edifici monumentali. Con i suoi 8.000 metri quadrati di mosaici dorati che decorano le sue cinque enormi cupole, la Basilica di San Marco fu consacrata nel&#8217;832 per ospitare [&hellip;]<\/p>\n","protected":false},"author":7,"featured_media":0,"parent":525,"menu_order":1,"comment_status":"closed","ping_status":"closed","template":"template-venice-theme.php","meta":{"footnotes":""},"class_list":["post-538","page","type-page","status-publish","hentry"],"yoast_head":"<!-- This site is optimized with the Yoast SEO plugin v26.9 - https:\/\/yoast.com\/product\/yoast-seo-wordpress\/ -->\n<title>Alla scoperta della meravigliosa Piazza San Marco | Hotel Indigo Venice<\/title>\n<meta name=\"description\" content=\"Scopri di pi\u00f9 riguardo ad una delle piazze pi\u00f9 incredibili del mondo e, senza dubbio, la pi\u00f9 iconica per la citt\u00e0 di Venezia.\" \/>\n<meta name=\"robots\" content=\"index, follow, max-snippet:-1, max-image-preview:large, max-video-preview:-1\" \/>\n<link rel=\"canonical\" href=\"https:\/\/www.indigovenice.com\/it\/venezia\/piazza-san-marco\/\" \/>\n<meta property=\"og:locale\" content=\"it_IT\" \/>\n<meta property=\"og:type\" content=\"article\" \/>\n<meta property=\"og:title\" content=\"Alla scoperta della meravigliosa Piazza San Marco | Hotel Indigo Venice\" \/>\n<meta property=\"og:description\" content=\"Scopri di pi\u00f9 riguardo ad una delle piazze pi\u00f9 incredibili del mondo e, senza dubbio, la pi\u00f9 iconica per la citt\u00e0 di Venezia.\" \/>\n<meta property=\"og:url\" content=\"https:\/\/www.indigovenice.com\/it\/venezia\/piazza-san-marco\/\" \/>\n<meta property=\"og:site_name\" content=\"Hotel Indigo Venice - Sant&#039;Elena\" \/>\n<meta property=\"article:modified_time\" content=\"2022-04-18T16:06:06+00:00\" \/>\n<meta name=\"twitter:card\" content=\"summary_large_image\" \/>\n<meta name=\"twitter:label1\" content=\"Tempo di lettura stimato\" \/>\n\t<meta name=\"twitter:data1\" content=\"1 minuto\" \/>\n<script type=\"application\/ld+json\" class=\"yoast-schema-graph\">{\"@context\":\"https:\/\/schema.org\",\"@graph\":[{\"@type\":\"WebPage\",\"@id\":\"https:\/\/www.indigovenice.com\/it\/venezia\/piazza-san-marco\/\",\"url\":\"https:\/\/www.indigovenice.com\/it\/venezia\/piazza-san-marco\/\",\"name\":\"Alla scoperta della meravigliosa Piazza San Marco | Hotel Indigo Venice\",\"isPartOf\":{\"@id\":\"https:\/\/www.indigovenice.com\/it\/#website\"},\"datePublished\":\"2019-06-05T14:20:36+00:00\",\"dateModified\":\"2022-04-18T16:06:06+00:00\",\"description\":\"Scopri di pi\u00f9 riguardo ad una delle piazze pi\u00f9 incredibili del mondo e, senza dubbio, la pi\u00f9 iconica per la citt\u00e0 di Venezia.\",\"breadcrumb\":{\"@id\":\"https:\/\/www.indigovenice.com\/it\/venezia\/piazza-san-marco\/#breadcrumb\"},\"inLanguage\":\"it-IT\",\"potentialAction\":[{\"@type\":\"ReadAction\",\"target\":[\"https:\/\/www.indigovenice.com\/it\/venezia\/piazza-san-marco\/\"]}]},{\"@type\":\"BreadcrumbList\",\"@id\":\"https:\/\/www.indigovenice.com\/it\/venezia\/piazza-san-marco\/#breadcrumb\",\"itemListElement\":[{\"@type\":\"ListItem\",\"position\":1,\"name\":\"Home\",\"item\":\"https:\/\/www.indigovenice.com\/it\/\"},{\"@type\":\"ListItem\",\"position\":2,\"name\":\"Venezia\",\"item\":\"https:\/\/www.indigovenice.com\/it\/venezia\/\"},{\"@type\":\"ListItem\",\"position\":3,\"name\":\"Piazza San Marco\"}]},{\"@type\":\"WebSite\",\"@id\":\"https:\/\/www.indigovenice.com\/it\/#website\",\"url\":\"https:\/\/www.indigovenice.com\/it\/\",\"name\":\"Hotel Indigo Venice - Sant'Elena\",\"description\":\"Just another ms.decms.eu site\",\"potentialAction\":[{\"@type\":\"SearchAction\",\"target\":{\"@type\":\"EntryPoint\",\"urlTemplate\":\"https:\/\/www.indigovenice.com\/it\/?s={search_term_string}\"},\"query-input\":{\"@type\":\"PropertyValueSpecification\",\"valueRequired\":true,\"valueName\":\"search_term_string\"}}],\"inLanguage\":\"it-IT\"}]}<\/script>\n<!-- \/ Yoast SEO plugin. -->","yoast_head_json":{"title":"Alla scoperta della meravigliosa Piazza San Marco | Hotel Indigo Venice","description":"Scopri di pi\u00f9 riguardo ad una delle piazze pi\u00f9 incredibili del mondo e, senza dubbio, la pi\u00f9 iconica per la citt\u00e0 di Venezia.","robots":{"index":"index","follow":"follow","max-snippet":"max-snippet:-1","max-image-preview":"max-image-preview:large","max-video-preview":"max-video-preview:-1"},"canonical":"https:\/\/www.indigovenice.com\/it\/venezia\/piazza-san-marco\/","og_locale":"it_IT","og_type":"article","og_title":"Alla scoperta della meravigliosa Piazza San Marco | Hotel Indigo Venice","og_description":"Scopri di pi\u00f9 riguardo ad una delle piazze pi\u00f9 incredibili del mondo e, senza dubbio, la pi\u00f9 iconica per la citt\u00e0 di Venezia.","og_url":"https:\/\/www.indigovenice.com\/it\/venezia\/piazza-san-marco\/","og_site_name":"Hotel Indigo Venice - Sant'Elena","article_modified_time":"2022-04-18T16:06:06+00:00","twitter_card":"summary_large_image","twitter_misc":{"Tempo di lettura stimato":"1 minuto"},"schema":{"@context":"https:\/\/schema.org","@graph":[{"@type":"WebPage","@id":"https:\/\/www.indigovenice.com\/it\/venezia\/piazza-san-marco\/","url":"https:\/\/www.indigovenice.com\/it\/venezia\/piazza-san-marco\/","name":"Alla scoperta della meravigliosa Piazza San Marco | Hotel Indigo Venice","isPartOf":{"@id":"https:\/\/www.indigovenice.com\/it\/#website"},"datePublished":"2019-06-05T14:20:36+00:00","dateModified":"2022-04-18T16:06:06+00:00","description":"Scopri di pi\u00f9 riguardo ad una delle piazze pi\u00f9 incredibili del mondo e, senza dubbio, la pi\u00f9 iconica per la citt\u00e0 di Venezia.","breadcrumb":{"@id":"https:\/\/www.indigovenice.com\/it\/venezia\/piazza-san-marco\/#breadcrumb"},"inLanguage":"it-IT","potentialAction":[{"@type":"ReadAction","target":["https:\/\/www.indigovenice.com\/it\/venezia\/piazza-san-marco\/"]}]},{"@type":"BreadcrumbList","@id":"https:\/\/www.indigovenice.com\/it\/venezia\/piazza-san-marco\/#breadcrumb","itemListElement":[{"@type":"ListItem","position":1,"name":"Home","item":"https:\/\/www.indigovenice.com\/it\/"},{"@type":"ListItem","position":2,"name":"Venezia","item":"https:\/\/www.indigovenice.com\/it\/venezia\/"},{"@type":"ListItem","position":3,"name":"Piazza San Marco"}]},{"@type":"WebSite","@id":"https:\/\/www.indigovenice.com\/it\/#website","url":"https:\/\/www.indigovenice.com\/it\/","name":"Hotel Indigo Venice - Sant'Elena","description":"Just another ms.decms.eu site","potentialAction":[{"@type":"SearchAction","target":{"@type":"EntryPoint","urlTemplate":"https:\/\/www.indigovenice.com\/it\/?s={search_term_string}"},"query-input":{"@type":"PropertyValueSpecification","valueRequired":true,"valueName":"search_term_string"}}],"inLanguage":"it-IT"}]}},"acf":[],"_links":{"self":[{"href":"https:\/\/www.indigovenice.com\/it\/wp-json\/wp\/v2\/pages\/538","targetHints":{"allow":["GET"]}}],"collection":[{"href":"https:\/\/www.indigovenice.com\/it\/wp-json\/wp\/v2\/pages"}],"about":[{"href":"https:\/\/www.indigovenice.com\/it\/wp-json\/wp\/v2\/types\/page"}],"author":[{"embeddable":true,"href":"https:\/\/www.indigovenice.com\/it\/wp-json\/wp\/v2\/users\/7"}],"replies":[{"embeddable":true,"href":"https:\/\/www.indigovenice.com\/it\/wp-json\/wp\/v2\/comments?post=538"}],"version-history":[{"count":0,"href":"https:\/\/www.indigovenice.com\/it\/wp-json\/wp\/v2\/pages\/538\/revisions"}],"up":[{"embeddable":true,"href":"https:\/\/www.indigovenice.com\/it\/wp-json\/wp\/v2\/pages\/525"}],"wp:attachment":[{"href":"https:\/\/www.indigovenice.com\/it\/wp-json\/wp\/v2\/media?parent=538"}],"curies":[{"name":"wp","href":"https:\/\/api.w.org\/{rel}","templated":true}]}}