{"id":551,"date":"2019-06-05T14:51:35","date_gmt":"2019-06-05T14:51:35","guid":{"rendered":"http:\/\/st-elena.ms.decms.eu\/?page_id=551"},"modified":"2024-05-30T13:24:25","modified_gmt":"2024-05-30T13:24:25","slug":"matrimonio-a-venezia","status":"publish","type":"page","link":"https:\/\/www.indigovenice.com\/it\/servizi\/matrimonio-a-venezia\/","title":{"rendered":"Matrimonio a Venezia"},"content":{"rendered":"<p>Hotel Indigo Venice \u00e8 la vostra <strong>location da sogno<\/strong> per celebrare le ricorrenze pi\u00f9 speciali.<\/p>\n<p>L\u2019elegante architettura dell&#8217;hotel e la quiete del nostro giardino interno offrono l&#8217;ambiente perfetto per una romantica <strong>proposta di matrimonio, <\/strong>un <strong>anniversario<\/strong> o un intimo <strong>ricevimento di nozze<\/strong> (max. 40 persone).<\/p>\n<p>Il nostro Chef creer\u00e0 men\u00f9 su misura e proposte di catering personalizzate, mentre il nostro ristorante pu\u00f2 essere riservato in maniera esclusiva per voi e i vostri ospiti.<\/p>\n<p>Rilassatevi nelle nostre camere e suite, godetevi una romantica fuga d&#8217;amore a Venezia trascorrendo la vostra <strong>luna di miele<\/strong> nella citt\u00e0 pi\u00f9 romantica.<\/p>\n<p>&nbsp;<\/p>\n","protected":false},"excerpt":{"rendered":"<p>Hotel Indigo Venice \u00e8 la vostra location da sogno per celebrare le ricorrenze pi\u00f9 speciali. L\u2019elegante architettura dell&#8217;hotel e la quiete del nostro giardino interno offrono l&#8217;ambiente perfetto per una romantica proposta di matrimonio, un anniversario o un intimo ricevimento di nozze (max. 40 persone). Il nostro Chef creer\u00e0 men\u00f9 su misura e proposte di [&hellip;]<\/p>\n","protected":false},"author":3,"featured_media":0,"parent":542,"menu_order":1,"comment_status":"closed","ping_status":"closed","template":"","meta":{"footnotes":""},"class_list":["post-551","page","type-page","status-publish","hentry"],"yoast_head":"<!-- This site is optimized with the Yoast SEO plugin v26.9 - https:\/\/yoast.com\/product\/yoast-seo-wordpress\/ -->\n<title>Matrimonio a Venezia | Hotel 4 Stelle Indigo Venice Sant&#039;Elena<\/title>\n<meta name=\"description\" content=\"Vivi un matrimonio da sogno a Venezia: Boutique Hotel Indigo Venice Sant&#039;Elena \u00e8 la perfetta cornice per il giorno pi\u00f9 bello della tua vita! Contattaci!\" \/>\n<meta name=\"robots\" content=\"index, follow, max-snippet:-1, max-image-preview:large, max-video-preview:-1\" \/>\n<link rel=\"canonical\" href=\"https:\/\/www.indigovenice.com\/it\/servizi\/matrimonio-a-venezia\/\" \/>\n<meta property=\"og:locale\" content=\"it_IT\" \/>\n<meta property=\"og:type\" content=\"article\" \/>\n<meta property=\"og:title\" content=\"Matrimonio a Venezia | Hotel 4 Stelle Indigo Venice Sant&#039;Elena\" \/>\n<meta property=\"og:description\" content=\"Vivi un matrimonio da sogno a Venezia: Boutique Hotel Indigo Venice Sant&#039;Elena \u00e8 la perfetta cornice per il giorno pi\u00f9 bello della tua vita! Contattaci!\" \/>\n<meta property=\"og:url\" content=\"https:\/\/www.indigovenice.com\/it\/servizi\/matrimonio-a-venezia\/\" \/>\n<meta property=\"og:site_name\" content=\"Hotel Indigo Venice - Sant&#039;Elena\" \/>\n<meta property=\"article:modified_time\" content=\"2024-05-30T13:24:25+00:00\" \/>\n<meta name=\"twitter:card\" content=\"summary_large_image\" \/>\n<meta name=\"twitter:label1\" content=\"Tempo di lettura stimato\" \/>\n\t<meta name=\"twitter:data1\" content=\"1 minuto\" \/>\n<script type=\"application\/ld+json\" class=\"yoast-schema-graph\">{\"@context\":\"https:\/\/schema.org\",\"@graph\":[{\"@type\":\"WebPage\",\"@id\":\"https:\/\/www.indigovenice.com\/it\/servizi\/matrimonio-a-venezia\/\",\"url\":\"https:\/\/www.indigovenice.com\/it\/servizi\/matrimonio-a-venezia\/\",\"name\":\"Matrimonio a Venezia | Hotel 4 Stelle Indigo Venice Sant'Elena\",\"isPartOf\":{\"@id\":\"https:\/\/www.indigovenice.com\/it\/#website\"},\"datePublished\":\"2019-06-05T14:51:35+00:00\",\"dateModified\":\"2024-05-30T13:24:25+00:00\",\"description\":\"Vivi un matrimonio da sogno a Venezia: Boutique Hotel Indigo Venice Sant'Elena \u00e8 la perfetta cornice per il giorno pi\u00f9 bello della tua vita! Contattaci!\",\"breadcrumb\":{\"@id\":\"https:\/\/www.indigovenice.com\/it\/servizi\/matrimonio-a-venezia\/#breadcrumb\"},\"inLanguage\":\"it-IT\",\"potentialAction\":[{\"@type\":\"ReadAction\",\"target\":[\"https:\/\/www.indigovenice.com\/it\/servizi\/matrimonio-a-venezia\/\"]}]},{\"@type\":\"BreadcrumbList\",\"@id\":\"https:\/\/www.indigovenice.com\/it\/servizi\/matrimonio-a-venezia\/#breadcrumb\",\"itemListElement\":[{\"@type\":\"ListItem\",\"position\":1,\"name\":\"Home\",\"item\":\"https:\/\/www.indigovenice.com\/it\/\"},{\"@type\":\"ListItem\",\"position\":2,\"name\":\"Servizi\",\"item\":\"https:\/\/www.indigovenice.com\/it\/servizi\/\"},{\"@type\":\"ListItem\",\"position\":3,\"name\":\"Matrimonio a Venezia\"}]},{\"@type\":\"WebSite\",\"@id\":\"https:\/\/www.indigovenice.com\/it\/#website\",\"url\":\"https:\/\/www.indigovenice.com\/it\/\",\"name\":\"Hotel Indigo Venice - Sant'Elena\",\"description\":\"Just another ms.decms.eu site\",\"potentialAction\":[{\"@type\":\"SearchAction\",\"target\":{\"@type\":\"EntryPoint\",\"urlTemplate\":\"https:\/\/www.indigovenice.com\/it\/?s={search_term_string}\"},\"query-input\":{\"@type\":\"PropertyValueSpecification\",\"valueRequired\":true,\"valueName\":\"search_term_string\"}}],\"inLanguage\":\"it-IT\"}]}<\/script>\n<!-- \/ Yoast SEO plugin. -->","yoast_head_json":{"title":"Matrimonio a Venezia | Hotel 4 Stelle Indigo Venice Sant'Elena","description":"Vivi un matrimonio da sogno a Venezia: Boutique Hotel Indigo Venice Sant'Elena \u00e8 la perfetta cornice per il giorno pi\u00f9 bello della tua vita! Contattaci!","robots":{"index":"index","follow":"follow","max-snippet":"max-snippet:-1","max-image-preview":"max-image-preview:large","max-video-preview":"max-video-preview:-1"},"canonical":"https:\/\/www.indigovenice.com\/it\/servizi\/matrimonio-a-venezia\/","og_locale":"it_IT","og_type":"article","og_title":"Matrimonio a Venezia | Hotel 4 Stelle Indigo Venice Sant'Elena","og_description":"Vivi un matrimonio da sogno a Venezia: Boutique Hotel Indigo Venice Sant'Elena \u00e8 la perfetta cornice per il giorno pi\u00f9 bello della tua vita! Contattaci!","og_url":"https:\/\/www.indigovenice.com\/it\/servizi\/matrimonio-a-venezia\/","og_site_name":"Hotel Indigo Venice - Sant'Elena","article_modified_time":"2024-05-30T13:24:25+00:00","twitter_card":"summary_large_image","twitter_misc":{"Tempo di lettura stimato":"1 minuto"},"schema":{"@context":"https:\/\/schema.org","@graph":[{"@type":"WebPage","@id":"https:\/\/www.indigovenice.com\/it\/servizi\/matrimonio-a-venezia\/","url":"https:\/\/www.indigovenice.com\/it\/servizi\/matrimonio-a-venezia\/","name":"Matrimonio a Venezia | Hotel 4 Stelle Indigo Venice Sant'Elena","isPartOf":{"@id":"https:\/\/www.indigovenice.com\/it\/#website"},"datePublished":"2019-06-05T14:51:35+00:00","dateModified":"2024-05-30T13:24:25+00:00","description":"Vivi un matrimonio da sogno a Venezia: Boutique Hotel Indigo Venice Sant'Elena \u00e8 la perfetta cornice per il giorno pi\u00f9 bello della tua vita! Contattaci!","breadcrumb":{"@id":"https:\/\/www.indigovenice.com\/it\/servizi\/matrimonio-a-venezia\/#breadcrumb"},"inLanguage":"it-IT","potentialAction":[{"@type":"ReadAction","target":["https:\/\/www.indigovenice.com\/it\/servizi\/matrimonio-a-venezia\/"]}]},{"@type":"BreadcrumbList","@id":"https:\/\/www.indigovenice.com\/it\/servizi\/matrimonio-a-venezia\/#breadcrumb","itemListElement":[{"@type":"ListItem","position":1,"name":"Home","item":"https:\/\/www.indigovenice.com\/it\/"},{"@type":"ListItem","position":2,"name":"Servizi","item":"https:\/\/www.indigovenice.com\/it\/servizi\/"},{"@type":"ListItem","position":3,"name":"Matrimonio a Venezia"}]},{"@type":"WebSite","@id":"https:\/\/www.indigovenice.com\/it\/#website","url":"https:\/\/www.indigovenice.com\/it\/","name":"Hotel Indigo Venice - Sant'Elena","description":"Just another ms.decms.eu site","potentialAction":[{"@type":"SearchAction","target":{"@type":"EntryPoint","urlTemplate":"https:\/\/www.indigovenice.com\/it\/?s={search_term_string}"},"query-input":{"@type":"PropertyValueSpecification","valueRequired":true,"valueName":"search_term_string"}}],"inLanguage":"it-IT"}]}},"acf":[],"_links":{"self":[{"href":"https:\/\/www.indigovenice.com\/it\/wp-json\/wp\/v2\/pages\/551","targetHints":{"allow":["GET"]}}],"collection":[{"href":"https:\/\/www.indigovenice.com\/it\/wp-json\/wp\/v2\/pages"}],"about":[{"href":"https:\/\/www.indigovenice.com\/it\/wp-json\/wp\/v2\/types\/page"}],"author":[{"embeddable":true,"href":"https:\/\/www.indigovenice.com\/it\/wp-json\/wp\/v2\/users\/3"}],"replies":[{"embeddable":true,"href":"https:\/\/www.indigovenice.com\/it\/wp-json\/wp\/v2\/comments?post=551"}],"version-history":[{"count":0,"href":"https:\/\/www.indigovenice.com\/it\/wp-json\/wp\/v2\/pages\/551\/revisions"}],"up":[{"embeddable":true,"href":"https:\/\/www.indigovenice.com\/it\/wp-json\/wp\/v2\/pages\/542"}],"wp:attachment":[{"href":"https:\/\/www.indigovenice.com\/it\/wp-json\/wp\/v2\/media?parent=551"}],"curies":[{"name":"wp","href":"https:\/\/api.w.org\/{rel}","templated":true}]}}