{"id":587,"date":"2019-06-05T20:06:45","date_gmt":"2019-06-05T20:06:45","guid":{"rendered":"http:\/\/st-elena.ms.decms.eu\/?page_id=587"},"modified":"2022-04-20T15:39:10","modified_gmt":"2022-04-20T15:39:10","slug":"casino","status":"publish","type":"page","link":"https:\/\/www.indigovenice.com\/it\/venezia\/casino\/","title":{"rendered":"Casin\u00f2 di Venezia"},"content":{"rendered":"<p>Palazzo Loredan Vendramin Calergi (brevemente, Ca&#8217; Vendramin Calergi) \u00e8 facilmente raggiungibile da Sant&#8217;Elena in vaporetto. Vi suggeriamo di imbarcarvi sulla <strong>linea 1<\/strong>, la pi\u00f9 panoramica, che percorrer\u00e0 tutto il Canal Grande fino alla fermata <strong>S.Marcuola Casino<\/strong>.<\/p>\n<p>Il gioco d&#8217;azzardo vanta una lunga storia, a Venezia: la prima casa fu fondata <strong>nel lontano 1638<\/strong> ed era originariamente situata nell&#8217;antico Ridotto di San Mois\u00e8. Rimase nella sua sede originaria fino agli <strong>anni &#8217;30 del Novecento<\/strong>, quando il Comune di Venezia decise di trasferire il Casin\u00f2 a <strong>Ca&#8217; Vendramin Calergi<\/strong>, in precedenza residenza dei Dogi ed ultima dimora di Richard Wagner.<\/p>\n","protected":false},"excerpt":{"rendered":"<p>Palazzo Loredan Vendramin Calergi (brevemente, Ca&#8217; Vendramin Calergi) \u00e8 facilmente raggiungibile da Sant&#8217;Elena in vaporetto. Vi suggeriamo di imbarcarvi sulla linea 1, la pi\u00f9 panoramica, che percorrer\u00e0 tutto il Canal Grande fino alla fermata S.Marcuola Casino. Il gioco d&#8217;azzardo vanta una lunga storia, a Venezia: la prima casa fu fondata nel lontano 1638 ed era [&hellip;]<\/p>\n","protected":false},"author":7,"featured_media":0,"parent":525,"menu_order":4,"comment_status":"closed","ping_status":"closed","template":"template-venice-theme.php","meta":{"footnotes":""},"class_list":["post-587","page","type-page","status-publish","hentry"],"yoast_head":"<!-- This site is optimized with the Yoast SEO plugin v26.9 - https:\/\/yoast.com\/product\/yoast-seo-wordpress\/ -->\n<title>Divertimento a Venezia: visita il Casin\u00f2 | Hotel Indigo Venice Sant&#039;Elena<\/title>\n<meta name=\"description\" content=\"Tentate la sorte nella splendida cornice del Casino di Venezia, la prima casa da gioco veneziana, fondata nel 1638.\" \/>\n<meta name=\"robots\" content=\"index, follow, max-snippet:-1, max-image-preview:large, max-video-preview:-1\" \/>\n<link rel=\"canonical\" href=\"https:\/\/www.indigovenice.com\/it\/venezia\/casino\/\" \/>\n<meta property=\"og:locale\" content=\"it_IT\" \/>\n<meta property=\"og:type\" content=\"article\" \/>\n<meta property=\"og:title\" content=\"Divertimento a Venezia: visita il Casin\u00f2 | Hotel Indigo Venice Sant&#039;Elena\" \/>\n<meta property=\"og:description\" content=\"Tentate la sorte nella splendida cornice del Casino di Venezia, la prima casa da gioco veneziana, fondata nel 1638.\" \/>\n<meta property=\"og:url\" content=\"https:\/\/www.indigovenice.com\/it\/venezia\/casino\/\" \/>\n<meta property=\"og:site_name\" content=\"Hotel Indigo Venice - Sant&#039;Elena\" \/>\n<meta property=\"article:modified_time\" content=\"2022-04-20T15:39:10+00:00\" \/>\n<meta name=\"twitter:card\" content=\"summary_large_image\" \/>\n<script type=\"application\/ld+json\" class=\"yoast-schema-graph\">{\"@context\":\"https:\/\/schema.org\",\"@graph\":[{\"@type\":\"WebPage\",\"@id\":\"https:\/\/www.indigovenice.com\/it\/venezia\/casino\/\",\"url\":\"https:\/\/www.indigovenice.com\/it\/venezia\/casino\/\",\"name\":\"Divertimento a Venezia: visita il Casin\u00f2 | Hotel Indigo Venice Sant'Elena\",\"isPartOf\":{\"@id\":\"https:\/\/www.indigovenice.com\/it\/#website\"},\"datePublished\":\"2019-06-05T20:06:45+00:00\",\"dateModified\":\"2022-04-20T15:39:10+00:00\",\"description\":\"Tentate la sorte nella splendida cornice del Casino di Venezia, la prima casa da gioco veneziana, fondata nel 1638.\",\"breadcrumb\":{\"@id\":\"https:\/\/www.indigovenice.com\/it\/venezia\/casino\/#breadcrumb\"},\"inLanguage\":\"it-IT\",\"potentialAction\":[{\"@type\":\"ReadAction\",\"target\":[\"https:\/\/www.indigovenice.com\/it\/venezia\/casino\/\"]}]},{\"@type\":\"BreadcrumbList\",\"@id\":\"https:\/\/www.indigovenice.com\/it\/venezia\/casino\/#breadcrumb\",\"itemListElement\":[{\"@type\":\"ListItem\",\"position\":1,\"name\":\"Home\",\"item\":\"https:\/\/www.indigovenice.com\/it\/\"},{\"@type\":\"ListItem\",\"position\":2,\"name\":\"Venezia\",\"item\":\"https:\/\/www.indigovenice.com\/it\/venezia\/\"},{\"@type\":\"ListItem\",\"position\":3,\"name\":\"Casin\u00f2 di Venezia\"}]},{\"@type\":\"WebSite\",\"@id\":\"https:\/\/www.indigovenice.com\/it\/#website\",\"url\":\"https:\/\/www.indigovenice.com\/it\/\",\"name\":\"Hotel Indigo Venice - Sant'Elena\",\"description\":\"Just another ms.decms.eu site\",\"potentialAction\":[{\"@type\":\"SearchAction\",\"target\":{\"@type\":\"EntryPoint\",\"urlTemplate\":\"https:\/\/www.indigovenice.com\/it\/?s={search_term_string}\"},\"query-input\":{\"@type\":\"PropertyValueSpecification\",\"valueRequired\":true,\"valueName\":\"search_term_string\"}}],\"inLanguage\":\"it-IT\"}]}<\/script>\n<!-- \/ Yoast SEO plugin. -->","yoast_head_json":{"title":"Divertimento a Venezia: visita il Casin\u00f2 | Hotel Indigo Venice Sant'Elena","description":"Tentate la sorte nella splendida cornice del Casino di Venezia, la prima casa da gioco veneziana, fondata nel 1638.","robots":{"index":"index","follow":"follow","max-snippet":"max-snippet:-1","max-image-preview":"max-image-preview:large","max-video-preview":"max-video-preview:-1"},"canonical":"https:\/\/www.indigovenice.com\/it\/venezia\/casino\/","og_locale":"it_IT","og_type":"article","og_title":"Divertimento a Venezia: visita il Casin\u00f2 | Hotel Indigo Venice Sant'Elena","og_description":"Tentate la sorte nella splendida cornice del Casino di Venezia, la prima casa da gioco veneziana, fondata nel 1638.","og_url":"https:\/\/www.indigovenice.com\/it\/venezia\/casino\/","og_site_name":"Hotel Indigo Venice - Sant'Elena","article_modified_time":"2022-04-20T15:39:10+00:00","twitter_card":"summary_large_image","schema":{"@context":"https:\/\/schema.org","@graph":[{"@type":"WebPage","@id":"https:\/\/www.indigovenice.com\/it\/venezia\/casino\/","url":"https:\/\/www.indigovenice.com\/it\/venezia\/casino\/","name":"Divertimento a Venezia: visita il Casin\u00f2 | Hotel Indigo Venice Sant'Elena","isPartOf":{"@id":"https:\/\/www.indigovenice.com\/it\/#website"},"datePublished":"2019-06-05T20:06:45+00:00","dateModified":"2022-04-20T15:39:10+00:00","description":"Tentate la sorte nella splendida cornice del Casino di Venezia, la prima casa da gioco veneziana, fondata nel 1638.","breadcrumb":{"@id":"https:\/\/www.indigovenice.com\/it\/venezia\/casino\/#breadcrumb"},"inLanguage":"it-IT","potentialAction":[{"@type":"ReadAction","target":["https:\/\/www.indigovenice.com\/it\/venezia\/casino\/"]}]},{"@type":"BreadcrumbList","@id":"https:\/\/www.indigovenice.com\/it\/venezia\/casino\/#breadcrumb","itemListElement":[{"@type":"ListItem","position":1,"name":"Home","item":"https:\/\/www.indigovenice.com\/it\/"},{"@type":"ListItem","position":2,"name":"Venezia","item":"https:\/\/www.indigovenice.com\/it\/venezia\/"},{"@type":"ListItem","position":3,"name":"Casin\u00f2 di Venezia"}]},{"@type":"WebSite","@id":"https:\/\/www.indigovenice.com\/it\/#website","url":"https:\/\/www.indigovenice.com\/it\/","name":"Hotel Indigo Venice - Sant'Elena","description":"Just another ms.decms.eu site","potentialAction":[{"@type":"SearchAction","target":{"@type":"EntryPoint","urlTemplate":"https:\/\/www.indigovenice.com\/it\/?s={search_term_string}"},"query-input":{"@type":"PropertyValueSpecification","valueRequired":true,"valueName":"search_term_string"}}],"inLanguage":"it-IT"}]}},"acf":[],"_links":{"self":[{"href":"https:\/\/www.indigovenice.com\/it\/wp-json\/wp\/v2\/pages\/587","targetHints":{"allow":["GET"]}}],"collection":[{"href":"https:\/\/www.indigovenice.com\/it\/wp-json\/wp\/v2\/pages"}],"about":[{"href":"https:\/\/www.indigovenice.com\/it\/wp-json\/wp\/v2\/types\/page"}],"author":[{"embeddable":true,"href":"https:\/\/www.indigovenice.com\/it\/wp-json\/wp\/v2\/users\/7"}],"replies":[{"embeddable":true,"href":"https:\/\/www.indigovenice.com\/it\/wp-json\/wp\/v2\/comments?post=587"}],"version-history":[{"count":0,"href":"https:\/\/www.indigovenice.com\/it\/wp-json\/wp\/v2\/pages\/587\/revisions"}],"up":[{"embeddable":true,"href":"https:\/\/www.indigovenice.com\/it\/wp-json\/wp\/v2\/pages\/525"}],"wp:attachment":[{"href":"https:\/\/www.indigovenice.com\/it\/wp-json\/wp\/v2\/media?parent=587"}],"curies":[{"name":"wp","href":"https:\/\/api.w.org\/{rel}","templated":true}]}}